{"id":8512,"date":"2025-01-07T18:01:54","date_gmt":"2025-01-07T18:01:54","guid":{"rendered":"https:\/\/photo-portrait.com\/?page_id=8512"},"modified":"2025-01-10T16:08:56","modified_gmt":"2025-01-10T16:08:56","slug":"nu-masculin","status":"publish","type":"page","link":"https:\/\/photo-portrait.com\/en\/nu-masculin\/","title":{"rendered":"Nu masculin"},"content":{"rendered":"<p>Vous en avez envie messieurs et n&rsquo;avez pas encore os\u00e9? Je vous invite alors \u00e0 vivre cette exp\u00e9rience exceptionnelle sans tabou, sans jugement, dans le respect de vos limites et une ambiance professionnelle.<\/p>\n<p>Nous vivons dans un monde o\u00f9 la nudit\u00e9 en photo est quelque chose qui circule \u00e9norm\u00e9ment dans les m\u00e9dias de toutes sortes et elle tr\u00e8s souvent associ\u00e9 \u00e0 la sexualit\u00e9 et \u00e0 son exploitation. Pourtant, nous avons tous un corps avec des organes g\u00e9nitaux. Certes, il y a autant de mod\u00e8le que d&rsquo;individus, mais c&rsquo;est justement ce qui est int\u00e9ressant. Le nu fait partie des exercices classiques de toute les formations en arts visuels et, tr\u00e8s particuli\u00e8rement en photographie, il permet d&rsquo;approfondir la compr\u00e9hension de la lumi\u00e8re. Cette enveloppe qui pour la plupart, est cach\u00e9e des yeux du public est absolument unique. Le corps est un sujet fascinant et faire ressortir sa beaut\u00e9 est quelque chose d&rsquo;enivrant. Observer et isoler ses parties ou cadrer ses volumes et courbes est quelque chose de tr\u00e8s int\u00e9ressant. En tant que photographe, il faut savoir voir et choisir quoi montrer et utiliser la lumi\u00e8re pour faire ressortir les \u00e9l\u00e9ments souhait\u00e9s.<\/p>\n\n\n\n<div id='gallery-1' class='gallery galleryid-8512 gallery-columns-3 gallery-size-thumbnail'><figure class='gallery-item'>\n\t\t\t<div class='gallery-icon landscape'>\n\t\t\t\t<a href='https:\/\/photo-portrait.com\/en\/corps-et-sensualite-boudoir-nu-artistique-photo-coquine\/seance-photo-nus-artistique-quebec-noir-et-blanc-homme-femmes_w\/'><img loading=\"lazy\" decoding=\"async\" width=\"150\" height=\"150\" src=\"https:\/\/photo-portrait.com\/wp-content\/uploads\/2022\/11\/Seance-photo-nus-artistique-Quebec-noir-et-blanc-homme-femmes_W-150x150.jpg\" class=\"attachment-thumbnail size-thumbnail\" alt=\"\" \/><\/a>\n\t\t\t<\/div><\/figure><figure class='gallery-item'>\n\t\t\t<div class='gallery-icon'>\n\t\t\t\t<a href='https:\/\/photo-portrait.com\/en\/2023_alexandre_crop_danielle-giguere_0853-_wjpg\/'><img loading=\"lazy\" decoding=\"async\" width=\"1\" height=\"1\" src=\"https:\/\/photo-portrait.com\/wp-content\/uploads\/2025\/01\/2023_ALEXANDRE_CROP_@Danielle-Giguere_0853._Wjpg.jpg\" class=\"attachment-thumbnail size-thumbnail\" alt=\"\" \/><\/a>\n\t\t\t<\/div><\/figure><figure class='gallery-item'>\n\t\t\t<div class='gallery-icon portrait'>\n\t\t\t\t<a href='https:\/\/photo-portrait.com\/en\/lam_seb_nu_6618_w\/'><img loading=\"lazy\" decoding=\"async\" width=\"150\" height=\"150\" src=\"https:\/\/photo-portrait.com\/wp-content\/uploads\/2025\/01\/LAM_SEB_Nu_6618_W-150x150.jpg\" class=\"attachment-thumbnail size-thumbnail\" alt=\"\" srcset=\"https:\/\/photo-portrait.com\/wp-content\/uploads\/2025\/01\/LAM_SEB_Nu_6618_W-150x150.jpg 150w, https:\/\/photo-portrait.com\/wp-content\/uploads\/2025\/01\/LAM_SEB_Nu_6618_W-12x12.jpg 12w, https:\/\/photo-portrait.com\/wp-content\/uploads\/2025\/01\/LAM_SEB_Nu_6618_W-24x24.jpg 24w, https:\/\/photo-portrait.com\/wp-content\/uploads\/2025\/01\/LAM_SEB_Nu_6618_W-36x36.jpg 36w\" sizes=\"auto, (max-width: 150px) 100vw, 150px\" \/><\/a>\n\t\t\t<\/div><\/figure><figure class='gallery-item'>\n\t\t\t<div class='gallery-icon portrait'>\n\t\t\t\t<a href='https:\/\/photo-portrait.com\/en\/2023_alexandre_danielle-giguere_0479-w\/'><img loading=\"lazy\" decoding=\"async\" width=\"150\" height=\"150\" src=\"https:\/\/photo-portrait.com\/wp-content\/uploads\/2025\/01\/2023_ALEXANDRE_@Danielle-Giguere_0479-W-150x150.jpg\" class=\"attachment-thumbnail size-thumbnail\" alt=\"\" \/><\/a>\n\t\t\t<\/div><\/figure><figure class='gallery-item'>\n\t\t\t<div class='gallery-icon landscape'>\n\t\t\t\t<a href='https:\/\/photo-portrait.com\/en\/2024_voyer_herman_photo_danielle-giguer_2922_w\/'><img loading=\"lazy\" decoding=\"async\" width=\"150\" height=\"150\" src=\"https:\/\/photo-portrait.com\/wp-content\/uploads\/2025\/01\/2024_VOYER_Herman_@Photo_Danielle-Giguer_2922_W-150x150.jpg\" class=\"attachment-thumbnail size-thumbnail\" alt=\"\" \/><\/a>\n\t\t\t<\/div><\/figure><figure class='gallery-item'>\n\t\t\t<div class='gallery-icon portrait'>\n\t\t\t\t<a href='https:\/\/photo-portrait.com\/en\/lam_6880_w\/'><img loading=\"lazy\" decoding=\"async\" width=\"150\" height=\"150\" src=\"https:\/\/photo-portrait.com\/wp-content\/uploads\/2025\/01\/LAM_6880_W-150x150.jpg\" class=\"attachment-thumbnail size-thumbnail\" alt=\"\" \/><\/a>\n\t\t\t<\/div><\/figure><figure class='gallery-item'>\n\t\t\t<div class='gallery-icon portrait'>\n\t\t\t\t<a href='https:\/\/photo-portrait.com\/en\/lam_6874_w\/'><img loading=\"lazy\" decoding=\"async\" width=\"150\" height=\"150\" src=\"https:\/\/photo-portrait.com\/wp-content\/uploads\/2025\/01\/LAM_6874_W-150x150.jpg\" class=\"attachment-thumbnail size-thumbnail\" alt=\"\" \/><\/a>\n\t\t\t<\/div><\/figure><figure class='gallery-item'>\n\t\t\t<div class='gallery-icon portrait'>\n\t\t\t\t<a href='https:\/\/photo-portrait.com\/en\/_bor_homme-nu-bain_photo_danielle-giguere_7366-_w\/'><img loading=\"lazy\" decoding=\"async\" width=\"150\" height=\"150\" src=\"https:\/\/photo-portrait.com\/wp-content\/uploads\/2025\/01\/BOR_Homme-Nu-Bain_Photo_Danielle-Giguere_7366._W-150x150.jpg\" class=\"attachment-thumbnail size-thumbnail\" alt=\"Silhouette d&#039;un homme nu assis sur le rebord du bain avec robinet\" \/><\/a>\n\t\t\t<\/div><\/figure><figure class='gallery-item'>\n\t\t\t<div class='gallery-icon portrait'>\n\t\t\t\t<a href='https:\/\/photo-portrait.com\/en\/nic_7049-danielle-giguere-w\/'><img loading=\"lazy\" decoding=\"async\" width=\"150\" height=\"150\" src=\"https:\/\/photo-portrait.com\/wp-content\/uploads\/2025\/01\/NIC_7049-@Danielle-Giguere-W-150x150.jpg\" class=\"attachment-thumbnail size-thumbnail\" alt=\"\" \/><\/a>\n\t\t\t<\/div><\/figure><figure class='gallery-item'>\n\t\t\t<div class='gallery-icon portrait'>\n\t\t\t\t<a href='https:\/\/photo-portrait.com\/en\/corps-et-sensualite-boudoir-nu-artistique-photo-coquine\/43_beasepia02_0021w\/'><img loading=\"lazy\" decoding=\"async\" width=\"150\" height=\"150\" src=\"https:\/\/photo-portrait.com\/wp-content\/uploads\/2022\/11\/43_BEASepia02_0021W-150x150.jpg\" class=\"attachment-thumbnail size-thumbnail\" alt=\"\" \/><\/a>\n\t\t\t<\/div><\/figure><figure class='gallery-item'>\n\t\t\t<div class='gallery-icon landscape'>\n\t\t\t\t<a href='https:\/\/photo-portrait.com\/en\/2024_voyer_herman_photo_danielle-giguere_2961_w\/'><img loading=\"lazy\" decoding=\"async\" width=\"150\" height=\"150\" src=\"https:\/\/photo-portrait.com\/wp-content\/uploads\/2025\/01\/2024_VOYER_Herman_Photo_@Danielle-Giguere_2961_W-150x150.jpg\" class=\"attachment-thumbnail size-thumbnail\" alt=\"\" \/><\/a>\n\t\t\t<\/div><\/figure><figure class='gallery-item'>\n\t\t\t<div class='gallery-icon landscape'>\n\t\t\t\t<a href='https:\/\/photo-portrait.com\/en\/nu-artistique-noir-et-blanc-couple-gay-quebec1_0195_w\/'><img loading=\"lazy\" decoding=\"async\" width=\"150\" height=\"150\" src=\"https:\/\/photo-portrait.com\/wp-content\/uploads\/2018\/12\/Nu-artistique-noir-et-blanc-couple-gay-Quebec1_0195_W-150x150.jpg\" class=\"attachment-thumbnail size-thumbnail\" alt=\"\" srcset=\"https:\/\/photo-portrait.com\/wp-content\/uploads\/2018\/12\/Nu-artistique-noir-et-blanc-couple-gay-Quebec1_0195_W-150x150.jpg 150w, https:\/\/photo-portrait.com\/wp-content\/uploads\/2018\/12\/Nu-artistique-noir-et-blanc-couple-gay-Quebec1_0195_W-180x180.jpg 180w, https:\/\/photo-portrait.com\/wp-content\/uploads\/2018\/12\/Nu-artistique-noir-et-blanc-couple-gay-Quebec1_0195_W-300x300.jpg 300w\" sizes=\"auto, (max-width: 150px) 100vw, 150px\" \/><\/a>\n\t\t\t<\/div><\/figure><figure class='gallery-item'>\n\t\t\t<div class='gallery-icon portrait'>\n\t\t\t\t<a href='https:\/\/photo-portrait.com\/en\/lam_6812_w\/'><img loading=\"lazy\" decoding=\"async\" width=\"150\" height=\"150\" src=\"https:\/\/photo-portrait.com\/wp-content\/uploads\/2025\/01\/LAM_6812_W-150x150.jpg\" class=\"attachment-thumbnail size-thumbnail\" alt=\"\" \/><\/a>\n\t\t\t<\/div><\/figure>\n\t\t<\/div>","protected":false},"excerpt":{"rendered":"<p>Vous en avez envie messieurs et n&rsquo;avez pas encore os\u00e9? Je vous invite alors \u00e0 vivre cette exp\u00e9rience exceptionnelle sans tabou, sans jugement, dans le respect de vos limites et une ambiance professionnelle. Nous vivons dans un monde o\u00f9 la nudit\u00e9 en photo est quelque chose qui circule \u00e9norm\u00e9ment dans les m\u00e9dias de toutes sortes [&hellip;]<\/p>","protected":false},"author":2,"featured_media":0,"parent":0,"menu_order":0,"comment_status":"closed","ping_status":"closed","template":"","meta":{"_editorskit_title_hidden":false,"_editorskit_reading_time":0,"_editorskit_is_block_options_detached":false,"_editorskit_block_options_position":"{}","footnotes":""},"class_list":["post-8512","page","type-page","status-publish","hentry"],"_links":{"self":[{"href":"https:\/\/photo-portrait.com\/en\/wp-json\/wp\/v2\/pages\/8512","targetHints":{"allow":["GET"]}}],"collection":[{"href":"https:\/\/photo-portrait.com\/en\/wp-json\/wp\/v2\/pages"}],"about":[{"href":"https:\/\/photo-portrait.com\/en\/wp-json\/wp\/v2\/types\/page"}],"author":[{"embeddable":true,"href":"https:\/\/photo-portrait.com\/en\/wp-json\/wp\/v2\/users\/2"}],"replies":[{"embeddable":true,"href":"https:\/\/photo-portrait.com\/en\/wp-json\/wp\/v2\/comments?post=8512"}],"version-history":[{"count":6,"href":"https:\/\/photo-portrait.com\/en\/wp-json\/wp\/v2\/pages\/8512\/revisions"}],"predecessor-version":[{"id":8545,"href":"https:\/\/photo-portrait.com\/en\/wp-json\/wp\/v2\/pages\/8512\/revisions\/8545"}],"wp:attachment":[{"href":"https:\/\/photo-portrait.com\/en\/wp-json\/wp\/v2\/media?parent=8512"}],"curies":[{"name":"wp","href":"https:\/\/api.w.org\/{rel}","templated":true}]}}