{"id":8508,"date":"2025-01-07T17:53:45","date_gmt":"2025-01-07T17:53:45","guid":{"rendered":"https:\/\/photo-portrait.com\/?page_id=8508"},"modified":"2025-01-09T22:24:51","modified_gmt":"2025-01-09T22:24:51","slug":"boudoir-hommes","status":"publish","type":"page","link":"https:\/\/photo-portrait.com\/en\/boudoir-hommes\/","title":{"rendered":"Boudoir homme"},"content":{"rendered":"<p>Les s\u00e9ances photos de boudoir pour hommes sont de plus en plus en demande \u00e0 cette \u00e8re o\u00f9 le culte du corps et la c\u00e9l\u00e9bration positive de tous les types de corps est \u00e0 son apog\u00e9e. Il y a quelque chose de tr\u00e8s th\u00e9rapeutique de prendre ce moment pour se voir et exprimer sa sensualit\u00e9 et masculinit\u00e9. C&rsquo;est un rendez-vous avec vous m\u00eame \u00e0 la d\u00e9couverte en vous gardant quelques bouts priv\u00e9s, disons comme \u00e7a! Ces images vous feront du bien et pourquoi pas \u00e0 la m\u00eame occasion surprendre l&rsquo;\u00eatre cher!<\/p>\n\n\n\n<div id='gallery-1' class='gallery galleryid-8508 gallery-columns-3 gallery-size-thumbnail'><figure class='gallery-item'>\n\t\t\t<div class='gallery-icon portrait'>\n\t\t\t\t<a href='https:\/\/photo-portrait.com\/en\/2022_lampron_danny_photo_danielle-giguere-nb_3343-w\/'><img loading=\"lazy\" decoding=\"async\" width=\"150\" height=\"150\" src=\"https:\/\/photo-portrait.com\/wp-content\/uploads\/2024\/05\/2022_LAMPRON_Danny_Photo_@Danielle-Giguere-NB_3343-W-150x150.jpg\" class=\"attachment-thumbnail size-thumbnail\" alt=\"Boudoir-torse-noir-et-blanc-studio-clair-obscur\" \/><\/a>\n\t\t\t<\/div><\/figure><figure class='gallery-item'>\n\t\t\t<div class='gallery-icon landscape'>\n\t\t\t\t<a href='https:\/\/photo-portrait.com\/en\/2024_voyer_herman_photo_danielle-giguer_2922_w\/'><img loading=\"lazy\" decoding=\"async\" width=\"150\" height=\"150\" src=\"https:\/\/photo-portrait.com\/wp-content\/uploads\/2025\/01\/2024_VOYER_Herman_@Photo_Danielle-Giguer_2922_W-150x150.jpg\" class=\"attachment-thumbnail size-thumbnail\" alt=\"\" \/><\/a>\n\t\t\t<\/div><\/figure><figure class='gallery-item'>\n\t\t\t<div class='gallery-icon portrait'>\n\t\t\t\t<a href='https:\/\/photo-portrait.com\/en\/2023_alexandre_crop_danielle-giguere_nb_0839-w\/'><img loading=\"lazy\" decoding=\"async\" width=\"150\" height=\"150\" src=\"https:\/\/photo-portrait.com\/wp-content\/uploads\/2025\/01\/2023_ALEXANDRE_Crop_@Danielle-Giguere_NB_0839-W-150x150.jpg\" class=\"attachment-thumbnail size-thumbnail\" alt=\"\" \/><\/a>\n\t\t\t<\/div><\/figure><figure class='gallery-item'>\n\t\t\t<div class='gallery-icon portrait'>\n\t\t\t\t<a href='https:\/\/photo-portrait.com\/en\/2024_voyer_herman_photo_danielle-giguere_nb_2756_w\/'><img loading=\"lazy\" decoding=\"async\" width=\"150\" height=\"150\" src=\"https:\/\/photo-portrait.com\/wp-content\/uploads\/2025\/01\/2024_VOYER_Herman_Photo_@Danielle-Giguere_NB_2756_W-150x150.jpg\" class=\"attachment-thumbnail size-thumbnail\" alt=\"\" \/><\/a>\n\t\t\t<\/div><\/figure><figure class='gallery-item'>\n\t\t\t<div class='gallery-icon landscape'>\n\t\t\t\t<a href='https:\/\/photo-portrait.com\/en\/2024_voyer_herman_photo_danielle-giguere_2961_w\/'><img loading=\"lazy\" decoding=\"async\" width=\"150\" height=\"150\" src=\"https:\/\/photo-portrait.com\/wp-content\/uploads\/2025\/01\/2024_VOYER_Herman_Photo_@Danielle-Giguere_2961_W-150x150.jpg\" class=\"attachment-thumbnail size-thumbnail\" alt=\"\" \/><\/a>\n\t\t\t<\/div><\/figure><figure class='gallery-item'>\n\t\t\t<div class='gallery-icon portrait'>\n\t\t\t\t<a href='https:\/\/photo-portrait.com\/en\/lam_6880_w\/'><img loading=\"lazy\" decoding=\"async\" width=\"150\" height=\"150\" src=\"https:\/\/photo-portrait.com\/wp-content\/uploads\/2025\/01\/LAM_6880_W-150x150.jpg\" class=\"attachment-thumbnail size-thumbnail\" alt=\"\" \/><\/a>\n\t\t\t<\/div><\/figure><figure class='gallery-item'>\n\t\t\t<div class='gallery-icon portrait'>\n\t\t\t\t<a href='https:\/\/photo-portrait.com\/en\/lam_6874_w\/'><img loading=\"lazy\" decoding=\"async\" width=\"150\" height=\"150\" src=\"https:\/\/photo-portrait.com\/wp-content\/uploads\/2025\/01\/LAM_6874_W-150x150.jpg\" class=\"attachment-thumbnail size-thumbnail\" alt=\"\" \/><\/a>\n\t\t\t<\/div><\/figure><figure class='gallery-item'>\n\t\t\t<div class='gallery-icon portrait'>\n\t\t\t\t<a href='https:\/\/photo-portrait.com\/en\/lam_6812_w\/'><img loading=\"lazy\" decoding=\"async\" width=\"150\" height=\"150\" src=\"https:\/\/photo-portrait.com\/wp-content\/uploads\/2025\/01\/LAM_6812_W-150x150.jpg\" class=\"attachment-thumbnail size-thumbnail\" alt=\"\" \/><\/a>\n\t\t\t<\/div><\/figure><figure class='gallery-item'>\n\t\t\t<div class='gallery-icon portrait'>\n\t\t\t\t<a href='https:\/\/photo-portrait.com\/en\/_nic1735_w\/'><img loading=\"lazy\" decoding=\"async\" width=\"150\" height=\"150\" src=\"https:\/\/photo-portrait.com\/wp-content\/uploads\/2025\/01\/NIC1735_W-150x150.jpg\" class=\"attachment-thumbnail size-thumbnail\" alt=\"\" \/><\/a>\n\t\t\t<\/div><\/figure><figure class='gallery-item'>\n\t\t\t<div class='gallery-icon portrait'>\n\t\t\t\t<a href='https:\/\/photo-portrait.com\/en\/corps-et-sensualite-boudoir-nu-artistique-photo-coquine\/_joh_noir-et-blanc-02-photo-d-giguere_9343_w\/'><img loading=\"lazy\" decoding=\"async\" width=\"150\" height=\"150\" src=\"https:\/\/photo-portrait.com\/wp-content\/uploads\/2022\/11\/JOH_Noir-et-blanc-02-Photo-D.Giguere_9343_W-150x150.jpg\" class=\"attachment-thumbnail size-thumbnail\" alt=\"\" \/><\/a>\n\t\t\t<\/div><\/figure><figure class='gallery-item'>\n\t\t\t<div class='gallery-icon portrait'>\n\t\t\t\t<a href='https:\/\/photo-portrait.com\/en\/27_miels-calendrierfinalw\/'><img loading=\"lazy\" decoding=\"async\" width=\"150\" height=\"150\" src=\"https:\/\/photo-portrait.com\/wp-content\/uploads\/2019\/04\/27_Miels-CalendrierFinalW-150x150.jpg\" class=\"attachment-thumbnail size-thumbnail\" alt=\"\" srcset=\"https:\/\/photo-portrait.com\/wp-content\/uploads\/2019\/04\/27_Miels-CalendrierFinalW-150x150.jpg 150w, https:\/\/photo-portrait.com\/wp-content\/uploads\/2019\/04\/27_Miels-CalendrierFinalW-180x180.jpg 180w, https:\/\/photo-portrait.com\/wp-content\/uploads\/2019\/04\/27_Miels-CalendrierFinalW-300x300.jpg 300w\" sizes=\"auto, (max-width: 150px) 100vw, 150px\" \/><\/a>\n\t\t\t<\/div><\/figure><figure class='gallery-item'>\n\t\t\t<div class='gallery-icon landscape'>\n\t\t\t\t<a href='https:\/\/photo-portrait.com\/en\/photographe-hommes-gay-homosexuels-noir-blanc_quebec_0063_w\/'><img loading=\"lazy\" decoding=\"async\" width=\"150\" height=\"150\" src=\"https:\/\/photo-portrait.com\/wp-content\/uploads\/2018\/12\/Photographe-Hommes-Gay-homosexuels-noir-blanc_Quebec_0063_W-150x150.jpg\" class=\"attachment-thumbnail size-thumbnail\" alt=\"\" srcset=\"https:\/\/photo-portrait.com\/wp-content\/uploads\/2018\/12\/Photographe-Hommes-Gay-homosexuels-noir-blanc_Quebec_0063_W-150x150.jpg 150w, https:\/\/photo-portrait.com\/wp-content\/uploads\/2018\/12\/Photographe-Hommes-Gay-homosexuels-noir-blanc_Quebec_0063_W-180x180.jpg 180w, https:\/\/photo-portrait.com\/wp-content\/uploads\/2018\/12\/Photographe-Hommes-Gay-homosexuels-noir-blanc_Quebec_0063_W-300x300.jpg 300w\" sizes=\"auto, (max-width: 150px) 100vw, 150px\" \/><\/a>\n\t\t\t<\/div><\/figure><figure class='gallery-item'>\n\t\t\t<div class='gallery-icon landscape'>\n\t\t\t\t<a href='https:\/\/photo-portrait.com\/en\/nu-artistique-noir-et-blanc-couple-gay-quebec1_0195_w\/'><img loading=\"lazy\" decoding=\"async\" width=\"150\" height=\"150\" src=\"https:\/\/photo-portrait.com\/wp-content\/uploads\/2018\/12\/Nu-artistique-noir-et-blanc-couple-gay-Quebec1_0195_W-150x150.jpg\" class=\"attachment-thumbnail size-thumbnail\" alt=\"\" srcset=\"https:\/\/photo-portrait.com\/wp-content\/uploads\/2018\/12\/Nu-artistique-noir-et-blanc-couple-gay-Quebec1_0195_W-150x150.jpg 150w, https:\/\/photo-portrait.com\/wp-content\/uploads\/2018\/12\/Nu-artistique-noir-et-blanc-couple-gay-Quebec1_0195_W-180x180.jpg 180w, https:\/\/photo-portrait.com\/wp-content\/uploads\/2018\/12\/Nu-artistique-noir-et-blanc-couple-gay-Quebec1_0195_W-300x300.jpg 300w\" sizes=\"auto, (max-width: 150px) 100vw, 150px\" \/><\/a>\n\t\t\t<\/div><\/figure>\n\t\t<\/div>","protected":false},"excerpt":{"rendered":"<p>Les s\u00e9ances photos de boudoir pour hommes sont de plus en plus en demande \u00e0 cette \u00e8re o\u00f9 le culte du corps et la c\u00e9l\u00e9bration positive de tous les types de corps est \u00e0 son apog\u00e9e. Il y a quelque chose de tr\u00e8s th\u00e9rapeutique de prendre ce moment pour se voir et exprimer sa sensualit\u00e9 [&hellip;]<\/p>","protected":false},"author":2,"featured_media":0,"parent":0,"menu_order":0,"comment_status":"closed","ping_status":"closed","template":"","meta":{"_editorskit_title_hidden":false,"_editorskit_reading_time":0,"_editorskit_is_block_options_detached":false,"_editorskit_block_options_position":"{}","footnotes":""},"class_list":["post-8508","page","type-page","status-publish","hentry"],"_links":{"self":[{"href":"https:\/\/photo-portrait.com\/en\/wp-json\/wp\/v2\/pages\/8508","targetHints":{"allow":["GET"]}}],"collection":[{"href":"https:\/\/photo-portrait.com\/en\/wp-json\/wp\/v2\/pages"}],"about":[{"href":"https:\/\/photo-portrait.com\/en\/wp-json\/wp\/v2\/types\/page"}],"author":[{"embeddable":true,"href":"https:\/\/photo-portrait.com\/en\/wp-json\/wp\/v2\/users\/2"}],"replies":[{"embeddable":true,"href":"https:\/\/photo-portrait.com\/en\/wp-json\/wp\/v2\/comments?post=8508"}],"version-history":[{"count":3,"href":"https:\/\/photo-portrait.com\/en\/wp-json\/wp\/v2\/pages\/8508\/revisions"}],"predecessor-version":[{"id":8539,"href":"https:\/\/photo-portrait.com\/en\/wp-json\/wp\/v2\/pages\/8508\/revisions\/8539"}],"wp:attachment":[{"href":"https:\/\/photo-portrait.com\/en\/wp-json\/wp\/v2\/media?parent=8508"}],"curies":[{"name":"wp","href":"https:\/\/api.w.org\/{rel}","templated":true}]}}