{"id":7749,"date":"2023-12-19T19:16:56","date_gmt":"2023-12-19T19:16:56","guid":{"rendered":"https:\/\/photo-portrait.com\/?page_id=7749"},"modified":"2024-04-01T17:07:07","modified_gmt":"2024-04-01T17:07:07","slug":"deroulement","status":"publish","type":"page","link":"https:\/\/photo-portrait.com\/en\/deroulement\/","title":{"rendered":"D\u00e9roulement"},"content":{"rendered":"<div class=\"wp-block-image\">\n<figure class=\"aligncenter size-large is-resized\"><img loading=\"lazy\" decoding=\"async\" width=\"2000\" height=\"1333\" src=\"http:\/\/photo-portrait.com\/wp-content\/uploads\/2024\/03\/Danielle-photographe-modele-DSC08807-Close-2000x1333.jpg\" alt=\"\" class=\"wp-image-7937\" style=\"width:645px;height:auto\" srcset=\"https:\/\/photo-portrait.com\/wp-content\/uploads\/2024\/03\/Danielle-photographe-modele-DSC08807-Close-2000x1333.jpg 2000w, https:\/\/photo-portrait.com\/wp-content\/uploads\/2024\/03\/Danielle-photographe-modele-DSC08807-Close-300x200.jpg 300w, https:\/\/photo-portrait.com\/wp-content\/uploads\/2024\/03\/Danielle-photographe-modele-DSC08807-Close-768x512.jpg 768w, https:\/\/photo-portrait.com\/wp-content\/uploads\/2024\/03\/Danielle-photographe-modele-DSC08807-Close-1536x1024.jpg 1536w, https:\/\/photo-portrait.com\/wp-content\/uploads\/2024\/03\/Danielle-photographe-modele-DSC08807-Close-2048x1365.jpg 2048w, https:\/\/photo-portrait.com\/wp-content\/uploads\/2024\/03\/Danielle-photographe-modele-DSC08807-Close-24x16.jpg 24w, https:\/\/photo-portrait.com\/wp-content\/uploads\/2024\/03\/Danielle-photographe-modele-DSC08807-Close-36x24.jpg 36w, https:\/\/photo-portrait.com\/wp-content\/uploads\/2024\/03\/Danielle-photographe-modele-DSC08807-Close-48x32.jpg 48w\" sizes=\"auto, (max-width: 2000px) 100vw, 2000px\" \/><\/figure>\n<\/div>\n\n\n<p><em><strong>La planification<\/strong><\/em><\/p>\n\n\n\n<p><strong>Tout d\u00e9bute par une discussion<\/strong> concernant le style de photo que vous aimeriez r\u00e9aliser en \u00e9changeant quelques exemples de photos qui nous inspirent. Si vous pr\u00e9f\u00e9rez me laisser carte blanche, je vous ferai des propositions selon les d\u00e9tails que vous m\u2019aurez fournis. La rencontre pourra avoir lieu en studio ou par vid\u00e9o. C\u2019est une mani\u00e8re de briser la glace et de mieux se projeter dans le projet. Nous d\u00e9terminerons ensuite o\u00f9 aura lieu la s\u00e9ance; soit en studio, ou dans des lieux que j\u2019aurai rep\u00e9r\u00e9s sp\u00e9cialement pour notre projet. J\u2019ai une banque d\u2019image de magnifiques lieux que j\u2019ai r\u00e9pertori\u00e9s. Il n\u2019est pas rare que je fasse un rep\u00e9rage tout sp\u00e9cialement pour vous afin de trouver <strong>LE<\/strong> lieu exceptionnel pour votre projet photo. Vous recevrez aussi une guide comprenant tous les d\u00e9tails importants \u00e0 consid\u00e9rer avant votre s\u00e9ance. Ainsi, vous vous sentirez parfaitement pr\u00e9par\u00e9 le jour venu de votre s\u00e9ance.<\/p>\n\n\n\n<p><strong><em>Les v\u00eatements<\/em><\/strong><\/p>\n\n\n\n<p><strong>Nous pourrons discuter sommairement des choix vestimentaires<\/strong> lors de notre rencontre d\u2019information. Certains accessoires et quelques morceaux de v\u00eatements seront \u00e0 votre disposition le jour de votre s\u00e9ance. Si vous souhaitez avoir acc\u00e8s au costumier complet (comprenant des bijoux, accessoires et v\u00eatements d\u2019\u00e9poque, contemporains et classiques) un service de stylisme est disponible sur demande. Ce dernier repr\u00e9sente des co\u00fbts variants selon l\u2019ampleur du projet. Le service peut m\u00eame \u00eatre aussi complet que l\u2019accompagnement lors d\u2019une s\u00e9ance de magasinage en boutique ou une visite chez vous pour planifier les looks.<\/p>\n\n\n\n<p><strong><em>La s\u00e9ance<\/em><\/strong><\/p>\n\n\n\n<p>En g\u00e9n\u00e9ral, je privil\u00e9gie les poses spontan\u00e9es, qui sont naturelles et vous ressembleront davantage. Ceci dit, je serais l\u00e0 pour vous guider et faire quelques ajustements et suggestions en cas de panne d\u2019id\u00e9es. Nous pourrons \u00e9videmment visionner quelques photos en d\u00e9but de s\u00e9ance pour v\u00e9rifier si vous aimez ce que nous sommes en train de r\u00e9aliser. Ceci nous permettra de faire des modifications si n\u00e9cessaires. La dur\u00e9e de la s\u00e9ance est calcul\u00e9e \u00e0 partir de l\u2019heure de votre rdv. Si vous arrivez en retard, nous aurons moins de temps pour prendre les photos. Puisque le studio doit \u00eatre pr\u00e9par\u00e9 pour votre s\u00e9ance et que je prends un nombre limit\u00e9 de projets, une annulation d\u2019un rendez-vous doit \u00eatre faite un minimum de 48 heures avant ce dernier.\u00a0<\/p>\n\n\n<div class=\"wp-block-image\">\n<figure class=\"aligncenter size-full is-resized\"><img loading=\"lazy\" decoding=\"async\" width=\"1444\" height=\"936\" src=\"http:\/\/photo-portrait.com\/wp-content\/uploads\/2024\/04\/Making-of-makeup-20221019_0024-W.jpg\" alt=\"\" class=\"wp-image-7977\" style=\"width:555px;height:auto\" srcset=\"https:\/\/photo-portrait.com\/wp-content\/uploads\/2024\/04\/Making-of-makeup-20221019_0024-W.jpg 1444w, https:\/\/photo-portrait.com\/wp-content\/uploads\/2024\/04\/Making-of-makeup-20221019_0024-W-300x194.jpg 300w, https:\/\/photo-portrait.com\/wp-content\/uploads\/2024\/04\/Making-of-makeup-20221019_0024-W-768x498.jpg 768w, https:\/\/photo-portrait.com\/wp-content\/uploads\/2024\/04\/Making-of-makeup-20221019_0024-W-24x16.jpg 24w, https:\/\/photo-portrait.com\/wp-content\/uploads\/2024\/04\/Making-of-makeup-20221019_0024-W-36x23.jpg 36w, https:\/\/photo-portrait.com\/wp-content\/uploads\/2024\/04\/Making-of-makeup-20221019_0024-W-48x31.jpg 48w\" sizes=\"auto, (max-width: 1444px) 100vw, 1444px\" \/><\/figure>\n<\/div>\n\n\n<p><strong><em>La s\u00e9lection<\/em><\/strong><\/p>\n\n\n\n<p><strong>Suite \u00e0 la s\u00e9ance, <\/strong>sera r\u00e9serv\u00e9 30 \u00e0 40 minutes pour visionner l\u2019ensemble des clich\u00e9s et faire une pr\u00e9s\u00e9lection des photos qui vous int\u00e9ressent. Si la s\u00e9lection finale n\u2019est pas termin\u00e9e, un lien s\u00e9curis\u00e9 vous sera envoy\u00e9 par courriel qui vous m\u00e8nera \u00e0 une galerie en ligne. Une fois votre choix de photos fait, vous pourrez me transmettre les pr\u00e9cision concernant les retouches ou une ambiance particuli\u00e8re comme, noir et blanc, couleurs satur\u00e9es, vintage, pastels ou autres.\u00a0<\/p>\n\n\n\n<p><strong>Apr\u00e8s avoir re\u00e7u votre s\u00e9lection<\/strong>, la livraison sera faite par courriel, au plus tard, dans les 14 jours ouvrables suivants. Les fichiers sont en haute r\u00e9solution et vous serez libres de les publier sur les r\u00e9seaux sociaux en mentionnant le nom du photographe. Un service d\u2019impression haut de gamme sur papier est disponible sur demande. Les co\u00fbts suppl\u00e9mentaires seront calcul\u00e9s selon le type de papier et les grandeurs.<\/p>\n\n\n\n<p><strong><em>Les co\u00fbts<\/em><\/strong><\/p>\n\n\n\n<p><strong>J\u2019offre diff\u00e9rents forfaits<\/strong> qui comprennent une dur\u00e9e de la s\u00e9ance et un nombre de photos pr\u00e9d\u00e9termin\u00e9es. Les frais varient entre $325 et $3800. Cela d\u00e9pend de la dur\u00e9e de la s\u00e9ance, du nombre de photos et si le maquillage et la coiffure sont inclus. Je vous enverrai mon d\u00e9pliant d\u00e9taillant tous les forfaits et co\u00fbts \u00e0 la carte par courriel. Pour ce qui est du maquillage et de la coiffure, il y a plusieurs possibilit\u00e9s, tout d\u00e9pend de vos attentes et votre budget. \u00c9videmment, si nous souhaitons avoir un maquilleur-coiffeur professionnel tout au long de la s\u00e9ance avec nous, les frais sont entre $350 (1\/2 journ\u00e9e) et $500 (journ\u00e9e compl\u00e8te). Par contre, la bonne nouvelle c&rsquo;est que, pour les petits budgets, il y a l\u2019option d\u2019aller en comptoir cosm\u00e9tique. Cela r\u00e9duit les co\u00fbts de fa\u00e7on drastique: entre $50 et $100. Souvent les frais sont cr\u00e9dit\u00e9s lorsque vous achetez un produit de la valeur \u00e9quivalente.<\/p>","protected":false},"excerpt":{"rendered":"<p>La planification Tout d\u00e9bute par une discussion concernant le style de photo que vous aimeriez r\u00e9aliser en \u00e9changeant quelques exemples de photos qui nous inspirent. Si vous pr\u00e9f\u00e9rez me laisser carte blanche, je vous ferai des propositions selon les d\u00e9tails que vous m\u2019aurez fournis. La rencontre pourra avoir lieu en studio ou par vid\u00e9o. C\u2019est [&hellip;]<\/p>","protected":false},"author":2,"featured_media":0,"parent":0,"menu_order":0,"comment_status":"closed","ping_status":"closed","template":"","meta":{"_editorskit_title_hidden":false,"_editorskit_reading_time":0,"_editorskit_is_block_options_detached":false,"_editorskit_block_options_position":"{}","footnotes":""},"class_list":["post-7749","page","type-page","status-publish","hentry"],"_links":{"self":[{"href":"https:\/\/photo-portrait.com\/en\/wp-json\/wp\/v2\/pages\/7749","targetHints":{"allow":["GET"]}}],"collection":[{"href":"https:\/\/photo-portrait.com\/en\/wp-json\/wp\/v2\/pages"}],"about":[{"href":"https:\/\/photo-portrait.com\/en\/wp-json\/wp\/v2\/types\/page"}],"author":[{"embeddable":true,"href":"https:\/\/photo-portrait.com\/en\/wp-json\/wp\/v2\/users\/2"}],"replies":[{"embeddable":true,"href":"https:\/\/photo-portrait.com\/en\/wp-json\/wp\/v2\/comments?post=7749"}],"version-history":[{"count":7,"href":"https:\/\/photo-portrait.com\/en\/wp-json\/wp\/v2\/pages\/7749\/revisions"}],"predecessor-version":[{"id":7981,"href":"https:\/\/photo-portrait.com\/en\/wp-json\/wp\/v2\/pages\/7749\/revisions\/7981"}],"wp:attachment":[{"href":"https:\/\/photo-portrait.com\/en\/wp-json\/wp\/v2\/media?parent=7749"}],"curies":[{"name":"wp","href":"https:\/\/api.w.org\/{rel}","templated":true}]}}