{"id":7146,"date":"2023-03-26T18:41:35","date_gmt":"2023-03-26T18:41:35","guid":{"rendered":"http:\/\/photo-portrait.com\/?page_id=7146"},"modified":"2025-01-07T00:53:51","modified_gmt":"2025-01-07T00:53:51","slug":"prix-et-merites","status":"publish","type":"page","link":"https:\/\/photo-portrait.com\/en\/prix-et-merites\/","title":{"rendered":"M\u00e9rites et m\u00e9dias"},"content":{"rendered":"<div class=\"wp-block-columns is-layout-flex wp-container-core-columns-is-layout-9d6595d7 wp-block-columns-is-layout-flex\">\n<div class=\"wp-block-column is-layout-flow wp-block-column-is-layout-flow\" style=\"flex-basis:100%\"><\/div>\n<\/div>\n\n\n\n\n\n<div class=\"wp-block-columns is-layout-flex wp-container-core-columns-is-layout-9d6595d7 wp-block-columns-is-layout-flex\">\n<div class=\"wp-block-column is-layout-flow wp-block-column-is-layout-flow\"><div class=\"wp-block-image is-resized\">\n<figure class=\"aligncenter size-full\"><img loading=\"lazy\" decoding=\"async\" width=\"964\" height=\"1444\" src=\"http:\/\/photo-portrait.com\/wp-content\/uploads\/2023\/04\/Danielle-Hand_Full_W.jpg\" alt=\"Daniele Giguere Photographe\" class=\"wp-image-7200\" style=\"width:382px;height:auto\" srcset=\"https:\/\/photo-portrait.com\/wp-content\/uploads\/2023\/04\/Danielle-Hand_Full_W.jpg 964w, https:\/\/photo-portrait.com\/wp-content\/uploads\/2023\/04\/Danielle-Hand_Full_W-200x300.jpg 200w, https:\/\/photo-portrait.com\/wp-content\/uploads\/2023\/04\/Danielle-Hand_Full_W-768x1150.jpg 768w\" sizes=\"auto, (max-width: 964px) 100vw, 964px\" \/><\/figure>\n<\/div><\/div>\n\n\n\n<div class=\"wp-block-column is-layout-flow wp-block-column-is-layout-flow\">\n<div style=\"height:52px\" aria-hidden=\"true\" class=\"wp-block-spacer\"><\/div>\n\n\n\n<p>Danielle Gigu\u00e8re est une photographe et artiste visuelle d\u00e9tentrice de plusieurs prix et reconnaissances internationales. Elle a d\u00e9croch\u00e9 la prestigieuse bourse Ren\u00e9-Richard de l\u2019Universit\u00e9 Laval pour l\u2019excellence de son travail durant son baccalaur\u00e9at et compl\u00e9ter ses \u00e9tudes avec une ma\u00eetrise en nouveaux m\u00e9dias.<\/p>\n\n\n\n<p>Depuis 2021, elle travaille \u00e0 atteindre une accr\u00e9ditation de <strong>Portrait Masters<\/strong> <strong>International Awards<\/strong> renomm\u00e9e pour son niveau de ma\u00eetrise exceptionnelle parmi les plus grands portraitistes au monde. Elle a \u00e9t\u00e9 nomin\u00e9e par Fine Art Photography award en 2021, et en 2023, <strong>Muse Photography Award<\/strong> lui octroie le niveau supr\u00eame de m\u00e9daille Platine avec sa s\u00e9rie <em>Private Recall<\/em>.<\/p>\n\n\n\n<p>Sa d\u00e9marche du portrait photographique contemporain, et particuli\u00e8rement son traitement de l&rsquo;ambiance par la lumi\u00e8re, s\u2019apparentent au travail des grands peintres qui ont marqu\u00e9 l\u2019histoire de l\u2019art.<\/p>\n\n\n\n<p><\/p>\n\n\n\n<h3 class=\"wp-block-heading\"><strong>Reportages vid\u00e9o, journaux et web<\/strong><\/h3>\n\n\n\n<p><a href=\"https:\/\/www.youtube.com\/clip\/UgkxQM9p4GbOqdCOAknbJ45QI_p9KpsXyoBf\">https:\/\/www.youtube.com\/clip\/UgkxQM9p4GbOqdCOAknbJ45QI_p9KpsXyoBf<\/a><\/p>\n\n\n\n<p><a href=\"https:\/\/www.youtube.com\/clip\/UgkxvdLQ_T4qZ_3pYxfpuGHYCaemgbbtuGs4\">https:\/\/www.youtube.com\/clip\/UgkxvdLQ_T4qZ_3pYxfpuGHYCaemgbbtuGs4<\/a><\/p>\n\n\n\n<p class=\"has-text-align-left\"><a href=\"https:\/\/danielle-giguere.com\/medias\/\" class=\"ek-link\">https:\/\/danielle-giguere.com\/medias\/<\/a><\/p>\n\n\n\n<h4 class=\"wp-block-heading has-text-align-center\"><a href=\"#merites\" class=\"ek-link\">Voir les photos gagnantes<\/a><\/h4>\n<\/div>\n<\/div>\n\n\n\n<div style=\"height:0px\" aria-hidden=\"true\" class=\"wp-block-spacer\"><\/div>\n\n\n\n<div style=\"height:45px\" aria-hidden=\"true\" class=\"wp-block-spacer\"><\/div>\n\n\n\n<style type=\"text\/css\">\n            .badgeSpecs{\n                height:  160px;\n            }\n            .badgeDiv{\n                margin: 20px;\n                display: inline-block;\n            }\n        <\/style>\n\n        \n<div id=\"merites\" style=\"text-align: center;\">\n            <div class=\"badgeDiv\">\n                <a target=\"_blank\" href=\"https:\/\/musephotographyawards.com\/\" rel=\"noopener\">\n                    <img decoding=\"async\" alt=\"Muse photography awards\" class=\"badgeSpecs\" src=\"\/assets\/badges\/2023-MUSE-Photography-Awards-Platinum-Winner.png\">\n                <\/a>\n            <\/div>\n            <div class=\"badgeDiv\">\n                <a target=\"_blank\" href=\"https:\/\/musephotographyawards.com\/\" rel=\"noopener\">\n                    <img decoding=\"async\" alt=\"Muse photography awards\" class=\"badgeSpecs\" src=\"\/assets\/badges\/Copy of 2023-MUSE-Photography-Awards-Gold-Winner.png\">\n                <\/a>\n            <\/div>\n            <div class=\"badgeDiv\">\n                <a target=\"_blank\" href=\"https:\/\/theportraitsystem.com\/awards\/\" rel=\"noopener\">\n                    <img decoding=\"async\" alt=\"The Portrait Masters Awards\" class=\"badgeSpecs\" src=\"\/assets\/badges\/TPM Image Awards 2023_Bronze - Black.png\">\n                <\/a>\n            <\/div>\n            <div class=\"badgeDiv\">\n                <a target=\"_blank\" href=\"https:\/\/theportraitsystem.com\/awards\/\" rel=\"noopener\">\n                    <img decoding=\"async\" alt=\"The Portrait Masters Awards\" class=\"badgeSpecs\" src=\"\/assets\/badges\/BRONZE-2022 Image Awards (blk).png\">\n                <\/a>\n            <\/div>\n            <div class=\"badgeDiv\">\n                <a target=\"_blank\" href=\"https:\/\/theportraitsystem.com\/awards\/\" rel=\"noopener\">\n                    <img decoding=\"async\" alt=\"The Portrait Masters Awards\" class=\"badgeSpecs\" src=\"\/assets\/badges\/BRONZE-2021 Image Awards (blk).png\">\n                <\/a>\n            <\/div>\n            <div class=\"badgeDiv\">\n                <a target=\"_blank\" href=\"https:\/\/fineartphotoawards.com\/about\/\" rel=\"noopener\">\n                    <img decoding=\"async\" alt=\"Fine Art Photography Awards\" class=\"badgeSpecs\" src=\"\/assets\/badges\/2021_FINE ART PHOTOGRAPHY AWARD_ NOMINE.png\">\n                <\/a>\n            <\/div>\n            <div class=\"badgeDiv\">\n                <a target=\"_blank\" href=\"https:\/\/www.contemporaryartstation.com\/online-catalogue-1\/2023\/2\/16\/danielle-gigure\" rel=\"noopener\">\n                    <img decoding=\"async\" alt=\"Contemporary Expressions Award\" class=\"badgeSpecs\" src=\"\/assets\/badges\/Contemporay-Expressions-Award_2023.jpg\">\n                <\/a>\n            <\/div>\n        <\/div>\n\n\n\n<div id='gallery-1' class='gallery galleryid-7146 gallery-columns-3 gallery-size-thumbnail'><figure class='gallery-item'>\n\t\t\t<div class='gallery-icon landscape'>\n\t\t\t\t<a href='https:\/\/photo-portrait.com\/en\/prix-et-merites\/2021_boisvert_miabelle_photo_danielle-giguere_leane_03_2091\/'><img loading=\"lazy\" decoding=\"async\" width=\"150\" height=\"150\" src=\"https:\/\/photo-portrait.com\/wp-content\/uploads\/2023\/04\/2021_BOISVERT_Miabelle_Photo_Danielle-Giguere_Leane_03_2091-150x150.jpg\" class=\"attachment-thumbnail size-thumbnail\" alt=\"\" \/><\/a>\n\t\t\t<\/div><\/figure><figure class='gallery-item'>\n\t\t\t<div class='gallery-icon landscape'>\n\t\t\t\t<a href='https:\/\/photo-portrait.com\/en\/prix-et-merites\/2022_simard_rejean_photo_danielle-giguere_sim_bleu_9634_w\/'><img loading=\"lazy\" decoding=\"async\" width=\"150\" height=\"150\" src=\"https:\/\/photo-portrait.com\/wp-content\/uploads\/2023\/04\/2022_SIMARD_Rejean_Photo_@Danielle-Giguere_SIM_Bleu_9634_W-150x150.jpg\" class=\"attachment-thumbnail size-thumbnail\" alt=\"Portrait de musicien, musique traditionnelle, photo de pochette de disque, CD de musique, accord\u00e9on\" \/><\/a>\n\t\t\t<\/div><\/figure><figure class='gallery-item'>\n\t\t\t<div class='gallery-icon portrait'>\n\t\t\t\t<a href='https:\/\/photo-portrait.com\/en\/prix-et-merites\/000_douceur_portrait-master_awards_bronze_muse_w\/'><img loading=\"lazy\" decoding=\"async\" width=\"150\" height=\"150\" src=\"https:\/\/photo-portrait.com\/wp-content\/uploads\/2023\/04\/000_Douceur_Portrait-Master_Awards_Bronze_Muse_W-150x150.jpg\" class=\"attachment-thumbnail size-thumbnail\" alt=\"Portrait d&#039;une jeune fille aux cheveux longs portant une robe de voile dans une ambiance fine art d&#039;ambiance grands ma\u00eetres\" \/><\/a>\n\t\t\t<\/div><\/figure><figure class='gallery-item'>\n\t\t\t<div class='gallery-icon portrait'>\n\t\t\t\t<a href='https:\/\/photo-portrait.com\/en\/prix-et-merites\/00_fairy_magical_frantasy-shoot_danielle-giguere_2861_w\/'><img loading=\"lazy\" decoding=\"async\" width=\"150\" height=\"150\" src=\"https:\/\/photo-portrait.com\/wp-content\/uploads\/2023\/04\/00_Fairy_Magical_Frantasy-Shoot_@Danielle-Giguere_2861_W-150x150.jpg\" class=\"attachment-thumbnail size-thumbnail\" alt=\"\" \/><\/a>\n\t\t\t<\/div><\/figure><figure class='gallery-item'>\n\t\t\t<div class='gallery-icon landscape'>\n\t\t\t\t<a href='https:\/\/photo-portrait.com\/en\/prix-et-merites\/01_simple-man_portrait_personnel_danielle-giguere-patch_bronze_w\/'><img loading=\"lazy\" decoding=\"async\" width=\"150\" height=\"150\" src=\"https:\/\/photo-portrait.com\/wp-content\/uploads\/2023\/04\/01_Simple-Man_Portrait_Personnel_Danielle-Giguere-Patch_Bronze_W-150x150.jpg\" class=\"attachment-thumbnail size-thumbnail\" alt=\"Portrait d&#039;un homme aux yeux bleus en \u00e9clairage studio de style Rembrandt\" \/><\/a>\n\t\t\t<\/div><\/figure><figure class='gallery-item'>\n\t\t\t<div class='gallery-icon landscape'>\n\t\t\t\t<a href='https:\/\/photo-portrait.com\/en\/prix-et-merites\/02_rose-du-sahara_medaille_bronze_portrait-femme_noire_danielle-giguere_w\/'><img loading=\"lazy\" decoding=\"async\" width=\"150\" height=\"150\" src=\"https:\/\/photo-portrait.com\/wp-content\/uploads\/2023\/04\/02_Rose-Du-Sahara_Medaille_Bronze_Portrait-Femme_Noire_Danielle-Giguere_W-150x150.jpg\" class=\"attachment-thumbnail size-thumbnail\" alt=\"\" srcset=\"https:\/\/photo-portrait.com\/wp-content\/uploads\/2023\/04\/02_Rose-Du-Sahara_Medaille_Bronze_Portrait-Femme_Noire_Danielle-Giguere_W-150x150.jpg 150w, https:\/\/photo-portrait.com\/wp-content\/uploads\/2023\/04\/02_Rose-Du-Sahara_Medaille_Bronze_Portrait-Femme_Noire_Danielle-Giguere_W-300x300.jpg 300w, https:\/\/photo-portrait.com\/wp-content\/uploads\/2023\/04\/02_Rose-Du-Sahara_Medaille_Bronze_Portrait-Femme_Noire_Danielle-Giguere_W-768x768.jpg 768w, https:\/\/photo-portrait.com\/wp-content\/uploads\/2023\/04\/02_Rose-Du-Sahara_Medaille_Bronze_Portrait-Femme_Noire_Danielle-Giguere_W.jpg 1444w\" sizes=\"auto, (max-width: 150px) 100vw, 150px\" \/><\/a>\n\t\t\t<\/div><\/figure><figure class='gallery-item'>\n\t\t\t<div class='gallery-icon portrait'>\n\t\t\t\t<a href='https:\/\/photo-portrait.com\/en\/prix-et-merites\/03_guylaine_bronze-portrait-masters_award_3075_w\/'><img loading=\"lazy\" decoding=\"async\" width=\"150\" height=\"150\" src=\"https:\/\/photo-portrait.com\/wp-content\/uploads\/2023\/04\/03_Guylaine_Bronze-PORTRAIT-MASTERS_AWARD_3075_W-150x150.jpg\" class=\"attachment-thumbnail size-thumbnail\" alt=\"\" \/><\/a>\n\t\t\t<\/div><\/figure><figure class='gallery-item'>\n\t\t\t<div class='gallery-icon landscape'>\n\t\t\t\t<a href='https:\/\/photo-portrait.com\/en\/fee-meri_mix_bronze-patch_2021_w-2\/'><img loading=\"lazy\" decoding=\"async\" width=\"150\" height=\"150\" src=\"https:\/\/photo-portrait.com\/wp-content\/uploads\/2025\/01\/Fee-Meri_Mix_Bronze-Patch_2021_W-1-150x150.jpg\" class=\"attachment-thumbnail size-thumbnail\" alt=\"\" \/><\/a>\n\t\t\t<\/div><\/figure><figure class='gallery-item'>\n\t\t\t<div class='gallery-icon landscape'>\n\t\t\t\t<a href='https:\/\/photo-portrait.com\/en\/prix-et-merites\/05_portrait-masters_beauty_hair-2473_w\/'><img loading=\"lazy\" decoding=\"async\" width=\"150\" height=\"150\" src=\"https:\/\/photo-portrait.com\/wp-content\/uploads\/2023\/04\/05_Portrait-Masters_Beauty_Hair-2473_W-150x150.jpg\" class=\"attachment-thumbnail size-thumbnail\" alt=\"\" \/><\/a>\n\t\t\t<\/div><\/figure><figure class='gallery-item'>\n\t\t\t<div class='gallery-icon landscape'>\n\t\t\t\t<a href='https:\/\/photo-portrait.com\/en\/prix-et-merites\/06_photo_pastel-enfant_portrait-masters_2551_w\/'><img loading=\"lazy\" decoding=\"async\" width=\"150\" height=\"150\" src=\"https:\/\/photo-portrait.com\/wp-content\/uploads\/2023\/04\/06_Photo_Pastel-Enfant_Portrait-Masters_2551_W-150x150.jpg\" class=\"attachment-thumbnail size-thumbnail\" alt=\"Portrait vimtage d&#039;une petite fille tenant un \u00e9ventail\" \/><\/a>\n\t\t\t<\/div><\/figure><figure class='gallery-item'>\n\t\t\t<div class='gallery-icon portrait'>\n\t\t\t\t<a href='https:\/\/photo-portrait.com\/en\/prix-et-merites\/07_private-recall_confidence_awards_w\/'><img loading=\"lazy\" decoding=\"async\" width=\"150\" height=\"150\" src=\"https:\/\/photo-portrait.com\/wp-content\/uploads\/2023\/04\/07_Private-Recall_Confidence_Awards_W-150x150.jpg\" class=\"attachment-thumbnail size-thumbnail\" alt=\"\" \/><\/a>\n\t\t\t<\/div><\/figure><figure class='gallery-item'>\n\t\t\t<div class='gallery-icon portrait'>\n\t\t\t\t<a href='https:\/\/photo-portrait.com\/en\/prix-et-merites\/08_private-recall_jette_awards_w\/'><img loading=\"lazy\" decoding=\"async\" width=\"150\" height=\"150\" src=\"https:\/\/photo-portrait.com\/wp-content\/uploads\/2023\/04\/08_Private-Recall_Jette_Awards_W-150x150.jpg\" class=\"attachment-thumbnail size-thumbnail\" alt=\"\" \/><\/a>\n\t\t\t<\/div><\/figure><figure class='gallery-item'>\n\t\t\t<div class='gallery-icon portrait'>\n\t\t\t\t<a href='https:\/\/photo-portrait.com\/en\/prix-et-merites\/09_disposee_prix-platine-muse_danielle-giguerew\/'><img loading=\"lazy\" decoding=\"async\" width=\"150\" height=\"150\" src=\"https:\/\/photo-portrait.com\/wp-content\/uploads\/2023\/04\/09_Disposee_Prix-Platine-Muse_@Danielle-GiguereW-150x150.jpg\" class=\"attachment-thumbnail size-thumbnail\" alt=\"\" \/><\/a>\n\t\t\t<\/div><\/figure><figure class='gallery-item'>\n\t\t\t<div class='gallery-icon portrait'>\n\t\t\t\t<a href='https:\/\/photo-portrait.com\/en\/prix-et-merites\/09_private-recall_entre-temps_awards_w\/'><img loading=\"lazy\" decoding=\"async\" width=\"150\" height=\"150\" src=\"https:\/\/photo-portrait.com\/wp-content\/uploads\/2023\/04\/09_Private-Recall_Entre-Temps_Awards_W-150x150.jpg\" class=\"attachment-thumbnail size-thumbnail\" alt=\"\" \/><\/a>\n\t\t\t<\/div><\/figure><figure class='gallery-item'>\n\t\t\t<div class='gallery-icon portrait'>\n\t\t\t\t<a href='https:\/\/photo-portrait.com\/en\/prix-et-merites\/10_private-recall_pausee_awards_w\/'><img loading=\"lazy\" decoding=\"async\" width=\"150\" height=\"150\" src=\"https:\/\/photo-portrait.com\/wp-content\/uploads\/2023\/04\/10_Private-Recall_Pausee_Awards_W-150x150.jpg\" class=\"attachment-thumbnail size-thumbnail\" alt=\"\" \/><\/a>\n\t\t\t<\/div><\/figure><figure class='gallery-item'>\n\t\t\t<div class='gallery-icon portrait'>\n\t\t\t\t<a href='https:\/\/photo-portrait.com\/en\/prix-et-merites\/11_private-recall_l_attente_awards_w\/'><img loading=\"lazy\" decoding=\"async\" width=\"150\" height=\"150\" src=\"https:\/\/photo-portrait.com\/wp-content\/uploads\/2023\/04\/11_Private-Recall_L_attente_Awards_W-150x150.jpg\" class=\"attachment-thumbnail size-thumbnail\" alt=\"\" aria-describedby=\"gallery-1-7219\" \/><\/a>\n\t\t\t<\/div>\n\t\t\t\t<figcaption class='wp-caption-text gallery-caption' id='gallery-1-7219'>\n\t\t\t\tPortraits artistiques\n\t\t\t\t<\/figcaption><\/figure><figure class='gallery-item'>\n\t\t\t<div class='gallery-icon portrait'>\n\t\t\t\t<a href='https:\/\/photo-portrait.com\/en\/prix-et-merites\/12_private-recall_muette_awards_w\/'><img loading=\"lazy\" decoding=\"async\" width=\"150\" height=\"150\" src=\"https:\/\/photo-portrait.com\/wp-content\/uploads\/2023\/04\/12_Private-Recall_Muette_Awards_W-150x150.jpg\" class=\"attachment-thumbnail size-thumbnail\" alt=\"\" \/><\/a>\n\t\t\t<\/div><\/figure><figure class='gallery-item'>\n\t\t\t<div class='gallery-icon landscape'>\n\t\t\t\t<a href='https:\/\/photo-portrait.com\/en\/prix-et-merites\/13_meri_fine-art_award_w\/'><img loading=\"lazy\" decoding=\"async\" width=\"150\" height=\"150\" src=\"https:\/\/photo-portrait.com\/wp-content\/uploads\/2023\/04\/13_Meri_Fine-Art_Award_W-150x150.jpg\" class=\"attachment-thumbnail size-thumbnail\" alt=\"\" \/><\/a>\n\t\t\t<\/div><\/figure>\n\t\t<\/div>","protected":false},"excerpt":{"rendered":"<p>Danielle Gigu\u00e8re est une photographe et artiste visuelle d\u00e9tentrice de plusieurs prix et reconnaissances internationales. Elle a d\u00e9croch\u00e9 la prestigieuse bourse Ren\u00e9-Richard de l\u2019Universit\u00e9 Laval pour l\u2019excellence de son travail durant son baccalaur\u00e9at et compl\u00e9ter ses \u00e9tudes avec une ma\u00eetrise en nouveaux m\u00e9dias. Depuis 2021, elle travaille \u00e0 atteindre une accr\u00e9ditation de Portrait Masters International [&hellip;]<\/p>","protected":false},"author":2,"featured_media":7244,"parent":0,"menu_order":0,"comment_status":"closed","ping_status":"closed","template":"","meta":{"_editorskit_title_hidden":false,"_editorskit_reading_time":0,"_editorskit_is_block_options_detached":false,"_editorskit_block_options_position":"{}","footnotes":""},"class_list":["post-7146","page","type-page","status-publish","has-post-thumbnail","hentry"],"_links":{"self":[{"href":"https:\/\/photo-portrait.com\/en\/wp-json\/wp\/v2\/pages\/7146","targetHints":{"allow":["GET"]}}],"collection":[{"href":"https:\/\/photo-portrait.com\/en\/wp-json\/wp\/v2\/pages"}],"about":[{"href":"https:\/\/photo-portrait.com\/en\/wp-json\/wp\/v2\/types\/page"}],"author":[{"embeddable":true,"href":"https:\/\/photo-portrait.com\/en\/wp-json\/wp\/v2\/users\/2"}],"replies":[{"embeddable":true,"href":"https:\/\/photo-portrait.com\/en\/wp-json\/wp\/v2\/comments?post=7146"}],"version-history":[{"count":34,"href":"https:\/\/photo-portrait.com\/en\/wp-json\/wp\/v2\/pages\/7146\/revisions"}],"predecessor-version":[{"id":8485,"href":"https:\/\/photo-portrait.com\/en\/wp-json\/wp\/v2\/pages\/7146\/revisions\/8485"}],"wp:featuredmedia":[{"embeddable":true,"href":"https:\/\/photo-portrait.com\/en\/wp-json\/wp\/v2\/media\/7244"}],"wp:attachment":[{"href":"https:\/\/photo-portrait.com\/en\/wp-json\/wp\/v2\/media?parent=7146"}],"curies":[{"name":"wp","href":"https:\/\/api.w.org\/{rel}","templated":true}]}}