{"id":6916,"date":"2023-01-29T17:47:32","date_gmt":"2023-01-29T17:47:32","guid":{"rendered":"http:\/\/photo-portrait.com\/?page_id=6916"},"modified":"2023-01-29T17:47:32","modified_gmt":"2023-01-29T17:47:32","slug":"politique-de-confidentialite","status":"publish","type":"page","link":"https:\/\/photo-portrait.com\/en\/politique-de-confidentialite\/","title":{"rendered":"Politique de Confidentialit\u00e9"},"content":{"rendered":"<p><b>Politique de Confidentialit\u00e9 et condition d\u2019utilisation des donn\u00e9es<\/b><\/p>\n<p><span style=\"font-weight: 400;\">Date de prise d&rsquo;effet: 25 janvier 2023<\/span><\/p>\n<p><span style=\"font-weight: 400;\">Danielle Gigu\u00e8re, Photographe (\u00ab\u00a0nous\u00a0\u00bb, \u00ab\u00a0notre\u00a0\u00bb, \u00ab\u00a0nos\u00a0\u00bb) exploite le site web http:\/\/photo-portrait.com<\/span> <span style=\"font-weight: 400;\">(ci-apr\u00e8s d\u00e9sign\u00e9 par le terme \u00ab\u00a0Service\u00a0\u00bb).<\/span><\/p>\n<p><span style=\"font-weight: 400;\">Cette page vous explique nos politiques en mati\u00e8re de collecte, d&rsquo;utilisation et de communication des donn\u00e9es \u00e0 caract\u00e8re personnel lorsque vous utilisez notre Service ainsi que les choix qui s&rsquo;offrent \u00e0 vous en ce qui concerne ces donn\u00e9es.<\/span><\/p>\n<p><span style=\"font-weight: 400;\">Nous utilisons vos donn\u00e9es pour fournir et am\u00e9liorer le Service. En utilisant le Service, vous consentez \u00e0 la collecte et \u00e0 l&rsquo;utilisation d&rsquo;informations conform\u00e9ment \u00e0 la pr\u00e9sente politique. Sauf d\u00e9finition contraire dans la pr\u00e9sente Politique de Confidentialit\u00e9, les termes utilis\u00e9s dans la pr\u00e9sente Politique de Confidentialit\u00e9 ont la m\u00eame signification que dans nos Conditions G\u00e9n\u00e9rales qui sont disponibles sur http:\/\/photo-portrait.com<\/span><\/p>\n<p><b>D\u00e9finitions<\/b><\/p>\n<ul>\n<li style=\"font-weight: 400;\" aria-level=\"1\"><b>Service<\/b><\/li>\n<\/ul>\n<p><span style=\"font-weight: 400;\">Par Service on entend le site web http:\/\/photo-portrait.com exploit\u00e9 par Danielle Gigu\u00e8re.<\/span><\/p>\n<p><b>Donn\u00e9es \u00e0 caract\u00e8re personnel<\/b><\/p>\n<p><span style=\"font-weight: 400;\">Donn\u00e9es \u00e0 Caract\u00e8re Personnel d\u00e9signe des donn\u00e9es concernant un individu vivant qui peut \u00eatre identifi\u00e9 \u00e0 partir de ces donn\u00e9es (ou \u00e0 partir de ces donn\u00e9es et d&rsquo;autres informations en notre possession ou susceptibles d&rsquo;entrer en notre possession).<\/span><\/p>\n<ul>\n<li style=\"font-weight: 400;\" aria-level=\"1\"><b>Donn\u00e9es d&rsquo;Utilisation<\/b><\/li>\n<\/ul>\n<p><span style=\"font-weight: 400;\">Les Donn\u00e9es d&rsquo;Utilisation sont recueillies automatiquement et sont g\u00e9n\u00e9r\u00e9es soit par l&rsquo;utilisation du Service, soit par l&rsquo;infrastructure du Service proprement dite (par exemple, dur\u00e9e de consultation d&rsquo;une page).<\/span><\/p>\n<ul>\n<li style=\"font-weight: 400;\" aria-level=\"1\"><b>Cookies<\/b><\/li>\n<\/ul>\n<p><span style=\"font-weight: 400;\">Les cookies sont de petits fichiers enregistr\u00e9s sur votre dispositif (ordinateur ou dispositif mobile).<\/span><\/p>\n<p><b>Collecte et utilisation des donn\u00e9es<\/b><\/p>\n<p><span style=\"font-weight: 400;\">Nous recueillons plusieurs types de donn\u00e9es \u00e0 diff\u00e9rentes fins en vue de vous fournir notre Service et de l&rsquo;am\u00e9liorer.<\/span><\/p>\n<p><b>Types de donn\u00e9es recueillies<\/b><\/p>\n<p><b>Donn\u00e9es \u00e0 Caract\u00e8re Personnel<\/b><\/p>\n<p><span style=\"font-weight: 400;\">Lorsque vous utilisez notre Service, il est possible que nous vous demandions de nous fournir certaines donn\u00e9es personnelles nominatives qui peuvent servir \u00e0 vous contacter ou \u00e0 vous identifier (\u00ab\u00a0Donn\u00e9es \u00e0 Caract\u00e8re Personnel\u00a0\u00bb). Les donn\u00e9es personnelles nominatives peuvent comprendre, mais de mani\u00e8re non limitative :<\/span><\/p>\n<ul>\n<li style=\"font-weight: 400;\" aria-level=\"1\"><span style=\"font-weight: 400;\">Adresse e-mail<\/span><\/li>\n<li style=\"font-weight: 400;\" aria-level=\"1\"><span style=\"font-weight: 400;\">Num\u00e9ro de t\u00e9l\u00e9phone<\/span><\/li>\n<li style=\"font-weight: 400;\" aria-level=\"1\"><span style=\"font-weight: 400;\">Cookies et Donn\u00e9es d&rsquo;Utilisation<\/span><\/li>\n<\/ul>\n<p><b>Donn\u00e9es d&rsquo;Utilisation<\/b><\/p>\n<p><span style=\"font-weight: 400;\">Nous pouvons \u00e9galement recueillir des informations relatives au mode d&rsquo;acc\u00e8s et d&rsquo;utilisation du Service (\u00ab\u00a0Donn\u00e9es d&rsquo;Utilisation\u00a0\u00bb). Ces Donn\u00e9es d&rsquo;Utilisation peuvent comprendre des informations telles que l&rsquo;adresse de protocole Internet (c.-\u00e0-d. l&rsquo;adresse IP) de votre ordinateur, le type de navigateur, la version du navigateur, les pages de notre Service que vous consultez, la date et l&rsquo;heure de votre visite, le temps pass\u00e9 sur ces pages, les identifiants uniques de dispositifs ainsi que d&rsquo;autres donn\u00e9es de diagnostic.<\/span><\/p>\n<p><b>Suivi et donn\u00e9es de cookies<\/b><\/p>\n<p><span style=\"font-weight: 400;\">Nous avons recours \u00e0 des cookies et \u00e0 d&rsquo;autres technologies de suivi similaires pour effectuer un suivi des activit\u00e9s effectu\u00e9es dans notre Service, et nous conservons certaines informations.<\/span><\/p>\n<p><span style=\"font-weight: 400;\">Les cookies sont des fichiers \u00e0 faible volume de donn\u00e9es pouvant comporter un identifiant unique anonyme. Les cookies sont envoy\u00e9s \u00e0 votre navigateur depuis un site web et sont stock\u00e9s sur votre dispositif. D&rsquo;autres technologies de suivi telles que les pixels, les balises et les scripts sont \u00e9galement utilis\u00e9es pour recueillir et suivre des informations et afin d&rsquo;am\u00e9liorer et d&rsquo;analyser notre Service.<\/span><\/p>\n<p><span style=\"font-weight: 400;\">Vous pouvez demander \u00e0 votre navigateur de refuser tous les cookies ou de vous avertir lorsqu&rsquo;un cookie est envoy\u00e9. Toutefois, si vous n&rsquo;acceptez pas les cookies, il se peut que vous ne puissiez pas utiliser certains \u00e9l\u00e9ments de notre Service.<\/span><\/p>\n<p><span style=\"font-weight: 400;\">Exemples de cookies que nous utilisons :<\/span><\/p>\n<ul>\n<li style=\"font-weight: 400;\" aria-level=\"1\"><b>Cookies de Session.<\/b><span style=\"font-weight: 400;\"> Nous utilisons des Cookies de Session pour faire fonctionner notre Service.<\/span><\/li>\n<li style=\"font-weight: 400;\" aria-level=\"1\"><b>Cookies de Pr\u00e9f\u00e9rences.<\/b><span style=\"font-weight: 400;\"> Nous utilisons des Cookies de Pr\u00e9f\u00e9rences pour m\u00e9moriser vos pr\u00e9f\u00e9rences et vos diff\u00e9rents param\u00e8tres.<\/span><\/li>\n<li style=\"font-weight: 400;\" aria-level=\"1\"><b>Cookies de S\u00e9curit\u00e9.<\/b><span style=\"font-weight: 400;\"> Nous utilisons des Cookies de S\u00e9curit\u00e9 pour des raisons de s\u00e9curit\u00e9.<\/span><\/li>\n<\/ul>\n<p><b>Utilisation des donn\u00e9es<\/b><\/p>\n<p><span style=\"font-weight: 400;\">Danielle Gigu\u00e8re Photographe utilise les donn\u00e9es recueillies \u00e0 des fins diverses:<\/span><\/p>\n<ul>\n<li style=\"font-weight: 400;\" aria-level=\"1\"><span style=\"font-weight: 400;\">Pour fournir et assurer notre Service<\/span><\/li>\n<li style=\"font-weight: 400;\" aria-level=\"1\"><span style=\"font-weight: 400;\">Pour vous faire part des changements apport\u00e9s \u00e0 notre Service<\/span><\/li>\n<li style=\"font-weight: 400;\" aria-level=\"1\"><span style=\"font-weight: 400;\">Pour vous permettre d&rsquo;utiliser les fonctions interactives de notre Service quand vous le souhaitez<\/span><\/li>\n<li style=\"font-weight: 400;\" aria-level=\"1\"><span style=\"font-weight: 400;\">Pour assurer l&rsquo;assistance client<\/span><\/li>\n<li style=\"font-weight: 400;\" aria-level=\"1\"><span style=\"font-weight: 400;\">Pour recueillir des donn\u00e9es pr\u00e9cieuses ou d&rsquo;analyses qui nous permettront d&rsquo;am\u00e9liorer notre Service<\/span><\/li>\n<li style=\"font-weight: 400;\" aria-level=\"1\"><span style=\"font-weight: 400;\">Pour contr\u00f4ler l&rsquo;utilisation de notre Service<\/span><\/li>\n<li style=\"font-weight: 400;\" aria-level=\"1\"><span style=\"font-weight: 400;\">Pour d\u00e9tecter, pr\u00e9venir et r\u00e9gler les probl\u00e8mes techniques<\/span><\/li>\n<\/ul>\n<p><b>Transfert des donn\u00e9es<\/b><\/p>\n<p><span style=\"font-weight: 400;\">Les informations vous concernant, notamment vos Donn\u00e9es \u00e0 Caract\u00e8re Personnel, peuvent \u00eatre transf\u00e9r\u00e9es de votre r\u00e9gion, province, pays, ou autre division territoriale vers des ordinateurs \u2013 et stock\u00e9es sur ces derniers \u2013 situ\u00e9s \u00e0 un endroit o\u00f9 la l\u00e9gislation relative \u00e0 la protection des donn\u00e9es diff\u00e8re de celle du territoire o\u00f9 vous r\u00e9sidez.<\/span><\/p>\n<p><span style=\"font-weight: 400;\">Si vous r\u00e9sidez hors de\/du Canada et que vous choisissez de nous communiquer des informations, sachez que nous transf\u00e9rons les donn\u00e9es, y compris les Donn\u00e9es \u00e0 Caract\u00e8re Personnel, vers le\/la Canada et que nous les y traitons.<\/span><\/p>\n<p><span style=\"font-weight: 400;\">En acceptant la pr\u00e9sente Politique de Confidentialit\u00e9 puis en soumettant ces informations, vous consentez \u00e0 ce transfert.<\/span><\/p>\n<p><span style=\"font-weight: 400;\">Danielle Gigu\u00e8re Photographe prendra toutes les mesures raisonnablement n\u00e9cessaires pour faire en sorte que vos donn\u00e9es soient trait\u00e9es de mani\u00e8re s\u00e9curis\u00e9e et conform\u00e9ment \u00e0 la pr\u00e9sente Politique de Confidentialit\u00e9 et vos Donn\u00e9es \u00e0 Caract\u00e8re Personnel ne seront transf\u00e9r\u00e9es vers aucune organisation ni aucun pays \u00e0 moins que des contr\u00f4les ad\u00e9quats ne soient en place, notamment en ce qui concerne la s\u00e9curit\u00e9 de vos donn\u00e9es et d&rsquo;autres donn\u00e9es personnelles.<\/span><\/p>\n<p><b>Communication de donn\u00e9es<\/b><\/p>\n<p><b>Exigences l\u00e9gales<\/b><\/p>\n<p><span style=\"font-weight: 400;\">Danielle Gigu\u00e8re Photographe peut communiquer vos Donn\u00e9es \u00e0 Caract\u00e8re Personnel si elle estime de bonne foi que cela est n\u00e9cessaire pour:<\/span><\/p>\n<ul>\n<li style=\"font-weight: 400;\" aria-level=\"1\"><span style=\"font-weight: 400;\">S&rsquo;acquitter d&rsquo;une obligation l\u00e9gale<\/span><\/li>\n<li style=\"font-weight: 400;\" aria-level=\"1\"><span style=\"font-weight: 400;\">Prot\u00e9ger et d\u00e9fendre les droits ou les biens de Danielle Gigu\u00e8re Photographe<\/span><\/li>\n<li style=\"font-weight: 400;\" aria-level=\"1\"><span style=\"font-weight: 400;\">Pr\u00e9venir d&rsquo;\u00e9ventuels actes r\u00e9pr\u00e9hensibles ou enqu\u00eater sur de tels actes dans le cadre du Service<\/span><\/li>\n<li style=\"font-weight: 400;\" aria-level=\"1\"><span style=\"font-weight: 400;\">Assurer la s\u00e9curit\u00e9 personnelle des utilisateurs du Service ou du public<\/span><\/li>\n<li style=\"font-weight: 400;\" aria-level=\"1\"><span style=\"font-weight: 400;\">Se prot\u00e9ger contre la responsabilit\u00e9 civile<\/span><\/li>\n<\/ul>\n<p><b>S\u00e9curit\u00e9 des donn\u00e9es<\/b><\/p>\n<p><span style=\"font-weight: 400;\">La s\u00e9curit\u00e9 de vos donn\u00e9es nous tient \u00e0 c\u0153ur. Toutefois, n&rsquo;oubliez pas qu&rsquo;aucune m\u00e9thode de transmission de donn\u00e9es par Internet ou m\u00e9thode de stockage \u00e9lectronique n&rsquo;est s\u00fbre \u00e0 100 %. Bien que nous nous efforcions d&rsquo;utiliser des m\u00e9thodes commercialement acceptables pour prot\u00e9ger vos Donn\u00e9es \u00e0 Caract\u00e8re Personnel, nous ne pouvons pas leur garantir une s\u00e9curit\u00e9 absolue.<\/span><\/p>\n<p><b>Prestataires de services<\/b><\/p>\n<p><span style=\"font-weight: 400;\">Nous pouvons faire appel \u00e0 des soci\u00e9t\u00e9s tierces et \u00e0 des tierces personnes pour faciliter la prestation de notre Service (\u00ab\u00a0Prestataires de Services\u00a0\u00bb), assurer le Service en notre nom, assurer des services li\u00e9s au Service ou nous aider \u00e0 analyser la fa\u00e7on dont notre Service est utilis\u00e9.<\/span><\/p>\n<p><span style=\"font-weight: 400;\">Ces tiers n&rsquo;ont acc\u00e8s \u00e0 vos Donn\u00e9es \u00e0 Caract\u00e8re Personnel que pour effectuer ces t\u00e2ches en notre nom et il leur est interdit de les communiquer ou de les utiliser \u00e0 quelle qu&rsquo;autre fin.<\/span><\/p>\n<p><b>Analyses<\/b><\/p>\n<p><span style=\"font-weight: 400;\">Nous pouvons faire appel \u00e0 des Prestataires de Services tiers pour surveiller et analyser l&rsquo;utilisation de notre Service.<\/span><\/p>\n<ul>\n<li style=\"font-weight: 400;\" aria-level=\"1\"><b>Google Analytics<\/b><\/li>\n<\/ul>\n<p><span style=\"font-weight: 400;\">Google Analytics est un service d&rsquo;analyse web propos\u00e9 par Google qui assure le suivi du trafic d&rsquo;un site web et en rend compte. Google utilise les donn\u00e9es recueillies pour suivre et surveiller l&rsquo;utilisation de notre Service. Ces donn\u00e9es sont partag\u00e9es avec d&rsquo;autres services Google. Google peut utiliser les donn\u00e9es recueillies pour contextualiser et personnaliser les annonces de son propre r\u00e9seau publicitaire.<\/span><\/p>\n<p><span style=\"font-weight: 400;\">Vous pouvez emp\u00eacher que vos activit\u00e9s dans le cadre du Service ne soient mises \u00e0 la disposition de Google Analytics en installant le plug-in pour navigateur Analytics Opt out browser add-on de Google Analytics. Ce plug-in emp\u00eache le code JavaScript de Google Analytics JavaScript (ga.js, analytics.js et dc.js) de partager les informations concernant les activit\u00e9s li\u00e9es aux visites avec Google Analytics.<\/span><\/p>\n<p><span style=\"font-weight: 400;\">Pour plus de pr\u00e9cisions sur les pratiques de confidentialit\u00e9 de Google, merci de consulter la page web Protection de la vie priv\u00e9e et conditions de Google:<\/span><a href=\"https:\/\/policies.google.com\/privacy?hl=en\"> <span style=\"font-weight: 400;\">https:\/\/policies.google.com\/privacy?hl=en<\/span><\/a><\/p>\n<p><b>Liens pointant vers d&rsquo;autres sites<\/b><\/p>\n<p><span style=\"font-weight: 400;\">Il se peut que notre Service contienne des liens pointant vers d&rsquo;autres sites que nous n&rsquo;exploitons pas. Si vous cliquez sur un lien de tiers, vous serez redirig\u00e9 vers le site de ce tiers. Nous vous recommandons vivement d&rsquo;examiner la politique de confidentialit\u00e9 de chacun des sites que vous consultez.<\/span><\/p>\n<p><span style=\"font-weight: 400;\">Nous n&rsquo;avons aucun contr\u00f4le sur le contenu, les politiques ou pratiques de confidentialit\u00e9 des sites ou services de tiers et d\u00e9clinons toute responsabilit\u00e9 en ce qui les concerne.<\/span><\/p>\n<p><b>Vie priv\u00e9e des enfants<\/b><\/p>\n<p><span style=\"font-weight: 400;\">Notre Service ne s&rsquo;adresse pas aux personnes de moins de 18 ans (\u00ab\u00a0Enfants\u00a0\u00bb).<\/span><\/p>\n<p><span style=\"font-weight: 400;\">Nous ne recueillons pas sciemment de donn\u00e9es personnelles nominatives aupr\u00e8s de personnes de moins de 18 ans. Si vous \u00eates un parent ou un tuteur et que vous savez que votre Enfant nous a communiqu\u00e9 des Donn\u00e9es \u00e0 Caract\u00e8re Personnel, veuillez nous contacter. Si nous apprenons que nous avons recueilli des Donn\u00e9es \u00e0 Caract\u00e8re Personnel aupr\u00e8s d&rsquo;enfants sans v\u00e9rifier s&rsquo;il y a consentement parental, nous faisons le n\u00e9cessaire pour supprimer ces informations de nos serveurs.<\/span><\/p>\n<p><b>Modifications de la pr\u00e9sente Politique de Confidentialit\u00e9<\/b><\/p>\n<p><span style=\"font-weight: 400;\">Nous nous r\u00e9servons le droit d&rsquo;actualiser notre Politique de Confidentialit\u00e9 de temps \u00e0 autre. Nous vous informerons de toute modification en publiant la nouvelle Politique de Confidentialit\u00e9 sur cette page.<\/span><\/p>\n<p><span style=\"font-weight: 400;\">Avant que la modification ne prenne effet, nous vous en informerons par e-mail et\/ ou en pla\u00e7ant un avis bien en vue dans notre Service et nous actualiserons la \u00ab\u00a0date de prise d&rsquo;effet\u00a0\u00bb qui figure en haut de la pr\u00e9sente Politique de Confidentialit\u00e9.<\/span><\/p>\n<p><span style=\"font-weight: 400;\">Nous vous conseillons de consulter la pr\u00e9sente Politique de Confidentialit\u00e9 p\u00e9riodiquement pour prendre connaissance de toute modification. Les modifications apport\u00e9es \u00e0 la pr\u00e9sente Politique de Confidentialit\u00e9 prennent effet lorsqu&rsquo;elles sont publi\u00e9es sur cette page.<\/span><\/p>\n<p><b>Nous contacter<\/b><\/p>\n<p><span style=\"font-weight: 400;\">Pour toute question relative \u00e0 la pr\u00e9sente Politique de Confidentialit\u00e9, veuillez nous contacter:<\/span><\/p>\n<ul>\n<li style=\"font-weight: 400;\" aria-level=\"1\"><span style=\"font-weight: 400;\">En consultant cette page sur notre site web: http:\/\/photo-portrait.com\/contact\/<\/span><\/li>\n<\/ul>\n<p>\u00a0<\/p>","protected":false},"excerpt":{"rendered":"<p>Politique de Confidentialit\u00e9 et condition d\u2019utilisation des donn\u00e9es Date de prise d&rsquo;effet: 25 janvier 2023 Danielle Gigu\u00e8re, Photographe (\u00ab\u00a0nous\u00a0\u00bb, \u00ab\u00a0notre\u00a0\u00bb, \u00ab\u00a0nos\u00a0\u00bb) exploite le site web http:\/\/photo-portrait.com (ci-apr\u00e8s d\u00e9sign\u00e9 par le terme \u00ab\u00a0Service\u00a0\u00bb). Cette page vous explique nos politiques en mati\u00e8re de collecte, d&rsquo;utilisation et de communication des donn\u00e9es \u00e0 caract\u00e8re personnel lorsque vous utilisez notre [&hellip;]<\/p>","protected":false},"author":2,"featured_media":0,"parent":0,"menu_order":0,"comment_status":"closed","ping_status":"closed","template":"","meta":{"_editorskit_title_hidden":false,"_editorskit_reading_time":0,"_editorskit_is_block_options_detached":false,"_editorskit_block_options_position":"{}","footnotes":""},"class_list":["post-6916","page","type-page","status-publish","hentry"],"_links":{"self":[{"href":"https:\/\/photo-portrait.com\/en\/wp-json\/wp\/v2\/pages\/6916","targetHints":{"allow":["GET"]}}],"collection":[{"href":"https:\/\/photo-portrait.com\/en\/wp-json\/wp\/v2\/pages"}],"about":[{"href":"https:\/\/photo-portrait.com\/en\/wp-json\/wp\/v2\/types\/page"}],"author":[{"embeddable":true,"href":"https:\/\/photo-portrait.com\/en\/wp-json\/wp\/v2\/users\/2"}],"replies":[{"embeddable":true,"href":"https:\/\/photo-portrait.com\/en\/wp-json\/wp\/v2\/comments?post=6916"}],"version-history":[{"count":0,"href":"https:\/\/photo-portrait.com\/en\/wp-json\/wp\/v2\/pages\/6916\/revisions"}],"wp:attachment":[{"href":"https:\/\/photo-portrait.com\/en\/wp-json\/wp\/v2\/media?parent=6916"}],"curies":[{"name":"wp","href":"https:\/\/api.w.org\/{rel}","templated":true}]}}