{"id":6852,"date":"2023-01-22T23:19:35","date_gmt":"2023-01-22T23:19:35","guid":{"rendered":"http:\/\/photo-portrait.com\/?page_id=6852"},"modified":"2023-01-25T01:14:20","modified_gmt":"2023-01-25T01:14:20","slug":"service-de-stylisme","status":"publish","type":"page","link":"https:\/\/photo-portrait.com\/en\/service-de-stylisme\/","title":{"rendered":"Service de stylisme"},"content":{"rendered":"<p>  <\/p>\n\n\n\n<p><strong>Vous d\u00e9sirez une transformation radicale, un \u00ablook\u00bb digne<\/strong> d&rsquo;une revue de mode, ou vous voulez simplement \u00e9viter de vous faire remarquer pour une mauvaise coordination de vos v\u00eatements et accessoires?<br>Ces besoins sont parmi les points qu&rsquo;on me pr\u00e9sentes le plus couramment. Pourquoi? Le simple fait d&rsquo;agencer des v\u00eatements avec doigt\u00e9 n&rsquo;est pas chose simple alors un stylisme professionnel est plus qu&rsquo;appr\u00e9ci\u00e9. Bien que le service de stylisme repr\u00e9sente des co\u00fbts suppl\u00e9mentaires, trouver les morceaux qui seront les plus appropri\u00e9s et faire les bons choix, peut \u00eatre une t\u00e2che assez lourde \u00e0 accomplir.<\/p>\n\n\n\n<p><strong>Le styliste est le professionnel \u00e0 qui ont confis le d\u00e9fi <\/strong>de suivre attentivement les tendances de la mode, du milieu corporatif ou artistique afin d&rsquo;assurer la coordination des accessoires et des v\u00eatements pour tous les projets photographiques, cin\u00e9matographiques ou t\u00e9l\u00e9visuels.<\/p>\n\n\n\n<p><strong>Gardez en t\u00eate que les d\u00e9cisions que vous prendrez <\/strong>pour vous sentir bien pr\u00e9par\u00e9 et accompagn\u00e9 feront de votre projet une exp\u00e9rience positive et absolument satisfaisante.<\/p>\n\n\n\n<p><\/p>\n\n\n\n<figure class=\"wp-block-image size-full\"><img loading=\"lazy\" decoding=\"async\" width=\"2000\" height=\"1328\" src=\"http:\/\/photo-portrait.com\/wp-content\/uploads\/2022\/11\/PWC_Contrast_8490_W.jpg\" alt=\"Photo mode stylisme\" class=\"wp-image-6524\" srcset=\"https:\/\/photo-portrait.com\/wp-content\/uploads\/2022\/11\/PWC_Contrast_8490_W.jpg 2000w, https:\/\/photo-portrait.com\/wp-content\/uploads\/2022\/11\/PWC_Contrast_8490_W-300x199.jpg 300w, https:\/\/photo-portrait.com\/wp-content\/uploads\/2022\/11\/PWC_Contrast_8490_W-768x510.jpg 768w, https:\/\/photo-portrait.com\/wp-content\/uploads\/2022\/11\/PWC_Contrast_8490_W-1536x1020.jpg 1536w, https:\/\/photo-portrait.com\/wp-content\/uploads\/2022\/11\/PWC_Contrast_8490_W-18x12.jpg 18w\" sizes=\"auto, (max-width: 2000px) 100vw, 2000px\" \/><figcaption>Photo de portfolio de mode avec service de stylisme<\/figcaption><\/figure>","protected":false},"excerpt":{"rendered":"<p>Vous d\u00e9sirez une transformation radicale, un \u00ablook\u00bb digne d&rsquo;une revue de mode, ou vous voulez simplement \u00e9viter de vous faire remarquer pour une mauvaise coordination de vos v\u00eatements et accessoires?Ces besoins sont parmi les points qu&rsquo;on me pr\u00e9sentes le plus couramment. Pourquoi? Le simple fait d&rsquo;agencer des v\u00eatements avec doigt\u00e9 n&rsquo;est pas chose simple alors [&hellip;]<\/p>","protected":false},"author":2,"featured_media":0,"parent":0,"menu_order":0,"comment_status":"closed","ping_status":"closed","template":"","meta":{"_editorskit_title_hidden":false,"_editorskit_reading_time":0,"_editorskit_is_block_options_detached":false,"_editorskit_block_options_position":"{}","footnotes":""},"class_list":["post-6852","page","type-page","status-publish","hentry"],"_links":{"self":[{"href":"https:\/\/photo-portrait.com\/en\/wp-json\/wp\/v2\/pages\/6852","targetHints":{"allow":["GET"]}}],"collection":[{"href":"https:\/\/photo-portrait.com\/en\/wp-json\/wp\/v2\/pages"}],"about":[{"href":"https:\/\/photo-portrait.com\/en\/wp-json\/wp\/v2\/types\/page"}],"author":[{"embeddable":true,"href":"https:\/\/photo-portrait.com\/en\/wp-json\/wp\/v2\/users\/2"}],"replies":[{"embeddable":true,"href":"https:\/\/photo-portrait.com\/en\/wp-json\/wp\/v2\/comments?post=6852"}],"version-history":[{"count":0,"href":"https:\/\/photo-portrait.com\/en\/wp-json\/wp\/v2\/pages\/6852\/revisions"}],"wp:attachment":[{"href":"https:\/\/photo-portrait.com\/en\/wp-json\/wp\/v2\/media?parent=6852"}],"curies":[{"name":"wp","href":"https:\/\/api.w.org\/{rel}","templated":true}]}}