{"id":6849,"date":"2023-01-22T23:19:35","date_gmt":"2023-01-22T23:19:35","guid":{"rendered":"http:\/\/photo-portrait.com\/?page_id=6849"},"modified":"2023-12-13T06:55:30","modified_gmt":"2023-12-13T06:55:30","slug":"portrait-artistique","status":"publish","type":"page","link":"https:\/\/photo-portrait.com\/en\/portrait-artistique\/","title":{"rendered":"Portrait Artistique"},"content":{"rendered":"<p><strong><a href=\"#oeuvre\">Le portrait \u00aboeuvre d\u2019art\u00bb<\/a><\/strong><\/p>\n\n\n\n<p><strong><a href=\"#artistique\">Le portrait artistique versus les autres styles de portraits<\/a><\/strong><\/p>\n\n\n\n<p><strong><a href=\"#echange\">L\u2019\u00e9change d\u2019id\u00e9e<\/a><\/strong><\/p>\n\n\n\n<p><strong><a href=\"#stylisme\">Le stylisme<\/a><\/strong><\/p>\n\n\n\n<p><strong><a href=\"#deroulement\">La s\u00e9ance et son d\u00e9roulement<\/a><\/strong><\/p>\n\n\n\n<p><strong><a href=\"#finale\">La touche finale<\/a><\/strong><\/p>\n\n\n\n<figure class=\"wp-block-gallery has-nested-images columns-default is-cropped wp-block-gallery-1 is-layout-flex wp-block-gallery-is-layout-flex\">\n<figure class=\"wp-block-image size-large\"><img loading=\"lazy\" decoding=\"async\" width=\"1444\" height=\"1013\" data-id=\"6305\" src=\"http:\/\/photo-portrait.com\/wp-content\/uploads\/2022\/10\/FEE_Pastel-Chaud_Croped_RGB_2551_W.jpg\" alt=\"\" class=\"wp-image-6305\" srcset=\"https:\/\/photo-portrait.com\/wp-content\/uploads\/2022\/10\/FEE_Pastel-Chaud_Croped_RGB_2551_W.jpg 1444w, https:\/\/photo-portrait.com\/wp-content\/uploads\/2022\/10\/FEE_Pastel-Chaud_Croped_RGB_2551_W-300x210.jpg 300w, https:\/\/photo-portrait.com\/wp-content\/uploads\/2022\/10\/FEE_Pastel-Chaud_Croped_RGB_2551_W-768x539.jpg 768w\" sizes=\"auto, (max-width: 1444px) 100vw, 1444px\" \/><\/figure>\n\n\n\n<figure class=\"wp-block-image size-large\"><img loading=\"lazy\" decoding=\"async\" width=\"964\" height=\"1444\" data-id=\"6303\" src=\"http:\/\/photo-portrait.com\/wp-content\/uploads\/2022\/10\/MAE_Illustration_01_3412_sRGB_W.jpg\" alt=\"\" class=\"wp-image-6303\" srcset=\"https:\/\/photo-portrait.com\/wp-content\/uploads\/2022\/10\/MAE_Illustration_01_3412_sRGB_W.jpg 964w, https:\/\/photo-portrait.com\/wp-content\/uploads\/2022\/10\/MAE_Illustration_01_3412_sRGB_W-200x300.jpg 200w, https:\/\/photo-portrait.com\/wp-content\/uploads\/2022\/10\/MAE_Illustration_01_3412_sRGB_W-768x1150.jpg 768w\" sizes=\"auto, (max-width: 964px) 100vw, 964px\" \/><\/figure>\n\n\n\n<figure class=\"wp-block-image size-large\"><img loading=\"lazy\" decoding=\"async\" width=\"964\" height=\"1444\" data-id=\"5785\" src=\"http:\/\/photo-portrait.com\/wp-content\/uploads\/2021\/02\/CFP_PRINT_8462_02_W.jpg\" alt=\"\" class=\"wp-image-5785\" srcset=\"https:\/\/photo-portrait.com\/wp-content\/uploads\/2021\/02\/CFP_PRINT_8462_02_W.jpg 964w, https:\/\/photo-portrait.com\/wp-content\/uploads\/2021\/02\/CFP_PRINT_8462_02_W-200x300.jpg 200w\" sizes=\"auto, (max-width: 964px) 100vw, 964px\" \/><\/figure>\n<\/figure>\n\n\n\n<p><a href=\"http:\/\/photo-portrait.com\/portraits-artistiques\/\">Portfolio du portrait Artistique<\/a><\/p>\n\n\n\n<p><strong><a id=\"oeuvre\"><\/a>Une s\u00e9ance de portrait artistique est une exp\u00e9rience personnalis\u00e9e haut de gamme.<\/strong> Elle s\u2019apparente absolument \u00e0 un projet de portrait r\u00e9alis\u00e9 par un peintre, un sculpteur ou tout autre artiste par ses \u0153uvres de qualit\u00e9s po\u00e9tiques et \u00e9vocatrices exceptionnelles. L\u2019objectif est d\u2019en faire une image qui m\u00e9rite d\u2019\u00eatre encadr\u00e9e et mise en valeur sur un mur telle une \u0153uvre d\u2019art.<\/p>\n<p><strong>Le photographe de portrait artistique souvent appel\u00e9 \u00abfine art portrait photographer\u00bb<\/strong> est un artiste qui a une vision cr\u00e9ative de composer un portrait d\u2019art qui sera une \u0153uvre murale de qualit\u00e9 mus\u00e9ale de la m\u00eame mani\u00e8re qu\u2019un tableau ou une sculpture. Un portrait de type \u00abfine art\u00bb a une ambiance narrative qui donne souvent l\u2019impression d\u2019avoir \u00e9t\u00e9 tir\u00e9 d\u2019un film qui vous raconte par son concept et sa facture po\u00e9tique et cin\u00e9matographique.<\/p>\n<p><br><strong><a id=\"artistique\"><\/a>Le portrait d\u2019art est une image qui d\u00e9rive d\u2019une recherche esth\u00e9tique et technique.<\/strong> Contrairement au style candide des s\u00e9ances de type \u00ablifestyle\u00bb et celles r\u00e9alis\u00e9es pour les portraits de profil pour sites de rencontre, l\u2019objectif n\u2019est pas de produire un grand nombre de photos dans des styles diff\u00e9rents mais davantage de prendre soin de placer chaque d\u00e9tail en observant de mani\u00e8re quasi-chirurgicale l\u2019harmonie de l\u2019\u0153uvre.<br><br><strong><a id=\"echange\"><\/a>Sa r\u00e9alisation comprend trois \u00e9tapes.<\/strong> Dans un premier temps, sera pr\u00e9vue une rencontre au studio ou virtuelle pour discuter du projet et de vos attentes. Cette rencontre sert aussi \u00e0 briser la glace et \u00e0 \u00e9tablir un contact en d\u00e9couvrant nos personnalit\u00e9s mutuelles. L\u2019aventure se poursuit avec un \u00e9change d&rsquo;id\u00e9es et la pr\u00e9paration m\u00e9ticuleuse de chaque d\u00e9tail ce qui en fera une vraie \u0153uvre d\u2019art. Je pr\u00e9pare un espace en ligne (via Pinterest) o\u00f9 nous pourrons ins\u00e9rer toutes nos inspirations comme : les accessoires et des style vestimentaire, les id\u00e9es de coiffure ou maquillage, et toute autre image qui nourrira l\u2019inspiration.<br><br><strong><a id=\"stylisme\"><\/a>En vue de ce genre de projet,<\/strong> nombreuses personnes d\u00e9sirent \u00eatre accompagn\u00e9es dans le choix des v\u00eatements et des accessoires pour leur s\u00e9ance. Le service de stylisme vous donne acc\u00e8s \u00e0 une consultation en ligne, en boutique ou dans le costumier du studio. Ce dernier comprend un grand nombre de v\u00eatements, bijoux, chapeaux et accessoires de toutes sortes. Tous ces \u00e9l\u00e9ments contribuent \u00e0 cr\u00e9er des images harmonieuses et originales, ainsi, votre projet commence \u00e0 prendre forme, un morceau \u00e0 la fois.<br><br><strong><a id=\"deroulement\"><\/a>En deuxi\u00e8me lieu, la s\u00e9ance se d\u00e9roulera dans un lieu s\u00e9curisant et inspirant.<\/strong> Par soucis de mettre en valeur votre personnalit\u00e9 et vos couleurs, vous serez encourag\u00e9 et de petits conseils et des poses vous seront sugg\u00e9r\u00e9s selon vos besoins. Le tout se fera dans le confort et le respect de vos limites et votre rythme. La r\u00e9ussite d\u2019un tel portrait est la somme du cadrage, de l\u2019angle, du choix de la pose, des v\u00eatements (le stylisme). <br><br><strong><a id=\"finale\"><\/a>Une partie importante du travail sera ex\u00e9cut\u00e9e dans un troisi\u00e8me temps :<\/strong> celui de la retouche et du traitement de vos images s\u00e9lectionn\u00e9es. Ensemble nous prendrons note des petits d\u00e9tails que vous aimeriez ajuster et le degr\u00e9 de retouche global de votre portrait. Certaines personnes pr\u00e9f\u00e8rent une texture de peau plus l\u00e9ch\u00e9e tandis que d\u2019autres optent pour le look plus d\u00e9taill\u00e9 et rustique. Ces retouches, les ajustements de la lumi\u00e8re et la recherche d\u2019une coloration pr\u00e9cise servent tous \u00e0 rendre l\u2019ambiance magique. Votre portrait sera imprim\u00e9 sur papier de qualit\u00e9 en format 8 \u00bd 11 pouces, livr\u00e9 accompagn\u00e9 de son fichier num\u00e9rique.<\/p>\n\n\n\n\n\n<div class=\"priceClass\">\u00c0 partir de $325<\/div>","protected":false},"excerpt":{"rendered":"<p>Le portrait \u00aboeuvre d\u2019art\u00bb Le portrait artistique versus les autres styles de portraits L\u2019\u00e9change d\u2019id\u00e9e Le stylisme La s\u00e9ance et son d\u00e9roulement La touche finale Portfolio du portrait Artistique Une s\u00e9ance de portrait artistique est une exp\u00e9rience personnalis\u00e9e haut de gamme. Elle s\u2019apparente absolument \u00e0 un projet de portrait r\u00e9alis\u00e9 par un peintre, un sculpteur [&hellip;]<\/p>","protected":false},"author":2,"featured_media":6282,"parent":0,"menu_order":0,"comment_status":"closed","ping_status":"closed","template":"","meta":{"_editorskit_title_hidden":false,"_editorskit_reading_time":0,"_editorskit_is_block_options_detached":false,"_editorskit_block_options_position":"{}","footnotes":""},"class_list":["post-6849","page","type-page","status-publish","has-post-thumbnail","hentry"],"_links":{"self":[{"href":"https:\/\/photo-portrait.com\/en\/wp-json\/wp\/v2\/pages\/6849","targetHints":{"allow":["GET"]}}],"collection":[{"href":"https:\/\/photo-portrait.com\/en\/wp-json\/wp\/v2\/pages"}],"about":[{"href":"https:\/\/photo-portrait.com\/en\/wp-json\/wp\/v2\/types\/page"}],"author":[{"embeddable":true,"href":"https:\/\/photo-portrait.com\/en\/wp-json\/wp\/v2\/users\/2"}],"replies":[{"embeddable":true,"href":"https:\/\/photo-portrait.com\/en\/wp-json\/wp\/v2\/comments?post=6849"}],"version-history":[{"count":1,"href":"https:\/\/photo-portrait.com\/en\/wp-json\/wp\/v2\/pages\/6849\/revisions"}],"predecessor-version":[{"id":7726,"href":"https:\/\/photo-portrait.com\/en\/wp-json\/wp\/v2\/pages\/6849\/revisions\/7726"}],"wp:featuredmedia":[{"embeddable":true,"href":"https:\/\/photo-portrait.com\/en\/wp-json\/wp\/v2\/media\/6282"}],"wp:attachment":[{"href":"https:\/\/photo-portrait.com\/en\/wp-json\/wp\/v2\/media?parent=6849"}],"curies":[{"name":"wp","href":"https:\/\/api.w.org\/{rel}","templated":true}]}}