{"id":6831,"date":"2023-01-22T22:04:04","date_gmt":"2023-01-22T22:04:04","guid":{"rendered":"http:\/\/photo-portrait.com\/?page_id=6831"},"modified":"2024-07-25T20:11:50","modified_gmt":"2024-07-25T20:11:50","slug":"ateliers-et-formations","status":"publish","type":"page","link":"https:\/\/photo-portrait.com\/en\/ateliers-et-formations\/","title":{"rendered":"Ateliers et formations"},"content":{"rendered":"<p>D\u00e9couvrez ici les ateliers et formations en cours, \u00e0 venir et archiv\u00e9es. Ils comprennent l&rsquo;initiation \u00e0 la photographie, d&rsquo;exploration de th\u00e8mes pour am\u00e9liorer les techniques photographiques et les d\u00e9marches artistiques. Ces ateliers et formations sont offerts parfois en groupe ou en individuel.<\/p>\n\n\n\n<h3 class=\"wp-block-heading has-text-align-left\">Formations disponibles<\/h3>\n\n\n\n<p>Cours individuels et petits groupes<\/p>\n\n\n\n<h3 class=\"wp-block-heading\">\u00c0 venir<\/h3>\n\n\n\n<p>Information \u00e0 venir<\/p>\n\n\n\n<h3 class=\"wp-block-heading\">Archiv\u00e9s<\/h3>\n\n\n\n<p class=\"has-medium-font-size\"><a href=\"https:\/\/www.facebook.com\/groups\/246186613206273\">Jeunes Focus, ateliers en ligne<\/a> Projet b\u00e9n\u00e9vol initi\u00e9 \u00e0 l&rsquo;arriv\u00e9e de la pand\u00e9mie Covid 2020 <\/p>\n\n\n\n<p class=\"has-medium-font-size\"><a href=\"https:\/\/www.facebook.com\/groups\/474319303463221\">Clic&rsquo;Ado, cours pour adolescents<\/a> Projet offert par Reg&rsquo;Arts Portneuf<\/p>\n\n\n\n<p class=\"has-medium-font-size\"><a href=\"http:\/\/photo-portrait.com\/formations-2018\/\">Formation et atelier de photographie 2018<\/a><\/p>\n\n\n\n<p class=\"has-medium-font-size\"><a href=\"http:\/\/photo-portrait.com\/formations-2014\/\">Atelier durant le Journ\u00e9es de la culture 2014<\/a> et <a href=\"http:\/\/photo-portrait.com\/formations-2014\/\" class=\"ek-link\">Ateliers \/ Les pr\u00e9jug\u00e9s<\/a>, r\u00e9alis\u00e9 \u00e0 la Maison Richelieu, centre d&rsquo;h\u00e9bergement jeunesse \u00e0 Qu\u00e9bec<\/p>\n\n\n\n<p class=\"has-medium-font-size\"><a href=\"http:\/\/photo-portrait.com\/formations-2013\/\">Ateliers de photographie 2013 (20 heures)<\/a>, s\u00e9rie offerte au Centre L&rsquo;arc-en Ciel, organisme communautaire en sant\u00e9 mentale de Portneuf<\/p>\n\n\n\n<p><\/p>","protected":false},"excerpt":{"rendered":"<p>D\u00e9couvrez ici les ateliers et formations en cours, \u00e0 venir et archiv\u00e9es. Ils comprennent l&rsquo;initiation \u00e0 la photographie, d&rsquo;exploration de th\u00e8mes pour am\u00e9liorer les techniques photographiques et les d\u00e9marches artistiques. Ces ateliers et formations sont offerts parfois en groupe ou en individuel. Formations disponibles Cours individuels et petits groupes \u00c0 venir Information \u00e0 venir Archiv\u00e9s [&hellip;]<\/p>","protected":false},"author":2,"featured_media":0,"parent":0,"menu_order":0,"comment_status":"closed","ping_status":"closed","template":"","meta":{"_editorskit_title_hidden":false,"_editorskit_reading_time":0,"_editorskit_is_block_options_detached":false,"_editorskit_block_options_position":"{}","footnotes":""},"class_list":["post-6831","page","type-page","status-publish","hentry"],"_links":{"self":[{"href":"https:\/\/photo-portrait.com\/en\/wp-json\/wp\/v2\/pages\/6831","targetHints":{"allow":["GET"]}}],"collection":[{"href":"https:\/\/photo-portrait.com\/en\/wp-json\/wp\/v2\/pages"}],"about":[{"href":"https:\/\/photo-portrait.com\/en\/wp-json\/wp\/v2\/types\/page"}],"author":[{"embeddable":true,"href":"https:\/\/photo-portrait.com\/en\/wp-json\/wp\/v2\/users\/2"}],"replies":[{"embeddable":true,"href":"https:\/\/photo-portrait.com\/en\/wp-json\/wp\/v2\/comments?post=6831"}],"version-history":[{"count":4,"href":"https:\/\/photo-portrait.com\/en\/wp-json\/wp\/v2\/pages\/6831\/revisions"}],"predecessor-version":[{"id":8204,"href":"https:\/\/photo-portrait.com\/en\/wp-json\/wp\/v2\/pages\/6831\/revisions\/8204"}],"wp:attachment":[{"href":"https:\/\/photo-portrait.com\/en\/wp-json\/wp\/v2\/media?parent=6831"}],"curies":[{"name":"wp","href":"https:\/\/api.w.org\/{rel}","templated":true}]}}