{"id":6570,"date":"2022-11-24T13:46:29","date_gmt":"2022-11-24T13:46:29","guid":{"rendered":"http:\/\/photo-portrait.com\/?page_id=6570"},"modified":"2023-04-14T01:42:56","modified_gmt":"2023-04-14T01:42:56","slug":"portrait-de-profil","status":"publish","type":"page","link":"https:\/\/photo-portrait.com\/en\/portrait-de-profil\/","title":{"rendered":"Portrait de Profil"},"content":{"rendered":"<div id='gallery-1' class='gallery galleryid-6570 gallery-columns-3 gallery-size-thumbnail'><figure class='gallery-item'>\n\t\t\t<div class='gallery-icon portrait'>\n\t\t\t\t<a href='https:\/\/photo-portrait.com\/en\/portrait-de-profil\/2021_remon_liette_photo_danielle-giguere_9754_w\/'><img loading=\"lazy\" decoding=\"async\" width=\"150\" height=\"150\" src=\"https:\/\/photo-portrait.com\/wp-content\/uploads\/2022\/11\/2021_REMON_Liette_Photo_Danielle-Giguere_9754_W-150x150.jpg\" class=\"attachment-thumbnail size-thumbnail\" alt=\"\" \/><\/a>\n\t\t\t<\/div><\/figure><figure class='gallery-item'>\n\t\t\t<div class='gallery-icon landscape'>\n\t\t\t\t<a href='https:\/\/photo-portrait.com\/en\/portrait-de-profil\/2021_remon_liette_photo_danielle-giguere_9777_w\/'><img loading=\"lazy\" decoding=\"async\" width=\"150\" height=\"150\" src=\"https:\/\/photo-portrait.com\/wp-content\/uploads\/2022\/11\/2021_REMON_Liette_Photo_Danielle-Giguere_9777_W-150x150.jpg\" class=\"attachment-thumbnail size-thumbnail\" alt=\"\" \/><\/a>\n\t\t\t<\/div><\/figure><figure class='gallery-item'>\n\t\t\t<div class='gallery-icon portrait'>\n\t\t\t\t<a href='https:\/\/photo-portrait.com\/en\/portrait-de-profil\/2022_fortier_audrey_photo_danielle-giguere_nb_2688_w-2\/'><img loading=\"lazy\" decoding=\"async\" width=\"150\" height=\"150\" src=\"https:\/\/photo-portrait.com\/wp-content\/uploads\/2022\/11\/2022_FORTIER_Audrey_Photo_@Danielle-Giguere_NB_2688_W-1-150x150.jpg\" class=\"attachment-thumbnail size-thumbnail\" alt=\"Seance photo studio, noir et blanc, adolescente, photo casting, portfolio\" \/><\/a>\n\t\t\t<\/div><\/figure><figure class='gallery-item'>\n\t\t\t<div class='gallery-icon portrait'>\n\t\t\t\t<a href='https:\/\/photo-portrait.com\/en\/portrait-de-profil\/2022_tremblay_marco_photo_danielle-giguere_02_5894_w\/'><img loading=\"lazy\" decoding=\"async\" width=\"150\" height=\"150\" src=\"https:\/\/photo-portrait.com\/wp-content\/uploads\/2022\/11\/2022_TREMBLAY_Marco_Photo_@Danielle-Giguere_02_5894_W-150x150.jpg\" class=\"attachment-thumbnail size-thumbnail\" alt=\"\" \/><\/a>\n\t\t\t<\/div><\/figure><figure class='gallery-item'>\n\t\t\t<div class='gallery-icon portrait'>\n\t\t\t\t<a href='https:\/\/photo-portrait.com\/en\/portrait-de-profil\/2022_tremblay_marco_photo_danielle-giguere_03_5923_w\/'><img loading=\"lazy\" decoding=\"async\" width=\"150\" height=\"150\" src=\"https:\/\/photo-portrait.com\/wp-content\/uploads\/2022\/11\/2022_TREMBLAY_Marco_Photo_@Danielle-Giguere_03_5923_W-150x150.jpg\" class=\"attachment-thumbnail size-thumbnail\" alt=\"\" \/><\/a>\n\t\t\t<\/div><\/figure><figure class='gallery-item'>\n\t\t\t<div class='gallery-icon portrait'>\n\t\t\t\t<a href='https:\/\/photo-portrait.com\/en\/portrait-de-profil\/andre-bouchard-coccinelle_rob5539_w-3\/'><img loading=\"lazy\" decoding=\"async\" width=\"150\" height=\"150\" src=\"https:\/\/photo-portrait.com\/wp-content\/uploads\/2022\/11\/Andre-Bouchard-coccinelle_ROB5539_W-150x150.jpg\" class=\"attachment-thumbnail size-thumbnail\" alt=\"\" \/><\/a>\n\t\t\t<\/div><\/figure><figure class='gallery-item'>\n\t\t\t<div class='gallery-icon landscape'>\n\t\t\t\t<a href='https:\/\/photo-portrait.com\/en\/portrait-de-profil\/beaute-jeune-fille-julie_0033\/'><img loading=\"lazy\" decoding=\"async\" width=\"150\" height=\"150\" src=\"https:\/\/photo-portrait.com\/wp-content\/uploads\/2022\/11\/Beaute-jeune-fille-Julie_0033-150x150.jpg\" class=\"attachment-thumbnail size-thumbnail\" alt=\"\" \/><\/a>\n\t\t\t<\/div><\/figure><figure class='gallery-item'>\n\t\t\t<div class='gallery-icon landscape'>\n\t\t\t\t<a href='https:\/\/photo-portrait.com\/en\/portrait-de-profil\/bel_danielle-giguere_02_0023\/'><img loading=\"lazy\" decoding=\"async\" width=\"150\" height=\"150\" src=\"https:\/\/photo-portrait.com\/wp-content\/uploads\/2022\/11\/BEL_\u00a9Danielle-Giguere_02_0023-150x150.jpg\" class=\"attachment-thumbnail size-thumbnail\" alt=\"Portrait naturel d&#039;un homme en studio\" aria-describedby=\"gallery-1-6578\" \/><\/a>\n\t\t\t<\/div>\n\t\t\t\t<figcaption class='wp-caption-text gallery-caption' id='gallery-1-6578'>\n\t\t\t\tPortrait personnel d&rsquo;un homme, studio photo\n\t\t\t\t<\/figcaption><\/figure><figure class='gallery-item'>\n\t\t\t<div class='gallery-icon landscape'>\n\t\t\t\t<a href='https:\/\/photo-portrait.com\/en\/portrait-de-profil\/cauchon_andre_danielle-giguere_8891_w-2\/'><img loading=\"lazy\" decoding=\"async\" width=\"150\" height=\"150\" src=\"https:\/\/photo-portrait.com\/wp-content\/uploads\/2022\/11\/CAUCHON_ANDRE_\u00a9Danielle-Giguere_8891_W-1-150x150.jpg\" class=\"attachment-thumbnail size-thumbnail\" alt=\"\" \/><\/a>\n\t\t\t<\/div><\/figure><figure class='gallery-item'>\n\t\t\t<div class='gallery-icon portrait'>\n\t\t\t\t<a href='https:\/\/photo-portrait.com\/en\/portrait-de-profil\/dav_danielle-giguere_9417_w\/'><img loading=\"lazy\" decoding=\"async\" width=\"150\" height=\"150\" src=\"https:\/\/photo-portrait.com\/wp-content\/uploads\/2022\/11\/DAV_\u00a9Danielle-Giguere_9417_W-150x150.jpg\" class=\"attachment-thumbnail size-thumbnail\" alt=\"\" \/><\/a>\n\t\t\t<\/div><\/figure><figure class='gallery-item'>\n\t\t\t<div class='gallery-icon portrait'>\n\t\t\t\t<a href='https:\/\/photo-portrait.com\/en\/portrait-de-profil\/dav_photo_danielle-giguere_04_9535_w-2\/'><img loading=\"lazy\" decoding=\"async\" width=\"150\" height=\"150\" src=\"https:\/\/photo-portrait.com\/wp-content\/uploads\/2022\/11\/DAV_Photo_Danielle-Giguere_04_9535_W-1-150x150.jpg\" class=\"attachment-thumbnail size-thumbnail\" alt=\"\" \/><\/a>\n\t\t\t<\/div><\/figure><figure class='gallery-item'>\n\t\t\t<div class='gallery-icon landscape'>\n\t\t\t\t<a href='https:\/\/photo-portrait.com\/en\/portrait-de-profil\/femme-mature-beaute-naturelle-studio_danielle-giguerejoh_7398_w-2\/'><img loading=\"lazy\" decoding=\"async\" width=\"150\" height=\"150\" src=\"https:\/\/photo-portrait.com\/wp-content\/uploads\/2022\/11\/Femme-mature-beaute-naturelle-studio_Danielle-GiguereJOH_7398_W-1-150x150.jpg\" class=\"attachment-thumbnail size-thumbnail\" alt=\"\" \/><\/a>\n\t\t\t<\/div><\/figure><figure class='gallery-item'>\n\t\t\t<div class='gallery-icon landscape'>\n\t\t\t\t<a href='https:\/\/photo-portrait.com\/en\/portrait-de-profil\/groupe-musicien-pochette-disque_0083_w-3\/'><img loading=\"lazy\" decoding=\"async\" width=\"150\" height=\"150\" src=\"https:\/\/photo-portrait.com\/wp-content\/uploads\/2022\/11\/Groupe-musicien-pochette-disque_0083_W-150x150.jpg\" class=\"attachment-thumbnail size-thumbnail\" alt=\"Musiciens, artistes, CD, pochette de disque, groupe de musique, portrait naturel, bord-de-l&#039;eau\" \/><\/a>\n\t\t\t<\/div><\/figure><figure class='gallery-item'>\n\t\t\t<div class='gallery-icon landscape'>\n\t\t\t\t<a href='https:\/\/photo-portrait.com\/en\/portrait-de-profil\/img-1101\/'><img loading=\"lazy\" decoding=\"async\" width=\"150\" height=\"150\" src=\"https:\/\/photo-portrait.com\/wp-content\/uploads\/2022\/11\/IMG-1101-150x150.png\" class=\"attachment-thumbnail size-thumbnail\" alt=\"\" \/><\/a>\n\t\t\t<\/div><\/figure><figure class='gallery-item'>\n\t\t\t<div class='gallery-icon landscape'>\n\t\t\t\t<a href='https:\/\/photo-portrait.com\/en\/portrait-de-profil\/isabelle_murray\/'><img loading=\"lazy\" decoding=\"async\" width=\"150\" height=\"150\" src=\"https:\/\/photo-portrait.com\/wp-content\/uploads\/2022\/11\/isabelle_murray-150x150.jpg\" class=\"attachment-thumbnail size-thumbnail\" alt=\"Portrait corporatif femme d&#039;affaire, assurance, chaleureuse\" aria-describedby=\"gallery-1-6585\" \/><\/a>\n\t\t\t<\/div>\n\t\t\t\t<figcaption class='wp-caption-text gallery-caption' id='gallery-1-6585'>\n\t\t\t\tChaleureuse et confiante\n\t\t\t\t<\/figcaption><\/figure><figure class='gallery-item'>\n\t\t\t<div class='gallery-icon landscape'>\n\t\t\t\t<a href='https:\/\/photo-portrait.com\/en\/portrait-de-profil\/jeune-femme-affaire-portrait-exterieur-montreal_2187_w-3\/'><img loading=\"lazy\" decoding=\"async\" width=\"150\" height=\"150\" src=\"https:\/\/photo-portrait.com\/wp-content\/uploads\/2022\/11\/Jeune-femme-affaire-portrait-exterieur-Montreal_2187_W-1-150x150.jpg\" class=\"attachment-thumbnail size-thumbnail\" alt=\"Portrait corporatif, jeune rel\u00e8ve, designer, s\u00e9ance ext\u00e9rieure, photo de profil\" aria-describedby=\"gallery-1-6586\" \/><\/a>\n\t\t\t<\/div>\n\t\t\t\t<figcaption class='wp-caption-text gallery-caption' id='gallery-1-6586'>\n\t\t\t\tProfil de la rel\u00e8ve\n\t\t\t\t<\/figcaption><\/figure><figure class='gallery-item'>\n\t\t\t<div class='gallery-icon landscape'>\n\t\t\t\t<a href='https:\/\/photo-portrait.com\/en\/portrait-de-profil\/mck_photo_danielle-giguere_vintage02_5594_w\/'><img loading=\"lazy\" decoding=\"async\" width=\"150\" height=\"150\" src=\"https:\/\/photo-portrait.com\/wp-content\/uploads\/2022\/11\/MCK_Photo_Danielle-Giguere_Vintage02_5594_W-150x150.jpg\" class=\"attachment-thumbnail size-thumbnail\" alt=\"\" srcset=\"https:\/\/photo-portrait.com\/wp-content\/uploads\/2022\/11\/MCK_Photo_Danielle-Giguere_Vintage02_5594_W-150x150.jpg 150w, https:\/\/photo-portrait.com\/wp-content\/uploads\/2022\/11\/MCK_Photo_Danielle-Giguere_Vintage02_5594_W-300x300.jpg 300w, https:\/\/photo-portrait.com\/wp-content\/uploads\/2022\/11\/MCK_Photo_Danielle-Giguere_Vintage02_5594_W-768x768.jpg 768w, https:\/\/photo-portrait.com\/wp-content\/uploads\/2022\/11\/MCK_Photo_Danielle-Giguere_Vintage02_5594_W-12x12.jpg 12w, https:\/\/photo-portrait.com\/wp-content\/uploads\/2022\/11\/MCK_Photo_Danielle-Giguere_Vintage02_5594_W.jpg 1444w\" sizes=\"auto, (max-width: 150px) 100vw, 150px\" \/><\/a>\n\t\t\t<\/div><\/figure><figure class='gallery-item'>\n\t\t\t<div class='gallery-icon landscape'>\n\t\t\t\t<a href='https:\/\/photo-portrait.com\/en\/portrait-de-profil\/photo_danielle-giguere_rat_1296_web\/'><img loading=\"lazy\" decoding=\"async\" width=\"150\" height=\"150\" src=\"https:\/\/photo-portrait.com\/wp-content\/uploads\/2022\/11\/PHOTO_Danielle-Giguere_RAT_1296_WEB-150x150.jpg\" class=\"attachment-thumbnail size-thumbnail\" alt=\"\" \/><\/a>\n\t\t\t<\/div><\/figure><figure class='gallery-item'>\n\t\t\t<div class='gallery-icon landscape'>\n\t\t\t\t<a href='https:\/\/photo-portrait.com\/en\/portrait-de-profil\/photo-studio-portneuf_kel_w\/'><img loading=\"lazy\" decoding=\"async\" width=\"150\" height=\"150\" src=\"https:\/\/photo-portrait.com\/wp-content\/uploads\/2022\/11\/Photo-studio-Portneuf_KEL_W-150x150.jpg\" class=\"attachment-thumbnail size-thumbnail\" alt=\"\" \/><\/a>\n\t\t\t<\/div><\/figure><figure class='gallery-item'>\n\t\t\t<div class='gallery-icon portrait'>\n\t\t\t\t<a href='https:\/\/photo-portrait.com\/en\/portrait-de-profil\/portrait-artiste-souriant-studio-photoraphie-quebec_mal9771_w\/'><img loading=\"lazy\" decoding=\"async\" width=\"150\" height=\"150\" src=\"https:\/\/photo-portrait.com\/wp-content\/uploads\/2022\/11\/Portrait-artiste-souriant-studio-photoraphie-quebec_MAL9771_W-150x150.jpg\" class=\"attachment-thumbnail size-thumbnail\" alt=\"\" \/><\/a>\n\t\t\t<\/div><\/figure><figure class='gallery-item'>\n\t\t\t<div class='gallery-icon landscape'>\n\t\t\t\t<a href='https:\/\/photo-portrait.com\/en\/portrait-de-profil\/portrait-corporatif-femme-affaire-expressive_enn_w-3\/'><img loading=\"lazy\" decoding=\"async\" width=\"150\" height=\"150\" src=\"https:\/\/photo-portrait.com\/wp-content\/uploads\/2022\/11\/Portrait-corporatif-Femme-affaire-expressive_ENN_W-1-150x150.jpg\" class=\"attachment-thumbnail size-thumbnail\" alt=\"\" \/><\/a>\n\t\t\t<\/div><\/figure><figure class='gallery-item'>\n\t\t\t<div class='gallery-icon portrait'>\n\t\t\t\t<a href='https:\/\/photo-portrait.com\/en\/portrait-de-profil\/portrait-femme-mature-studio-photographe-quebec_gae_9928_w-3\/'><img loading=\"lazy\" decoding=\"async\" width=\"150\" height=\"150\" src=\"https:\/\/photo-portrait.com\/wp-content\/uploads\/2022\/11\/Portrait-femme-mature-studio-photographe-Quebec_GAE_9928_W-1-150x150.jpg\" class=\"attachment-thumbnail size-thumbnail\" alt=\"\" \/><\/a>\n\t\t\t<\/div><\/figure><figure class='gallery-item'>\n\t\t\t<div class='gallery-icon portrait'>\n\t\t\t\t<a href='https:\/\/photo-portrait.com\/en\/portrait-de-profil\/portrait-homme-naturel_7087-2\/'><img loading=\"lazy\" decoding=\"async\" width=\"150\" height=\"150\" src=\"https:\/\/photo-portrait.com\/wp-content\/uploads\/2022\/11\/Portrait-homme-naturel_7087-150x150.jpg\" class=\"attachment-thumbnail size-thumbnail\" alt=\"\" \/><\/a>\n\t\t\t<\/div><\/figure><figure class='gallery-item'>\n\t\t\t<div class='gallery-icon portrait'>\n\t\t\t\t<a href='https:\/\/photo-portrait.com\/en\/portrait-de-profil\/portrait-homme-noir-studio_chu_w-3\/'><img loading=\"lazy\" decoding=\"async\" width=\"150\" height=\"150\" src=\"https:\/\/photo-portrait.com\/wp-content\/uploads\/2022\/11\/Portrait-homme-noir-studio_CHU_W-150x150.jpg\" class=\"attachment-thumbnail size-thumbnail\" alt=\"\" \/><\/a>\n\t\t\t<\/div><\/figure><figure class='gallery-item'>\n\t\t\t<div class='gallery-icon portrait'>\n\t\t\t\t<a href='https:\/\/photo-portrait.com\/en\/portrait-de-profil\/portrait-lunette-studio-donnacona_exe_w-2\/'><img loading=\"lazy\" decoding=\"async\" width=\"150\" height=\"150\" src=\"https:\/\/photo-portrait.com\/wp-content\/uploads\/2022\/11\/Portrait-lunette-studio-Donnacona_EXE_W-150x150.jpg\" class=\"attachment-thumbnail size-thumbnail\" alt=\"\" srcset=\"https:\/\/photo-portrait.com\/wp-content\/uploads\/2022\/11\/Portrait-lunette-studio-Donnacona_EXE_W-150x150.jpg 150w, https:\/\/photo-portrait.com\/wp-content\/uploads\/2022\/11\/Portrait-lunette-studio-Donnacona_EXE_W-11x12.jpg 11w\" sizes=\"auto, (max-width: 150px) 100vw, 150px\" \/><\/a>\n\t\t\t<\/div><\/figure><figure class='gallery-item'>\n\t\t\t<div class='gallery-icon portrait'>\n\t\t\t\t<a href='https:\/\/photo-portrait.com\/en\/portrait-de-profil\/portrait-musicien-noir-et-blanc-quebec-studio-photo_hen_3990_w-2\/'><img loading=\"lazy\" decoding=\"async\" width=\"150\" height=\"150\" src=\"https:\/\/photo-portrait.com\/wp-content\/uploads\/2022\/11\/Portrait-musicien-noir-et-blanc-Quebec-studio-photo_HEN_3990_W-150x150.jpg\" class=\"attachment-thumbnail size-thumbnail\" alt=\"\" \/><\/a>\n\t\t\t<\/div><\/figure><figure class='gallery-item'>\n\t\t\t<div class='gallery-icon portrait'>\n\t\t\t\t<a href='https:\/\/photo-portrait.com\/en\/portrait-de-profil\/portrait-photo-exterieur-photographe-quebec-myl_02_0152_w\/'><img loading=\"lazy\" decoding=\"async\" width=\"150\" height=\"150\" src=\"https:\/\/photo-portrait.com\/wp-content\/uploads\/2022\/11\/Portrait-photo-exterieur-photographe-quebec-MYL_02_0152_W-150x150.jpg\" class=\"attachment-thumbnail size-thumbnail\" alt=\"\" \/><\/a>\n\t\t\t<\/div><\/figure><figure class='gallery-item'>\n\t\t\t<div class='gallery-icon landscape'>\n\t\t\t\t<a href='https:\/\/photo-portrait.com\/en\/portrait-de-profil\/portrait-quebec-exterieur_ahm_9667-2\/'><img loading=\"lazy\" decoding=\"async\" width=\"150\" height=\"150\" src=\"https:\/\/photo-portrait.com\/wp-content\/uploads\/2022\/11\/Portrait-Quebec-exterieur_AHM_9667-150x150.jpg\" class=\"attachment-thumbnail size-thumbnail\" alt=\"\" \/><\/a>\n\t\t\t<\/div><\/figure><figure class='gallery-item'>\n\t\t\t<div class='gallery-icon portrait'>\n\t\t\t\t<a href='https:\/\/photo-portrait.com\/en\/portrait-de-profil\/portrait-studio-portneuf_mal_w\/'><img loading=\"lazy\" decoding=\"async\" width=\"150\" height=\"150\" src=\"https:\/\/photo-portrait.com\/wp-content\/uploads\/2022\/11\/Portrait-studio-portneuf_MAL_W-150x150.jpg\" class=\"attachment-thumbnail size-thumbnail\" alt=\"\" \/><\/a>\n\t\t\t<\/div><\/figure><figure class='gallery-item'>\n\t\t\t<div class='gallery-icon portrait'>\n\t\t\t\t<a href='https:\/\/photo-portrait.com\/en\/portrait-de-profil\/portrait-stylise-musicien_yo-look_w\/'><img loading=\"lazy\" decoding=\"async\" width=\"150\" height=\"150\" src=\"https:\/\/photo-portrait.com\/wp-content\/uploads\/2022\/11\/Portrait-stylise-musicien_Yo-look_W-150x150.jpg\" class=\"attachment-thumbnail size-thumbnail\" alt=\"\" \/><\/a>\n\t\t\t<\/div><\/figure><figure class='gallery-item'>\n\t\t\t<div class='gallery-icon landscape'>\n\t\t\t\t<a href='https:\/\/photo-portrait.com\/en\/portrait-de-profil\/seance-photo-portrait-homme-exterieur_7066_w\/'><img loading=\"lazy\" decoding=\"async\" width=\"150\" height=\"150\" src=\"https:\/\/photo-portrait.com\/wp-content\/uploads\/2022\/11\/Seance-photo-portrait-homme-exterieur_7066_W-150x150.jpg\" class=\"attachment-thumbnail size-thumbnail\" alt=\"\" \/><\/a>\n\t\t\t<\/div><\/figure><figure class='gallery-item'>\n\t\t\t<div class='gallery-icon portrait'>\n\t\t\t\t<a href='https:\/\/photo-portrait.com\/en\/portrait-de-profil\/skerry_jeremy_photo_danielle-giguer_8757_w\/'><img loading=\"lazy\" decoding=\"async\" width=\"150\" height=\"150\" src=\"https:\/\/photo-portrait.com\/wp-content\/uploads\/2022\/11\/SKERRY_Jeremy_Photo_Danielle-Giguer_8757_W-150x150.jpg\" class=\"attachment-thumbnail size-thumbnail\" alt=\"\" \/><\/a>\n\t\t\t<\/div><\/figure><figure class='gallery-item'>\n\t\t\t<div class='gallery-icon portrait'>\n\t\t\t\t<a href='https:\/\/photo-portrait.com\/en\/portrait-de-profil\/skerry_jeremy_photo_danielle-giguere_8539_w\/'><img loading=\"lazy\" decoding=\"async\" width=\"150\" height=\"150\" src=\"https:\/\/photo-portrait.com\/wp-content\/uploads\/2022\/11\/SKERRY_Jeremy_Photo_Danielle-Giguere_8539_W-150x150.jpg\" class=\"attachment-thumbnail size-thumbnail\" alt=\"\" \/><\/a>\n\t\t\t<\/div><\/figure><figure class='gallery-item'>\n\t\t\t<div class='gallery-icon landscape'>\n\t\t\t\t<a href='https:\/\/photo-portrait.com\/en\/portrait-de-profil\/skerry_jeremy_photo_danielle-giguere_8550_w\/'><img loading=\"lazy\" decoding=\"async\" width=\"150\" height=\"150\" src=\"https:\/\/photo-portrait.com\/wp-content\/uploads\/2022\/11\/SKERRY_Jeremy_Photo_Danielle-Giguere_8550_W-150x150.jpg\" class=\"attachment-thumbnail size-thumbnail\" alt=\"\" \/><\/a>\n\t\t\t<\/div><\/figure><figure class='gallery-item'>\n\t\t\t<div class='gallery-icon landscape'>\n\t\t\t\t<a href='https:\/\/photo-portrait.com\/en\/portrait-de-profil\/skerry_jeremy_photo_danielle-giguere_8560\/'><img loading=\"lazy\" decoding=\"async\" width=\"150\" height=\"150\" src=\"https:\/\/photo-portrait.com\/wp-content\/uploads\/2022\/11\/SKERRY_Jeremy_Photo_Danielle-Giguere_8560-150x150.jpg\" class=\"attachment-thumbnail size-thumbnail\" alt=\"\" \/><\/a>\n\t\t\t<\/div><\/figure><figure class='gallery-item'>\n\t\t\t<div class='gallery-icon landscape'>\n\t\t\t\t<a href='https:\/\/photo-portrait.com\/en\/portrait-de-profil\/tailor-made-fable-photos-groupe-musique-quebec-studio-photographe-0208_w\/'><img loading=\"lazy\" decoding=\"async\" width=\"150\" height=\"150\" src=\"https:\/\/photo-portrait.com\/wp-content\/uploads\/2022\/11\/TAILOR-MADE-FABLE.-photos-groupe-musique-Quebec-studio-photographe-0208_W-150x150.jpg\" class=\"attachment-thumbnail size-thumbnail\" alt=\"\" \/><\/a>\n\t\t\t<\/div><\/figure><figure class='gallery-item'>\n\t\t\t<div class='gallery-icon portrait'>\n\t\t\t\t<a href='https:\/\/photo-portrait.com\/en\/portrait-de-profil\/zev__v3_0058w\/'><img loading=\"lazy\" decoding=\"async\" width=\"150\" height=\"150\" src=\"https:\/\/photo-portrait.com\/wp-content\/uploads\/2022\/11\/Zev__V3_0058W-150x150.jpg\" class=\"attachment-thumbnail size-thumbnail\" alt=\"\" \/><\/a>\n\t\t\t<\/div><\/figure><figure class='gallery-item'>\n\t\t\t<div class='gallery-icon portrait'>\n\t\t\t\t<a href='https:\/\/photo-portrait.com\/en\/portrait-de-profil\/_chu6973-2\/'><img loading=\"lazy\" decoding=\"async\" width=\"150\" height=\"150\" src=\"https:\/\/photo-portrait.com\/wp-content\/uploads\/2022\/11\/CHU6973-1-150x150.jpg\" class=\"attachment-thumbnail size-thumbnail\" alt=\"\" aria-describedby=\"gallery-1-6611\" \/><\/a>\n\t\t\t<\/div>\n\t\t\t\t<figcaption class='wp-caption-text gallery-caption' id='gallery-1-6611'>\n\t\t\t\tJeune homme noir assis\n\t\t\t\t<\/figcaption><\/figure><figure class='gallery-item'>\n\t\t\t<div class='gallery-icon landscape'>\n\t\t\t\t<a href='https:\/\/photo-portrait.com\/en\/portrait-de-profil\/_dionne_danielle-giguere_3724_w\/'><img loading=\"lazy\" decoding=\"async\" width=\"150\" height=\"150\" src=\"https:\/\/photo-portrait.com\/wp-content\/uploads\/2022\/11\/DIONNE_@Danielle-Giguere_3724_W-150x150.jpg\" class=\"attachment-thumbnail size-thumbnail\" alt=\"Femme mature, portrait naturel, s\u00e9ance studio, heureuse, sourire\" aria-describedby=\"gallery-1-6612\" \/><\/a>\n\t\t\t<\/div>\n\t\t\t\t<figcaption class='wp-caption-text gallery-caption' id='gallery-1-6612'>\n\t\t\t\tLa beaut\u00e9 grandi avec le temps\n\t\t\t\t<\/figcaption><\/figure><figure class='gallery-item'>\n\t\t\t<div class='gallery-icon portrait'>\n\t\t\t\t<a href='https:\/\/photo-portrait.com\/en\/portrait-de-profil\/_mar_photo-d-giguere_8684_w-2\/'><img loading=\"lazy\" decoding=\"async\" width=\"150\" height=\"150\" src=\"https:\/\/photo-portrait.com\/wp-content\/uploads\/2022\/11\/MAR_Photo-D.Giguere_8684_W-150x150.jpg\" class=\"attachment-thumbnail size-thumbnail\" alt=\"\" \/><\/a>\n\t\t\t<\/div><\/figure><figure class='gallery-item'>\n\t\t\t<div class='gallery-icon portrait'>\n\t\t\t\t<a href='https:\/\/photo-portrait.com\/en\/portrait-de-profil\/_ohe0071\/'><img loading=\"lazy\" decoding=\"async\" width=\"150\" height=\"150\" src=\"https:\/\/photo-portrait.com\/wp-content\/uploads\/2022\/11\/OHE0071-150x150.jpg\" class=\"attachment-thumbnail size-thumbnail\" alt=\"\" \/><\/a>\n\t\t\t<\/div><\/figure><figure class='gallery-item'>\n\t\t\t<div class='gallery-icon landscape'>\n\t\t\t\t<a href='https:\/\/photo-portrait.com\/en\/portrait-de-profil\/01matching-keys_cross_0100_web\/'><img loading=\"lazy\" decoding=\"async\" width=\"150\" height=\"150\" src=\"https:\/\/photo-portrait.com\/wp-content\/uploads\/2022\/11\/01Matching-Keys_Cross_0100_WEB-150x150.jpg\" class=\"attachment-thumbnail size-thumbnail\" alt=\"\" \/><\/a>\n\t\t\t<\/div><\/figure><figure class='gallery-item'>\n\t\t\t<div class='gallery-icon landscape'>\n\t\t\t\t<a href='https:\/\/photo-portrait.com\/en\/portrait-de-profil\/12_02_har1329w\/'><img loading=\"lazy\" decoding=\"async\" width=\"150\" height=\"150\" src=\"https:\/\/photo-portrait.com\/wp-content\/uploads\/2022\/11\/12_02_HAR1329W-150x150.jpg\" class=\"attachment-thumbnail size-thumbnail\" alt=\"\" \/><\/a>\n\t\t\t<\/div><\/figure><figure class='gallery-item'>\n\t\t\t<div class='gallery-icon landscape'>\n\t\t\t\t<a href='https:\/\/photo-portrait.com\/en\/portrait-de-profil\/15_raz03_0187w-2\/'><img loading=\"lazy\" decoding=\"async\" width=\"150\" height=\"150\" src=\"https:\/\/photo-portrait.com\/wp-content\/uploads\/2022\/11\/15_RAZ03_0187W-150x150.jpg\" class=\"attachment-thumbnail size-thumbnail\" alt=\"\" \/><\/a>\n\t\t\t<\/div><\/figure><figure class='gallery-item'>\n\t\t\t<div class='gallery-icon landscape'>\n\t\t\t\t<a href='https:\/\/photo-portrait.com\/en\/portrait-de-profil\/16_kel5961_web-3\/'><img loading=\"lazy\" decoding=\"async\" width=\"150\" height=\"150\" src=\"https:\/\/photo-portrait.com\/wp-content\/uploads\/2022\/11\/16_KEL5961_WEB-1-150x150.jpg\" class=\"attachment-thumbnail size-thumbnail\" alt=\"\" \/><\/a>\n\t\t\t<\/div><\/figure><figure class='gallery-item'>\n\t\t\t<div class='gallery-icon landscape'>\n\t\t\t\t<a href='https:\/\/photo-portrait.com\/en\/portrait-de-profil\/2019_vezina_lise_photo_danielle-giguere_nb_3068_w\/'><img loading=\"lazy\" decoding=\"async\" width=\"150\" height=\"150\" src=\"https:\/\/photo-portrait.com\/wp-content\/uploads\/2022\/11\/2019_VEZINA_Lise_Photo_Danielle-Giguere_NB_3068_W-150x150.jpg\" class=\"attachment-thumbnail size-thumbnail\" alt=\"\" \/><\/a>\n\t\t\t<\/div><\/figure><figure class='gallery-item'>\n\t\t\t<div class='gallery-icon landscape'>\n\t\t\t\t<a href='https:\/\/photo-portrait.com\/en\/portrait-de-profil\/2021_remion_liette_photo_danielle-giguere_0070_w\/'><img loading=\"lazy\" decoding=\"async\" width=\"150\" height=\"150\" src=\"https:\/\/photo-portrait.com\/wp-content\/uploads\/2022\/11\/2021_REMION_Liette_Photo_\u00a9Danielle-Giguere_0070_W-150x150.jpg\" class=\"attachment-thumbnail size-thumbnail\" alt=\"\" srcset=\"https:\/\/photo-portrait.com\/wp-content\/uploads\/2022\/11\/2021_REMION_Liette_Photo_\u00a9Danielle-Giguere_0070_W-150x150.jpg 150w, https:\/\/photo-portrait.com\/wp-content\/uploads\/2022\/11\/2021_REMION_Liette_Photo_\u00a9Danielle-Giguere_0070_W-300x300.jpg 300w, https:\/\/photo-portrait.com\/wp-content\/uploads\/2022\/11\/2021_REMION_Liette_Photo_\u00a9Danielle-Giguere_0070_W-768x768.jpg 768w, https:\/\/photo-portrait.com\/wp-content\/uploads\/2022\/11\/2021_REMION_Liette_Photo_\u00a9Danielle-Giguere_0070_W-12x12.jpg 12w, https:\/\/photo-portrait.com\/wp-content\/uploads\/2022\/11\/2021_REMION_Liette_Photo_\u00a9Danielle-Giguere_0070_W.jpg 792w\" sizes=\"auto, (max-width: 150px) 100vw, 150px\" \/><\/a>\n\t\t\t<\/div><\/figure><figure class='gallery-item'>\n\t\t\t<div class='gallery-icon landscape'>\n\t\t\t\t<a href='https:\/\/photo-portrait.com\/en\/portrait-de-profil\/2021_remon_liette_photo_danielle-giguere_0014_w\/'><img loading=\"lazy\" decoding=\"async\" width=\"150\" height=\"150\" src=\"https:\/\/photo-portrait.com\/wp-content\/uploads\/2022\/11\/2021_REMON_Liette_Photo_Danielle-Giguere_0014_W-150x150.jpg\" class=\"attachment-thumbnail size-thumbnail\" alt=\"\" \/><\/a>\n\t\t\t<\/div><\/figure><figure class='gallery-item'>\n\t\t\t<div class='gallery-icon landscape'>\n\t\t\t\t<a href='https:\/\/photo-portrait.com\/en\/portrait-de-profil\/2021_remon_liette_photo_danielle-giguere_0022_w\/'><img loading=\"lazy\" decoding=\"async\" width=\"150\" height=\"150\" src=\"https:\/\/photo-portrait.com\/wp-content\/uploads\/2022\/11\/2021_REMON_Liette_Photo_Danielle-Giguere_0022_W-150x150.jpg\" class=\"attachment-thumbnail size-thumbnail\" alt=\"\" \/><\/a>\n\t\t\t<\/div><\/figure>\n\t\t<\/div>","protected":false},"excerpt":{"rendered":"<p>Portrait personnel d&rsquo;un homme, studio photo Chaleureuse et confiante Profil de la rel\u00e8ve Jeune homme noir assis La beaut\u00e9 grandi avec le temps<\/p>","protected":false},"author":2,"featured_media":0,"parent":0,"menu_order":0,"comment_status":"closed","ping_status":"closed","template":"","meta":{"_editorskit_title_hidden":false,"_editorskit_reading_time":0,"_editorskit_is_block_options_detached":false,"_editorskit_block_options_position":"{}","footnotes":""},"class_list":["post-6570","page","type-page","status-publish","hentry"],"_links":{"self":[{"href":"https:\/\/photo-portrait.com\/en\/wp-json\/wp\/v2\/pages\/6570","targetHints":{"allow":["GET"]}}],"collection":[{"href":"https:\/\/photo-portrait.com\/en\/wp-json\/wp\/v2\/pages"}],"about":[{"href":"https:\/\/photo-portrait.com\/en\/wp-json\/wp\/v2\/types\/page"}],"author":[{"embeddable":true,"href":"https:\/\/photo-portrait.com\/en\/wp-json\/wp\/v2\/users\/2"}],"replies":[{"embeddable":true,"href":"https:\/\/photo-portrait.com\/en\/wp-json\/wp\/v2\/comments?post=6570"}],"version-history":[{"count":0,"href":"https:\/\/photo-portrait.com\/en\/wp-json\/wp\/v2\/pages\/6570\/revisions"}],"wp:attachment":[{"href":"https:\/\/photo-portrait.com\/en\/wp-json\/wp\/v2\/media?parent=6570"}],"curies":[{"name":"wp","href":"https:\/\/api.w.org\/{rel}","templated":true}]}}