{"id":6517,"date":"2022-11-24T13:40:25","date_gmt":"2022-11-24T13:40:25","guid":{"rendered":"http:\/\/photo-portrait.com\/?page_id=6517"},"modified":"2025-01-05T22:12:18","modified_gmt":"2025-01-05T22:12:18","slug":"mode-et-beaute-fashion-magazine-seance-photo-portfolio","status":"publish","type":"page","link":"https:\/\/photo-portrait.com\/en\/mode-et-beaute-fashion-magazine-seance-photo-portfolio\/","title":{"rendered":"Mode et Beaut\u00e9"},"content":{"rendered":"<div id='gallery-1' class='gallery galleryid-6517 gallery-columns-3 gallery-size-thumbnail'><figure class='gallery-item'>\n\t\t\t<div class='gallery-icon portrait'>\n\t\t\t\t<a href='https:\/\/photo-portrait.com\/en\/mode-et-beaute-fashion-magazine-seance-photo-portfolio\/photographe-studio-mode-retro-quebec_02_w-2\/'><img loading=\"lazy\" decoding=\"async\" width=\"150\" height=\"150\" src=\"https:\/\/photo-portrait.com\/wp-content\/uploads\/2022\/11\/Photographe-Studio-mode-retro-Quebec_02_W-150x150.jpg\" class=\"attachment-thumbnail size-thumbnail\" alt=\"Portrait vintage, noir et blanc, classique, beaut\u00e9, fashion, r\u00e9tro\" aria-describedby=\"gallery-1-6552\" \/><\/a>\n\t\t\t<\/div>\n\t\t\t\t<figcaption class='wp-caption-text gallery-caption' id='gallery-1-6552'>\n\t\t\t\tBeaut\u00e9 classique\n\t\t\t\t<\/figcaption><\/figure><figure class='gallery-item'>\n\t\t\t<div class='gallery-icon portrait'>\n\t\t\t\t<a href='https:\/\/photo-portrait.com\/en\/mode-et-beaute-fashion-magazine-seance-photo-portfolio\/photo-vintage-noir-et-blanc-mode-beaute-quebec_03_w-2\/'><img loading=\"lazy\" decoding=\"async\" width=\"150\" height=\"150\" src=\"https:\/\/photo-portrait.com\/wp-content\/uploads\/2022\/11\/Photo-vintage-noir-et-blanc-mode-beaute-Quebec_03_W-150x150.jpg\" class=\"attachment-thumbnail size-thumbnail\" alt=\"\" \/><\/a>\n\t\t\t<\/div><\/figure><figure class='gallery-item'>\n\t\t\t<div class='gallery-icon portrait'>\n\t\t\t\t<a href='https:\/\/photo-portrait.com\/en\/_blo_vintage_soft_02_1231_w\/'><img loading=\"lazy\" decoding=\"async\" width=\"150\" height=\"150\" src=\"https:\/\/photo-portrait.com\/wp-content\/uploads\/2023\/10\/BLO_Vintage_Soft_02_1231_W-150x150.jpg\" class=\"attachment-thumbnail size-thumbnail\" alt=\"Portrait artistique jeune femme studio decor et stylisme vintage\" aria-describedby=\"gallery-1-7483\" \/><\/a>\n\t\t\t<\/div>\n\t\t\t\t<figcaption class='wp-caption-text gallery-caption' id='gallery-1-7483'>\n\t\t\t\tPortrait artistique, studio photo, Porteuf, femme, yeux verts, tapisserie\n\t\t\t\t<\/figcaption><\/figure><figure class='gallery-item'>\n\t\t\t<div class='gallery-icon portrait'>\n\t\t\t\t<a href='https:\/\/photo-portrait.com\/en\/2023_langlois_angelyne_special-texture_blo0988_w\/'><img loading=\"lazy\" decoding=\"async\" width=\"150\" height=\"150\" src=\"https:\/\/photo-portrait.com\/wp-content\/uploads\/2023\/10\/2023_LANGLOIS_Angelyne_Special-Texture_BLO0988_W-150x150.jpg\" class=\"attachment-thumbnail size-thumbnail\" alt=\"Portrait studio stylisme robe longue vintage\" aria-describedby=\"gallery-1-7481\" \/><\/a>\n\t\t\t<\/div>\n\t\t\t\t<figcaption class='wp-caption-text gallery-caption' id='gallery-1-7481'>\n\t\t\t\tLady Angelyne \n\t\t\t\t<\/figcaption><\/figure><figure class='gallery-item'>\n\t\t\t<div class='gallery-icon landscape'>\n\t\t\t\t<a href='https:\/\/photo-portrait.com\/en\/mode-et-beaute-fashion-magazine-seance-photo-portfolio\/_pwc_contrast_8490_w-2\/'><img loading=\"lazy\" decoding=\"async\" width=\"150\" height=\"150\" src=\"https:\/\/photo-portrait.com\/wp-content\/uploads\/2022\/11\/PWC_Contrast_8490_W-150x150.jpg\" class=\"attachment-thumbnail size-thumbnail\" alt=\"Photo mode stylisme\" aria-describedby=\"gallery-1-6524\" \/><\/a>\n\t\t\t<\/div>\n\t\t\t\t<figcaption class='wp-caption-text gallery-caption' id='gallery-1-6524'>\n\t\t\t\tPhoto de portfolio de mode avec service de stylisme\n\t\t\t\t<\/figcaption><\/figure><figure class='gallery-item'>\n\t\t\t<div class='gallery-icon portrait'>\n\t\t\t\t<a href='https:\/\/photo-portrait.com\/en\/mode-et-beaute-fashion-magazine-seance-photo-portfolio\/portfolio-mannequin-2521_w-2\/'><img loading=\"lazy\" decoding=\"async\" width=\"150\" height=\"150\" src=\"https:\/\/photo-portrait.com\/wp-content\/uploads\/2022\/11\/Portfolio-mannequin-2521_W-150x150.jpg\" class=\"attachment-thumbnail size-thumbnail\" alt=\"Portfolio mode, femme noire sur escabeau, photo de mode, fashion, shooting photo\" \/><\/a>\n\t\t\t<\/div><\/figure><figure class='gallery-item'>\n\t\t\t<div class='gallery-icon portrait'>\n\t\t\t\t<a href='https:\/\/photo-portrait.com\/en\/2023_photo_danielle-giguere_blo1607_w\/'><img loading=\"lazy\" decoding=\"async\" width=\"150\" height=\"150\" src=\"https:\/\/photo-portrait.com\/wp-content\/uploads\/2023\/10\/2023_Photo_@Danielle-Giguere_BLO1607_W-150x150.jpg\" class=\"attachment-thumbnail size-thumbnail\" alt=\"S\u00e9ance photo vintage avec v\u00eatement d&#039;\u00e9poque\" aria-describedby=\"gallery-1-7484\" \/><\/a>\n\t\t\t<\/div>\n\t\t\t\t<figcaption class='wp-caption-text gallery-caption' id='gallery-1-7484'>\n\t\t\t\tFemme portant v\u00eatements de style vintage \u00e9l\u00e9gants\n\t\t\t\t<\/figcaption><\/figure><figure class='gallery-item'>\n\t\t\t<div class='gallery-icon portrait'>\n\t\t\t\t<a href='https:\/\/photo-portrait.com\/en\/2120_boisvert_miabelle_photo_danielle-giguere_04_2690_w\/'><img loading=\"lazy\" decoding=\"async\" width=\"150\" height=\"150\" src=\"https:\/\/photo-portrait.com\/wp-content\/uploads\/2023\/10\/2120_BOISVERT_Miabelle_Photo_Danielle-Giguere_04_2690_W-150x150.jpg\" class=\"attachment-thumbnail size-thumbnail\" alt=\"Photo de beaut\u00e9, coiffure, mode cheveux, portfolio coiffeur, femme\" \/><\/a>\n\t\t\t<\/div><\/figure><figure class='gallery-item'>\n\t\t\t<div class='gallery-icon portrait'>\n\t\t\t\t<a href='https:\/\/photo-portrait.com\/en\/mode-et-beaute-fashion-magazine-seance-photo-portfolio\/2021_boisvert_miabelle_photo_danielle-giguere_leane_texture_2091_w\/'><img loading=\"lazy\" decoding=\"async\" width=\"150\" height=\"150\" src=\"https:\/\/photo-portrait.com\/wp-content\/uploads\/2022\/11\/2021_BOISVERT_Miabelle_Photo_Danielle-Giguere_Leane_TEXTURE_2091_W-150x150.jpg\" class=\"attachment-thumbnail size-thumbnail\" alt=\"\" \/><\/a>\n\t\t\t<\/div><\/figure><figure class='gallery-item'>\n\t\t\t<div class='gallery-icon portrait'>\n\t\t\t\t<a href='https:\/\/photo-portrait.com\/en\/mode-et-beaute-fashion-magazine-seance-photo-portfolio\/paquet_mahelie_photo_danielle-giguere_1865_w\/'><img loading=\"lazy\" decoding=\"async\" width=\"150\" height=\"150\" src=\"https:\/\/photo-portrait.com\/wp-content\/uploads\/2022\/11\/PAQUET_Mahelie_Photo_@Danielle-Giguere_1865_W-150x150.jpg\" class=\"attachment-thumbnail size-thumbnail\" alt=\"\" \/><\/a>\n\t\t\t<\/div><\/figure><figure class='gallery-item'>\n\t\t\t<div class='gallery-icon portrait'>\n\t\t\t\t<a href='https:\/\/photo-portrait.com\/en\/corps-et-sensualite-boudoir-nu-artistique-photo-coquine\/vero_selenium_157_w\/'><img loading=\"lazy\" decoding=\"async\" width=\"150\" height=\"150\" src=\"https:\/\/photo-portrait.com\/wp-content\/uploads\/2022\/11\/Ve\u0301ro_Selenium_157_W-150x150.jpg\" class=\"attachment-thumbnail size-thumbnail\" alt=\"Femme noire portant une robe de mari\u00e9 blanche\" \/><\/a>\n\t\t\t<\/div><\/figure><figure class='gallery-item'>\n\t\t\t<div class='gallery-icon landscape'>\n\t\t\t\t<a href='https:\/\/photo-portrait.com\/en\/mode-et-beaute-fashion-magazine-seance-photo-portfolio\/beauty_hair-bronze-patch2473_w\/'><img loading=\"lazy\" decoding=\"async\" width=\"150\" height=\"150\" src=\"https:\/\/photo-portrait.com\/wp-content\/uploads\/2022\/11\/Beauty_Hair-Bronze-Patch2473_W-150x150.jpg\" class=\"attachment-thumbnail size-thumbnail\" alt=\"\" \/><\/a>\n\t\t\t<\/div><\/figure><figure class='gallery-item'>\n\t\t\t<div class='gallery-icon portrait'>\n\t\t\t\t<a href='https:\/\/photo-portrait.com\/en\/mode-et-beaute-fashion-magazine-seance-photo-portfolio\/paquet_mahelie_photo_danielle-giguere_bw_1648_w\/'><img loading=\"lazy\" decoding=\"async\" width=\"150\" height=\"150\" src=\"https:\/\/photo-portrait.com\/wp-content\/uploads\/2022\/11\/PAQUET_Mahe\u0301lie_Photo_Danielle-Giguere_BW_1648_W-150x150.jpg\" class=\"attachment-thumbnail size-thumbnail\" alt=\"Jeune fille, fashion shoot, portfolio mode, beaut\u00e9 naturelle, shooting photo\" aria-describedby=\"gallery-1-6548\" \/><\/a>\n\t\t\t<\/div>\n\t\t\t\t<figcaption class='wp-caption-text gallery-caption' id='gallery-1-6548'>\n\t\t\t\tFashion sens\n\t\t\t\t<\/figcaption><\/figure><figure class='gallery-item'>\n\t\t\t<div class='gallery-icon portrait'>\n\t\t\t\t<a href='https:\/\/photo-portrait.com\/en\/mode-et-beaute-fashion-magazine-seance-photo-portfolio\/_mae_phoro_danielle-giguere_1631_w\/'><img loading=\"lazy\" decoding=\"async\" width=\"150\" height=\"150\" src=\"https:\/\/photo-portrait.com\/wp-content\/uploads\/2022\/11\/MAE_Phoro_\u00a9Danielle-Giguere_1631_W-150x150.jpg\" class=\"attachment-thumbnail size-thumbnail\" alt=\"\" \/><\/a>\n\t\t\t<\/div><\/figure><figure class='gallery-item'>\n\t\t\t<div class='gallery-icon portrait'>\n\t\t\t\t<a href='https:\/\/photo-portrait.com\/en\/mode-et-beaute-fashion-magazine-seance-photo-portfolio\/shooting-mannequin-mode-quebec_2585_w-2\/'><img loading=\"lazy\" decoding=\"async\" width=\"150\" height=\"150\" src=\"https:\/\/photo-portrait.com\/wp-content\/uploads\/2022\/11\/Shooting-mannequin-Mode-Quebec_2585_W-150x150.jpg\" class=\"attachment-thumbnail size-thumbnail\" alt=\"\" \/><\/a>\n\t\t\t<\/div><\/figure><figure class='gallery-item'>\n\t\t\t<div class='gallery-icon landscape'>\n\t\t\t\t<a href='https:\/\/photo-portrait.com\/en\/mode-et-beaute-fashion-magazine-seance-photo-portfolio\/meilleur-photographe-mode-quebec_ber_2304_w-3\/'><img loading=\"lazy\" decoding=\"async\" width=\"150\" height=\"150\" src=\"https:\/\/photo-portrait.com\/wp-content\/uploads\/2022\/11\/Meilleur-photographe-mode-Quebec_BER_2304_W-150x150.jpg\" class=\"attachment-thumbnail size-thumbnail\" alt=\"\" \/><\/a>\n\t\t\t<\/div><\/figure><figure class='gallery-item'>\n\t\t\t<div class='gallery-icon portrait'>\n\t\t\t\t<a href='https:\/\/photo-portrait.com\/en\/mode-et-beaute-fashion-magazine-seance-photo-portfolio\/_phi0031_w\/'><img loading=\"lazy\" decoding=\"async\" width=\"150\" height=\"150\" src=\"https:\/\/photo-portrait.com\/wp-content\/uploads\/2022\/11\/PHI0031_W-150x150.jpg\" class=\"attachment-thumbnail size-thumbnail\" alt=\"\" \/><\/a>\n\t\t\t<\/div><\/figure><figure class='gallery-item'>\n\t\t\t<div class='gallery-icon portrait'>\n\t\t\t\t<a href='https:\/\/photo-portrait.com\/en\/mode-et-beaute-fashion-magazine-seance-photo-portfolio\/myl_0127_w\/'><img loading=\"lazy\" decoding=\"async\" width=\"150\" height=\"150\" src=\"https:\/\/photo-portrait.com\/wp-content\/uploads\/2022\/11\/MYL_0127_W-150x150.jpg\" class=\"attachment-thumbnail size-thumbnail\" alt=\"\" \/><\/a>\n\t\t\t<\/div><\/figure><figure class='gallery-item'>\n\t\t\t<div class='gallery-icon landscape'>\n\t\t\t\t<a href='https:\/\/photo-portrait.com\/en\/mode-et-beaute-fashion-magazine-seance-photo-portfolio\/myl_0141_w-2\/'><img loading=\"lazy\" decoding=\"async\" width=\"150\" height=\"150\" src=\"https:\/\/photo-portrait.com\/wp-content\/uploads\/2022\/11\/MYL_0141_W-150x150.jpg\" class=\"attachment-thumbnail size-thumbnail\" alt=\"\" \/><\/a>\n\t\t\t<\/div><\/figure><figure class='gallery-item'>\n\t\t\t<div class='gallery-icon portrait'>\n\t\t\t\t<a href='https:\/\/photo-portrait.com\/en\/mode-et-beaute-fashion-magazine-seance-photo-portfolio\/mode-beaute-naturelle-meg_02_0117_w\/'><img loading=\"lazy\" decoding=\"async\" width=\"150\" height=\"150\" src=\"https:\/\/photo-portrait.com\/wp-content\/uploads\/2022\/11\/Mode-beaute-naturelle-MEG_02_0117_W-150x150.jpg\" class=\"attachment-thumbnail size-thumbnail\" alt=\"\" \/><\/a>\n\t\t\t<\/div><\/figure><figure class='gallery-item'>\n\t\t\t<div class='gallery-icon portrait'>\n\t\t\t\t<a href='https:\/\/photo-portrait.com\/en\/mode-et-beaute-fashion-magazine-seance-photo-portfolio\/photo-de-mode-exterieur-editorial-industriel-elegant_0062_w\/'><img loading=\"lazy\" decoding=\"async\" width=\"150\" height=\"150\" src=\"https:\/\/photo-portrait.com\/wp-content\/uploads\/2022\/11\/Photo-de-mode-exterieur-editorial-industriel-elegant_0062_W-150x150.jpg\" class=\"attachment-thumbnail size-thumbnail\" alt=\"\" \/><\/a>\n\t\t\t<\/div><\/figure><figure class='gallery-item'>\n\t\t\t<div class='gallery-icon landscape'>\n\t\t\t\t<a href='https:\/\/photo-portrait.com\/en\/mode-et-beaute-fashion-magazine-seance-photo-portfolio\/portfolio-mode-beaute-quebec_0034_w-2\/'><img loading=\"lazy\" decoding=\"async\" width=\"150\" height=\"150\" src=\"https:\/\/photo-portrait.com\/wp-content\/uploads\/2022\/11\/Portfolio-mode-beaute-Quebec_0034_W-150x150.jpg\" class=\"attachment-thumbnail size-thumbnail\" alt=\"\" \/><\/a>\n\t\t\t<\/div><\/figure><figure class='gallery-item'>\n\t\t\t<div class='gallery-icon landscape'>\n\t\t\t\t<a href='https:\/\/photo-portrait.com\/en\/mode-et-beaute-fashion-magazine-seance-photo-portfolio\/photographe-mode-portfolio-danielle-giguere_2582-2\/'><img loading=\"lazy\" decoding=\"async\" width=\"150\" height=\"150\" src=\"https:\/\/photo-portrait.com\/wp-content\/uploads\/2022\/11\/Photographe-mode-portfolio-Danielle-Giguere_2582-150x150.jpg\" class=\"attachment-thumbnail size-thumbnail\" alt=\"\" \/><\/a>\n\t\t\t<\/div><\/figure><figure class='gallery-item'>\n\t\t\t<div class='gallery-icon landscape'>\n\t\t\t\t<a href='https:\/\/photo-portrait.com\/en\/mode-et-beaute-fashion-magazine-seance-photo-portfolio\/portrait-noir-et-blanc-naturel-studio_ros_w-3\/'><img loading=\"lazy\" decoding=\"async\" width=\"150\" height=\"150\" src=\"https:\/\/photo-portrait.com\/wp-content\/uploads\/2022\/11\/Portrait-noir-et-blanc-naturel-studio_ROS_W-1-150x150.jpg\" class=\"attachment-thumbnail size-thumbnail\" alt=\"\" \/><\/a>\n\t\t\t<\/div><\/figure><figure class='gallery-item'>\n\t\t\t<div class='gallery-icon portrait'>\n\t\t\t\t<a href='https:\/\/photo-portrait.com\/en\/mode-et-beaute-fashion-magazine-seance-photo-portfolio\/_joh_03_7963_w-3\/'><img loading=\"lazy\" decoding=\"async\" width=\"150\" height=\"150\" src=\"https:\/\/photo-portrait.com\/wp-content\/uploads\/2022\/11\/JOH_03_7963_W-150x150.jpg\" class=\"attachment-thumbnail size-thumbnail\" alt=\"\" \/><\/a>\n\t\t\t<\/div><\/figure><figure class='gallery-item'>\n\t\t\t<div class='gallery-icon landscape'>\n\t\t\t\t<a href='https:\/\/photo-portrait.com\/en\/mode-et-beaute-fashion-magazine-seance-photo-portfolio\/_joh_03_7994_w-3\/'><img loading=\"lazy\" decoding=\"async\" width=\"150\" height=\"150\" src=\"https:\/\/photo-portrait.com\/wp-content\/uploads\/2022\/11\/JOH_03_7994_W-150x150.jpg\" class=\"attachment-thumbnail size-thumbnail\" alt=\"\" \/><\/a>\n\t\t\t<\/div><\/figure><figure class='gallery-item'>\n\t\t\t<div class='gallery-icon portrait'>\n\t\t\t\t<a href='https:\/\/photo-portrait.com\/en\/mode-et-beaute-fashion-magazine-seance-photo-portfolio\/_cat_browntone_8836_w\/'><img loading=\"lazy\" decoding=\"async\" width=\"150\" height=\"150\" src=\"https:\/\/photo-portrait.com\/wp-content\/uploads\/2022\/11\/CAT_BrownTone_8836_W-150x150.jpg\" class=\"attachment-thumbnail size-thumbnail\" alt=\"\" \/><\/a>\n\t\t\t<\/div><\/figure><figure class='gallery-item'>\n\t\t\t<div class='gallery-icon portrait'>\n\t\t\t\t<a href='https:\/\/photo-portrait.com\/en\/mode-et-beaute-fashion-magazine-seance-photo-portfolio\/photo-mode-studio-quebec-portneuf_phi_w-3\/'><img loading=\"lazy\" decoding=\"async\" width=\"150\" height=\"150\" src=\"https:\/\/photo-portrait.com\/wp-content\/uploads\/2022\/11\/Photo-mode-studio-Quebec-Portneuf_PHI_W-150x150.jpg\" class=\"attachment-thumbnail size-thumbnail\" alt=\"\" \/><\/a>\n\t\t\t<\/div><\/figure><figure class='gallery-item'>\n\t\t\t<div class='gallery-icon portrait'>\n\t\t\t\t<a href='https:\/\/photo-portrait.com\/en\/mode-et-beaute-fashion-magazine-seance-photo-portfolio\/nat_02_0138_w-2\/'><img loading=\"lazy\" decoding=\"async\" width=\"150\" height=\"150\" src=\"https:\/\/photo-portrait.com\/wp-content\/uploads\/2022\/11\/NAT_02_0138_W-150x150.jpg\" class=\"attachment-thumbnail size-thumbnail\" alt=\"\" \/><\/a>\n\t\t\t<\/div><\/figure><figure class='gallery-item'>\n\t\t\t<div class='gallery-icon portrait'>\n\t\t\t\t<a href='https:\/\/photo-portrait.com\/en\/mode-et-beaute-fashion-magazine-seance-photo-portfolio\/_adr4669_w-2\/'><img loading=\"lazy\" decoding=\"async\" width=\"150\" height=\"150\" src=\"https:\/\/photo-portrait.com\/wp-content\/uploads\/2022\/11\/ADR4669_W-150x150.jpg\" class=\"attachment-thumbnail size-thumbnail\" alt=\"\" \/><\/a>\n\t\t\t<\/div><\/figure><figure class='gallery-item'>\n\t\t\t<div class='gallery-icon landscape'>\n\t\t\t\t<a href='https:\/\/photo-portrait.com\/en\/mode-et-beaute-fashion-magazine-seance-photo-portfolio\/genduov303_0128_w-2\/'><img loading=\"lazy\" decoding=\"async\" width=\"150\" height=\"150\" src=\"https:\/\/photo-portrait.com\/wp-content\/uploads\/2022\/11\/GENDuoV303_0128_W-150x150.jpg\" class=\"attachment-thumbnail size-thumbnail\" alt=\"\" \/><\/a>\n\t\t\t<\/div><\/figure><figure class='gallery-item'>\n\t\t\t<div class='gallery-icon portrait'>\n\t\t\t\t<a href='https:\/\/photo-portrait.com\/en\/mode-et-beaute-fashion-magazine-seance-photo-portfolio\/retro-car02_w-2\/'><img loading=\"lazy\" decoding=\"async\" width=\"150\" height=\"150\" src=\"https:\/\/photo-portrait.com\/wp-content\/uploads\/2022\/11\/Retro-car02_W-150x150.jpg\" class=\"attachment-thumbnail size-thumbnail\" alt=\"\" \/><\/a>\n\t\t\t<\/div><\/figure><figure class='gallery-item'>\n\t\t\t<div class='gallery-icon portrait'>\n\t\t\t\t<a href='https:\/\/photo-portrait.com\/en\/mode-et-beaute-fashion-magazine-seance-photo-portfolio\/fille_jaune-vntage_japon_w-2\/'><img loading=\"lazy\" decoding=\"async\" width=\"150\" height=\"150\" src=\"https:\/\/photo-portrait.com\/wp-content\/uploads\/2022\/11\/Fille_Jaune-Vntage_Japon_W-150x150.jpg\" class=\"attachment-thumbnail size-thumbnail\" alt=\"\" \/><\/a>\n\t\t\t<\/div><\/figure><figure class='gallery-item'>\n\t\t\t<div class='gallery-icon portrait'>\n\t\t\t\t<a href='https:\/\/photo-portrait.com\/en\/mode-et-beaute-fashion-magazine-seance-photo-portfolio\/2021_doucet_marie-helene_photo_danielle-giguere_3949_w\/'><img loading=\"lazy\" decoding=\"async\" width=\"150\" height=\"150\" src=\"https:\/\/photo-portrait.com\/wp-content\/uploads\/2022\/11\/2021_DOUCET_Marie-Helene_Photo_Danielle-Giguere_3949_W-150x150.jpg\" class=\"attachment-thumbnail size-thumbnail\" alt=\"\" \/><\/a>\n\t\t\t<\/div><\/figure><figure class='gallery-item'>\n\t\t\t<div class='gallery-icon portrait'>\n\t\t\t\t<a href='https:\/\/photo-portrait.com\/en\/mode-et-beaute-fashion-magazine-seance-photo-portfolio\/2021_doucet_marie-helene_photo_danielle-giguere_4131_w\/'><img loading=\"lazy\" decoding=\"async\" width=\"150\" height=\"150\" src=\"https:\/\/photo-portrait.com\/wp-content\/uploads\/2022\/11\/2021_DOUCET_Marie-Helene_Photo_Danielle-Giguere_4131_W-150x150.jpg\" class=\"attachment-thumbnail size-thumbnail\" alt=\"\" \/><\/a>\n\t\t\t<\/div><\/figure><figure class='gallery-item'>\n\t\t\t<div class='gallery-icon portrait'>\n\t\t\t\t<a href='https:\/\/photo-portrait.com\/en\/mode-et-beaute-fashion-magazine-seance-photo-portfolio\/2021_doucet_marie-helene_photo_danielle-giguere_4170_w\/'><img loading=\"lazy\" decoding=\"async\" width=\"150\" height=\"150\" src=\"https:\/\/photo-portrait.com\/wp-content\/uploads\/2022\/11\/2021_DOUCET_Marie-Helene_Photo_Danielle-Giguere_4170_W-150x150.jpg\" class=\"attachment-thumbnail size-thumbnail\" alt=\"\" \/><\/a>\n\t\t\t<\/div><\/figure><figure class='gallery-item'>\n\t\t\t<div class='gallery-icon landscape'>\n\t\t\t\t<a href='https:\/\/photo-portrait.com\/en\/mode-et-beaute-fashion-magazine-seance-photo-portfolio\/ray_photo_danielle-giguere_bw_0899_w\/'><img loading=\"lazy\" decoding=\"async\" width=\"150\" height=\"150\" src=\"https:\/\/photo-portrait.com\/wp-content\/uploads\/2022\/11\/RAY_Photo_Danielle-Giguere_BW_0899_W-150x150.jpg\" class=\"attachment-thumbnail size-thumbnail\" alt=\"\" \/><\/a>\n\t\t\t<\/div><\/figure><figure class='gallery-item'>\n\t\t\t<div class='gallery-icon portrait'>\n\t\t\t\t<a href='https:\/\/photo-portrait.com\/en\/mode-et-beaute-fashion-magazine-seance-photo-portfolio\/photographe-portrait-theme-western_mal_0161_w\/'><img loading=\"lazy\" decoding=\"async\" width=\"150\" height=\"150\" src=\"https:\/\/photo-portrait.com\/wp-content\/uploads\/2022\/11\/Photographe-Portrait-theme-western_MAL_0161_W-150x150.jpg\" class=\"attachment-thumbnail size-thumbnail\" alt=\"\" \/><\/a>\n\t\t\t<\/div><\/figure><figure class='gallery-item'>\n\t\t\t<div class='gallery-icon portrait'>\n\t\t\t\t<a href='https:\/\/photo-portrait.com\/en\/mode-et-beaute-fashion-magazine-seance-photo-portfolio\/davetricot_nb_104_w\/'><img loading=\"lazy\" decoding=\"async\" width=\"150\" height=\"150\" src=\"https:\/\/photo-portrait.com\/wp-content\/uploads\/2022\/11\/DaveTricot_NB_104_W-150x150.jpg\" class=\"attachment-thumbnail size-thumbnail\" alt=\"\" \/><\/a>\n\t\t\t<\/div><\/figure><figure class='gallery-item'>\n\t\t\t<div class='gallery-icon portrait'>\n\t\t\t\t<a href='https:\/\/photo-portrait.com\/en\/mode-et-beaute-fashion-magazine-seance-photo-portfolio\/men_0157_w-2\/'><img loading=\"lazy\" decoding=\"async\" width=\"150\" height=\"150\" src=\"https:\/\/photo-portrait.com\/wp-content\/uploads\/2022\/11\/MEN_0157_W-150x150.jpg\" class=\"attachment-thumbnail size-thumbnail\" alt=\"\" \/><\/a>\n\t\t\t<\/div><\/figure><figure class='gallery-item'>\n\t\t\t<div class='gallery-icon portrait'>\n\t\t\t\t<a href='https:\/\/photo-portrait.com\/en\/mode-et-beaute-fashion-magazine-seance-photo-portfolio\/men_0160_w\/'><img loading=\"lazy\" decoding=\"async\" width=\"150\" height=\"150\" src=\"https:\/\/photo-portrait.com\/wp-content\/uploads\/2022\/11\/MEN_0160_W-150x150.jpg\" class=\"attachment-thumbnail size-thumbnail\" alt=\"\" \/><\/a>\n\t\t\t<\/div><\/figure><figure class='gallery-item'>\n\t\t\t<div class='gallery-icon landscape'>\n\t\t\t\t<a href='https:\/\/photo-portrait.com\/en\/mode-et-beaute-fashion-magazine-seance-photo-portfolio\/mode-fashion-studio-femme_2223w-2\/'><img loading=\"lazy\" decoding=\"async\" width=\"150\" height=\"150\" src=\"https:\/\/photo-portrait.com\/wp-content\/uploads\/2022\/11\/Mode-Fashion-Studio-Femme_2223W-150x150.jpg\" class=\"attachment-thumbnail size-thumbnail\" alt=\"\" \/><\/a>\n\t\t\t<\/div><\/figure><figure class='gallery-item'>\n\t\t\t<div class='gallery-icon portrait'>\n\t\t\t\t<a href='https:\/\/photo-portrait.com\/en\/mode-et-beaute-fashion-magazine-seance-photo-portfolio\/photographie-visage-rapproche-portrait-noir-et-blanc_w\/'><img loading=\"lazy\" decoding=\"async\" width=\"150\" height=\"150\" src=\"https:\/\/photo-portrait.com\/wp-content\/uploads\/2022\/11\/Photographie-visage-rapproche-Portrait-noir-et-blanc_W--150x150.jpg\" class=\"attachment-thumbnail size-thumbnail\" alt=\"\" \/><\/a>\n\t\t\t<\/div><\/figure><figure class='gallery-item'>\n\t\t\t<div class='gallery-icon portrait'>\n\t\t\t\t<a href='https:\/\/photo-portrait.com\/en\/mode-et-beaute-fashion-magazine-seance-photo-portfolio\/photo-studio-portrait-vintage-elegante-rose-photographe-portneuf-quebec_w\/'><img loading=\"lazy\" decoding=\"async\" width=\"150\" height=\"150\" src=\"https:\/\/photo-portrait.com\/wp-content\/uploads\/2022\/11\/Photo-studio-portrait-vintage-elegante-rose-photographe-portneuf-quebec_W-150x150.jpg\" class=\"attachment-thumbnail size-thumbnail\" alt=\"\" \/><\/a>\n\t\t\t<\/div><\/figure><figure class='gallery-item'>\n\t\t\t<div class='gallery-icon portrait'>\n\t\t\t\t<a href='https:\/\/photo-portrait.com\/en\/mode-et-beaute-fashion-magazine-seance-photo-portfolio\/portrait-elegant-decor-chic_bon_1w-2\/'><img loading=\"lazy\" decoding=\"async\" width=\"150\" height=\"150\" src=\"https:\/\/photo-portrait.com\/wp-content\/uploads\/2022\/11\/Portrait-elegant-decor-chic_BON_1W-150x150.jpg\" class=\"attachment-thumbnail size-thumbnail\" alt=\"\" \/><\/a>\n\t\t\t<\/div><\/figure><figure class='gallery-item'>\n\t\t\t<div class='gallery-icon portrait'>\n\t\t\t\t<a href='https:\/\/photo-portrait.com\/en\/mode-et-beaute-fashion-magazine-seance-photo-portfolio\/ciguare_2019_w-2\/'><img loading=\"lazy\" decoding=\"async\" width=\"150\" height=\"150\" src=\"https:\/\/photo-portrait.com\/wp-content\/uploads\/2022\/11\/Ciguare_2019_W-150x150.jpg\" class=\"attachment-thumbnail size-thumbnail\" alt=\"\" \/><\/a>\n\t\t\t<\/div><\/figure><figure class='gallery-item'>\n\t\t\t<div class='gallery-icon portrait'>\n\t\t\t\t<a href='https:\/\/photo-portrait.com\/en\/mode-et-beaute-fashion-magazine-seance-photo-portfolio\/portrait-elegant-robe-longue-glamour-quebec_w-2\/'><img loading=\"lazy\" decoding=\"async\" width=\"150\" height=\"150\" src=\"https:\/\/photo-portrait.com\/wp-content\/uploads\/2022\/11\/Portrait-elegant-robe-longue-glamour-Quebec_W-150x150.jpg\" class=\"attachment-thumbnail size-thumbnail\" alt=\"\" \/><\/a>\n\t\t\t<\/div><\/figure><figure class='gallery-item'>\n\t\t\t<div class='gallery-icon portrait'>\n\t\t\t\t<a href='https:\/\/photo-portrait.com\/en\/mode-et-beaute-fashion-magazine-seance-photo-portfolio\/ver01_0069_w-2\/'><img loading=\"lazy\" decoding=\"async\" width=\"150\" height=\"150\" src=\"https:\/\/photo-portrait.com\/wp-content\/uploads\/2022\/11\/VER01_0069_W-150x150.jpg\" class=\"attachment-thumbnail size-thumbnail\" alt=\"\" \/><\/a>\n\t\t\t<\/div><\/figure>\n\t\t<\/div>\n\n\n\n\n<div class=\"wp-block-columns is-layout-flex wp-container-core-columns-is-layout-9d6595d7 wp-block-columns-is-layout-flex\">\n<div class=\"wp-block-column is-layout-flow wp-block-column-is-layout-flow\" style=\"flex-basis:100%\">\n<div class=\"wp-block-columns\">\u00a0<\/div>\n<p>\u00a0<\/p>\n<\/div>\n<\/div>","protected":false},"excerpt":{"rendered":"<p>Beaut\u00e9 classique Portrait artistique, studio photo, Porteuf, femme, yeux verts, tapisserie Lady Angelyne Photo de portfolio de mode avec service de stylisme Femme portant v\u00eatements de style vintage \u00e9l\u00e9gants Fashion sens \u00a0 \u00a0<\/p>","protected":false},"author":2,"featured_media":0,"parent":0,"menu_order":0,"comment_status":"closed","ping_status":"closed","template":"","meta":{"_editorskit_title_hidden":false,"_editorskit_reading_time":0,"_editorskit_is_block_options_detached":false,"_editorskit_block_options_position":"{}","footnotes":""},"class_list":["post-6517","page","type-page","status-publish","hentry"],"_links":{"self":[{"href":"https:\/\/photo-portrait.com\/en\/wp-json\/wp\/v2\/pages\/6517","targetHints":{"allow":["GET"]}}],"collection":[{"href":"https:\/\/photo-portrait.com\/en\/wp-json\/wp\/v2\/pages"}],"about":[{"href":"https:\/\/photo-portrait.com\/en\/wp-json\/wp\/v2\/types\/page"}],"author":[{"embeddable":true,"href":"https:\/\/photo-portrait.com\/en\/wp-json\/wp\/v2\/users\/2"}],"replies":[{"embeddable":true,"href":"https:\/\/photo-portrait.com\/en\/wp-json\/wp\/v2\/comments?post=6517"}],"version-history":[{"count":3,"href":"https:\/\/photo-portrait.com\/en\/wp-json\/wp\/v2\/pages\/6517\/revisions"}],"predecessor-version":[{"id":8438,"href":"https:\/\/photo-portrait.com\/en\/wp-json\/wp\/v2\/pages\/6517\/revisions\/8438"}],"wp:attachment":[{"href":"https:\/\/photo-portrait.com\/en\/wp-json\/wp\/v2\/media?parent=6517"}],"curies":[{"name":"wp","href":"https:\/\/api.w.org\/{rel}","templated":true}]}}