{"id":6163,"date":"2022-06-28T15:38:15","date_gmt":"2022-06-28T15:38:15","guid":{"rendered":"http:\/\/photo-portrait.com\/?page_id=6163"},"modified":"2023-02-11T15:11:47","modified_gmt":"2023-02-11T15:11:47","slug":"mon-approche-ma-mission","status":"publish","type":"page","link":"https:\/\/photo-portrait.com\/en\/mon-approche-ma-mission\/","title":{"rendered":"APPROCHE &#038; MISSION"},"content":{"rendered":"<div class=\"wp-block-columns is-layout-flex wp-container-core-columns-is-layout-9d6595d7 wp-block-columns-is-layout-flex\">\n<div class=\"wp-block-column is-layout-flow wp-block-column-is-layout-flow\">\n<p>MON APPROCHE<\/p>\n\n\n\n<p>Mon approche est celle d\u2019une collaboration, la somme d\u2019une rencontre des id\u00e9es et des inspirations mutuelles entre nous. Ceci me fait vibrer et me donne envie de partager la cr\u00e9ation d\u2019images photographiques exceptionnelles avec vous. Au tout d\u00e9but de votre s\u00e9ance photo, les premi\u00e8res photographies serviront \u00e0 finaliser les r\u00e9glages techniques. Pendant ce temps, vous vous d\u00e9tendrez et graduellement d\u00e9couvrez l\u2019environnement autour de vous. J\u2019en profite pour \u00e9tudier mon sujet par la bande, discr\u00e8tement. Au bout d\u2019un moment, je vous montrerai quelques photos et nous discuterons de ce que nous aimons, et parfois, nous pourrons ajuster l\u2019\u00e9clairage ou la pose. Je serai votre miroir et votre guide qui captera ce qui surgira de mani\u00e8re organique et spontan\u00e9e.<\/p>\n<\/div>\n\n\n\n<div class=\"wp-block-column is-layout-flow wp-block-column-is-layout-flow\">\n<p>MA MISSION<\/p>\n\n\n\n<p>D\u00e8s notre premier \u00e9change par courriel ou t\u00e9l\u00e9phone, ma mission sera de savoir ce que vous aimez et ce que vous avez toujours r\u00eav\u00e9 d\u2019accomplir. Que vous soyez femmes ou hommes, jeunes ou plus m\u00fbrs, professionnels ou artistes, j\u2019ai envie de vous \u00e9pater et de vous surprendre. Je vous invite donc \u00e0 produire, avec moi, des images r\u00e9v\u00e9latrices de votre personnalit\u00e9 naturelle qui mettront \u00e0 profit vos plus beaux atouts. Nous r\u00e9aliserons ces magnifiques portraits \u00e0 l\u2019aide de trois cl\u00e9s fondamentales : la complicit\u00e9 de notre collaboration, l\u2019intuition que j\u2019ai d\u00e9velopp\u00e9e depuis plus de vingt ans de pratique du m\u00e9tier de photographe professionnelle, ainsi que la ma\u00eetrise des techniques photographiques et mes connaissances artistiques.<\/p>\n<\/div>\n<\/div>\n\n\n\n<div class=\"wp-block-buttons is-content-justification-center is-layout-flex wp-container-core-buttons-is-layout-16018d1d wp-block-buttons-is-layout-flex\">\n<div class=\"wp-block-button is-style-outline is-style-outline--1\"><a class=\"wp-block-button__link wp-element-button\" href=\"http:\/\/photo-portrait.com\/contact\/\" style=\"border-radius:0px\">CONTACTEZ-MOI POUR UNE S\u00c9ANCE<\/a><\/div>\n<\/div>\n\n\n\n<div style=\"height:60px\" aria-hidden=\"true\" class=\"wp-block-spacer\"><\/div>\n\n\n\n<p><img loading=\"lazy\" decoding=\"async\" class=\"aligncenter\" src=\"http:\/\/photo-portrait.com\/wp-content\/uploads\/2022\/06\/288631457_821543072191879_1737112359199670128_n.jpg\" width=\"586\" height=\"439\" \/><\/p>","protected":false},"excerpt":{"rendered":"<p>MON APPROCHE Mon approche est celle d\u2019une collaboration, la somme d\u2019une rencontre des id\u00e9es et des inspirations mutuelles entre nous. Ceci me fait vibrer et me donne envie de partager la cr\u00e9ation d\u2019images photographiques exceptionnelles avec vous. Au tout d\u00e9but de votre s\u00e9ance photo, les premi\u00e8res photographies serviront \u00e0 finaliser les r\u00e9glages techniques. Pendant ce [&hellip;]<\/p>","protected":false},"author":2,"featured_media":6178,"parent":0,"menu_order":0,"comment_status":"closed","ping_status":"closed","template":"","meta":{"_editorskit_title_hidden":false,"_editorskit_reading_time":0,"_editorskit_is_block_options_detached":false,"_editorskit_block_options_position":"{}","footnotes":""},"class_list":["post-6163","page","type-page","status-publish","has-post-thumbnail","hentry"],"_links":{"self":[{"href":"https:\/\/photo-portrait.com\/en\/wp-json\/wp\/v2\/pages\/6163","targetHints":{"allow":["GET"]}}],"collection":[{"href":"https:\/\/photo-portrait.com\/en\/wp-json\/wp\/v2\/pages"}],"about":[{"href":"https:\/\/photo-portrait.com\/en\/wp-json\/wp\/v2\/types\/page"}],"author":[{"embeddable":true,"href":"https:\/\/photo-portrait.com\/en\/wp-json\/wp\/v2\/users\/2"}],"replies":[{"embeddable":true,"href":"https:\/\/photo-portrait.com\/en\/wp-json\/wp\/v2\/comments?post=6163"}],"version-history":[{"count":0,"href":"https:\/\/photo-portrait.com\/en\/wp-json\/wp\/v2\/pages\/6163\/revisions"}],"wp:featuredmedia":[{"embeddable":true,"href":"https:\/\/photo-portrait.com\/en\/wp-json\/wp\/v2\/media\/6178"}],"wp:attachment":[{"href":"https:\/\/photo-portrait.com\/en\/wp-json\/wp\/v2\/media?parent=6163"}],"curies":[{"name":"wp","href":"https:\/\/api.w.org\/{rel}","templated":true}]}}