{"id":55,"date":"2016-09-13T15:13:06","date_gmt":"2016-09-13T12:13:06","guid":{"rendered":"http:\/\/photo-portrait.com\/?page_id=55"},"modified":"2024-05-09T01:52:27","modified_gmt":"2024-05-09T01:52:27","slug":"contact","status":"publish","type":"page","link":"https:\/\/photo-portrait.com\/en\/contact\/","title":{"rendered":"Contact"},"content":{"rendered":"<section class=\"fw-main-row\">\n<div class=\"fw-container\">\n<div class=\"fw-row\">\n<div class=\"fw-col-xs-12\">\n<h2 class=\"fw-special-title base\" style=\"margin-top: 89px;\">Courriel et t\u00e9l\u00e9phone<\/h2>\n<p>T\u00e9l\u00e9phone:<br \/><a href=\"tel:+1 418 262-3687\">+1 (418) 262-3687<\/a><br \/>Courriel:<br \/><a href=\"mailto:info@photo-portrait.com\">info@photo-portrait.com<\/a><\/p>\n<\/div>\n<\/div>\n<div class=\"fw-row\">\n<div class=\"fw-col-xs-12\"><hr \/><\/div>\n<\/div>\n<div class=\"fw-row\">\n<div class=\"fw-col-xs-12\">\n<h2 class=\"fw-special-title base\">\u00c9crivez-moi \u00e0 : <a href=\"mailto:info@photo-portrait.com\">info@photo-portrait.com<\/a><span style=\"color: initial; font-size: revert;\">\u00a0<\/span><\/h2>\n<div id=\"wpcf7-f3510-o1\" class=\"wpcf7 no-js\" dir=\"ltr\" lang=\"fr-CA\">\n<div class=\"wpcf7-response-output\" aria-hidden=\"true\">\u00a0<\/div>\n<\/div>\n<\/div>\n<\/div>\n<\/div>\n<\/section>\n<p><!-- eb250a40ed0177361a8f3c0528eeaa75 --><\/p>\n\n\n<div style=\"height:116px\" aria-hidden=\"true\" class=\"wp-block-spacer\"><\/div>","protected":false},"excerpt":{"rendered":"<p>Courriel et t\u00e9l\u00e9phone T\u00e9l\u00e9phone:+1 (418) 262-3687Courriel:info@photo-portrait.com \u00c9crivez-moi \u00e0 : info@photo-portrait.com\u00a0 \u00a0<\/p>","protected":false},"author":2,"featured_media":0,"parent":0,"menu_order":0,"comment_status":"closed","ping_status":"closed","template":"page-landing.php","meta":{"_editorskit_title_hidden":false,"_editorskit_reading_time":0,"_editorskit_is_block_options_detached":false,"_editorskit_block_options_position":"{}","footnotes":""},"class_list":["post-55","page","type-page","status-publish","hentry"],"_links":{"self":[{"href":"https:\/\/photo-portrait.com\/en\/wp-json\/wp\/v2\/pages\/55","targetHints":{"allow":["GET"]}}],"collection":[{"href":"https:\/\/photo-portrait.com\/en\/wp-json\/wp\/v2\/pages"}],"about":[{"href":"https:\/\/photo-portrait.com\/en\/wp-json\/wp\/v2\/types\/page"}],"author":[{"embeddable":true,"href":"https:\/\/photo-portrait.com\/en\/wp-json\/wp\/v2\/users\/2"}],"replies":[{"embeddable":true,"href":"https:\/\/photo-portrait.com\/en\/wp-json\/wp\/v2\/comments?post=55"}],"version-history":[{"count":14,"href":"https:\/\/photo-portrait.com\/en\/wp-json\/wp\/v2\/pages\/55\/revisions"}],"predecessor-version":[{"id":8172,"href":"https:\/\/photo-portrait.com\/en\/wp-json\/wp\/v2\/pages\/55\/revisions\/8172"}],"wp:attachment":[{"href":"https:\/\/photo-portrait.com\/en\/wp-json\/wp\/v2\/media?parent=55"}],"curies":[{"name":"wp","href":"https:\/\/api.w.org\/{rel}","templated":true}]}}