{"id":3325,"date":"2019-02-19T21:38:00","date_gmt":"2019-02-19T21:38:00","guid":{"rendered":"http:\/\/photo-portrait.com\/?page_id=3325"},"modified":"2025-01-06T16:57:31","modified_gmt":"2025-01-06T16:57:31","slug":"mes-services-de-photographie-a-quebec","status":"publish","type":"page","link":"https:\/\/photo-portrait.com\/en\/pages\/mes-services-de-photographie-a-quebec\/","title":{"rendered":"Services"},"content":{"rendered":"<p><section  class=\"fw-main-row\"  >\r\n\t<div class=\"fw-container\">\r\n\t\t<div class=\"fw-row\">\n\t<div class=\"fw-col-xs-12\" style=\"\">\r\n\t\n\t<div class=\"fw-divider-space\" style=\"padding-top: 0px;\"><\/div>\n<\/div>\r\n<\/div>\n\n\t<\/div>\r\n<\/section>\r\n<section  class=\"fw-main-row\" style=\"padding-top:60px;padding-bottom:60px;\" >\r\n\t<div class=\"fw-container\">\r\n\t\t<div class=\"fw-row\">\n\t<div class=\"fw-col-xs-12\" style=\"\">\r\n\t<h2 class='fw-special-title base tac' style='margin-bottom:-50pxpx;'>\r\n\t<span>Services<\/span>\r\n\t<\/h2><\/div>\r\n<\/div>\n\n<div class=\"fw-row\">\n\t<div class=\"fw-col-xs-12\" style=\"\">\r\n\t\r\n<p style=\"text-align: center; line-height: 2.5em;\"><a href=\"http:\/\/photo-portrait.com\/2814-2\/\" target=\"_blank\" rel=\"noopener\">\u00a0<\/a><a href=\"http:\/\/photo-portrait.com\/photographe-de-gens-affaire\/\" target=\"_blank\" rel=\"noopener\">PORTRAIT AFFAIRES<\/a>\u00a0 \u00a0\u00a0<a href=\"http:\/\/photo-portrait.com\/portraits-personnel\/\" target=\"_blank\" rel=\"noopener\">PORTRAIT PERSONNEL<\/a> \u00a0\u00a0 <a href=\"http:\/\/photo-portrait.com\/boudoir-et-sensualite\/\" target=\"_blank\" rel=\"noopener\">CORPS ET SENSUALIT\u00c9<\/a> \u00a0 \u00a0<a href=\"http:\/\/photo-portrait.com\/photographie-dartistes-et-de-personnalites\/\" target=\"_blank\" rel=\"noopener\">PORTRAIT D\u2019ARTISTE ET MUSICIEN<\/a> \u00a0\u00a0 <a href=\"http:\/\/photo-portrait.com\/photographie-de-mode-et-de-beaute\/\" target=\"_blank\" rel=\"noopener\">MODE ET BEAUT\u00c9<\/a>\u00a0 \u00a0 <a href=\"http:\/\/photo-portrait.com\/service-de-stylisme\/\">STYLISME<\/a> \u00a0\u00a0 <a href=\"http:\/\/photo-portrait.com\/portrait-artistique\/\" target=\"_blank\" rel=\"noopener\">PORTRAIT ARTISTIQUE<\/a> \u00a0\u00a0 <a href=\"http:\/\/photo-portrait.com\/portrait-de-profil\/\" target=\"_blank\" rel=\"noopener\">PORTRAIT PROFIL R\u00c9SEAUX<\/a> \u00a0\u00a0 <a href=\"http:\/\/photo-portrait.com\/services-de-photo-specialises\/\" target=\"_blank\" rel=\"noopener\">AUTRES SERVICES<\/a><\/p>\r\n<\/div>\r\n<\/div>\n\n<div class=\"fw-row\">\n\t<div class=\"fw-col-xs-12\" style=\"\">\r\n\t\t<div class=\"icon-box-area\">\r\n\t\t\t\t<div class=\"icon-box-col\">\r\n\t\t\t<div class=\"icon icon-font icon-paint-brush\"><\/div>\r\n\t\t\t<h3>PORTRAIT ARTISTIQUE<\/h3>\r\n\t\t\t<p>Projet de portrait artistique de type fine art,  photo d\u2019art de qualit\u00e9 archive et mus\u00e9ale, oeuvre d\u2019art murale, photo encadr\u00e9e, vision et concept cr\u00e9atifs, portrait tableau haut de gamme<\/p>\r\n\t\t<\/div>\r\n\t\t\t\t<div class=\"icon-box-col\">\r\n\t\t\t<div class=\"icon icon-font icon-orientation\"><\/div>\r\n\t\t\t<h3>PORTRAIT CORPORATIF<\/h3>\r\n\t\t\t<p>Portrait corporatif, photographe corporatif, photographie corporative, portraits d\u2019\u00e9quipe, portraits d\u2019employ\u00e9s, portrait de groupe, portraits de comit\u00e9s et associations, photo corporative, corporate photographer, portrait LinkedIn, profesional headshot, business portrait<\/p>\r\n\t\t<\/div>\r\n\t\t\t\t<div class=\"icon-box-col\">\r\n\t\t\t<div class=\"icon icon-font icon-photo-camera\"><\/div>\r\n\t\t\t<h3>PORTRAIT PERSONNEL<\/h3>\r\n\t\t\t<p>Portrait personnel, portrait en studio, photos personnelles, portrait \u00e0 l\u2019ext\u00e9rieur, portrait r\u00e9seaux sociaux, portrait Instragram, photo Instragram, professionnel portrait.\r\n<\/p>\r\n\t\t<\/div>\r\n\t\t\t\t<div class=\"icon-box-col\">\r\n\t\t\t<div class=\"icon icon-font icon-cloud\"><\/div>\r\n\t\t\t<h3>PORTRAIT DE PROFIL<\/h3>\r\n\t\t\t<p><\/p>\r\n\t\t<\/div>\r\n\t\t\t\t<div class=\"icon-box-col\">\r\n\t\t\t<div class=\"icon icon-font icon-eye\"><\/div>\r\n\t\t\t<h3>CORPS ET SENSUALIT\u00c9<\/h3>\r\n\t\t\t<p>Photographie de boudoir, photographe de boudoir, photo de charme, photos sensuelles, photogaphie sensuelle, photo sexy, s\u00e9ance photo os\u00e9e, s\u00e9ance de photographie coquette,  calendrier sensuel, photos coquines, nu artistique, nus artistique, nu noir et blanc, l\u2019\u00e9rotisme \r\n<\/p>\r\n\t\t<\/div>\r\n\t\t\t\t<div class=\"icon-box-col\">\r\n\t\t\t<div class=\"icon icon-font icon-star\"><\/div>\r\n\t\t\t<h3>ARTISTES ET MUSICIENS<\/h3>\r\n\t\t\t<p>Photographe de musiciens, photographie de musicien, portrait d\u2019auteur, portraits d\u2019artistes de sc\u00e8ne, portrait de chanteur,  photographie d\u2019auteurs, portfolio de casting, portrait d\u2019acteur, portfolio de com\u00e9dien, photos d\u2019acteurs, photos de livre d\u2019auteur, pochette de disque, site web, blogue, photo de presse, affiches de spectacle, affiche de CD musique, portrait \u00e9ditorial\r\n<\/p>\r\n\t\t<\/div>\r\n\t\t\t\t<div class=\"icon-box-col\">\r\n\t\t\t<div class=\"icon icon-font icon-heart\"><\/div>\r\n\t\t\t<h3>MODE ET DE BEAUT\u00c9<\/h3>\r\n\t\t\t<p>Photographie de mode \u00e0 Qu\u00e9bec, portfolio de mannequin dans la r\u00e9gion de Qu\u00e9bec, s\u00e9ance photo de mode, s\u00e9ance glamour, mannequin d\u2019un jour, book de mode, model headshot, fashion photoshoot<\/p>\r\n\t\t<\/div>\r\n\t\t\t\t<div class=\"icon-box-col\">\r\n\t\t\t<div class=\"icon icon-font icon-musical-note\"><\/div>\r\n\t\t\t<h3>LE CORPS ET LA DANSE<\/h3>\r\n\t\t\t<p>Photographie du corps, le nu noir et blanc, les nus acad\u00e9miques, le nu classique, le nu abstrait, le nu artistique, le corps de danseurs, danseur, danseuses, ballet classique, danse contemporaine, photographie de danseuses, spectacle, spectacle de danse,  le cirque, le yoga\r\n<\/p>\r\n\t\t<\/div>\r\n\t\t\t\t<div class=\"icon-box-col\">\r\n\t\t\t<div class=\"icon icon-font icon-paint-brush\"><\/div>\r\n\t\t\t<h3>ARTS VISUELS<\/h3>\r\n\t\t\t<p>Arts visuels, installation photo, photographie d\u2019art, \u0153uvres conceptuelles, art num\u00e9rique, cr\u00e9ation num\u00e9rique, images num\u00e9riques, art contemporain, art actuel, s\u00e9ries de photographies, livres.<\/p>\r\n\t\t<\/div>\r\n\t\t\t\t<div class=\"icon-box-col\">\r\n\t\t\t<div class=\"icon icon-font icon-computer\"><\/div>\r\n\t\t\t<h3>AUTRES SERVICES<\/h3>\r\n\t\t\t<p>Service de retouches de photos de tout genre. Conception et direction artistiques<\/p>\r\n\t\t<\/div>\r\n\t\t\t<\/div>\r\n<\/div>\r\n<\/div>\n\n\t<\/div>\r\n<\/section>\r\n<section  class=\"fw-main-row\" style=\"background-color:#ededed;padding-left:15px;padding-right:15px;padding-top:30px;padding-bottom:40px;\" >\r\n\t<div class=\"fw-container-fluid\">\r\n\t\t<div class=\"fw-row\">\n\t\t\r\n\t<div class=\"fw-col-xs-12 fw-col-md-4 fw-col-lg-6  is-col\" style=\"\">\r\n\t\t\t\t\t<div class=\"side-image\" style=\"background-image: url(\/\/photo-portrait.com\/wp-content\/uploads\/2024\/04\/20200811_white-wall-studio_HDR-scaled.jpg);\">\r\n\t\t\t\t<img decoding=\"async\" src=\"\/\/photo-portrait.com\/wp-content\/uploads\/2024\/04\/20200811_white-wall-studio_HDR-scaled.jpg\" alt=\"\">\r\n\t\t\t<\/div>\r\n\t\t\t<\/div>\r\n\t\r\n\t<div class=\"fw-col-xs-12 fw-col-md-8 fw-col-lg-6  is-col\" style=\"padding-bottom:-50pxpx;\">\r\n\t\t\t\t\t<div class=\"is-text\">\r\n\t\t\t\r\n\r\n\r\n<div class=\"tabs-area tal\">\r\n\t<ul class=\"tabs-head\">\r\n\t\t\t\t<li class=\"active-tab\">Mon Approche<\/li>\r\n\t\t\t\t<li >D\u00e9roulement<\/li>\r\n\t\t\t<\/ul>\r\n\t\t<div class=\"tab-content visible\">\r\n\t\t<h2 class=\"h1 heading-decor\">Mon Approche<\/h2>\r\n\t\t<p>Lors de nos rencontres, nous nous apprivoisons tranquillement, tout en jasant. J\u2019aime\r\ntant sentir la confiance s\u2019\u00e9tablir naturellement entre nous et voir s\u2019ouvrir une porte sur\r\nleur monde, leurs go\u00fbts et les traits de caract\u00e8re bien \u00e0 eux. Mon intuition, mon\r\nparcours en arts visuels et mon exp\u00e9rience technique acquises depuis plus de vingt ans\r\nsont les outils qui r\u00e9v\u00e8lent de fa\u00e7on tr\u00e8s personnalis\u00e9e vos portraits sur mesure. En\r\nphotographie, la lumi\u00e8re bien ma\u00eetris\u00e9es combin\u00e9e aux r\u00e9glages de l\u2019appareil photo\r\npr\u00e9cis et \u00e0 un concept d\u2019image permettent de mettre en valeur vos plus beaux atouts. Je\r\nprends un grand soin de faire des recherches techniques et artistiques qui inspirent la\r\nmise en sc\u00e8ne et l\u2019ambiance unique qui feront de vos photos des r\u00e9elles \u0153uvres d\u2019art\r\nqui se d\u00e9marquent par leurs qualit\u00e9s artistiques et leur originalit\u00e9.\r\nLe myst\u00e8re de ne pas savoir ce qui appara\u00eetra le jour de la s\u00e9ance photo, ce qui surgit\r\npar la magie du moment pr\u00e9sent m\u2019intrigue. Cette collaboration, cette rencontre des\r\nid\u00e9es et des exp\u00e9riences m\u2019emballent, me font vibrer et me donnent envie de\r\npoursuivre cette belle exploration de l\u2019image photographique avec vous.<\/p>\r\n\t\t\t\t<a href=\"http:\/\/photo-portrait.com\/contact\/\" class=\"button-style1\" style=\"margin-top: 45px;margin-bottom: 65px;\"><span>Contactez-moi<\/span><\/a>\r\n\t\t\t<\/div>\r\n\t\t<div class=\"tab-content\">\r\n\t\t<h2 class=\"h1 heading-decor\">D\u00e9roulement<\/h2>\r\n\t\t<p><\/p>\r\n\t\t\t<\/div>\r\n\t<\/div>\t\t\t<\/div>\r\n\t\t\t<\/div>\r\n<\/div>\n\n\t<\/div>\r\n<\/section>\r\n<div  class=\"fw-main-row\"  >\r\n\t<div class=\"fw-container-fluid no-padding\">\r\n\t\t<div class=\"fw-row\">\n\t<div class=\"fw-col-xs-12\" style=\"\">\r\n\t\r\n<section class=\"banner-block animated fw-main-row dark-bg full-screen parallax\" style=\"background-image: url(\/\/photo-portrait.com\/wp-content\/uploads\/2018\/12\/Studio-Photographe-Portneuf_JKM0054_W.jpg);\">\r\r\n\t<div class=\"fw-container centered-container tac\">\r\r\n\t\t\r\n\t\t<h5 class=\"uppercase\">Travail avec moi<\/h5>\r\r\n\t\t\r\n\t\t<h2 class=\"h1\">PR\u00caT \u00c0 COMMENCER ? <\/h2>\r\r\n\t\t\r\n\t\t<p><i>Contactez-moi d\u00e8s maintenant pour une s\u00e9ance photo professionnelle ! <\/i><\/p>\r\r\n\t\t\r\n\t\t<a href=\"http:\/\/photo-portrait.com\/contact\/\" class=\"button-style1 white\"><span>Contact<\/span><\/a>\r\r\n\t\t\r\n\t<\/div>\r\r\n<\/section><\/div>\r\n<\/div>\n\n\t<\/div>\r\n<\/div>\r\n<\/p>","protected":false},"excerpt":{"rendered":"<p>Services \u00a0PORTRAIT AFFAIRES\u00a0 \u00a0\u00a0PORTRAIT PERSONNEL \u00a0\u00a0 CORPS ET SENSUALIT\u00c9 \u00a0 \u00a0PORTRAIT D\u2019ARTISTE ET MUSICIEN \u00a0\u00a0 MODE ET BEAUT\u00c9\u00a0 \u00a0 STYLISME \u00a0\u00a0 PORTRAIT ARTISTIQUE \u00a0\u00a0 PORTRAIT PROFIL R\u00c9SEAUX \u00a0\u00a0 AUTRES SERVICES PORTRAIT ARTISTIQUE Projet de portrait artistique de type fine art, photo d\u2019art de qualit\u00e9 archive et mus\u00e9ale, oeuvre d\u2019art murale, photo encadr\u00e9e, vision et concept [&hellip;]<\/p>","protected":false},"author":2,"featured_media":0,"parent":16,"menu_order":0,"comment_status":"closed","ping_status":"closed","template":"page-landing.php","meta":{"_editorskit_title_hidden":false,"_editorskit_reading_time":0,"_editorskit_is_block_options_detached":false,"_editorskit_block_options_position":"{}","footnotes":""},"class_list":["post-3325","page","type-page","status-publish","hentry"],"_links":{"self":[{"href":"https:\/\/photo-portrait.com\/en\/wp-json\/wp\/v2\/pages\/3325","targetHints":{"allow":["GET"]}}],"collection":[{"href":"https:\/\/photo-portrait.com\/en\/wp-json\/wp\/v2\/pages"}],"about":[{"href":"https:\/\/photo-portrait.com\/en\/wp-json\/wp\/v2\/types\/page"}],"author":[{"embeddable":true,"href":"https:\/\/photo-portrait.com\/en\/wp-json\/wp\/v2\/users\/2"}],"replies":[{"embeddable":true,"href":"https:\/\/photo-portrait.com\/en\/wp-json\/wp\/v2\/comments?post=3325"}],"version-history":[{"count":20,"href":"https:\/\/photo-portrait.com\/en\/wp-json\/wp\/v2\/pages\/3325\/revisions"}],"predecessor-version":[{"id":8476,"href":"https:\/\/photo-portrait.com\/en\/wp-json\/wp\/v2\/pages\/3325\/revisions\/8476"}],"up":[{"embeddable":true,"href":"https:\/\/photo-portrait.com\/en\/wp-json\/wp\/v2\/pages\/16"}],"wp:attachment":[{"href":"https:\/\/photo-portrait.com\/en\/wp-json\/wp\/v2\/media?parent=3325"}],"curies":[{"name":"wp","href":"https:\/\/api.w.org\/{rel}","templated":true}]}}