{"id":3263,"date":"2019-02-18T19:18:40","date_gmt":"2019-02-18T19:18:40","guid":{"rendered":"http:\/\/photo-portrait.com\/?page_id=3263"},"modified":"2019-04-02T18:29:22","modified_gmt":"2019-04-02T18:29:22","slug":"formations-2013","status":"publish","type":"page","link":"https:\/\/photo-portrait.com\/en\/formations-2013\/","title":{"rendered":"FORMATIONS ET ATELIERS DE PHOTOGRAPHIE 2013"},"content":{"rendered":"<p><section  class=\"fw-main-row\"  >\r\n\t<div class=\"fw-container\">\r\n\t\t<div class=\"fw-row\">\n\t<div class=\"fw-col-xs-12\" style=\"\">\r\n\t\n\t<div class=\"fw-divider-space\" style=\"padding-top: 160px;\"><\/div>\n<h2 class='fw-special-title base tac' style='font-weight: 500; '>\r\n\t<span>FORMATIONS 2013<\/span>\r\n\t<\/h2>\r\n<h3><strong>ATELIER - JE REGARDE ICI<\/strong><\/h3><p>Projet r\u00e9alis\u00e9 \u00e0 Donnacona avec <a href=\"http:\/\/www.larcencielportneuf.org\/\" target=\"_blank\" rel=\"noopener\">l\u2019Arc-en-ciel, un organisme<\/a><br \/>communautaire qui \u0153uvre en sant\u00e9 mentale.<br \/>Le projet Je regarde ici est un projet que j\u2019ai propos\u00e9 au centre l\u2019Arc-en-ciel pendant l\u2019\u00e9t\u00e9<br \/>2013. Il s\u2019adressait \u00e0 un groupe de personnes qui ont un int\u00e9r\u00eat pour la photographie et qui ont envie de cr\u00e9er et d\u2019explorer le monde autour d\u2019eux d\u2019une nouvelle fa\u00e7on. En se servant de l\u2019appareil photo en tant que fen\u00eatre, le quotidien est recadr\u00e9 et fragment\u00e9, le tout simple devient tout pr\u00e9sent et le banal devient myst\u00e9rieux ou surprenant. (\u2026suite page suivante)<\/p><p>L\u2019objectif \u00e9tait d\u2019offrir un outil qui leur permettrait de raconter en image, de regarder autrement et \u00e0 nouveau ce qui est l\u00e0, autour d\u2019eux. Comme nous voyageons souvent pour se d\u00e9payser, d\u00e9couvrir de nouveaux mondes et de nouveaux paysages, l\u2019exercice proposait une fa\u00e7on de regarder ce qui est d\u00e9j\u00e0 l\u00e0 dans leur vie courante. Le voyage sans avoir \u00e0 parcourir un seul kilom\u00e8tre, mais plut\u00f4t en changeant leur point de vue et leur fa\u00e7on de regarder \u00e9tait<br \/>ce que je leur proposais.<\/p><p>R\u00e9parti sur une p\u00e9riode de quatre semaines l\u2019atelier de 120 heures comportait un volet th\u00e9orique et un pratique. Le volet th\u00e9orique permettait de pr\u00e9senter des notions th\u00e9oriques de la photographie comme, entre autres, la composition, la profondeur de champ, l\u2019utilisation de la lumi\u00e8re et les r\u00e9glages de base de l\u2019appareil photo. Durant le volet pratique, ont \u00e9t\u00e9 r\u00e9alis\u00e9es plusieurs explorations de prise de vue comme, la variation du point de vue, du cadrage et de la distance entre eux et le sujet photographi\u00e9. Ils ont \u00e9galement r\u00e9alis\u00e9 des clich\u00e9s avec un mouvement du sujet ou un mouvement de la camera.<\/p><p>Tout en aiguisant leur sens artistique et en explorant leur rapport \u00e0 l\u2019environnement, une d\u00e9finition de l\u2019identit\u00e9 des \u00e9l\u00e8ves et de leur propre langage visuel se d\u00e9finissait. De l\u2019ensemble des photos, semblaient d\u00e9j\u00e0 appara\u00eetre discr\u00e8tement des s\u00e9ries en devenir. Ces s\u00e9ries ont \u00e9t\u00e9 expos\u00e9es le dernier jour de l\u2019atelier sur les murs du studio \u00e0 la mani\u00e8re d\u2019une exposition.<\/p><p><img loading=\"lazy\" decoding=\"async\" class=\"alignnone size-full wp-image-3142\" src=\"http:\/\/photo-portrait.com\/wp-content\/uploads\/2019\/02\/Atelier-photographie-Arc-En-Ciel_MCA0677_W.jpg\" alt=\"\" width=\"2000\" height=\"1328\" srcset=\"https:\/\/photo-portrait.com\/wp-content\/uploads\/2019\/02\/Atelier-photographie-Arc-En-Ciel_MCA0677_W.jpg 2000w, https:\/\/photo-portrait.com\/wp-content\/uploads\/2019\/02\/Atelier-photographie-Arc-En-Ciel_MCA0677_W-300x199.jpg 300w\" sizes=\"auto, (max-width: 2000px) 100vw, 2000px\" \/> <img loading=\"lazy\" decoding=\"async\" class=\"alignnone size-full wp-image-3141\" src=\"http:\/\/photo-portrait.com\/wp-content\/uploads\/2019\/02\/Atelier-photographie-Arc-En-Ciel_MCA0674_W.jpg\" alt=\"\" width=\"1284\" height=\"853\" srcset=\"https:\/\/photo-portrait.com\/wp-content\/uploads\/2019\/02\/Atelier-photographie-Arc-En-Ciel_MCA0674_W.jpg 1284w, https:\/\/photo-portrait.com\/wp-content\/uploads\/2019\/02\/Atelier-photographie-Arc-En-Ciel_MCA0674_W-300x199.jpg 300w, https:\/\/photo-portrait.com\/wp-content\/uploads\/2019\/02\/Atelier-photographie-Arc-En-Ciel_MCA0674_W-570x380.jpg 570w\" sizes=\"auto, (max-width: 1284px) 100vw, 1284px\" \/> <img loading=\"lazy\" decoding=\"async\" class=\"alignnone size-full wp-image-3140\" src=\"http:\/\/photo-portrait.com\/wp-content\/uploads\/2019\/02\/Atelier-photographie-Arc-En-Ciel_MCA0669_W.jpg\" alt=\"\" width=\"770\" height=\"511\" srcset=\"https:\/\/photo-portrait.com\/wp-content\/uploads\/2019\/02\/Atelier-photographie-Arc-En-Ciel_MCA0669_W.jpg 770w, https:\/\/photo-portrait.com\/wp-content\/uploads\/2019\/02\/Atelier-photographie-Arc-En-Ciel_MCA0669_W-300x199.jpg 300w\" sizes=\"auto, (max-width: 770px) 100vw, 770px\" \/> <img loading=\"lazy\" decoding=\"async\" class=\"alignnone size-full wp-image-3139\" src=\"http:\/\/photo-portrait.com\/wp-content\/uploads\/2019\/02\/Atelier-photographie-Arc-En-Ciel_MCA0654_W.jpg\" alt=\"\" width=\"770\" height=\"511\" srcset=\"https:\/\/photo-portrait.com\/wp-content\/uploads\/2019\/02\/Atelier-photographie-Arc-En-Ciel_MCA0654_W.jpg 770w, https:\/\/photo-portrait.com\/wp-content\/uploads\/2019\/02\/Atelier-photographie-Arc-En-Ciel_MCA0654_W-300x199.jpg 300w\" sizes=\"auto, (max-width: 770px) 100vw, 770px\" \/> <img loading=\"lazy\" decoding=\"async\" class=\"alignnone size-full wp-image-3138\" src=\"http:\/\/photo-portrait.com\/wp-content\/uploads\/2019\/02\/Atelier-photographie-Arc-En-Ciel_MCA0651_W.jpg\" alt=\"\" width=\"1250\" height=\"830\" srcset=\"https:\/\/photo-portrait.com\/wp-content\/uploads\/2019\/02\/Atelier-photographie-Arc-En-Ciel_MCA0651_W.jpg 1250w, https:\/\/photo-portrait.com\/wp-content\/uploads\/2019\/02\/Atelier-photographie-Arc-En-Ciel_MCA0651_W-300x199.jpg 300w\" sizes=\"auto, (max-width: 1250px) 100vw, 1250px\" \/> <img loading=\"lazy\" decoding=\"async\" class=\"alignnone size-full wp-image-3137\" src=\"http:\/\/photo-portrait.com\/wp-content\/uploads\/2019\/02\/Atelier-photographie-Arc-En-Ciel_MCA0638_W.jpg\" alt=\"\" width=\"1250\" height=\"830\" srcset=\"https:\/\/photo-portrait.com\/wp-content\/uploads\/2019\/02\/Atelier-photographie-Arc-En-Ciel_MCA0638_W.jpg 1250w, https:\/\/photo-portrait.com\/wp-content\/uploads\/2019\/02\/Atelier-photographie-Arc-En-Ciel_MCA0638_W-300x199.jpg 300w\" sizes=\"auto, (max-width: 1250px) 100vw, 1250px\" \/> <img loading=\"lazy\" decoding=\"async\" class=\"alignnone size-full wp-image-3136\" src=\"http:\/\/photo-portrait.com\/wp-content\/uploads\/2019\/02\/Atelier-photographie-Arc-En-Ciel_MCA0634._W.jpg\" alt=\"\" width=\"2000\" height=\"1328\" srcset=\"https:\/\/photo-portrait.com\/wp-content\/uploads\/2019\/02\/Atelier-photographie-Arc-En-Ciel_MCA0634._W.jpg 2000w, https:\/\/photo-portrait.com\/wp-content\/uploads\/2019\/02\/Atelier-photographie-Arc-En-Ciel_MCA0634._W-300x199.jpg 300w\" sizes=\"auto, (max-width: 2000px) 100vw, 2000px\" \/><\/p>\r\n<\/div>\r\n<\/div>\n\n<div class=\"fw-row\">\n\t<div class=\"fw-col-xs-12\" style=\"\">\r\n\t\t<div class=\"fw-divider-line\"><hr\/><\/div>\n\n<\/div>\r\n<\/div>\n\n\t<\/div>\r\n<\/section>\r\n<section  class=\"fw-main-row\"  >\r\n\t<div class=\"fw-container\">\r\n\t\t<div class=\"fw-row\">\n\t<div class=\"fw-col-xs-12 fw-col-sm-8\" style=\"\">\r\n\t\r\n\r\n<\/div>\r\n<div class=\"fw-col-xs-12 fw-col-sm-4\" style=\"\">\r\n\t<\/div>\r\n<\/div>\n\n\t<\/div>\r\n<\/section>\r\n<\/p>","protected":false},"excerpt":{"rendered":"<p>FORMATIONS 2013 ATELIER &#8211; JE REGARDE ICIProjet r\u00e9alis\u00e9 \u00e0 Donnacona avec l\u2019Arc-en-ciel, un organismecommunautaire qui \u0153uvre en sant\u00e9 mentale.Le projet Je regarde ici est un projet que j\u2019ai propos\u00e9 au centre l\u2019Arc-en-ciel pendant l\u2019\u00e9t\u00e92013. Il s\u2019adressait \u00e0 un groupe de personnes qui ont un int\u00e9r\u00eat pour la photographie et qui ont envie de cr\u00e9er et [&hellip;]<\/p>","protected":false},"author":2,"featured_media":0,"parent":0,"menu_order":0,"comment_status":"closed","ping_status":"closed","template":"page-landing.php","meta":{"_editorskit_title_hidden":false,"_editorskit_reading_time":0,"_editorskit_is_block_options_detached":false,"_editorskit_block_options_position":"{}","footnotes":""},"class_list":["post-3263","page","type-page","status-publish","hentry"],"_links":{"self":[{"href":"https:\/\/photo-portrait.com\/en\/wp-json\/wp\/v2\/pages\/3263","targetHints":{"allow":["GET"]}}],"collection":[{"href":"https:\/\/photo-portrait.com\/en\/wp-json\/wp\/v2\/pages"}],"about":[{"href":"https:\/\/photo-portrait.com\/en\/wp-json\/wp\/v2\/types\/page"}],"author":[{"embeddable":true,"href":"https:\/\/photo-portrait.com\/en\/wp-json\/wp\/v2\/users\/2"}],"replies":[{"embeddable":true,"href":"https:\/\/photo-portrait.com\/en\/wp-json\/wp\/v2\/comments?post=3263"}],"version-history":[{"count":0,"href":"https:\/\/photo-portrait.com\/en\/wp-json\/wp\/v2\/pages\/3263\/revisions"}],"wp:attachment":[{"href":"https:\/\/photo-portrait.com\/en\/wp-json\/wp\/v2\/media?parent=3263"}],"curies":[{"name":"wp","href":"https:\/\/api.w.org\/{rel}","templated":true}]}}