{"id":3256,"date":"2019-02-18T19:06:28","date_gmt":"2019-02-18T19:06:28","guid":{"rendered":"http:\/\/photo-portrait.com\/?page_id=3256"},"modified":"2019-04-02T18:29:40","modified_gmt":"2019-04-02T18:29:40","slug":"formations-2014","status":"publish","type":"page","link":"https:\/\/photo-portrait.com\/en\/formations-2014\/","title":{"rendered":"FORMATIONS ET ATELIERS DE PHOTOGRAPHIE 2014"},"content":{"rendered":"<p><section  class=\"fw-main-row\"  >\r\n\t<div class=\"fw-container\">\r\n\t\t<div class=\"fw-row\">\n\t<div class=\"fw-col-xs-12\" style=\"\">\r\n\t\n\t<div class=\"fw-divider-space\" style=\"padding-top: 160px;\"><\/div>\n<h2 class='fw-special-title base tac' style='font-weight: 500; '>\r\n\t<span>FORMATIONS 2014<\/span>\r\n\t<\/h2>\r\n<div><b>Atelier de photographie pour tous<\/b><\/div><div><\/div><h3><strong>Th\u00e8me: Le portrait et la lumi\u00e8re\u00a0<\/strong><\/h3><div><em>D\u00e9monstration avec un mod\u00e8le des diff\u00e9rentes techniques d'\u00e9clairage simple pour r\u00e9aliser de beaux portraits avec de simples lampes domestiques et des r\u00e9flecteurs.<\/em><\/div><div><\/div><div>Dur\u00e9e: 2 heures<\/div><div><\/div><div>Mat\u00e9riel requis: uniquement ce qui vous convient pour prendre des notes<\/div><div><\/div><div>Lieu: <a href=\"https:\/\/villededonnacona.com\/fr\/loisirs-culture-vie-communautaire\/maison-de-la-culture-g-h-g\">Maison de la culture Georges-H\u00e9bert-Germain<\/a><\/div><div><\/div><div>Offert par: <a href=\"https:\/\/villededonnacona.com\/fr\/services-aux-citoyens\/loisirs-culture-vie-communautaire\">Comit\u00e9 Culturel de la Ville de Donnacona<\/a><\/div><div><\/div><div>Programmation des activit\u00e9s des Journ\u00e9es de la Culture 2014<\/div><div><\/div><div>Th\u00e8me: Le portrait et la lumi\u00e8re<\/div><div><img loading=\"lazy\" decoding=\"async\" class=\"alignnone size-full wp-image-3183\" src=\"http:\/\/photo-portrait.com\/wp-content\/uploads\/2019\/02\/ATELIER-PORTRAIT_Lumiere-domestique_Carre_2456_W.jpg\" alt=\"\" width=\"1000\" height=\"905\" srcset=\"https:\/\/photo-portrait.com\/wp-content\/uploads\/2019\/02\/ATELIER-PORTRAIT_Lumiere-domestique_Carre_2456_W.jpg 1000w, https:\/\/photo-portrait.com\/wp-content\/uploads\/2019\/02\/ATELIER-PORTRAIT_Lumiere-domestique_Carre_2456_W-300x272.jpg 300w\" sizes=\"auto, (max-width: 1000px) 100vw, 1000px\" \/><\/div><div><h3>Projet photo \/ Les pr\u00e9jug\u00e9s<\/h3><p>Projet r\u00e9alis\u00e9 \u00e0 Ste-Foy<\/p><p>Client:\u00a0<a href=\"http:\/\/maisonrichelieu.org\/\" target=\"_blank\" rel=\"noopener\">Maison Richelieu<\/a><br \/>Centre d'h\u00e9bergement jeunesse<\/p><p><em>Le projet Les pr\u00e9jug\u00e9s a \u00e9t\u00e9 propos\u00e9 \u00e0 la Maison Richelieu en 2014. Il s\u2019adressait \u00e0 un groupe de jeunes adolescentes en difficult\u00e9. Le projet leur a permis d\u2019exp\u00e9rimenter toutes les \u00e9tapes artistiques et techniques de production d\u2019images photographiques r\u00e9alis\u00e9es en studio traitant de la th\u00e9matique des pr\u00e9jug\u00e9s.<\/em><\/p><p><strong>QUATRE ATELIERS<\/strong><br \/>Dur\u00e9e des trois premiers ateliers\u00a0: 2 heures<br \/>Dur\u00e9e du quatri\u00e8me atelier\u00a0: 6 heures<br \/>Dur\u00e9e du quatri\u00e8me atelier\u00a0: 3 heures<br \/>Nombre d\u2019heures au total\u00a0: 18 heures<\/p><p>Atelier 1<br \/>Nombre d\u2019heures\u00a0: 2<br \/>\uf076 Pr\u00e9sentation du projet avec quelques exemples de projets photos qui traitent d\u2019un th\u00e8me.<br \/>\uf076 Pr\u00e9sentation de fa\u00e7on diff\u00e9rentes de cr\u00e9er un espace dans lequel le portrait se pr\u00e9sent\u00e9 (type de lumi\u00e8re, fond, cadrage et \u00e9clairage.<br \/>\uf076 Discussion en lien avec le th\u00e8me des pr\u00e9jug\u00e9s et s\u00e9lection du pr\u00e9jug\u00e9 qui sera illustr\u00e9<br \/>\uf076 Jumelage entre une personne qui ex\u00e9cutera la prise de vue et une personne qui sera le sujet et qui \u00e9crira un cours texte concernant le pr\u00e9jug\u00e9.<\/p><p>Atelier 2<br \/>Nombre d\u2019heures\u00a0: 2<br \/>\uf076 Pr\u00e9sentation de l\u2019\u00e9quipement photo (\u00e9clairage, cam\u00e9ras, fonds de sc\u00e8ne, poste d\u2019informatique)<br \/>\uf076 Quelques d\u00e9monstrations rudimentaires du fonctionnement des outils de travail (cam\u00e9ras, flash \u00e9lectroniques et Photoshop)<\/p><p>Atelier 3<br \/>Nombre d\u2019heures\u00a0: 3<br \/>\uf076 Pr\u00e9sentation du pr\u00e9jug\u00e9 s\u00e9lectionn\u00e9 de chacune avec une description du message qui sera illustr\u00e9.<br \/>\uf076 Lecture du texte qui accompagnera la ou les photographies<br \/>\uf076 Planification des v\u00eatements des accessoires, de la coiffure et du maquillage du sujet<br \/>\uf076 Planification de l\u2019\u00e9clairage, du montage du d\u00e9cor et de l\u2019\u00e9quipement photographique<br \/>\uf076 \u00c9laboration de l\u2019horaire de la s\u00e9ance<\/p><p>Atelier 4<br \/>Avant-midi\u00a0:<br \/>Nombre d\u2019heures\u00a0: 3<\/p><p>\uf076 Montage du studio (environ 1,5 heures)<br \/>\uf076 Montage du poste d\u2019informatique (15 minutes)<br \/>\uf076 Maquillage, coiffure (1 heures)<br \/>\uf076 Stylisme (v\u00eatements et accessoires15 minutes)<br \/>Apr\u00e8s-midi\u00a0:<br \/>Nombre d\u2019heures\u00a0: 3<br \/>\uf076 Prise de vue (3 heures dont\u00a0: 9 s\u00e9ances de 20 min. chaque)<\/p><p>Atelier 5<br \/>Nombre d\u2019heures\u00a0: 3<br \/>\uf076 S\u00e9lection des photos (2 heures)<br \/>\uf076 Traitement des photos (45 minutes)<br \/>\uf076 Archivage et transfert sur CD, cl\u00e9 USB ou disque dur externe (15 minutes)<\/p><p><em><strong>NB: Les photos en exemples sont celles des participantes et certaines ont d\u00fb \u00eatre recadr\u00e9es pour des questions de confidentialit\u00e9<\/strong><\/em><\/p><p><img loading=\"lazy\" decoding=\"async\" class=\"alignnone size-full wp-image-3181\" src=\"http:\/\/photo-portrait.com\/wp-content\/uploads\/2019\/02\/INV_6469_W.jpg\" alt=\"\" width=\"803\" height=\"791\" srcset=\"https:\/\/photo-portrait.com\/wp-content\/uploads\/2019\/02\/INV_6469_W.jpg 803w, https:\/\/photo-portrait.com\/wp-content\/uploads\/2019\/02\/INV_6469_W-300x296.jpg 300w\" sizes=\"auto, (max-width: 803px) 100vw, 803px\" \/> <img loading=\"lazy\" decoding=\"async\" class=\"alignnone size-full wp-image-3180\" src=\"http:\/\/photo-portrait.com\/wp-content\/uploads\/2019\/02\/INV_6289_W.jpg\" alt=\"\" width=\"2000\" height=\"1069\" srcset=\"https:\/\/photo-portrait.com\/wp-content\/uploads\/2019\/02\/INV_6289_W.jpg 2000w, https:\/\/photo-portrait.com\/wp-content\/uploads\/2019\/02\/INV_6289_W-300x160.jpg 300w\" sizes=\"auto, (max-width: 2000px) 100vw, 2000px\" \/> <img loading=\"lazy\" decoding=\"async\" class=\"alignnone size-full wp-image-3179\" src=\"http:\/\/photo-portrait.com\/wp-content\/uploads\/2019\/02\/INV_01_6352_W.jpg\" alt=\"\" width=\"1690\" height=\"1250\" srcset=\"https:\/\/photo-portrait.com\/wp-content\/uploads\/2019\/02\/INV_01_6352_W.jpg 1690w, https:\/\/photo-portrait.com\/wp-content\/uploads\/2019\/02\/INV_01_6352_W-300x222.jpg 300w\" sizes=\"auto, (max-width: 1690px) 100vw, 1690px\" \/><\/p><\/div>\r\n<\/div>\r\n<\/div>\n\n<div class=\"fw-row\">\n\t<div class=\"fw-col-xs-12\" style=\"\">\r\n\t\t<div class=\"fw-divider-line\"><hr\/><\/div>\n\n<\/div>\r\n<\/div>\n\n\t<\/div>\r\n<\/section>\r\n<section  class=\"fw-main-row\"  >\r\n\t<div class=\"fw-container\">\r\n\t\t<div class=\"fw-row\">\n\t<div class=\"fw-col-xs-12 fw-col-sm-8\" style=\"\">\r\n\t\r\n\r\n<\/div>\r\n<div class=\"fw-col-xs-12 fw-col-sm-4\" style=\"\">\r\n\t<\/div>\r\n<\/div>\n\n\t<\/div>\r\n<\/section>\r\n<\/p>","protected":false},"excerpt":{"rendered":"<p>FORMATIONS 2014 Atelier de photographie pour tousTh\u00e8me: Le portrait et la lumi\u00e8re\u00a0D\u00e9monstration avec un mod\u00e8le des diff\u00e9rentes techniques d&rsquo;\u00e9clairage simple pour r\u00e9aliser de beaux portraits avec de simples lampes domestiques et des r\u00e9flecteurs.Dur\u00e9e: 2 heuresMat\u00e9riel requis: uniquement ce qui vous convient pour prendre des notesLieu: Maison de la culture Georges-H\u00e9bert-GermainOffert par: Comit\u00e9 Culturel de la [&hellip;]<\/p>","protected":false},"author":2,"featured_media":0,"parent":0,"menu_order":0,"comment_status":"closed","ping_status":"closed","template":"page-landing.php","meta":{"_editorskit_title_hidden":false,"_editorskit_reading_time":0,"_editorskit_is_block_options_detached":false,"_editorskit_block_options_position":"{}","footnotes":""},"class_list":["post-3256","page","type-page","status-publish","hentry"],"_links":{"self":[{"href":"https:\/\/photo-portrait.com\/en\/wp-json\/wp\/v2\/pages\/3256","targetHints":{"allow":["GET"]}}],"collection":[{"href":"https:\/\/photo-portrait.com\/en\/wp-json\/wp\/v2\/pages"}],"about":[{"href":"https:\/\/photo-portrait.com\/en\/wp-json\/wp\/v2\/types\/page"}],"author":[{"embeddable":true,"href":"https:\/\/photo-portrait.com\/en\/wp-json\/wp\/v2\/users\/2"}],"replies":[{"embeddable":true,"href":"https:\/\/photo-portrait.com\/en\/wp-json\/wp\/v2\/comments?post=3256"}],"version-history":[{"count":0,"href":"https:\/\/photo-portrait.com\/en\/wp-json\/wp\/v2\/pages\/3256\/revisions"}],"wp:attachment":[{"href":"https:\/\/photo-portrait.com\/en\/wp-json\/wp\/v2\/media?parent=3256"}],"curies":[{"name":"wp","href":"https:\/\/api.w.org\/{rel}","templated":true}]}}