{"id":3153,"date":"2019-02-12T20:05:20","date_gmt":"2019-02-12T20:05:20","guid":{"rendered":"http:\/\/photo-portrait.com\/?page_id=3153"},"modified":"2024-04-25T20:40:21","modified_gmt":"2024-04-25T20:40:21","slug":"formations-2018","status":"publish","type":"page","link":"https:\/\/photo-portrait.com\/en\/formations-2018\/","title":{"rendered":"FORMATIONS ET ATELIERS DE PHOTOGRAPHIE 2018"},"content":{"rendered":"<p><section  class=\"fw-main-row\"  >\r\n\t<div class=\"fw-container\">\r\n\t\t<div class=\"fw-row\">\n\t<div class=\"fw-col-xs-12\" style=\"\">\r\n\t\n\t<div class=\"fw-divider-space\" style=\"padding-top: 160px;\"><\/div>\n<h2 class='fw-special-title base tac' style='font-weight: 500; '>\r\n\t<span>FORMATIONS<\/span>\r\n\t<\/h2>\r\n<p><strong>ATELIERS PHOTO TH\u00c9MATIQUES<\/strong><\/p><p>Printemps-\u00c9t\u00e9 2018<\/p><p>Places limit\u00e9es \u00e0 10 (annul\u00e9 si moins de 6 inscriptions)<\/p><p><strong>8 MARS\u00a0: La lumi\u00e8re\u2026 l\u2019observer, la comprendre<\/strong><\/p><ul><li>Identifier la source de la lumi\u00e8re et sa position par rapport au sujet \u00e0 photographier<\/li><li>Observer ce qu\u2019elle r\u00e9v\u00e8le du sujet \u00e0 photographier selon notre position<\/li><li>R\u00e9gler son appareil en mode automatique ou manuel selon les diff\u00e9rents types de lumi\u00e8re<\/li><li>Comprendre les diff\u00e9rences entre la lumi\u00e8re directe, indirecte et diffuse.<\/li><li>Modeler le sujet de diff\u00e9rentes mani\u00e8res avec la lumi\u00e8re naturelle et artificielle<\/li><\/ul><p><img loading=\"lazy\" decoding=\"async\" class=\"alignnone size-full wp-image-2773\" src=\"http:\/\/photo-portrait.com\/wp-content\/uploads\/2019\/01\/Atelier_La-lumie\u0300re-1.png\" alt=\"\" width=\"940\" height=\"788\" srcset=\"https:\/\/photo-portrait.com\/wp-content\/uploads\/2019\/01\/Atelier_La-lumie\u0300re-1.png 940w, https:\/\/photo-portrait.com\/wp-content\/uploads\/2019\/01\/Atelier_La-lumie\u0300re-1-300x251.png 300w\" sizes=\"auto, (max-width: 940px) 100vw, 940px\" \/><br \/><strong>5 AVRIL: Composition\u2026 conna\u00eetre les r\u00e8gles et savoir quand les briser<\/strong><\/p><p>\uf0b7 Trouver un bon sujet et observer l\u2019espace autour de ce dernier<br \/>\uf0b7 Explorer certaines r\u00e8gles de composition pour cr\u00e9er un \u00e9quilibre ou dynamiser l\u2019image<br \/>\uf0b7 Cr\u00e9er des lignes int\u00e9ressantes en jouant avec la perspective et l\u2019espace autour du sujet<br \/>\uf0b7 Explorer diff\u00e9rentes positions de prise de vue pour cr\u00e9er un effet plus fort<br \/>\uf0b7 Observer et choisir les \u00e9l\u00e9ments qui feront partie de la composition de l\u2019image<br \/>\uf0b7 Choisir la distance entre nous et le sujet pour mettre en valeur ce qui est le plus int\u00e9ressant<\/p><p><img loading=\"lazy\" decoding=\"async\" class=\"alignnone size-full wp-image-2774\" src=\"http:\/\/photo-portrait.com\/wp-content\/uploads\/2019\/01\/COPY-Atelier_La-composition.png\" alt=\"\" width=\"940\" height=\"788\" srcset=\"https:\/\/photo-portrait.com\/wp-content\/uploads\/2019\/01\/COPY-Atelier_La-composition.png 940w, https:\/\/photo-portrait.com\/wp-content\/uploads\/2019\/01\/COPY-Atelier_La-composition-300x251.png 300w\" sizes=\"auto, (max-width: 940px) 100vw, 940px\" \/><br \/><strong>3 MAI:\u00a0La photographie intuitive\u2026 en voyage ou \u00e0 la maison<\/strong><\/p><p>\uf0b7 Choisir qui et quoi photographier (observer et respecter le sujet et l\u2019environnement en<br \/>question)<br \/>\uf0b7 La permission\u2026 \u00e7a se demande, ou \u00e7a s\u2019obtient gentiment\u00a0et naturellement ?<br \/>\uf0b7 Explorer ce qui se passe autour de nous et d\u00e9cider o\u00f9 se placer pour capter le moment<br \/>\uf0b7 10 trucs pour s\u2019assurer d\u2019avoir la photo d\u00e9sir\u00e9e<br \/>\uf0b7 Comment raconter notre histoire de voyage ou de tranche de vie<br \/>\uf0b7 Choisir o\u00f9 partager vos images (album, soir\u00e9e, exposition, blogue, r\u00e9seaux-sociaux)<\/p><p><img loading=\"lazy\" decoding=\"async\" class=\"alignnone size-full wp-image-2775\" src=\"http:\/\/photo-portrait.com\/wp-content\/uploads\/2019\/01\/COPY-Atelier_Photographie-Intuitive-3.png\" alt=\"\" width=\"940\" height=\"788\" srcset=\"https:\/\/photo-portrait.com\/wp-content\/uploads\/2019\/01\/COPY-Atelier_Photographie-Intuitive-3.png 940w, https:\/\/photo-portrait.com\/wp-content\/uploads\/2019\/01\/COPY-Atelier_Photographie-Intuitive-3-300x251.png 300w\" sizes=\"auto, (max-width: 940px) 100vw, 940px\" \/><br \/><strong>7 JUIN: Le portrait\u2026 observons et cadrons<\/strong><\/p><p>\uf0b7 Comment choisir le sujet et les droits \u00e0 l\u2019image<br \/>\uf0b7 Compositions classiques et \u00e9quilibr\u00e9es du portrait<br \/>\uf0b7 Compositions surprenantes et originales (tout en demeurant flatteuses\u00a0!)<br \/>\uf0b7 La lumi\u00e8re et l\u2019ambiance (quelques exemples d\u2019\u00e9clairages et modificateurs d\u2019\u00e9clairage)<br \/>\uf0b7 Le d\u00e9cor et les accessoires\u2026 utiles ou superflus\u00a0?<br \/>\uf0b7 Entrer en relation et guider son sujet pour obtenir des expressions naturelles<\/p><p><img loading=\"lazy\" decoding=\"async\" class=\"alignnone size-full wp-image-3134\" src=\"http:\/\/photo-portrait.com\/wp-content\/uploads\/2019\/02\/Atelier_Le-portrait.jpeg\" alt=\"\" width=\"940\" height=\"788\" srcset=\"https:\/\/photo-portrait.com\/wp-content\/uploads\/2019\/02\/Atelier_Le-portrait.jpeg 940w, https:\/\/photo-portrait.com\/wp-content\/uploads\/2019\/02\/Atelier_Le-portrait-300x251.jpeg 300w\" sizes=\"auto, (max-width: 940px) 100vw, 940px\" \/><br \/><strong>7 MARS, 4 AVRIL, 2 MAI, 6 JUIN Ateliers mensuels d'initiation aux r\u00e9glages de base de la photographie<\/strong><br \/><img loading=\"lazy\" decoding=\"async\" class=\"alignnone size-full wp-image-3158\" src=\"http:\/\/photo-portrait.com\/wp-content\/uploads\/2019\/02\/Atelier_Re\u0301glages-de-base.png\" alt=\"\" width=\"940\" height=\"788\" srcset=\"https:\/\/photo-portrait.com\/wp-content\/uploads\/2019\/02\/Atelier_Re\u0301glages-de-base.png 940w, https:\/\/photo-portrait.com\/wp-content\/uploads\/2019\/02\/Atelier_Re\u0301glages-de-base-300x251.png 300w\" sizes=\"auto, (max-width: 940px) 100vw, 940px\" \/><\/p><div class=\"page\" title=\"Page 1\"><div class=\"layoutArea\"><div class=\"column\"><div class=\"page\" title=\"Page 1\"><div class=\"layoutArea\"><div class=\"column\"><p>* Bien qu\u2019il ne soit pas obligatoire, il est fortement recommande\u0301 d\u2019avoir suivi l\u2019atelier des re\u0301glages de base de l\u2019appareil photo pour tirer le maximum des ateliers. Il est offert une fois par mois la journe\u0301e pre\u0301ce\u0301dent les ateliers the\u0301matiques.<\/p><ul style=\"list-style-type: disc;\"><li style=\"list-style-type: none;\"><ul style=\"list-style-type: disc;\"><li class=\"p1\"><span class=\"s1\">Les diff\u00e9rents modes\u00a0: A, AV, M, P, paysage, portrait, etc<\/span><\/li><\/ul><\/li><\/ul><ul style=\"list-style-type: disc;\"><li style=\"list-style-type: none;\"><ul style=\"list-style-type: disc;\"><li><p class=\"p1\"><span class=\"s1\">La nettet\u00e9\u00a0: la mise au point (manuelle et automatique), le flou et le bruit num\u00e9rique<\/span><\/p><\/li><\/ul><\/li><\/ul><ul style=\"list-style-type: disc;\"><li style=\"list-style-type: none;\"><ul style=\"list-style-type: disc;\"><li><p class=\"p1\"><span class=\"s4\">L\u2019exposition\u00a0: sous-exposition, surexposition<\/span><\/p><\/li><\/ul><\/li><\/ul><ul style=\"list-style-type: disc;\"><li style=\"list-style-type: none;\"><ul style=\"list-style-type: disc;\"><li><p class=\"p1\"><span class=\"s1\">Le triangle des r\u00e9glages qui peuvent affecter l\u2019exposition\u00a0: ISO, vitesse et ouverture du diaphragme<\/span><\/p><\/li><\/ul><\/li><\/ul><ul style=\"list-style-type: disc;\"><li style=\"list-style-type: none;\"><ul style=\"list-style-type: disc;\"><li><p class=\"p1\"><span class=\"s4\">La balance des couleurs\u00a0: r\u00e9glages automatiques des couleurs selon le type de lumi\u00e8re<\/span><\/p><\/li><\/ul><\/li><\/ul><ul style=\"list-style-type: disc;\"><li style=\"list-style-type: none;\"><ul style=\"list-style-type: disc;\"><li><p class=\"p1\"><span class=\"s1\">Les formats profils et grandeurs d\u2019images\u00a0: JPG, RAW, dimensions des images, RVB sRVB<\/span><\/p><\/li><\/ul><\/li><\/ul><\/div><\/div><\/div><\/div><\/div><\/div>\r\n<\/div>\r\n<\/div>\n\n\t<\/div>\r\n<\/section>\r\n<section  class=\"fw-main-row\"  >\r\n\t<div class=\"fw-container\">\r\n\t\t<div class=\"fw-row\">\n\t<div class=\"fw-col-xs-12 fw-col-sm-8\" style=\"\">\r\n\t\r\n<p>J\u2019ai pens\u00e9 \u00e0 un tout nouveau concept d\u2019ateliers \u00e0 la fois pour amener les gens \u00e0 vivre le<br \/>plaisir de la photographie simplifi\u00e9e rapidement. Le concept s\u2019adresse tant \u00e0 ceux qui<br \/>sont d\u00e9cid\u00e9s \u00e0 plonger dans l\u2019univers de la photographie, tout en respectant le rythme<br \/>de ceux qui voudraient prendre une saison compl\u00e8te pour exp\u00e9rimenter leurs nouveaux<br \/>acquis. J\u2019ouvre au public mon atelier d\u2019artiste-photographe, et offre une s\u00e9rie d\u2019ateliers<br \/>ici m\u00eame, \u00e0 Donnacona.<br \/>L\u2019atelier des r\u00e9glages de base permet de comprendre les principes de base de la<br \/>photographie en g\u00e9n\u00e9ral et ensuite, chacun des participants est invit\u00e9 \u00e0 explorer les<br \/>fonctions de son appareil \u00e0 travers des exercices de groupes. Ces exercices permettent<br \/>de se familiariser avec les termes, mais surtout de constater concr\u00e8tement les diff\u00e9rents<br \/>r\u00e9sultats selon les r\u00e9glages choisis.<br \/>Pourquoi un atelier th\u00e9matique en plus des r\u00e9glages de base? Parce qu\u2019il permet \u00e0<br \/>ceux qui ont une base, et \u00e0 ceux qui ont d\u00e9j\u00e0 suivi l\u2019atelier des r\u00e9glages de base,<br \/>d\u2019approfondir un th\u00e8me davantage, comme la composition, le portrait etc. Il y a une<br \/>portion d\u00e9di\u00e9e \u00e0 la pr\u00e9sentation du th\u00e8me avec des exemples et des explications, et une<br \/>seconde partie plus longue pendant laquelle le groupe explore plusieurs exercices<br \/>ensemble, soit en studio ou \u00e0 l\u2019ext\u00e9rieur, selon le temps qu\u2019il fait.<br \/>De quelle mani\u00e8re ce concept est-il nouveau? Il permet au participant de se composer<br \/>un programme d\u2019apprentissage sur mesure selon ses int\u00e9r\u00eats et son rythme. \u00c0 tout<br \/>moment, une personne ayant des connaissances \u00e9l\u00e9mentaires pourrait d\u00e9cider de se<br \/>joindre \u00e0 un atelier th\u00e9matique sans avoir particip\u00e9 \u00e0 un aucun autre atelier auparavant.<br \/>Un facteur de motivation \u00e0 suivre ces ateliers en groupe, c\u2019est l\u2019occasion d\u2019appliquer de<br \/>nouvelles connaissances dans une ambiance d\u2019entraide, de complicit\u00e9 et de plaisir. Les<br \/>nouveaux acquis seront d\u00e8s lors grav\u00e9s dans la m\u00e9moire par association de souvenirs et<br \/>d\u2019exp\u00e9rimentations.<\/p>\r\n<\/div>\r\n<\/div>\n\n\t<\/div>\r\n<\/section>\r\n<\/p>","protected":false},"excerpt":{"rendered":"<p>FORMATIONS ATELIERS PHOTO TH\u00c9MATIQUESPrintemps-\u00c9t\u00e9 2018Places limit\u00e9es \u00e0 10 (annul\u00e9 si moins de 6 inscriptions)8 MARS\u00a0: La lumi\u00e8re\u2026 l\u2019observer, la comprendreIdentifier la source de la lumi\u00e8re et sa position par rapport au sujet \u00e0 photographierObserver ce qu\u2019elle r\u00e9v\u00e8le du sujet \u00e0 photographier selon notre positionR\u00e9gler son appareil en mode automatique ou manuel selon les diff\u00e9rents types [&hellip;]<\/p>","protected":false},"author":2,"featured_media":0,"parent":0,"menu_order":0,"comment_status":"closed","ping_status":"closed","template":"page-landing.php","meta":{"_editorskit_title_hidden":false,"_editorskit_reading_time":0,"_editorskit_is_block_options_detached":false,"_editorskit_block_options_position":"{}","footnotes":""},"class_list":["post-3153","page","type-page","status-publish","hentry"],"_links":{"self":[{"href":"https:\/\/photo-portrait.com\/en\/wp-json\/wp\/v2\/pages\/3153","targetHints":{"allow":["GET"]}}],"collection":[{"href":"https:\/\/photo-portrait.com\/en\/wp-json\/wp\/v2\/pages"}],"about":[{"href":"https:\/\/photo-portrait.com\/en\/wp-json\/wp\/v2\/types\/page"}],"author":[{"embeddable":true,"href":"https:\/\/photo-portrait.com\/en\/wp-json\/wp\/v2\/users\/2"}],"replies":[{"embeddable":true,"href":"https:\/\/photo-portrait.com\/en\/wp-json\/wp\/v2\/comments?post=3153"}],"version-history":[{"count":2,"href":"https:\/\/photo-portrait.com\/en\/wp-json\/wp\/v2\/pages\/3153\/revisions"}],"predecessor-version":[{"id":8044,"href":"https:\/\/photo-portrait.com\/en\/wp-json\/wp\/v2\/pages\/3153\/revisions\/8044"}],"wp:attachment":[{"href":"https:\/\/photo-portrait.com\/en\/wp-json\/wp\/v2\/media?parent=3153"}],"curies":[{"name":"wp","href":"https:\/\/api.w.org\/{rel}","templated":true}]}}