{"id":2842,"date":"2019-01-31T19:46:48","date_gmt":"2019-01-31T19:46:48","guid":{"rendered":"http:\/\/photo-portrait.com\/?page_id=2842"},"modified":"2023-12-19T05:01:39","modified_gmt":"2023-12-19T05:01:39","slug":"services-de-photo-specialises","status":"publish","type":"page","link":"https:\/\/photo-portrait.com\/en\/services-de-photo-specialises\/","title":{"rendered":"Services sp\u00e9cialis\u00e9s de photo"},"content":{"rendered":"<section  class=\"fw-main-row\"  >\r\n\t<div class=\"fw-container\">\r\n\t\t<div class=\"fw-row\">\n\t<div class=\"fw-col-xs-12\" style=\"\">\r\n\t\r\n<h3>Services de conception et de direction artistique<\/h3><p>Qu\u2019est-ce qu\u2019un concepteur ou un directeur artistique?<\/p><p class=\"bodytext\"><strong>Vous souhaitez faire des photographies de mode,<\/strong>\u00a0vous avez un produit\u00a0\u00e0 mettre en march\u00e9 et vous n\u2019avez pas confi\u00e9 le contrat de votre campagne publicitaire \u00e0 une agence de communication?\u00a0 Vous avez des id\u00e9es, mais vous souhaiteriez un service plus \u00e9labor\u00e9 qui inclurait une recherche esth\u00e9tique, conceptuelle et th\u00e9matique plus pouss\u00e9e?<\/p><p>&nbsp;<\/p><p class=\"bodytext\"><strong>Le travail de recherche\u00a0<\/strong>fait partie int\u00e9grante de la pr\u00e9paration \u00e0 tout projet que j\u2019entreprends. Il est inclus dans le co\u00fbt du projet s\u2019il ne repr\u00e9sente pas au-del\u00e0 de 10% du temps de travail. Bref, nous pourrons s\u00e9lectionner un lieu \u00e0 travers la banque de photos des endroits rep\u00e9r\u00e9s par le photographe, ou encore, discuter de l\u2019utilisation d\u2019un fond de sc\u00e8ne d\u2019une couleur particuli\u00e8re et des accessoires s\u2019il y a lieu. Cependant, certains projets qui auront une plus grande incidence sur votre succ\u00e8s m\u00e9ritent plus de r\u00e9flexion et un soin particulier afin de consolider le sens des id\u00e9es que vous d\u00e9sirez transmettre et les moyens visuels d\u2019y arriver.<\/p><p>&nbsp;<\/p><p class=\"bodytext\"><strong>Le mandat du concepteur\u00a0<\/strong>est de trouver des id\u00e9es nouvelles.\u00a0 Au cin\u00e9ma et au th\u00e9\u00e2tre, c\u2019est r\u00e9alisateur et le metteur en sc\u00e8ne qui s\u2019en chargent. Le\u00a0m\u00eame r\u00f4le est essentiel \u00e0 la cr\u00e9ation d\u2019une image fixe.\u00a0 Certains clients pr\u00e9f\u00e8rent r\u00e9aliser cette t\u00e2che eux-m\u00eames, mais le d\u00e9fi est de taille puisque le message du client doit passer \u00e0 l\u2019aide d\u2019une seule et unique image fixe.\u00a0 Le public doit \u00eatre capable de comprendre, \u00e0 partir de cette seule image et de son imagination, tout ce que le client cherche \u00e0 exprimer.\u00a0 Le travail du concepteur artistique est en grande partie celui qui fera la diff\u00e9rence entre une image approximative et celle d\u2019une d\u2019impact redoutable.<\/p><p><strong>Concepteur, directeur artistique, conception artistique, recherche th\u00e9matique et esth\u00e9tique, concept photo, rep\u00e9rage de lieux<\/strong><\/p><h3>Service de retouche<\/h3><p>&nbsp;<\/p><p class=\"bodytext\">La culture de l\u2019image a grandement \u00e9volu\u00e9 \u00e0 la venue du num\u00e9rique.\u00a0 Les cellulaires et cam\u00e9ras permettent de voir les images instantan\u00e9ment et les logiciels offrent la possibilit\u00e9 de retouches illimit\u00e9es. Ceci a transform\u00e9 les standards particuli\u00e8rement en ce qui a trait au portrait et \u00e0 la photo de beaut\u00e9.\u00a0 Les images retrouv\u00e9es dans les revues de mode passent g\u00e9n\u00e9ralement par une suite d\u2019\u00e9tapes, d\u2019ajustements et de retouches impressionnantes.\u00a0 C\u2019est pour cette raison qu\u2019il faut envisager un minimum de travail de retouches pour chacune des photos s\u00e9lectionn\u00e9es qui sont inclus \u00e0 l\u2019achat des photos. Elles comprennent le recadrage, les ajustements de base qui touchent la lumi\u00e8re, les contrastes, la couleur ainsi que les imperfections\u00a0<b>mineures<\/b>\u00a0de la peau.<\/p><p>&nbsp;<\/p><p class=\"bodytext\">Pour ce qui est des retouches plus importantes, des frais suppl\u00e9mentaires sont parfois \u00e0 calculer. Ces derni\u00e8res comprennent enlever des objets ou d\u00e9tails ind\u00e9sirables dans le cadre de la photo, les retouches de la peau pour \u00e9liminer la cellulite, les vergetures, les cicatrices, les bourlets, les plis, les cernes et les rides.<\/p>\r\n<\/div>\r\n<\/div>\n\n\t<\/div>\r\n<\/section>","protected":false},"excerpt":{"rendered":"<p>Services de conception et de direction artistiqueQu\u2019est-ce qu\u2019un concepteur ou un directeur artistique?Vous souhaitez faire des photographies de mode,\u00a0vous avez un produit\u00a0\u00e0 mettre en march\u00e9 et vous n\u2019avez pas confi\u00e9 le contrat de votre campagne publicitaire \u00e0 une agence de communication?\u00a0 Vous avez des id\u00e9es, mais vous souhaiteriez un service plus \u00e9labor\u00e9 qui inclurait une [&hellip;]<\/p>","protected":false},"author":2,"featured_media":0,"parent":0,"menu_order":0,"comment_status":"closed","ping_status":"closed","template":"","meta":{"_editorskit_title_hidden":false,"_editorskit_reading_time":0,"_editorskit_is_block_options_detached":false,"_editorskit_block_options_position":"{}","footnotes":""},"class_list":["post-2842","page","type-page","status-publish","hentry"],"_links":{"self":[{"href":"https:\/\/photo-portrait.com\/en\/wp-json\/wp\/v2\/pages\/2842","targetHints":{"allow":["GET"]}}],"collection":[{"href":"https:\/\/photo-portrait.com\/en\/wp-json\/wp\/v2\/pages"}],"about":[{"href":"https:\/\/photo-portrait.com\/en\/wp-json\/wp\/v2\/types\/page"}],"author":[{"embeddable":true,"href":"https:\/\/photo-portrait.com\/en\/wp-json\/wp\/v2\/users\/2"}],"replies":[{"embeddable":true,"href":"https:\/\/photo-portrait.com\/en\/wp-json\/wp\/v2\/comments?post=2842"}],"version-history":[{"count":2,"href":"https:\/\/photo-portrait.com\/en\/wp-json\/wp\/v2\/pages\/2842\/revisions"}],"predecessor-version":[{"id":7748,"href":"https:\/\/photo-portrait.com\/en\/wp-json\/wp\/v2\/pages\/2842\/revisions\/7748"}],"wp:attachment":[{"href":"https:\/\/photo-portrait.com\/en\/wp-json\/wp\/v2\/media?parent=2842"}],"curies":[{"name":"wp","href":"https:\/\/api.w.org\/{rel}","templated":true}]}}