{"id":2839,"date":"2019-01-31T19:43:12","date_gmt":"2019-01-31T19:43:12","guid":{"rendered":"http:\/\/photo-portrait.com\/?page_id=2839"},"modified":"2025-01-03T18:38:54","modified_gmt":"2025-01-03T18:38:54","slug":"boudoir-et-sensualite","status":"publish","type":"page","link":"https:\/\/photo-portrait.com\/en\/boudoir-et-sensualite\/","title":{"rendered":"Boudoir, corps et sensualit\u00e9"},"content":{"rendered":"<section  class=\"fw-main-row\"  >\r\n\t<div class=\"fw-container\">\r\n\t\t<div class=\"fw-row\">\n\t<div class=\"fw-col-xs-12\" style=\"\">\r\n\t\r\n\r\n\r\r\n\t\r\n\t<div class=\"load-items-056fd9c832cfec1bcb52cd3bf6fbd4cd animation1 none cf-items fw-row masonry\"> \r\r\n\t\t\r\n\t\t\r\n\t\t\t\r\n\t\t\t\r\n\t\t\t\r\n\t\t\t\t<div class=\"cf-item gallery-item fw-col-xs-12 fw-col-sm-4 fw-col-md-3 category241\">\r\r\n\t\t\t\t\t<a href=\"https:\/\/photo-portrait.com\/en\/project\/photographie-artistique-du-corps-en-eclairage-studio-clair-ombre\/\" data-size=\"2008x1615\" title=\"Photo de boudoir et de charme 1\">\r\r\n\t\t\t\t\t\t<div class=\"a-img\">\r\r\n\t\t\t\t\t\t\t<img decoding=\"async\" src=\"https:\/\/photo-portrait.com\/wp-content\/uploads\/2019\/01\/JOH_01_9085_W-1000x804.jpg\" alt=\"Photo de boudoir et de charme 1\">\r\r\n\t\t\t\t\t\t<\/div>\r\r\n\t\t\t\t\t\t<div class=\"cont\">\r\r\n\t\t\t\t\t\t\t\r\n\t\t\t\t\t\t\t<div class=\"name\">Photo de boudoir et de charme 1<\/div>\r\r\n\t\t\t\t\t\t\t\r\n\t\t\t\t\t\t<\/div>\r\r\n\t\t\t\t\t<\/a>\r\r\n\t\t\t\t\t<a href=\"https:\/\/photo-portrait.com\/en\/project\/photographie-artistique-du-corps-en-eclairage-studio-clair-ombre\/\" data-size=\"2008x1615\" title=\"Photo de boudoir et de charme 1\"><\/a>\r\r\n\t\t\t\t<\/div>\r\r\n\t\t\t\r\n\t\t\r\n\t\t\t\r\n\t\t\t\r\n\t\t\t\r\n\t\t\t\t<div class=\"cf-item gallery-item fw-col-xs-12 fw-col-sm-4 fw-col-md-3 category241 category242\">\r\r\n\t\t\t\t\t<a href=\"https:\/\/photo-portrait.com\/en\/project\/photographie-exterieur-de-beaute-bleu-sur-bleu\/\" data-size=\"669x1000\" title=\"Photographie ext\u00e9rieur du corps \/ f\u00e9minit\u00e9 2\">\r\r\n\t\t\t\t\t\t<div class=\"a-img\">\r\r\n\t\t\t\t\t\t\t<img decoding=\"async\" src=\"https:\/\/photo-portrait.com\/wp-content\/uploads\/2019\/02\/GenSelenium01_0077_W-1000x1495.jpg\" alt=\"Photographie ext\u00e9rieur du corps \/ f\u00e9minit\u00e9 2\">\r\r\n\t\t\t\t\t\t<\/div>\r\r\n\t\t\t\t\t\t<div class=\"cont\">\r\r\n\t\t\t\t\t\t\t\r\n\t\t\t\t\t\t\t<div class=\"name\">Photographie ext\u00e9rieur du corps \/ f\u00e9minit\u00e9 2<\/div>\r\r\n\t\t\t\t\t\t\t\r\n\t\t\t\t\t\t<\/div>\r\r\n\t\t\t\t\t<\/a>\r\r\n\t\t\t\t\t<a href=\"https:\/\/photo-portrait.com\/en\/project\/photographie-exterieur-de-beaute-bleu-sur-bleu\/\" data-size=\"669x1000\" title=\"Photographie ext\u00e9rieur du corps \/ f\u00e9minit\u00e9 2\"><\/a>\r\r\n\t\t\t\t<\/div>\r\r\n\t\t\t\r\n\t\t\r\n\t\t\t\r\n\t\t\t\r\n\t\t\t\r\n\t\t\t\t<div class=\"cf-item gallery-item fw-col-xs-12 fw-col-sm-4 fw-col-md-3 category241 category242\">\r\r\n\t\t\t\t\t<a href=\"https:\/\/photo-portrait.com\/en\/project\/photographie-noir-et-blanc-de-beaute-dune-mannequin-de-style-retro\/\" data-size=\"1342x2005\" title=\"Photographie de nu artistique clair-obscur \/corps\">\r\r\n\t\t\t\t\t\t<div class=\"a-img\">\r\r\n\t\t\t\t\t\t\t<img decoding=\"async\" src=\"https:\/\/photo-portrait.com\/wp-content\/uploads\/2019\/01\/Nu-clair-obscur-sensuel-sein-studio_Danielle-Giguere\u00a9-SOP_0005_W-1000x1494.jpg\" alt=\"Photographie de nu artistique clair-obscur \/corps\">\r\r\n\t\t\t\t\t\t<\/div>\r\r\n\t\t\t\t\t\t<div class=\"cont\">\r\r\n\t\t\t\t\t\t\t\r\n\t\t\t\t\t\t\t<div class=\"name\">Photographie de nu artistique clair-obscur \/corps<\/div>\r\r\n\t\t\t\t\t\t\t\r\n\t\t\t\t\t\t<\/div>\r\r\n\t\t\t\t\t<\/a>\r\r\n\t\t\t\t\t<a href=\"https:\/\/photo-portrait.com\/en\/project\/photographie-noir-et-blanc-de-beaute-dune-mannequin-de-style-retro\/\" data-size=\"1342x2005\" title=\"Photographie de nu artistique clair-obscur \/corps\"><\/a>\r\r\n\t\t\t\t<\/div>\r\r\n\t\t\t\r\n\t\t\r\n\t\t\t\r\n\t\t\t\r\n\t\t\t\r\n\t\t\t\t<div class=\"cf-item gallery-item fw-col-xs-12 fw-col-sm-4 fw-col-md-3 category241 category242 category257 category240 category269\">\r\r\n\t\t\t\t\t<a href=\"https:\/\/photo-portrait.com\/en\/project\/seance-photo-exterieure-de-portrait-sensuel-devant-une-paroie-rocheuse\/\" data-size=\"2000x1339\" title=\"S\u00e9ance photo ext\u00e9rieure de portrait sensuel devant une paroie rocheuse\">\r\r\n\t\t\t\t\t\t<div class=\"a-img\">\r\r\n\t\t\t\t\t\t\t<img decoding=\"async\" src=\"https:\/\/photo-portrait.com\/wp-content\/uploads\/2018\/12\/Photographe-mode-seance-exterieur-beaute-Quebec_0084_W-1000x670.jpg\" alt=\"S\u00e9ance photo ext\u00e9rieure de portrait sensuel devant une paroie rocheuse\">\r\r\n\t\t\t\t\t\t<\/div>\r\r\n\t\t\t\t\t\t<div class=\"cont\">\r\r\n\t\t\t\t\t\t\t\r\n\t\t\t\t\t\t\t<div class=\"name\">S\u00e9ance photo ext\u00e9rieure de portrait sensuel devant une paroie rocheuse<\/div>\r\r\n\t\t\t\t\t\t\t\r\n\t\t\t\t\t\t<\/div>\r\r\n\t\t\t\t\t<\/a>\r\r\n\t\t\t\t\t<a href=\"https:\/\/photo-portrait.com\/en\/project\/seance-photo-exterieure-de-portrait-sensuel-devant-une-paroie-rocheuse\/\" data-size=\"2000x1339\" title=\"S\u00e9ance photo ext\u00e9rieure de portrait sensuel devant une paroie rocheuse\"><\/a>\r\r\n\t\t\t\t<\/div>\r\r\n\t\t\t\r\n\t\t\r\n\t\t\t\r\n\t\t\t\r\n\t\t\t\r\n\t\t\t\t<div class=\"cf-item gallery-item fw-col-xs-12 fw-col-sm-4 fw-col-md-3 category241\">\r\r\n\t\t\t\t\t<a href=\"https:\/\/photo-portrait.com\/en\/project\/photographie-de-boudoir-en-contre-jour-devant-une-fenetre-portrait-de-charme-1\/\" data-size=\"1074x1000\" title=\"S\u00e9ance photographie sensuelle en studio dans Portneuf \/ photo de charme avec lingerie\">\r\r\n\t\t\t\t\t\t<div class=\"a-img\">\r\r\n\t\t\t\t\t\t\t<img decoding=\"async\" src=\"https:\/\/photo-portrait.com\/wp-content\/uploads\/2019\/02\/MEL_Cross_Crop_4684_W-1000x931.jpg\" alt=\"S\u00e9ance photographie sensuelle en studio dans Portneuf \/ photo de charme avec lingerie\">\r\r\n\t\t\t\t\t\t<\/div>\r\r\n\t\t\t\t\t\t<div class=\"cont\">\r\r\n\t\t\t\t\t\t\t\r\n\t\t\t\t\t\t\t<div class=\"name\">S\u00e9ance photographie sensuelle en studio dans Portneuf \/ photo de charme avec lingerie<\/div>\r\r\n\t\t\t\t\t\t\t\r\n\t\t\t\t\t\t<\/div>\r\r\n\t\t\t\t\t<\/a>\r\r\n\t\t\t\t\t<a href=\"https:\/\/photo-portrait.com\/en\/project\/photographie-de-boudoir-en-contre-jour-devant-une-fenetre-portrait-de-charme-1\/\" data-size=\"1074x1000\" title=\"S\u00e9ance photographie sensuelle en studio dans Portneuf \/ photo de charme avec lingerie\"><\/a>\r\r\n\t\t\t\t<\/div>\r\r\n\t\t\t\r\n\t\t\r\n\t\t\t\r\n\t\t\t\r\n\t\t\t\r\n\t\t\t\t<div class=\"cf-item gallery-item fw-col-xs-12 fw-col-sm-4 fw-col-md-3 category241 category257 category269\">\r\r\n\t\t\t\t\t<a href=\"https:\/\/photo-portrait.com\/en\/project\/photographie-couleur-de-boudoir-en-contre-jour-devant-une-fenetre-portrait-de-charme-1\/\" data-size=\"928x686\" title=\"Photographie couleur de boudoir en contre-jour devant une fen\u00eatre \/ Portrait de charme 1\">\r\r\n\t\t\t\t\t\t<div class=\"a-img\">\r\r\n\t\t\t\t\t\t\t<img decoding=\"async\" src=\"https:\/\/photo-portrait.com\/wp-content\/uploads\/2018\/04\/01_Charme-Boudoir-BERNIER-02-1771-1000x739.jpg\" alt=\"Photographie couleur de boudoir en contre-jour devant une fen\u00eatre \/ Portrait de charme 1\">\r\r\n\t\t\t\t\t\t<\/div>\r\r\n\t\t\t\t\t\t<div class=\"cont\">\r\r\n\t\t\t\t\t\t\t\r\n\t\t\t\t\t\t\t<div class=\"name\">Photographie couleur de boudoir en contre-jour devant une fen\u00eatre \/ Portrait de charme 1<\/div>\r\r\n\t\t\t\t\t\t\t\r\n\t\t\t\t\t\t<\/div>\r\r\n\t\t\t\t\t<\/a>\r\r\n\t\t\t\t\t<a href=\"https:\/\/photo-portrait.com\/en\/project\/photographie-couleur-de-boudoir-en-contre-jour-devant-une-fenetre-portrait-de-charme-1\/\" data-size=\"928x686\" title=\"Photographie couleur de boudoir en contre-jour devant une fen\u00eatre \/ Portrait de charme 1\"><\/a>\r\r\n\t\t\t\t<\/div>\r\r\n\t\t\t\r\n\t\t\r\n\t\t\t\r\n\t\t\t\r\n\t\t\t\r\n\t\t\t\t<div class=\"cf-item gallery-item fw-col-xs-12 fw-col-sm-4 fw-col-md-3 category241 category269\">\r\r\n\t\t\t\t\t<a href=\"https:\/\/photo-portrait.com\/en\/project\/les-jambes-dune-femme-toujours-embleme-de-feminite-photo-sensuelle\/\" data-size=\"964x1444\" title=\"Les jambes d&#039;une femme... toujours embl\u00e8me de f\u00e9minit\u00e9 \/ photo sensuelle\">\r\r\n\t\t\t\t\t\t<div class=\"a-img\">\r\r\n\t\t\t\t\t\t\t<img decoding=\"async\" src=\"https:\/\/photo-portrait.com\/wp-content\/uploads\/2018\/12\/Seance-boudoir-feminite-Quebec-Portneuf_W-1000x1498.jpg\" alt=\"Les jambes d&#039;une femme... toujours embl\u00e8me de f\u00e9minit\u00e9 \/ photo sensuelle\">\r\r\n\t\t\t\t\t\t<\/div>\r\r\n\t\t\t\t\t\t<div class=\"cont\">\r\r\n\t\t\t\t\t\t\t\r\n\t\t\t\t\t\t\t<div class=\"name\">Les jambes d&#039;une femme... toujours embl\u00e8me de f\u00e9minit\u00e9 \/ photo sensuelle<\/div>\r\r\n\t\t\t\t\t\t\t\r\n\t\t\t\t\t\t<\/div>\r\r\n\t\t\t\t\t<\/a>\r\r\n\t\t\t\t\t<a href=\"https:\/\/photo-portrait.com\/en\/project\/les-jambes-dune-femme-toujours-embleme-de-feminite-photo-sensuelle\/\" data-size=\"964x1444\" title=\"Les jambes d&#039;une femme... toujours embl\u00e8me de f\u00e9minit\u00e9 \/ photo sensuelle\"><\/a>\r\r\n\t\t\t\t<\/div>\r\r\n\t\t\t\r\n\t\t\r\n\t\t\t\r\n\t\t\t\r\n\t\t\t\r\n\t\t\t\t<div class=\"cf-item gallery-item fw-col-xs-12 fw-col-sm-4 fw-col-md-3 category241 category242 category257 category269\">\r\r\n\t\t\t\t\t<a href=\"https:\/\/photo-portrait.com\/en\/project\/3407\/\" data-size=\"1332x2005\" title=\"Nu artistique en lumi\u00e8re naturelle devant une fen\u00eatre \/ femme avec plumes 1\">\r\r\n\t\t\t\t\t\t<div class=\"a-img\">\r\r\n\t\t\t\t\t\t\t<img decoding=\"async\" src=\"https:\/\/photo-portrait.com\/wp-content\/uploads\/2018\/12\/Photo-Femme-sensuelle-plumes-nue_MAC_W-1000x1505.jpg\" alt=\"Nu artistique en lumi\u00e8re naturelle devant une fen\u00eatre \/ femme avec plumes 1\">\r\r\n\t\t\t\t\t\t<\/div>\r\r\n\t\t\t\t\t\t<div class=\"cont\">\r\r\n\t\t\t\t\t\t\t\r\n\t\t\t\t\t\t\t<div class=\"name\">Nu artistique en lumi\u00e8re naturelle devant une fen\u00eatre \/ femme avec plumes 1<\/div>\r\r\n\t\t\t\t\t\t\t\r\n\t\t\t\t\t\t<\/div>\r\r\n\t\t\t\t\t<\/a>\r\r\n\t\t\t\t\t<a href=\"https:\/\/photo-portrait.com\/en\/project\/3407\/\" data-size=\"1332x2005\" title=\"Nu artistique en lumi\u00e8re naturelle devant une fen\u00eatre \/ femme avec plumes 1\"><\/a>\r\r\n\t\t\t\t<\/div>\r\r\n\t\t\t\r\n\t\t\r\n\t\t\r\n\t<\/div>\r\r\n\t\r\r\n\t\r\n\t \r\r\n\r\r\n\r\r\n<\/div>\r\n<\/div>\n\n<div class=\"fw-row\">\n\t<div class=\"fw-col-xs-12\" style=\"\">\r\n\t\r\n<p><a href=\"http:\/\/photo-portrait.com\/corps-et-sensualite-boudoir-nu-artistique-photo-coquine\/\">Portfolio Corps et Sensualit\u00e9<\/a><\/p><p>Nu artistique de femme ou d\u2019homme, nus de couple ou d\u2019amoureux, photos sensuelles, photographie \u00e9rotique et sexy, photo de charme ou boudoir<\/p><h3>Photo individuelle ou photo de couple<\/h3><p>&nbsp;<\/p><p class=\"bodytext\"><strong>Vous avez envie de faire un projet qui rendra hommage aux formes de votre propre corps ou r\u00e9aliser une image qui t\u00e9moigne de la beaut\u00e9 de votre couple?<br \/><\/strong>Le nu feminin ou masculin est une fa\u00e7on tr\u00e8s privil\u00e9gi\u00e9e et sacr\u00e9e d\u2019entrer en contact avec une dimension tr\u00e8s unique de chaque \u00eatre humain. Il met en valeur l\u2019ensemble des formes et des courbes qui d\u00e9finissent le caract\u00e8re typique de la femme et, chez l\u2019homme, l\u2019ensemble des lignes dessin\u00e9es par la musculature et l\u2019ossature masculine. Le nu de couple est aussi un extraordinaire moyen de le c\u00e9l\u00e9brer. Les gens amoureux sont toujours mille fois plus beaux par le simple fait qu\u2019ils sont aim\u00e9s. C\u2019est parce que leur bonheur transpara\u00eet dans l\u2019expression de leur corps et de leur visage. Une photographie qui illustre l\u2019amour et le d\u00e9sir entre vous est une belle chose \u00e0 s'offrir. Ne vous \u00e9tonnez pas si, \u00e0 la suite d\u2019une s\u00e9ance photo de votre nu artistique, vous d\u00e9couvrez combien vous \u00eates beaux tel que vous \u00eates.<\/p><p>&nbsp;<\/p><p class=\"bodytext\"><strong>Vous vous sentez bien dans votre peau et cela vous encourage \u00e0 immortaliser par l\u2019image votre bien-\u00eatre?<br \/><\/strong>Vous \u00eates encore jeune et d\u00e9sirez en profiter pour immortaliser la beaut\u00e9 et la fra\u00eecheur de votre corps? L\u2019enveloppe ext\u00e9rieure de votre corps et votre image sont le reflet de votre \u00eatre int\u00e9rieur. Il n\u2019est nullement superficiel d\u2019affirmer sa sensualit\u00e9, sa personnalit\u00e9 et son charme avec confiance. C\u2019est un projet qui peut v\u00e9ritablement faire partie d\u2019une d\u00e9marche personnelle tr\u00e8s profonde et l\u00e9gitime. Il t\u00e9moigne d\u2019une acceptation de sa diff\u00e9rence et de sa singularit\u00e9.<\/p><p>&nbsp;<\/p><p class=\"bodytext\"><strong>Vous \u00eates un peu timide, mais vous d\u00e9sirez transcender cette pudeur et c\u00e9l\u00e9brer la beaut\u00e9 de votre corps en vous offrant un nu artistique?<br \/><\/strong>Je vous offre un climat professionnel et rassurant, qui inspire confiance et vous permet d\u2019\u00eatre vous-m\u00eame. Je suis sensible \u00e0 la po\u00e9sie et la sensualit\u00e9 bien personnelle de chaque \u00eatre humain. Je me fais un devoir de pr\u00e9voir le temps n\u00e9cessaire pour cr\u00e9er une ambiance confortable, \u00e0 la fois d\u00e9contract\u00e9e, et inspirante. Le travail derri\u00e8re la r\u00e9alisation de nus artistiques combine l\u2019exploration de poses, de cadrages diff\u00e9rents et d\u2019ambiance particuli\u00e8re. Il va sans dire qu\u2019il y a \u00e9galement une dimension relativement technique qui exige un niveau de concentration et d\u2019attention qui vous fera oublier rapidement que vous \u00eates nu et qui vous plonge dans le processus de cr\u00e9ation et brise la glace pratiquement instantan\u00e9ment. J\u2019ai photographi\u00e9 des corps de tous genres et tous \u00e2ges et ma satisfaction n\u2019est atteinte que lorsque je suis arriv\u00e9e \u00e0 faire ressortir la beaut\u00e9 unique de mon sujet.<\/p><p>&nbsp;<\/p><p class=\"bodytext\"><strong>Vous estimez que chaque \u00e9tape de votre vie d\u00e9c\u00e8le une version de votre beaut\u00e9 am\u00e9lior\u00e9e?<br \/><\/strong>Chaque \u00e9tape de la vie transforme notre int\u00e9rieur. Les \u00e9tapes et les ann\u00e9es laissent une signature qui donne un caract\u00e8re unique chez chaque individu. La jeunesse est \u00e9videmment toujours int\u00e9ressante, mais la maturit\u00e9 contribue une richesse de traces des diff\u00e9rentes \u00e9tapes de votre vie. Ces images sont sacr\u00e9es, touchantes et d\u2019elles en \u00e9mane une grande libert\u00e9.<\/p><p>&nbsp;<\/p><p class=\"bodytext\"><strong>D\u00e9sirez-vous faire un cadeau particuli\u00e8rement intime \u00e0 votre partenaire dans le cadre d\u2019un anniversaire de naissance, de mariage, ou pour la Saint-Valentin?<br \/><\/strong>L\u2019\u00e9rotisme et la s\u00e9duction constituent des stimulations essentielles pour entretenir l\u2019amour et le d\u00e9sir au sein du couple. Renouveler ce plaisir du partage de votre sensualit\u00e9 et de votre sexualit\u00e9 est quelque chose de sain et nourrissant. Nul besoin de se culpabiliser et de consid\u00e9rer l\u2019\u00e9rotisation de votre corps comme vulgaire. Si vous avez un rapport de confiance et de respect avec votre photographe et votre partenaire est un rapport de confiance et de respect, l\u2019exp\u00e9rience sera d\u00e9finitivement positive.<\/p><p>&nbsp;<\/p><p class=\"bodytext\"><strong>Vous n\u2019\u00eates peut-\u00eatre pas un ou une professionnelle de l\u2019\u00e9rotisme et vous avez peut-\u00eatre peur que votre partenaire per\u00e7oive certains aspects de votre corps que vous trouvez moins flatteurs?<br \/><\/strong>\u00c9videmment les technologies actuelles permettent de retoucher les petits d\u00e9tails qui accrochent l\u2019oeil et distraient le regard du sujet principal. Les retouches permettent d\u2019\u00e9purer la photo et de maintenir l\u2019int\u00e9r\u00eat sur son sujet de la photo, qui est le nu, et non sur la perfection du corps. N\u2019oubliez-pas que votre partenaire vous conna\u00eet d\u00e9j\u00e0 sous toutes vos coutures. Il aime l\u2019ensemble de votre personne et de votre corps, avec toutes ses caract\u00e9ristiques, ses traces et ses qualit\u00e9s. Vous avez d\u00e9j\u00e0 s\u00e9duit votre partenaire et celui ou celle-ci sera tout simplement touch\u00e9(e) de constater la confiance que vous lui accordez en lui offrant un cadeau d\u2019une telle intimit\u00e9.<\/p>\r\n<\/div>\r\n<\/div>\n\n\t<\/div>\r\n<\/section>","protected":false},"excerpt":{"rendered":"<p>Photo de boudoir et de charme 1 Photographie ext\u00e9rieur du corps \/ f\u00e9minit\u00e9 2 Photographie de nu artistique clair-obscur \/corps S\u00e9ance photo ext\u00e9rieure de portrait sensuel devant une paroie rocheuse S\u00e9ance photographie sensuelle en studio dans Portneuf \/ photo de charme avec lingerie Photographie couleur de boudoir en contre-jour devant une fen\u00eatre \/ Portrait de [&hellip;]<\/p>","protected":false},"author":2,"featured_media":0,"parent":0,"menu_order":0,"comment_status":"closed","ping_status":"closed","template":"","meta":{"_editorskit_title_hidden":false,"_editorskit_reading_time":0,"_editorskit_is_block_options_detached":false,"_editorskit_block_options_position":"{}","footnotes":""},"class_list":["post-2839","page","type-page","status-publish","hentry"],"_links":{"self":[{"href":"https:\/\/photo-portrait.com\/en\/wp-json\/wp\/v2\/pages\/2839","targetHints":{"allow":["GET"]}}],"collection":[{"href":"https:\/\/photo-portrait.com\/en\/wp-json\/wp\/v2\/pages"}],"about":[{"href":"https:\/\/photo-portrait.com\/en\/wp-json\/wp\/v2\/types\/page"}],"author":[{"embeddable":true,"href":"https:\/\/photo-portrait.com\/en\/wp-json\/wp\/v2\/users\/2"}],"replies":[{"embeddable":true,"href":"https:\/\/photo-portrait.com\/en\/wp-json\/wp\/v2\/comments?post=2839"}],"version-history":[{"count":1,"href":"https:\/\/photo-portrait.com\/en\/wp-json\/wp\/v2\/pages\/2839\/revisions"}],"predecessor-version":[{"id":8356,"href":"https:\/\/photo-portrait.com\/en\/wp-json\/wp\/v2\/pages\/2839\/revisions\/8356"}],"wp:attachment":[{"href":"https:\/\/photo-portrait.com\/en\/wp-json\/wp\/v2\/media?parent=2839"}],"curies":[{"name":"wp","href":"https:\/\/api.w.org\/{rel}","templated":true}]}}