{"id":2836,"date":"2019-01-31T19:35:32","date_gmt":"2019-01-31T19:35:32","guid":{"rendered":"http:\/\/photo-portrait.com\/?page_id=2836"},"modified":"2024-10-04T23:19:15","modified_gmt":"2024-10-04T23:19:15","slug":"photographie-de-mode-et-de-beaute","status":"publish","type":"page","link":"https:\/\/photo-portrait.com\/en\/photographie-de-mode-et-de-beaute\/","title":{"rendered":"Mode et beaut\u00e9"},"content":{"rendered":"<section  class=\"fw-main-row\"  >\r\n\t<div class=\"fw-container\">\r\n\t\t<div class=\"fw-row\">\n\t<div class=\"fw-col-xs-12\" style=\"\">\r\n\t\r\n\r\n\r\r\n\t\r\n\t<div class=\"load-items-9a0cbeabdadadbd2cce1bc06015f0319 animation1 none cf-items fw-row masonry\"> \r\r\n\t\t\r\n\t\t\r\n\t\t\t\r\n\t\t\t\r\n\t\t\t\r\n\t\t\t\t<div class=\"cf-item gallery-item fw-col-xs-12 fw-col-sm-4 fw-col-md-3 category240 category272 category269\">\r\r\n\t\t\t\t\t<a href=\"https:\/\/photo-portrait.com\/en\/project\/portrait-angelyne-fine-art-thematique-vintage\/\" data-size=\"964x1444\" title=\"Portrait Angelyne fine art thematique vintage\">\r\r\n\t\t\t\t\t\t<div class=\"a-img\">\r\r\n\t\t\t\t\t\t\t<img decoding=\"async\" src=\"https:\/\/photo-portrait.com\/wp-content\/uploads\/2023\/10\/BLO_Vintage_Soft_02_1231_W-1000x1498.jpg\" alt=\"Portrait Angelyne fine art thematique vintage\">\r\r\n\t\t\t\t\t\t<\/div>\r\r\n\t\t\t\t\t\t<div class=\"cont\">\r\r\n\t\t\t\t\t\t\t\r\n\t\t\t\t\t\t\t<div class=\"name\">Portrait Angelyne fine art thematique vintage<\/div>\r\r\n\t\t\t\t\t\t\t\r\n\t\t\t\t\t\t<\/div>\r\r\n\t\t\t\t\t<\/a>\r\r\n\t\t\t\t\t<a href=\"https:\/\/photo-portrait.com\/en\/project\/portrait-angelyne-fine-art-thematique-vintage\/\" data-size=\"964x1444\" title=\"Portrait Angelyne fine art thematique vintage\"><\/a>\r\r\n\t\t\t\t<\/div>\r\r\n\t\t\t\r\n\t\t\r\n\t\t\t\r\n\t\t\t\r\n\t\t\t\r\n\t\t\t\t<div class=\"cf-item gallery-item fw-col-xs-12 fw-col-sm-4 fw-col-md-3 category266 category240 category269\">\r\r\n\t\t\t\t\t<a href=\"https:\/\/photo-portrait.com\/en\/project\/photo-editoriale-de-mode-et-beaute-portfolio-de-mannequin-a-quebec\/\" data-size=\"2005x1357\" title=\"Photo \u00e9ditoriale de mode et beaut\u00e9 \/ Portfolio de mannequin \u00e0 Qu\u00e9bec\">\r\r\n\t\t\t\t\t\t<div class=\"a-img\">\r\r\n\t\t\t\t\t\t\t<img decoding=\"async\" src=\"https:\/\/photo-portrait.com\/wp-content\/uploads\/2018\/12\/Portfolio-mode-studio-photo-Quebec-Portneuf-2473_W-1000x677.jpg\" alt=\"Photo \u00e9ditoriale de mode et beaut\u00e9 \/ Portfolio de mannequin \u00e0 Qu\u00e9bec\">\r\r\n\t\t\t\t\t\t<\/div>\r\r\n\t\t\t\t\t\t<div class=\"cont\">\r\r\n\t\t\t\t\t\t\t\r\n\t\t\t\t\t\t\t<div class=\"name\">Photo \u00e9ditoriale de mode et beaut\u00e9 \/ Portfolio de mannequin \u00e0 Qu\u00e9bec<\/div>\r\r\n\t\t\t\t\t\t\t\r\n\t\t\t\t\t\t<\/div>\r\r\n\t\t\t\t\t<\/a>\r\r\n\t\t\t\t\t<a href=\"https:\/\/photo-portrait.com\/en\/project\/photo-editoriale-de-mode-et-beaute-portfolio-de-mannequin-a-quebec\/\" data-size=\"2005x1357\" title=\"Photo \u00e9ditoriale de mode et beaut\u00e9 \/ Portfolio de mannequin \u00e0 Qu\u00e9bec\"><\/a>\r\r\n\t\t\t\t<\/div>\r\r\n\t\t\t\r\n\t\t\r\n\t\t\t\r\n\t\t\t\r\n\t\t\t\r\n\t\t\t\t<div class=\"cf-item gallery-item fw-col-xs-12 fw-col-sm-4 fw-col-md-3 category240\">\r\r\n\t\t\t\t\t<a href=\"https:\/\/photo-portrait.com\/en\/project\/photo-dune-jeune-femme-daffaire-au-veston-bleu-portrait-corporatif-a-quebec\/\" data-size=\"1469x2000\" title=\"Photo \u00e9ditoriale ext\u00e9rieur de mode, Magazine Savvy, Japon\">\r\r\n\t\t\t\t\t\t<div class=\"a-img\">\r\r\n\t\t\t\t\t\t\t<img decoding=\"async\" src=\"https:\/\/photo-portrait.com\/wp-content\/uploads\/2019\/04\/Brand_upLight_2019_W-1000x1361.jpg\" alt=\"Photo \u00e9ditoriale ext\u00e9rieur de mode, Magazine Savvy, Japon\">\r\r\n\t\t\t\t\t\t<\/div>\r\r\n\t\t\t\t\t\t<div class=\"cont\">\r\r\n\t\t\t\t\t\t\t\r\n\t\t\t\t\t\t\t<div class=\"name\">Photo \u00e9ditoriale ext\u00e9rieur de mode, Magazine Savvy, Japon<\/div>\r\r\n\t\t\t\t\t\t\t\r\n\t\t\t\t\t\t<\/div>\r\r\n\t\t\t\t\t<\/a>\r\r\n\t\t\t\t\t<a href=\"https:\/\/photo-portrait.com\/en\/project\/photo-dune-jeune-femme-daffaire-au-veston-bleu-portrait-corporatif-a-quebec\/\" data-size=\"1469x2000\" title=\"Photo \u00e9ditoriale ext\u00e9rieur de mode, Magazine Savvy, Japon\"><\/a>\r\r\n\t\t\t\t<\/div>\r\r\n\t\t\t\r\n\t\t\r\n\t\t\t\r\n\t\t\t\r\n\t\t\t\r\n\t\t\t\t<div class=\"cf-item gallery-item fw-col-xs-12 fw-col-sm-4 fw-col-md-3 category262 category257 category240 category269\">\r\r\n\t\t\t\t\t<a href=\"https:\/\/photo-portrait.com\/en\/project\/photographie-dun-mannequin-noir-dans-un-decor-industriel-photo-editoriale-de-mode-a-quebec\/\" data-size=\"2000x1328\" title=\"Portfolio mannequin noir dans un d\u00e9cor industriel\">\r\r\n\t\t\t\t\t\t<div class=\"a-img\">\r\r\n\t\t\t\t\t\t\t<img decoding=\"async\" src=\"https:\/\/photo-portrait.com\/wp-content\/uploads\/2019\/02\/PWC_Contrast_8490_W-1000x664.jpg\" alt=\"Portfolio mannequin noir dans un d\u00e9cor industriel\">\r\r\n\t\t\t\t\t\t<\/div>\r\r\n\t\t\t\t\t\t<div class=\"cont\">\r\r\n\t\t\t\t\t\t\t\r\n\t\t\t\t\t\t\t<div class=\"name\">Portfolio mannequin noir dans un d\u00e9cor industriel<\/div>\r\r\n\t\t\t\t\t\t\t\r\n\t\t\t\t\t\t<\/div>\r\r\n\t\t\t\t\t<\/a>\r\r\n\t\t\t\t\t<a href=\"https:\/\/photo-portrait.com\/en\/project\/photographie-dun-mannequin-noir-dans-un-decor-industriel-photo-editoriale-de-mode-a-quebec\/\" data-size=\"2000x1328\" title=\"Portfolio mannequin noir dans un d\u00e9cor industriel\"><\/a>\r\r\n\t\t\t\t<\/div>\r\r\n\t\t\t\r\n\t\t\r\n\t\t\t\r\n\t\t\t\r\n\t\t\t\r\n\t\t\t\t<div class=\"cf-item gallery-item fw-col-xs-12 fw-col-sm-4 fw-col-md-3 category262 category240 category269\">\r\r\n\t\t\t\t\t<a href=\"https:\/\/photo-portrait.com\/en\/project\/photo-retro-noir-et-blanc-dune-femme-fumant-un-cigare-photographe-editorial-a-quebec\/\" data-size=\"1424x2000\" title=\"Shooting mode noir et blanc d&#039;une femme style r\u00e9tro\">\r\r\n\t\t\t\t\t\t<div class=\"a-img\">\r\r\n\t\t\t\t\t\t\t<img decoding=\"async\" src=\"https:\/\/photo-portrait.com\/wp-content\/uploads\/2018\/12\/Photographe-Studio-mode-retro-Quebec_02_W-1000x1404.jpg\" alt=\"Shooting mode noir et blanc d&#039;une femme style r\u00e9tro\">\r\r\n\t\t\t\t\t\t<\/div>\r\r\n\t\t\t\t\t\t<div class=\"cont\">\r\r\n\t\t\t\t\t\t\t\r\n\t\t\t\t\t\t\t<div class=\"name\">Shooting mode noir et blanc d&#039;une femme style r\u00e9tro<\/div>\r\r\n\t\t\t\t\t\t\t\r\n\t\t\t\t\t\t<\/div>\r\r\n\t\t\t\t\t<\/a>\r\r\n\t\t\t\t\t<a href=\"https:\/\/photo-portrait.com\/en\/project\/photo-retro-noir-et-blanc-dune-femme-fumant-un-cigare-photographe-editorial-a-quebec\/\" data-size=\"1424x2000\" title=\"Shooting mode noir et blanc d&#039;une femme style r\u00e9tro\"><\/a>\r\r\n\t\t\t\t<\/div>\r\r\n\t\t\t\r\n\t\t\r\n\t\t\t\r\n\t\t\t\r\n\t\t\t\r\n\t\t\t\t<div class=\"cf-item gallery-item fw-col-xs-12 fw-col-sm-4 fw-col-md-3 category266 category262 category240 category247 category269\">\r\r\n\t\t\t\t\t<a href=\"https:\/\/photo-portrait.com\/en\/project\/photo-noir-et-blanc-retro-dune-femme-au-cigare-photographie-de-mode-retro\/\" data-size=\"1349x2000\" title=\"Photographie noir et blanc de mode r\u00e9tro \u00e0 Qu\u00e9bec\">\r\r\n\t\t\t\t\t\t<div class=\"a-img\">\r\r\n\t\t\t\t\t\t\t<img decoding=\"async\" src=\"https:\/\/photo-portrait.com\/wp-content\/uploads\/2018\/12\/Photo-vintage-noir-et-blanc-mode-beaute-Quebec_03_W-1000x1483.jpg\" alt=\"Photographie noir et blanc de mode r\u00e9tro \u00e0 Qu\u00e9bec\">\r\r\n\t\t\t\t\t\t<\/div>\r\r\n\t\t\t\t\t\t<div class=\"cont\">\r\r\n\t\t\t\t\t\t\t\r\n\t\t\t\t\t\t\t<div class=\"name\">Photographie noir et blanc de mode r\u00e9tro \u00e0 Qu\u00e9bec<\/div>\r\r\n\t\t\t\t\t\t\t\r\n\t\t\t\t\t\t<\/div>\r\r\n\t\t\t\t\t<\/a>\r\r\n\t\t\t\t\t<a href=\"https:\/\/photo-portrait.com\/en\/project\/photo-noir-et-blanc-retro-dune-femme-au-cigare-photographie-de-mode-retro\/\" data-size=\"1349x2000\" title=\"Photographie noir et blanc de mode r\u00e9tro \u00e0 Qu\u00e9bec\"><\/a>\r\r\n\t\t\t\t<\/div>\r\r\n\t\t\t\r\n\t\t\r\n\t\t\t\r\n\t\t\t\r\n\t\t\t\r\n\t\t\t\t<div class=\"cf-item gallery-item fw-col-xs-12 fw-col-sm-4 fw-col-md-3 category266 category262 category240\">\r\r\n\t\t\t\t\t<a href=\"https:\/\/photo-portrait.com\/en\/project\/photographie-editoriale-de-mode-et-beaute-portfolio-pour-mannequin-feminin\/\" data-size=\"2000x1478\" title=\"Portfolio pour mannequin de mode et beaut\u00e9\">\r\r\n\t\t\t\t\t\t<div class=\"a-img\">\r\r\n\t\t\t\t\t\t\t<img decoding=\"async\" src=\"https:\/\/photo-portrait.com\/wp-content\/uploads\/2018\/12\/Photographe-mode-portfolio-Danielle-Giguere_2582-1000x739.jpg\" alt=\"Portfolio pour mannequin de mode et beaut\u00e9\">\r\r\n\t\t\t\t\t\t<\/div>\r\r\n\t\t\t\t\t\t<div class=\"cont\">\r\r\n\t\t\t\t\t\t\t\r\n\t\t\t\t\t\t\t<div class=\"name\">Portfolio pour mannequin de mode et beaut\u00e9<\/div>\r\r\n\t\t\t\t\t\t\t\r\n\t\t\t\t\t\t<\/div>\r\r\n\t\t\t\t\t<\/a>\r\r\n\t\t\t\t\t<a href=\"https:\/\/photo-portrait.com\/en\/project\/photographie-editoriale-de-mode-et-beaute-portfolio-pour-mannequin-feminin\/\" data-size=\"2000x1478\" title=\"Portfolio pour mannequin de mode et beaut\u00e9\"><\/a>\r\r\n\t\t\t\t<\/div>\r\r\n\t\t\t\r\n\t\t\r\n\t\t\t\r\n\t\t\t\r\n\t\t\t\r\n\t\t\t\t<div class=\"cf-item gallery-item fw-col-xs-12 fw-col-sm-4 fw-col-md-3 category266 category240 category269\">\r\r\n\t\t\t\t\t<a href=\"https:\/\/photo-portrait.com\/en\/project\/photo-professionnelle-de-beaute-dun-jeune-femme-noire-portfolio-de-mannequin\/\" data-size=\"1736x2005\" title=\"Photo de beaut\u00e9 d&#039;une jeune mannequin de mode\">\r\r\n\t\t\t\t\t\t<div class=\"a-img\">\r\r\n\t\t\t\t\t\t\t<img decoding=\"async\" src=\"https:\/\/photo-portrait.com\/wp-content\/uploads\/2018\/12\/Shooting-mannequin-Mode-Quebec_2585_W-1000x1155.jpg\" alt=\"Photo de beaut\u00e9 d&#039;une jeune mannequin de mode\">\r\r\n\t\t\t\t\t\t<\/div>\r\r\n\t\t\t\t\t\t<div class=\"cont\">\r\r\n\t\t\t\t\t\t\t\r\n\t\t\t\t\t\t\t<div class=\"name\">Photo de beaut\u00e9 d&#039;une jeune mannequin de mode<\/div>\r\r\n\t\t\t\t\t\t\t\r\n\t\t\t\t\t\t<\/div>\r\r\n\t\t\t\t\t<\/a>\r\r\n\t\t\t\t\t<a href=\"https:\/\/photo-portrait.com\/en\/project\/photo-professionnelle-de-beaute-dun-jeune-femme-noire-portfolio-de-mannequin\/\" data-size=\"1736x2005\" title=\"Photo de beaut\u00e9 d&#039;une jeune mannequin de mode\"><\/a>\r\r\n\t\t\t\t<\/div>\r\r\n\t\t\t\r\n\t\t\r\n\t\t\t\r\n\t\t\t\r\n\t\t\t\r\n\t\t\t\t<div class=\"cf-item gallery-item fw-col-xs-12 fw-col-sm-4 fw-col-md-3 category266 category240 category269\">\r\r\n\t\t\t\t\t<a href=\"https:\/\/photo-portrait.com\/en\/project\/photo-de-portfolio-de-mode-pour-mannequin-studio-de-photo-dans-portneuf-quebec\/\" data-size=\"1339x2005\" title=\"Photo de portfolio de mode pour mannequin \/ Studio de photo dans Portneuf, Qu\u00e9bec\">\r\r\n\t\t\t\t\t\t<div class=\"a-img\">\r\r\n\t\t\t\t\t\t\t<img decoding=\"async\" src=\"https:\/\/photo-portrait.com\/wp-content\/uploads\/2018\/12\/Portfolio-mannequin-2521_W-1000x1497.jpg\" alt=\"Photo de portfolio de mode pour mannequin \/ Studio de photo dans Portneuf, Qu\u00e9bec\">\r\r\n\t\t\t\t\t\t<\/div>\r\r\n\t\t\t\t\t\t<div class=\"cont\">\r\r\n\t\t\t\t\t\t\t\r\n\t\t\t\t\t\t\t<div class=\"name\">Photo de portfolio de mode pour mannequin \/ Studio de photo dans Portneuf, Qu\u00e9bec<\/div>\r\r\n\t\t\t\t\t\t\t\r\n\t\t\t\t\t\t<\/div>\r\r\n\t\t\t\t\t<\/a>\r\r\n\t\t\t\t\t<a href=\"https:\/\/photo-portrait.com\/en\/project\/photo-de-portfolio-de-mode-pour-mannequin-studio-de-photo-dans-portneuf-quebec\/\" data-size=\"1339x2005\" title=\"Photo de portfolio de mode pour mannequin \/ Studio de photo dans Portneuf, Qu\u00e9bec\"><\/a>\r\r\n\t\t\t\t<\/div>\r\r\n\t\t\t\r\n\t\t\r\n\t\t\t\r\n\t\t\t\r\n\t\t\t\r\n\t\t\t\t<div class=\"cf-item gallery-item fw-col-xs-12 fw-col-sm-4 fw-col-md-3 category262 category257 category240 category269\">\r\r\n\t\t\t\t\t<a href=\"https:\/\/photo-portrait.com\/en\/project\/seance-photo-thematique-dans-un-decor-industriel-projet-artistique-de-portfolio-de-mode-et-de-beaute\/\" data-size=\"2000x1339\" title=\"S\u00e9ance photo th\u00e9matique dans un d\u00e9cor industriel \/ Projet artistique de portfolio de mode et de beaut\u00e9\">\r\r\n\t\t\t\t\t\t<div class=\"a-img\">\r\r\n\t\t\t\t\t\t\t<img decoding=\"async\" src=\"https:\/\/photo-portrait.com\/wp-content\/uploads\/2019\/04\/GENDuoV303_0128_W-3-1000x670.jpg\" alt=\"S\u00e9ance photo th\u00e9matique dans un d\u00e9cor industriel \/ Projet artistique de portfolio de mode et de beaut\u00e9\">\r\r\n\t\t\t\t\t\t<\/div>\r\r\n\t\t\t\t\t\t<div class=\"cont\">\r\r\n\t\t\t\t\t\t\t\r\n\t\t\t\t\t\t\t<div class=\"name\">S\u00e9ance photo th\u00e9matique dans un d\u00e9cor industriel \/ Projet artistique de portfolio de mode et de beaut\u00e9<\/div>\r\r\n\t\t\t\t\t\t\t\r\n\t\t\t\t\t\t<\/div>\r\r\n\t\t\t\t\t<\/a>\r\r\n\t\t\t\t\t<a href=\"https:\/\/photo-portrait.com\/en\/project\/seance-photo-thematique-dans-un-decor-industriel-projet-artistique-de-portfolio-de-mode-et-de-beaute\/\" data-size=\"2000x1339\" title=\"S\u00e9ance photo th\u00e9matique dans un d\u00e9cor industriel \/ Projet artistique de portfolio de mode et de beaut\u00e9\"><\/a>\r\r\n\t\t\t\t<\/div>\r\r\n\t\t\t\r\n\t\t\r\n\t\t\t\r\n\t\t\t\r\n\t\t\t\r\n\t\t\t\t<div class=\"cf-item gallery-item fw-col-xs-12 fw-col-sm-4 fw-col-md-3 category262 category257 category240\">\r\r\n\t\t\t\t\t<a href=\"https:\/\/photo-portrait.com\/en\/project\/photo-de-creation-thematique-avec-stacy-ann-murray-photographie-editoriale\/\" data-size=\"2000x1335\" title=\"Photo de cr\u00e9ation th\u00e9matique avec Stacy Ann Murray \/ Photographie \u00e9ditoriale\">\r\r\n\t\t\t\t\t\t<div class=\"a-img\">\r\r\n\t\t\t\t\t\t\t<img decoding=\"async\" src=\"https:\/\/photo-portrait.com\/wp-content\/uploads\/2019\/02\/JOH_01_8152_W-1000x668.jpg\" alt=\"Photo de cr\u00e9ation th\u00e9matique avec Stacy Ann Murray \/ Photographie \u00e9ditoriale\">\r\r\n\t\t\t\t\t\t<\/div>\r\r\n\t\t\t\t\t\t<div class=\"cont\">\r\r\n\t\t\t\t\t\t\t\r\n\t\t\t\t\t\t\t<div class=\"name\">Photo de cr\u00e9ation th\u00e9matique avec Stacy Ann Murray \/ Photographie \u00e9ditoriale<\/div>\r\r\n\t\t\t\t\t\t\t\r\n\t\t\t\t\t\t<\/div>\r\r\n\t\t\t\t\t<\/a>\r\r\n\t\t\t\t\t<a href=\"https:\/\/photo-portrait.com\/en\/project\/photo-de-creation-thematique-avec-stacy-ann-murray-photographie-editoriale\/\" data-size=\"2000x1335\" title=\"Photo de cr\u00e9ation th\u00e9matique avec Stacy Ann Murray \/ Photographie \u00e9ditoriale\"><\/a>\r\r\n\t\t\t\t<\/div>\r\r\n\t\t\t\r\n\t\t\r\n\t\t\t\r\n\t\t\t\r\n\t\t\t\r\n\t\t\t\t<div class=\"cf-item gallery-item fw-col-xs-12 fw-col-sm-4 fw-col-md-3 category239 category262 category257 category240 category269\">\r\r\n\t\t\t\t\t<a href=\"https:\/\/photo-portrait.com\/en\/project\/portrait-contemporain-de-stacy-ann-murray-creation-thematique-a-pont-rouge-portneuf-quebec\/\" data-size=\"400x300\" title=\"Portrait contemporain de Stacy Ann Murray \/ Cr\u00e9ation th\u00e9matique \u00e0 Pont-Rouge, Portneuf, Qu\u00e9bec\">\r\r\n\t\t\t\t\t\t<div class=\"a-img\">\r\r\n\t\t\t\t\t\t\t<img decoding=\"async\" src=\"https:\/\/photo-portrait.com\/wp-content\/uploads\/2019\/02\/Temoignage_Stacy_W-1000x750.jpg\" alt=\"Portrait contemporain de Stacy Ann Murray \/ Cr\u00e9ation th\u00e9matique \u00e0 Pont-Rouge, Portneuf, Qu\u00e9bec\">\r\r\n\t\t\t\t\t\t<\/div>\r\r\n\t\t\t\t\t\t<div class=\"cont\">\r\r\n\t\t\t\t\t\t\t\r\n\t\t\t\t\t\t\t<div class=\"name\">Portrait contemporain de Stacy Ann Murray \/ Cr\u00e9ation th\u00e9matique \u00e0 Pont-Rouge, Portneuf, Qu\u00e9bec<\/div>\r\r\n\t\t\t\t\t\t\t\r\n\t\t\t\t\t\t<\/div>\r\r\n\t\t\t\t\t<\/a>\r\r\n\t\t\t\t\t<a href=\"https:\/\/photo-portrait.com\/en\/project\/portrait-contemporain-de-stacy-ann-murray-creation-thematique-a-pont-rouge-portneuf-quebec\/\" data-size=\"400x300\" title=\"Portrait contemporain de Stacy Ann Murray \/ Cr\u00e9ation th\u00e9matique \u00e0 Pont-Rouge, Portneuf, Qu\u00e9bec\"><\/a>\r\r\n\t\t\t\t<\/div>\r\r\n\t\t\t\r\n\t\t\r\n\t\t\r\n\t<\/div>\r\r\n\t\r\r\n\t\r\n\t \r\r\n\r\r\n\r\r\n<\/div>\r\n<\/div>\n\n<div class=\"fw-row\">\n\t<div class=\"fw-col-xs-12\" style=\"\">\r\n\t\r\n<p>&nbsp;<\/p><p><a href=\"http:\/\/photo-portrait.com\/mode-et-beaute-fashion-magazine-seance-photo-portfolio\/\">Portfolio Mode et Beaut\u00e9<\/a><\/p><p>Book de mannequin, photo de mode, photos fashion, portfolio de casting, photographie de beaut\u00e9, photographies de mod\u00e8le\u2026<\/p><p class=\"bodytext\"><strong>Que ce soit pour le simple plaisir de voir une photo de mode qui met vraiment en valeur les plus belles qualit\u00e9s de votre visage, ou pour offrir un portrait plus fashion \u00e0 certains de vos proches\u2026<\/strong><\/p><p>Le maquillage, la coiffure, les v\u00eatements, les accessoires, le lieu, le d\u00e9cor et l\u2019\u00e9clairage, sont tous des \u00e9l\u00e9ments essentiels pour cr\u00e9er une ambiance et une image cr\u00e9ative dignes des grands cr\u00e9ateurs de la mode. L\u2019accent est mis sur l\u2019esth\u00e9tique, l'originalit\u00e9 du concept photographique et la finition de l\u2019image finale pour obtenir une ambiance singuli\u00e8re. Le portrait traditionnel est une excellente fa\u00e7on d\u2019immortaliser votre visage, mais nous pouvons \u00e9galement r\u00e9aliser un type de photo que l'on nomme la photographie de beaut\u00e9. C'est une photo assez rapproch\u00e9e de votre visage dont l'expression met en valeur la beaut\u00e9 de vos traits et une conscience des tendances de la mode actuelle. Ce type de photographie est souvent assez stylis\u00e9 et couramment publi\u00e9 dans les revues de mode, sur des pochettes de disque, affiches de cin\u00e9ma, de spectacle, etc.<\/p><p class=\"bodytext\"><strong>Vous \u00eates un artiste ou un acteur et vous avez besoin d\u2019un portrait pour votre portfolio ou des besoins promotionnels?\u00a0<\/strong>Les photographies dont vous avez besoin en tant qu\u2019artiste doivent v\u00e9hiculer des qualit\u00e9s qui vous d\u00e9finiront par un style qui repr\u00e9sente bien votre personnalit\u00e9 et parfois \u00e9galement votre singularit\u00e9. L'\u00e9laboration d\u2019un concept juste et efficace est alors d\u2019une grande importance et mon parcours en arts visuels m'a certainement appris \u00e0 d\u00e9velopper des strat\u00e9gies pour attirer l\u2019attention et exprimer vos id\u00e9es fid\u00e8lement avec nouveaut\u00e9.<\/p><p><strong>Vous croyez remplir les crit\u00e8res n\u00e9cessaires pour devenir mannequin, mais ne savez pas comment faire ou vous n\u2019avez pas de photos professionnelles?\u00a0<\/strong>Mon exp\u00e9rience dans le milieu de la photographie mode servira et vous guidera pendant la s\u00e9ance de photo en ce qui concerne les poses, la gestuelle et les expressions qui vous mettront en valeur. Je vous conseillerai dans votre choix final de photographies et dans l\u2019organisation de votre book (portfolio).<\/p><p><strong>Sans avoir l\u2019ambition de devenir mannequin, vous aimeriez vivre la m\u00eame exp\u00e9rience d\u2019une s\u00e9ance de photographie de mode professionnelle?<\/strong>\u00a0Une s\u00e9ance de photographie de mode comprend habituellement une \u00e9quipe de professionnels de la coiffure, du maquillage et du stylisme vestimentaire qui se sont pr\u00e9alablement consult\u00e9s afin que tous s\u2019entendent sur un concept. Les photos sont prises en studio ou encore dans un site choisi pour l\u2019ambiance qu\u2019il cr\u00e9e. Les membres de l\u2019\u00e9quipe travaillent ensemble \u00e0 concocter l\u2019illusion d\u2019un univers singulier.<br \/><strong><br \/>Vous aimeriez, une fois dans votre vie, vous faire photographier par un professionnel qui sait comment faire ressortir tous vos atouts et vous donner l\u2019allure d\u2019une vedette. L<\/strong>e succ\u00e8s d\u2019un mannequin repose sur beaucoup plus que la beaut\u00e9. Avant la contribution de tous les membres de l\u2019\u00e9quipe et avant de franchir toutes les \u00e9tapes de la transformation, certains mannequins nous paraissent d\u2019allure g\u00e9n\u00e9ralement simple. Ce qui est important, c\u2019est savoir travailler avec la structure osseuse de votre visage et de votre corps en raffinant l\u2019\u00e9clairage et les angles, et \u00e9videmment, en captant l\u2019intention dans le regard.<\/p><p><strong>Vous n\u2019avez pas une beaut\u00e9 classique, mais un bon photographe arrivera \u00e0 mettre d\u2019avant votre charisme en faisant valoir votre charme.<\/strong>\u00a0J\u2019ai eu l\u2019occasion de photographier, tout au long de ma carri\u00e8re, des visages de tout type. Chaque visage est unique et int\u00e9ressant. Je m\u2019int\u00e9resse \u00e0 trouver ce qui est singulier et int\u00e9ressant dans tous les visages que je croise. Je suis en mesure de trouver le bon \u00e9clairage et le bon point de vue qui saura souligner vos traits de fa\u00e7on avantageuse.<\/p><h4>Quelques clients<\/h4><p>&nbsp;<\/p><h5><a href=\"http:\/\/www.clindoeil.ca\/\" target=\"_blank\" rel=\"noopener\">Clin d\u2019oeil<\/a><br \/><a href=\"https:\/\/foliomontreal.com\/\">Folio<\/a><br \/><a href=\"https:\/\/www.specsmodels.com\" target=\"_blank\" rel=\"noopener\">Agence Specs<\/a><br \/><a href=\"https:\/\/agencelesmuses.com\/\">Agence les muses<\/a><br \/><a href=\"https:\/\/www.scooponline.ca\/\" target=\"_blank\" rel=\"noopener\">Scoop<\/a><br \/><a href=\"https:\/\/www.thesavvymag.com\/about\/\" target=\"_blank\" rel=\"noopener\">Savvy ( Japon)<\/a><br \/><a href=\"http:\/\/www.montagemodels.com\/title.html\" target=\"_blank\" rel=\"noopener\">Montage<\/a><\/h5>\r\n<\/div>\r\n<\/div>\n\n\t<\/div>\r\n<\/section>","protected":false},"excerpt":{"rendered":"<p>Portrait Angelyne fine art thematique vintage Photo \u00e9ditoriale de mode et beaut\u00e9 \/ Portfolio de mannequin \u00e0 Qu\u00e9bec Photo \u00e9ditoriale ext\u00e9rieur de mode, Magazine Savvy, Japon Portfolio mannequin noir dans un d\u00e9cor industriel Shooting mode noir et blanc d&#039;une femme style r\u00e9tro Photographie noir et blanc de mode r\u00e9tro \u00e0 Qu\u00e9bec Portfolio pour mannequin de [&hellip;]<\/p>","protected":false},"author":2,"featured_media":0,"parent":0,"menu_order":0,"comment_status":"closed","ping_status":"closed","template":"","meta":{"_editorskit_title_hidden":false,"_editorskit_reading_time":0,"_editorskit_is_block_options_detached":false,"_editorskit_block_options_position":"{}","footnotes":""},"class_list":["post-2836","page","type-page","status-publish","hentry"],"_links":{"self":[{"href":"https:\/\/photo-portrait.com\/en\/wp-json\/wp\/v2\/pages\/2836","targetHints":{"allow":["GET"]}}],"collection":[{"href":"https:\/\/photo-portrait.com\/en\/wp-json\/wp\/v2\/pages"}],"about":[{"href":"https:\/\/photo-portrait.com\/en\/wp-json\/wp\/v2\/types\/page"}],"author":[{"embeddable":true,"href":"https:\/\/photo-portrait.com\/en\/wp-json\/wp\/v2\/users\/2"}],"replies":[{"embeddable":true,"href":"https:\/\/photo-portrait.com\/en\/wp-json\/wp\/v2\/comments?post=2836"}],"version-history":[{"count":3,"href":"https:\/\/photo-portrait.com\/en\/wp-json\/wp\/v2\/pages\/2836\/revisions"}],"predecessor-version":[{"id":8281,"href":"https:\/\/photo-portrait.com\/en\/wp-json\/wp\/v2\/pages\/2836\/revisions\/8281"}],"wp:attachment":[{"href":"https:\/\/photo-portrait.com\/en\/wp-json\/wp\/v2\/media?parent=2836"}],"curies":[{"name":"wp","href":"https:\/\/api.w.org\/{rel}","templated":true}]}}