{"id":2828,"date":"2019-01-31T19:16:51","date_gmt":"2019-01-31T19:16:51","guid":{"rendered":"http:\/\/photo-portrait.com\/?page_id=2828"},"modified":"2023-02-11T14:42:35","modified_gmt":"2023-02-11T14:42:35","slug":"photographie-dartistes-et-de-personnalites","status":"publish","type":"page","link":"https:\/\/photo-portrait.com\/en\/photographie-dartistes-et-de-personnalites\/","title":{"rendered":"Portraits d&rsquo;artistes musiciens"},"content":{"rendered":"<section  class=\"fw-main-row\"  >\r\n\t<div class=\"fw-container\">\r\n\t\t<div class=\"fw-row\">\n\t<div class=\"fw-col-xs-12\" style=\"\">\r\n\t\r\n\r\n\r\r\n\t\r\n\t<div class=\"load-items-d8b0994ec6ce58ee35dc393f0782a0b0 animation1 none cf-items fw-row masonry\"> \r\r\n\t\t\r\n\t\t\r\n\t\t\t\r\n\t\t\t\r\n\t\t\t\r\n\t\t\t\t<div class=\"cf-item gallery-item fw-col-xs-12 fw-col-sm-4 fw-col-md-3 category239\">\r\r\n\t\t\t\t\t<a href=\"https:\/\/photo-portrait.com\/en\/project\/2624\/\" data-size=\"1970x2000\" title=\"Photos de musiciens en \u00e9clairage studio \/ 1\">\r\r\n\t\t\t\t\t\t<div class=\"a-img\">\r\r\n\t\t\t\t\t\t\t<img decoding=\"async\" src=\"https:\/\/photo-portrait.com\/wp-content\/uploads\/2019\/01\/TRI0_Warm_Cropped_996_W-1000x1015.jpg\" alt=\"Photos de musiciens en \u00e9clairage studio \/ 1\">\r\r\n\t\t\t\t\t\t<\/div>\r\r\n\t\t\t\t\t\t<div class=\"cont\">\r\r\n\t\t\t\t\t\t\t\r\n\t\t\t\t\t\t\t<div class=\"name\">Photos de musiciens en \u00e9clairage studio \/ 1<\/div>\r\r\n\t\t\t\t\t\t\t\r\n\t\t\t\t\t\t<\/div>\r\r\n\t\t\t\t\t<\/a>\r\r\n\t\t\t\t\t<a href=\"https:\/\/photo-portrait.com\/en\/project\/2624\/\" data-size=\"1970x2000\" title=\"Photos de musiciens en \u00e9clairage studio \/ 1\"><\/a>\r\r\n\t\t\t\t<\/div>\r\r\n\t\t\t\r\n\t\t\r\n\t\t\t\r\n\t\t\t\r\n\t\t\t\r\n\t\t\t\t<div class=\"cf-item gallery-item fw-col-xs-12 fw-col-sm-4 fw-col-md-3 category239 category262 category269\">\r\r\n\t\t\t\t\t<a href=\"https:\/\/photo-portrait.com\/en\/project\/2641\/\" data-size=\"2000x1339\" title=\"Portraits de groupe de musique ext\u00e9rieur \/ Tailor Made Fable\">\r\r\n\t\t\t\t\t\t<div class=\"a-img\">\r\r\n\t\t\t\t\t\t\t<img decoding=\"async\" src=\"https:\/\/photo-portrait.com\/wp-content\/uploads\/2019\/01\/TAILOR-MADE-FABLE-Portrait-groupe-urbain-musicien-quebec-0295_W-1-1000x670.jpg\" alt=\"Portraits de groupe de musique ext\u00e9rieur \/ Tailor Made Fable\">\r\r\n\t\t\t\t\t\t<\/div>\r\r\n\t\t\t\t\t\t<div class=\"cont\">\r\r\n\t\t\t\t\t\t\t\r\n\t\t\t\t\t\t\t<div class=\"name\">Portraits de groupe de musique ext\u00e9rieur \/ Tailor Made Fable<\/div>\r\r\n\t\t\t\t\t\t\t\r\n\t\t\t\t\t\t<\/div>\r\r\n\t\t\t\t\t<\/a>\r\r\n\t\t\t\t\t<a href=\"https:\/\/photo-portrait.com\/en\/project\/2641\/\" data-size=\"2000x1339\" title=\"Portraits de groupe de musique ext\u00e9rieur \/ Tailor Made Fable\"><\/a>\r\r\n\t\t\t\t<\/div>\r\r\n\t\t\t\r\n\t\t\r\n\t\t\t\r\n\t\t\t\r\n\t\t\t\r\n\t\t\t\t<div class=\"cf-item gallery-item fw-col-xs-12 fw-col-sm-4 fw-col-md-3 category239 category267 category237 category269\">\r\r\n\t\t\t\t\t<a href=\"https:\/\/photo-portrait.com\/en\/project\/portrait-dartiste-musicien-et-sa-guitare-photographie-en-studio-a-donnacona\/\" data-size=\"854x1286\" title=\"Portrait d&#039;artiste musicien et sa guitare photographi\u00e9 en studio \u00e0 Donnacona\">\r\r\n\t\t\t\t\t\t<div class=\"a-img\">\r\r\n\t\t\t\t\t\t\t<img decoding=\"async\" src=\"https:\/\/photo-portrait.com\/wp-content\/uploads\/2019\/01\/SYL_CowboyTone_WEB_5515-1000x1506.jpg\" alt=\"Portrait d&#039;artiste musicien et sa guitare photographi\u00e9 en studio \u00e0 Donnacona\">\r\r\n\t\t\t\t\t\t<\/div>\r\r\n\t\t\t\t\t\t<div class=\"cont\">\r\r\n\t\t\t\t\t\t\t\r\n\t\t\t\t\t\t\t<div class=\"name\">Portrait d&#039;artiste musicien et sa guitare photographi\u00e9 en studio \u00e0 Donnacona<\/div>\r\r\n\t\t\t\t\t\t\t\r\n\t\t\t\t\t\t<\/div>\r\r\n\t\t\t\t\t<\/a>\r\r\n\t\t\t\t\t<a href=\"https:\/\/photo-portrait.com\/en\/project\/portrait-dartiste-musicien-et-sa-guitare-photographie-en-studio-a-donnacona\/\" data-size=\"854x1286\" title=\"Portrait d&#039;artiste musicien et sa guitare photographi\u00e9 en studio \u00e0 Donnacona\"><\/a>\r\r\n\t\t\t\t<\/div>\r\r\n\t\t\t\r\n\t\t\r\n\t\t\t\r\n\t\t\t\r\n\t\t\t\r\n\t\t\t\t<div class=\"cf-item gallery-item fw-col-xs-12 fw-col-sm-4 fw-col-md-3 category239 category269\">\r\r\n\t\t\t\t\t<a href=\"https:\/\/photo-portrait.com\/en\/project\/photo-de-yoga-exterieur-avec-france-girard-ambre-rebel\/\" data-size=\"664x1000\" title=\"Portraits d&#039;artistes en lumi\u00e8re naturelle \/ pochettes et affiches 1\">\r\r\n\t\t\t\t\t\t<div class=\"a-img\">\r\r\n\t\t\t\t\t\t\t<img decoding=\"async\" src=\"https:\/\/photo-portrait.com\/wp-content\/uploads\/2019\/04\/HEN_3943_W-1000x1506.jpg\" alt=\"Portraits d&#039;artistes en lumi\u00e8re naturelle \/ pochettes et affiches 1\">\r\r\n\t\t\t\t\t\t<\/div>\r\r\n\t\t\t\t\t\t<div class=\"cont\">\r\r\n\t\t\t\t\t\t\t\r\n\t\t\t\t\t\t\t<div class=\"name\">Portraits d&#039;artistes en lumi\u00e8re naturelle \/ pochettes et affiches 1<\/div>\r\r\n\t\t\t\t\t\t\t\r\n\t\t\t\t\t\t<\/div>\r\r\n\t\t\t\t\t<\/a>\r\r\n\t\t\t\t\t<a href=\"https:\/\/photo-portrait.com\/en\/project\/photo-de-yoga-exterieur-avec-france-girard-ambre-rebel\/\" data-size=\"664x1000\" title=\"Portraits d&#039;artistes en lumi\u00e8re naturelle \/ pochettes et affiches 1\"><\/a>\r\r\n\t\t\t\t<\/div>\r\r\n\t\t\t\r\n\t\t\r\n\t\t\t\r\n\t\t\t\r\n\t\t\t\r\n\t\t\t\t<div class=\"cf-item gallery-item fw-col-xs-12 fw-col-sm-4 fw-col-md-3 category239 category240 category248 category237 category269 category255\">\r\r\n\t\t\t\t\t<a href=\"https:\/\/photo-portrait.com\/en\/project\/homme-tatoue-en-foret-concept-thematique-nordique-viking\/\" data-size=\"480x719\" title=\"Portraits \/ concept th\u00e9matique nordique, viking\">\r\r\n\t\t\t\t\t\t<div class=\"a-img\">\r\r\n\t\t\t\t\t\t\t<img decoding=\"async\" src=\"https:\/\/photo-portrait.com\/wp-content\/uploads\/2019\/04\/JOH_04_7628_W-1000x1498.jpg\" alt=\"Portraits \/ concept th\u00e9matique nordique, viking\">\r\r\n\t\t\t\t\t\t<\/div>\r\r\n\t\t\t\t\t\t<div class=\"cont\">\r\r\n\t\t\t\t\t\t\t\r\n\t\t\t\t\t\t\t<div class=\"name\">Portraits \/ concept th\u00e9matique nordique, viking<\/div>\r\r\n\t\t\t\t\t\t\t\r\n\t\t\t\t\t\t<\/div>\r\r\n\t\t\t\t\t<\/a>\r\r\n\t\t\t\t\t<a href=\"https:\/\/photo-portrait.com\/en\/project\/homme-tatoue-en-foret-concept-thematique-nordique-viking\/\" data-size=\"480x719\" title=\"Portraits \/ concept th\u00e9matique nordique, viking\"><\/a>\r\r\n\t\t\t\t<\/div>\r\r\n\t\t\t\r\n\t\t\r\n\t\t\t\r\n\t\t\t\r\n\t\t\t\r\n\t\t\t\t<div class=\"cf-item gallery-item fw-col-xs-12 fw-col-sm-4 fw-col-md-3 category239 category262 category269\">\r\r\n\t\t\t\t\t<a href=\"https:\/\/photo-portrait.com\/en\/project\/portrait-de-groupe-de-musiciens-photos-dartistes-1\/\" data-size=\"2000x1339\" title=\"Portrait de groupe de musiciens \/ photos d&#039;artistes 1\">\r\r\n\t\t\t\t\t\t<div class=\"a-img\">\r\r\n\t\t\t\t\t\t\t<img decoding=\"async\" src=\"https:\/\/photo-portrait.com\/wp-content\/uploads\/2019\/02\/Groupe-musique-irlandaise-Matching-Keys_studio-Danielle-Giguere-Quebec-0100_W-1000x670.jpg\" alt=\"Portrait de groupe de musiciens \/ photos d&#039;artistes 1\">\r\r\n\t\t\t\t\t\t<\/div>\r\r\n\t\t\t\t\t\t<div class=\"cont\">\r\r\n\t\t\t\t\t\t\t\r\n\t\t\t\t\t\t\t<div class=\"name\">Portrait de groupe de musiciens \/ photos d&#039;artistes 1<\/div>\r\r\n\t\t\t\t\t\t\t\r\n\t\t\t\t\t\t<\/div>\r\r\n\t\t\t\t\t<\/a>\r\r\n\t\t\t\t\t<a href=\"https:\/\/photo-portrait.com\/en\/project\/portrait-de-groupe-de-musiciens-photos-dartistes-1\/\" data-size=\"2000x1339\" title=\"Portrait de groupe de musiciens \/ photos d&#039;artistes 1\"><\/a>\r\r\n\t\t\t\t<\/div>\r\r\n\t\t\t\r\n\t\t\r\n\t\t\t\r\n\t\t\t\r\n\t\t\t\r\n\t\t\t\t<div class=\"cf-item gallery-item fw-col-xs-12 fw-col-sm-4 fw-col-md-3 category239 category273 category237 category269\">\r\r\n\t\t\t\t\t<a href=\"https:\/\/photo-portrait.com\/en\/project\/portraits-dun-homme-eclairage-studio-contraste-plan-tres-rapproche\/\" data-size=\"857x854\" title=\"Portraits d&#039;un homme \u00e9clairage studio contrast\u00e9 \/ plan tr\u00e8s rapproch\u00e9\">\r\r\n\t\t\t\t\t\t<div class=\"a-img\">\r\r\n\t\t\t\t\t\t\t<img decoding=\"async\" src=\"https:\/\/photo-portrait.com\/wp-content\/uploads\/2019\/01\/Photo-visage-homme-rapproche_DAV_W-1000x996.jpg\" alt=\"Portraits d&#039;un homme \u00e9clairage studio contrast\u00e9 \/ plan tr\u00e8s rapproch\u00e9\">\r\r\n\t\t\t\t\t\t<\/div>\r\r\n\t\t\t\t\t\t<div class=\"cont\">\r\r\n\t\t\t\t\t\t\t\r\n\t\t\t\t\t\t\t<div class=\"name\">Portraits d&#039;un homme \u00e9clairage studio contrast\u00e9 \/ plan tr\u00e8s rapproch\u00e9<\/div>\r\r\n\t\t\t\t\t\t\t\r\n\t\t\t\t\t\t<\/div>\r\r\n\t\t\t\t\t<\/a>\r\r\n\t\t\t\t\t<a href=\"https:\/\/photo-portrait.com\/en\/project\/portraits-dun-homme-eclairage-studio-contraste-plan-tres-rapproche\/\" data-size=\"857x854\" title=\"Portraits d&#039;un homme \u00e9clairage studio contrast\u00e9 \/ plan tr\u00e8s rapproch\u00e9\"><\/a>\r\r\n\t\t\t\t<\/div>\r\r\n\t\t\t\r\n\t\t\r\n\t\t\t\r\n\t\t\t\r\n\t\t\t\r\n\t\t\t\t<div class=\"cf-item gallery-item fw-col-xs-12 fw-col-sm-4 fw-col-md-3 category239 category237 category269\">\r\r\n\t\t\t\t\t<a href=\"https:\/\/photo-portrait.com\/en\/project\/portrait-de-musicienne-au-studio-de-donnacona-rachel-aucoin\/\" data-size=\"2000x1335\" title=\"Portrait de musicienne au Studio de Donnacona \/ Rachel Aucoin, pianiste\">\r\r\n\t\t\t\t\t\t<div class=\"a-img\">\r\r\n\t\t\t\t\t\t\t<img decoding=\"async\" src=\"https:\/\/photo-portrait.com\/wp-content\/uploads\/2019\/01\/RIC_Light_7067_W-1000x668.jpg\" alt=\"Portrait de musicienne au Studio de Donnacona \/ Rachel Aucoin, pianiste\">\r\r\n\t\t\t\t\t\t<\/div>\r\r\n\t\t\t\t\t\t<div class=\"cont\">\r\r\n\t\t\t\t\t\t\t\r\n\t\t\t\t\t\t\t<div class=\"name\">Portrait de musicienne au Studio de Donnacona \/ Rachel Aucoin, pianiste<\/div>\r\r\n\t\t\t\t\t\t\t\r\n\t\t\t\t\t\t<\/div>\r\r\n\t\t\t\t\t<\/a>\r\r\n\t\t\t\t\t<a href=\"https:\/\/photo-portrait.com\/en\/project\/portrait-de-musicienne-au-studio-de-donnacona-rachel-aucoin\/\" data-size=\"2000x1335\" title=\"Portrait de musicienne au Studio de Donnacona \/ Rachel Aucoin, pianiste\"><\/a>\r\r\n\t\t\t\t<\/div>\r\r\n\t\t\t\r\n\t\t\r\n\t\t\r\n\t<\/div>\r\r\n\t\r\r\n\t\r\n\t \r\r\n\r\r\n\r\r\n<\/div>\r\n<\/div>\n\n<div class=\"fw-row\">\n\t<div class=\"fw-col-xs-12\" style=\"\">\r\n\t\r\n<p><a class=\"bodytext\" href=\"http:\/\/photo-portrait.com\/artistes-et-musiciens\/\" target=\"_blank\" rel=\"noopener\">Portfolio Artistes et musiciens<\/a><\/p><p>Tous groupe de musique, musicien, chanteur, artiste, com\u00e9dien, acteur danseur dois avoir des photos professionnelles pour son portfolio, dossier de presse, et site web. Ces photographies servent \u00e9galement pour vos affiches et vos publicit\u00e9s de spectacle \u00e0 venir ou pour illustrer une pochette de disque ou une couverture de livre?<\/p><p class=\"bodytext\"><strong>Au cours des ann\u00e9es, j\u2019ai re\u00e7u plusieurs commandes de photographie d\u2019artistes, de vedettes et de personnalit\u00e9s de tous genres<\/strong><\/p><p>&nbsp;<\/p><p class=\"sous-titre\">Quelques clients<\/p><p>&nbsp;<\/p><p class=\"redlist\"><a href=\"http:\/\/boomdesjardins.ca\/\" target=\"_blank\" rel=\"noopener\">Boom Desjardins<\/a> (chanteur)<br \/><a href=\"http:\/\/www.tailormadefable.com\/\" target=\"_blank\" rel=\"noopener\">Tailor Made Fable<\/a><br \/><a href=\"https:\/\/ledq.qc.ca\/fr\" target=\"_blank\" rel=\"noopener\">\u00c9cole de Danse de Qu\u00e9bec<\/a><br \/><a href=\"https:\/\/www.youtube.com\/watch?v=N0jtQk6gnXM\" target=\"_blank\" rel=\"noopener\">Longue Distance<\/a> (groupe de musique)<br \/>Les Chauffeurs \u00e0 Pieds(groupe de musique)<br \/>Raz-de-Mar\u00e9e \/ Tidal Wave<br \/>Matching Keys<br \/>Rachel Aucoin et Sabin Jacques<br \/><a href=\"https:\/\/lacentauree.ca\/\" target=\"_blank\" rel=\"noopener\">Cirque la Centaur\u00e9<\/a><br \/>La fanfare Monfarleau<br \/>Baladi Qu\u00e9bec<br \/>Oumar N\u2019Diaye (musicien et danseur africain)<br \/>ENC (groupe techno)<br \/><a href=\"http:\/\/mariehelenebreault.com\/fr\/\" target=\"_blank\" rel=\"noopener\">Marie-H\u00e9l\u00e8ne Breault<\/a> (fl\u00fbtiste)<br \/>Baladi Qu\u00e9bec<br \/>Lilison Di Kinara (musicien, danseur, artiste visuel)<br \/>Patrick Bernarht (musicien)<br \/>Jean-Fran\u00e7ois Gagn\u00e9 (musicien)<br \/>Marius Dubois (peintre)<\/p><p><span class=\"sous-titre\">Services compl\u00e9mentaires des sp\u00e9cialistes<\/span><\/p><p class=\"bodytext\">Votre image ext\u00e9rieure est la premi\u00e8re impression que vous donnez de vous-m\u00eame. C\u2019est votre chance de vous faire remarquer par vos forces, et pourquoi pas, piquer la curiosit\u00e9 des gens! Proposez \u00e0 votre public et aux m\u00e9dias une photo qui refl\u00e8te l\u2019essence de votre caract\u00e8re, de votre charisme et de votre \u00e9nergie.<\/p><p>&nbsp;<\/p><p class=\"bodytext\">Tout comme au cin\u00e9ma, le choix du lieu ad\u00e9quat et \u00e9vocateur est un \u00e9l\u00e9ment cl\u00e9 qui permet de r\u00eaver et de voyager dans l\u2019imaginaire. Le site, les id\u00e9es, l\u2019expression de votre corps et de votre visage transmettent la singularit\u00e9 de votre univers. C\u2019est pour cette raison que le service de\u00a0<a href=\"http:\/\/photo-portrait.com\/services-de-photo-specialises\/\">conception artistique\u00a0<\/a>est tr\u00e8s utile pour tout artisan des arts de la sc\u00e8ne et du cin\u00e9ma. Choisir un photographe et une \u00e9quipe professionnelle est un investissement qui est plus que d\u00e9terminant et rentable dans l\u2019industrie culturelle et artistique actuelle. Ensemble, nous pourrons r\u00e9fl\u00e9chir \u00e0 une esth\u00e9tique actuelle et riche de sens.<\/p><p>&nbsp;<\/p><p class=\"bodytext\">Le maquillage, la coiffure et la coordination vestimentaire vous emb\u00eatent?\u00a0 Rares sont ceux qui ont tous les talents et c\u2019est pour cette raison que je vous propose une \u00e9quipe de cr\u00e9ateurs sp\u00e9cialis\u00e9s. Le\u00a0<a href=\"http:\/\/photo-portrait.com\/Photographe\/maquillage-coiffure.html\">service de maquillage et de coiffure<\/a>, les\u00a0<a href=\"http:\/\/photo-portrait.com\/Photographe\/stylisme.html\">services de stylisme,<\/a>\u00a0et le\u00a0service de retouche\u00a0sont des moyens qui mettent toutes les chances de r\u00e9ussite de votre c\u00f4t\u00e9.\u00a0 Chaque projet m\u00e9rite l\u2019expertise de sp\u00e9cialistes.<\/p>\r\n<\/div>\r\n<\/div>\n\n\t<\/div>\r\n<\/section>","protected":false},"excerpt":{"rendered":"<p>Photos de musiciens en \u00e9clairage studio \/ 1 Portraits de groupe de musique ext\u00e9rieur \/ Tailor Made Fable Portrait d&#039;artiste musicien et sa guitare photographi\u00e9 en studio \u00e0 Donnacona Portraits d&#039;artistes en lumi\u00e8re naturelle \/ pochettes et affiches 1 Portraits \/ concept th\u00e9matique nordique, viking Portrait de groupe de musiciens \/ photos d&#039;artistes 1 Portraits [&hellip;]<\/p>","protected":false},"author":2,"featured_media":0,"parent":0,"menu_order":0,"comment_status":"closed","ping_status":"closed","template":"","meta":{"_editorskit_title_hidden":false,"_editorskit_reading_time":0,"_editorskit_is_block_options_detached":false,"_editorskit_block_options_position":"{}","footnotes":""},"class_list":["post-2828","page","type-page","status-publish","hentry"],"_links":{"self":[{"href":"https:\/\/photo-portrait.com\/en\/wp-json\/wp\/v2\/pages\/2828","targetHints":{"allow":["GET"]}}],"collection":[{"href":"https:\/\/photo-portrait.com\/en\/wp-json\/wp\/v2\/pages"}],"about":[{"href":"https:\/\/photo-portrait.com\/en\/wp-json\/wp\/v2\/types\/page"}],"author":[{"embeddable":true,"href":"https:\/\/photo-portrait.com\/en\/wp-json\/wp\/v2\/users\/2"}],"replies":[{"embeddable":true,"href":"https:\/\/photo-portrait.com\/en\/wp-json\/wp\/v2\/comments?post=2828"}],"version-history":[{"count":0,"href":"https:\/\/photo-portrait.com\/en\/wp-json\/wp\/v2\/pages\/2828\/revisions"}],"wp:attachment":[{"href":"https:\/\/photo-portrait.com\/en\/wp-json\/wp\/v2\/media?parent=2828"}],"curies":[{"name":"wp","href":"https:\/\/api.w.org\/{rel}","templated":true}]}}