{"id":2814,"date":"2019-01-31T18:16:19","date_gmt":"2019-01-31T18:16:19","guid":{"rendered":"http:\/\/photo-portrait.com\/?page_id=2814"},"modified":"2025-01-21T02:29:52","modified_gmt":"2025-01-21T02:29:52","slug":"photographe-de-gens-affaire","status":"publish","type":"page","link":"https:\/\/photo-portrait.com\/en\/photographe-de-gens-affaire\/","title":{"rendered":"Photographe corporatif de gens d&rsquo;affaire"},"content":{"rendered":"<section  class=\"fw-main-row\"  >\r\n\t<div class=\"fw-container\">\r\n\t\t<div class=\"fw-row\">\n\t<div class=\"fw-col-xs-12\" style=\"\">\r\n\t\r\n\r\n\r\r\n\t\r\n\t<div class=\"load-items-28c6b63c25310186003d0e2feb8e7eac animation1 none cf-items fw-row masonry my-gallery\"> \r\r\n\t\t\r\n\t\t\r\n\t\t\t\r\n\t\t\t\r\n\t\t\t\r\n\t\t\t\t<div class=\"cf-item gallery-item fw-col-xs-12 fw-col-sm-4 fw-col-md-3 category238 category237\">\r\r\n\t\t\t\t\t<a href=\"https:\/\/photo-portrait.com\/wp-content\/uploads\/2018\/12\/Portrait-homme-affaire-photographie-professionnelle-quebec_0156_W.jpg\" data-size=\"835x1286\" title=\"Homme d&#039;affaire, profil professionnel, studio\">\r\r\n\t\t\t\t\t\t<div class=\"a-img\">\r\r\n\t\t\t\t\t\t\t<img decoding=\"async\" src=\"https:\/\/photo-portrait.com\/wp-content\/uploads\/2018\/12\/Portrait-homme-affaire-photographie-professionnelle-quebec_0156_W-1000x1540.jpg\" alt=\"Homme d&#039;affaire, profil professionnel, studio\">\r\r\n\t\t\t\t\t\t<\/div>\r\r\n\t\t\t\t\t\t<div class=\"cont\">\r\r\n\t\t\t\t\t\t\t\r\n\t\t\t\t\t\t\t<div class=\"name\">Homme d&#039;affaire, profil professionnel, studio<\/div>\r\r\n\t\t\t\t\t\t\t\r\n\t\t\t\t\t\t<\/div>\r\r\n\t\t\t\t\t<\/a>\r\r\n\t\t\t\t\t<a href=\"https:\/\/photo-portrait.com\/wp-content\/uploads\/2018\/12\/Portrait-homme-affaire-photographie-professionnelle-quebec_0156_W.jpg\" data-size=\"835x1286\" title=\"Homme d&#039;affaire, profil professionnel, studio\"><\/a>\r\r\n\t\t\t\t<\/div>\r\r\n\t\t\t\r\n\t\t\r\n\t\t\t\r\n\t\t\t\r\n\t\t\t\r\n\t\t\t\t<div class=\"cf-item gallery-item fw-col-xs-12 fw-col-sm-4 fw-col-md-3 category257 category238 category237 category269\">\r\r\n\t\t\t\t\t<a href=\"https:\/\/photo-portrait.com\/wp-content\/uploads\/2018\/12\/Portrait-corporatif-Femme-affaire-expressive_ENN_W.jpg\" data-size=\"2005x1339\" title=\"Portrait de Diane Clement, femme d&#039;affaire \u00e0 l&#039;ext\u00e9rieur \/  SMI Performance, Donnacona\">\r\r\n\t\t\t\t\t\t<div class=\"a-img\">\r\r\n\t\t\t\t\t\t\t<img decoding=\"async\" src=\"https:\/\/photo-portrait.com\/wp-content\/uploads\/2018\/12\/Portrait-corporatif-Femme-affaire-expressive_ENN_W-1000x668.jpg\" alt=\"Portrait de Diane Clement, femme d&#039;affaire \u00e0 l&#039;ext\u00e9rieur \/  SMI Performance, Donnacona\">\r\r\n\t\t\t\t\t\t<\/div>\r\r\n\t\t\t\t\t\t<div class=\"cont\">\r\r\n\t\t\t\t\t\t\t\r\n\t\t\t\t\t\t\t<div class=\"name\">Portrait de Diane Clement, femme d&#039;affaire \u00e0 l&#039;ext\u00e9rieur \/  SMI Performance, Donnacona<\/div>\r\r\n\t\t\t\t\t\t\t\r\n\t\t\t\t\t\t<\/div>\r\r\n\t\t\t\t\t<\/a>\r\r\n\t\t\t\t\t<a href=\"https:\/\/photo-portrait.com\/wp-content\/uploads\/2018\/12\/Portrait-corporatif-Femme-affaire-expressive_ENN_W.jpg\" data-size=\"2005x1339\" title=\"Portrait de Diane Clement, femme d&#039;affaire \u00e0 l&#039;ext\u00e9rieur \/  SMI Performance, Donnacona\"><\/a>\r\r\n\t\t\t\t<\/div>\r\r\n\t\t\t\r\n\t\t\r\n\t\t\t\r\n\t\t\t\r\n\t\t\t\r\n\t\t\t\t<div class=\"cf-item gallery-item fw-col-xs-12 fw-col-sm-4 fw-col-md-3 category238\">\r\r\n\t\t\t\t\t<a href=\"https:\/\/photo-portrait.com\/wp-content\/uploads\/2018\/12\/Portrait-corporatif-therapeuthe-naturelle-Quebec_6404_W.jpg\" data-size=\"1502x1787\" title=\"Photographie corporative lumi\u00e8re naturelle \/ 1\">\r\r\n\t\t\t\t\t\t<div class=\"a-img\">\r\r\n\t\t\t\t\t\t\t<img decoding=\"async\" src=\"https:\/\/photo-portrait.com\/wp-content\/uploads\/2018\/12\/Portrait-corporatif-therapeuthe-naturelle-Quebec_6404_W-1000x1190.jpg\" alt=\"Photographie corporative lumi\u00e8re naturelle \/ 1\">\r\r\n\t\t\t\t\t\t<\/div>\r\r\n\t\t\t\t\t\t<div class=\"cont\">\r\r\n\t\t\t\t\t\t\t\r\n\t\t\t\t\t\t\t<div class=\"name\">Photographie corporative lumi\u00e8re naturelle \/ 1<\/div>\r\r\n\t\t\t\t\t\t\t\r\n\t\t\t\t\t\t<\/div>\r\r\n\t\t\t\t\t<\/a>\r\r\n\t\t\t\t\t<a href=\"https:\/\/photo-portrait.com\/wp-content\/uploads\/2018\/12\/Portrait-corporatif-therapeuthe-naturelle-Quebec_6404_W.jpg\" data-size=\"1502x1787\" title=\"Photographie corporative lumi\u00e8re naturelle \/ 1\"><\/a>\r\r\n\t\t\t\t<\/div>\r\r\n\t\t\t\r\n\t\t\r\n\t\t\t\r\n\t\t\t\r\n\t\t\t\r\n\t\t\t\t<div class=\"cf-item gallery-item fw-col-xs-12 fw-col-sm-4 fw-col-md-3 category267 category238 category237 category269\">\r\r\n\t\t\t\t\t<a href=\"https:\/\/photo-portrait.com\/wp-content\/uploads\/2017\/03\/ENN_Portrait_femme_bazanne\u0301e_9277W.jpg\" data-size=\"2005x1339\" title=\"Portrait professionnel de gens d&#039;affaire avec \u00e9clairage studio \/ 2\">\r\r\n\t\t\t\t\t\t<div class=\"a-img\">\r\r\n\t\t\t\t\t\t\t<img decoding=\"async\" src=\"https:\/\/photo-portrait.com\/wp-content\/uploads\/2017\/03\/ENN_Portrait_femme_bazanne\u0301e_9277W-1000x668.jpg\" alt=\"Portrait professionnel de gens d&#039;affaire avec \u00e9clairage studio \/ 2\">\r\r\n\t\t\t\t\t\t<\/div>\r\r\n\t\t\t\t\t\t<div class=\"cont\">\r\r\n\t\t\t\t\t\t\t\r\n\t\t\t\t\t\t\t<div class=\"name\">Portrait professionnel de gens d&#039;affaire avec \u00e9clairage studio \/ 2<\/div>\r\r\n\t\t\t\t\t\t\t\r\n\t\t\t\t\t\t<\/div>\r\r\n\t\t\t\t\t<\/a>\r\r\n\t\t\t\t\t<a href=\"https:\/\/photo-portrait.com\/wp-content\/uploads\/2017\/03\/ENN_Portrait_femme_bazanne\u0301e_9277W.jpg\" data-size=\"2005x1339\" title=\"Portrait professionnel de gens d&#039;affaire avec \u00e9clairage studio \/ 2\"><\/a>\r\r\n\t\t\t\t<\/div>\r\r\n\t\t\t\r\n\t\t\r\n\t\t\t\r\n\t\t\t\r\n\t\t\t\r\n\t\t\t\t<div class=\"cf-item gallery-item fw-col-xs-12 fw-col-sm-4 fw-col-md-3 category238 category269\">\r\r\n\t\t\t\t\t<a href=\"https:\/\/photo-portrait.com\/wp-content\/uploads\/2019\/02\/PWC_LECKERC_Frederik0442_W.jpg\" data-size=\"2000x1299\" title=\"Portrait corporatif homme en complet noir en milieu de travail \/ Price Waterhouse Coopers\">\r\r\n\t\t\t\t\t\t<div class=\"a-img\">\r\r\n\t\t\t\t\t\t\t<img decoding=\"async\" src=\"https:\/\/photo-portrait.com\/wp-content\/uploads\/2019\/02\/PWC_LECKERC_Frederik0442_W-1000x650.jpg\" alt=\"Portrait corporatif homme en complet noir en milieu de travail \/ Price Waterhouse Coopers\">\r\r\n\t\t\t\t\t\t<\/div>\r\r\n\t\t\t\t\t\t<div class=\"cont\">\r\r\n\t\t\t\t\t\t\t\r\n\t\t\t\t\t\t\t<div class=\"name\">Portrait corporatif homme en complet noir en milieu de travail \/ Price Waterhouse Coopers<\/div>\r\r\n\t\t\t\t\t\t\t\r\n\t\t\t\t\t\t<\/div>\r\r\n\t\t\t\t\t<\/a>\r\r\n\t\t\t\t\t<a href=\"https:\/\/photo-portrait.com\/wp-content\/uploads\/2019\/02\/PWC_LECKERC_Frederik0442_W.jpg\" data-size=\"2000x1299\" title=\"Portrait corporatif homme en complet noir en milieu de travail \/ Price Waterhouse Coopers\"><\/a>\r\r\n\t\t\t\t<\/div>\r\r\n\t\t\t\r\n\t\t\r\n\t\t\t\r\n\t\t\t\r\n\t\t\t\r\n\t\t\t\t<div class=\"cf-item gallery-item fw-col-xs-12 fw-col-sm-4 fw-col-md-3 category238 category237 category269\">\r\r\n\t\t\t\t\t<a href=\"https:\/\/photo-portrait.com\/wp-content\/uploads\/2019\/02\/ESQUIROL_Anne-Laure_CEP5344_W.jpg\" data-size=\"1328x2000\" title=\"Portrait corporatif \u00e9clairage studio \/ Cep-Sintra\">\r\r\n\t\t\t\t\t\t<div class=\"a-img\">\r\r\n\t\t\t\t\t\t\t<img decoding=\"async\" src=\"https:\/\/photo-portrait.com\/wp-content\/uploads\/2019\/02\/ESQUIROL_Anne-Laure_CEP5344_W-1000x1506.jpg\" alt=\"Portrait corporatif \u00e9clairage studio \/ Cep-Sintra\">\r\r\n\t\t\t\t\t\t<\/div>\r\r\n\t\t\t\t\t\t<div class=\"cont\">\r\r\n\t\t\t\t\t\t\t\r\n\t\t\t\t\t\t\t<div class=\"name\">Portrait corporatif \u00e9clairage studio \/ Cep-Sintra<\/div>\r\r\n\t\t\t\t\t\t\t\r\n\t\t\t\t\t\t<\/div>\r\r\n\t\t\t\t\t<\/a>\r\r\n\t\t\t\t\t<a href=\"https:\/\/photo-portrait.com\/wp-content\/uploads\/2019\/02\/ESQUIROL_Anne-Laure_CEP5344_W.jpg\" data-size=\"1328x2000\" title=\"Portrait corporatif \u00e9clairage studio \/ Cep-Sintra\"><\/a>\r\r\n\t\t\t\t<\/div>\r\r\n\t\t\t\r\n\t\t\r\n\t\t\t\r\n\t\t\t\r\n\t\t\t\r\n\t\t\t\t<div class=\"cf-item gallery-item fw-col-xs-12 fw-col-sm-4 fw-col-md-3 category238 category237 category269\">\r\r\n\t\t\t\t\t<a href=\"https:\/\/photo-portrait.com\/wp-content\/uploads\/2019\/02\/STP7261_W.jpg\" data-size=\"2000x1335\" title=\"Portrait corporatif d&#039;un homme d&#039;affaire \/ fond blanc\">\r\r\n\t\t\t\t\t\t<div class=\"a-img\">\r\r\n\t\t\t\t\t\t\t<img decoding=\"async\" src=\"https:\/\/photo-portrait.com\/wp-content\/uploads\/2019\/02\/STP7261_W-1000x668.jpg\" alt=\"Portrait corporatif d&#039;un homme d&#039;affaire \/ fond blanc\">\r\r\n\t\t\t\t\t\t<\/div>\r\r\n\t\t\t\t\t\t<div class=\"cont\">\r\r\n\t\t\t\t\t\t\t\r\n\t\t\t\t\t\t\t<div class=\"name\">Portrait corporatif d&#039;un homme d&#039;affaire \/ fond blanc<\/div>\r\r\n\t\t\t\t\t\t\t\r\n\t\t\t\t\t\t<\/div>\r\r\n\t\t\t\t\t<\/a>\r\r\n\t\t\t\t\t<a href=\"https:\/\/photo-portrait.com\/wp-content\/uploads\/2019\/02\/STP7261_W.jpg\" data-size=\"2000x1335\" title=\"Portrait corporatif d&#039;un homme d&#039;affaire \/ fond blanc\"><\/a>\r\r\n\t\t\t\t<\/div>\r\r\n\t\t\t\r\n\t\t\r\n\t\t\t\r\n\t\t\t\r\n\t\t\t\r\n\t\t\t\t<div class=\"cf-item gallery-item fw-col-xs-12 fw-col-sm-4 fw-col-md-3 category262 category238 category237 category269\">\r\r\n\t\t\t\t\t<a href=\"https:\/\/photo-portrait.com\/wp-content\/uploads\/2019\/02\/03_DSC_02_9180_WEB-1.jpg\" data-size=\"821x1208\" title=\"S\u00e9ance photo d&#039;un entrepreneur \/ iWrap\">\r\r\n\t\t\t\t\t\t<div class=\"a-img\">\r\r\n\t\t\t\t\t\t\t<img decoding=\"async\" src=\"https:\/\/photo-portrait.com\/wp-content\/uploads\/2019\/02\/03_DSC_02_9180_WEB-1-1000x1471.jpg\" alt=\"S\u00e9ance photo d&#039;un entrepreneur \/ iWrap\">\r\r\n\t\t\t\t\t\t<\/div>\r\r\n\t\t\t\t\t\t<div class=\"cont\">\r\r\n\t\t\t\t\t\t\t\r\n\t\t\t\t\t\t\t<div class=\"name\">S\u00e9ance photo d&#039;un entrepreneur \/ iWrap<\/div>\r\r\n\t\t\t\t\t\t\t\r\n\t\t\t\t\t\t<\/div>\r\r\n\t\t\t\t\t<\/a>\r\r\n\t\t\t\t\t<a href=\"https:\/\/photo-portrait.com\/wp-content\/uploads\/2019\/02\/03_DSC_02_9180_WEB-1.jpg\" data-size=\"821x1208\" title=\"S\u00e9ance photo d&#039;un entrepreneur \/ iWrap\"><\/a>\r\r\n\t\t\t\t<\/div>\r\r\n\t\t\t\r\n\t\t\r\n\t\t\t\r\n\t\t\t\r\n\t\t\t\r\n\t\t\t\t<div class=\"cf-item gallery-item fw-col-xs-12 fw-col-sm-4 fw-col-md-3 category257 category238 category237 category269\">\r\r\n\t\t\t\t\t<a href=\"https:\/\/photo-portrait.com\/wp-content\/uploads\/2018\/12\/Portrait-affaire-professionnel-decontracte-exterieur-photographe-Quebec_0175_W.jpg\" data-size=\"2000x1339\" title=\"Portrait professionnel \u00e0 l&#039;ext\u00e9rieur \/ Association qu\u00e9b\u00e9coise de la pr\u00e9vention du suicide\">\r\r\n\t\t\t\t\t\t<div class=\"a-img\">\r\r\n\t\t\t\t\t\t\t<img decoding=\"async\" src=\"https:\/\/photo-portrait.com\/wp-content\/uploads\/2018\/12\/Portrait-affaire-professionnel-decontracte-exterieur-photographe-Quebec_0175_W-1000x670.jpg\" alt=\"Portrait professionnel \u00e0 l&#039;ext\u00e9rieur \/ Association qu\u00e9b\u00e9coise de la pr\u00e9vention du suicide\">\r\r\n\t\t\t\t\t\t<\/div>\r\r\n\t\t\t\t\t\t<div class=\"cont\">\r\r\n\t\t\t\t\t\t\t\r\n\t\t\t\t\t\t\t<div class=\"name\">Portrait professionnel \u00e0 l&#039;ext\u00e9rieur \/ Association qu\u00e9b\u00e9coise de la pr\u00e9vention du suicide<\/div>\r\r\n\t\t\t\t\t\t\t\r\n\t\t\t\t\t\t<\/div>\r\r\n\t\t\t\t\t<\/a>\r\r\n\t\t\t\t\t<a href=\"https:\/\/photo-portrait.com\/wp-content\/uploads\/2018\/12\/Portrait-affaire-professionnel-decontracte-exterieur-photographe-Quebec_0175_W.jpg\" data-size=\"2000x1339\" title=\"Portrait professionnel \u00e0 l&#039;ext\u00e9rieur \/ Association qu\u00e9b\u00e9coise de la pr\u00e9vention du suicide\"><\/a>\r\r\n\t\t\t\t<\/div>\r\r\n\t\t\t\r\n\t\t\r\n\t\t\t\r\n\t\t\t\r\n\t\t\t\r\n\t\t\t\t<div class=\"cf-item gallery-item fw-col-xs-12 fw-col-sm-4 fw-col-md-3 category257 category238 category269\">\r\r\n\t\t\t\t\t<a href=\"https:\/\/photo-portrait.com\/wp-content\/uploads\/2018\/12\/Jeune-femme-affaire-portrait-exterieur-Montreal_2187_W.jpg\" data-size=\"2000x1422\" title=\"Portrait corporatif ext\u00e9rieur d&#039;une jeune professionnelle \/ Metaphore Design\">\r\r\n\t\t\t\t\t\t<div class=\"a-img\">\r\r\n\t\t\t\t\t\t\t<img decoding=\"async\" src=\"https:\/\/photo-portrait.com\/wp-content\/uploads\/2018\/12\/Jeune-femme-affaire-portrait-exterieur-Montreal_2187_W-1000x711.jpg\" alt=\"Portrait corporatif ext\u00e9rieur d&#039;une jeune professionnelle \/ Metaphore Design\">\r\r\n\t\t\t\t\t\t<\/div>\r\r\n\t\t\t\t\t\t<div class=\"cont\">\r\r\n\t\t\t\t\t\t\t\r\n\t\t\t\t\t\t\t<div class=\"name\">Portrait corporatif ext\u00e9rieur d&#039;une jeune professionnelle \/ Metaphore Design<\/div>\r\r\n\t\t\t\t\t\t\t\r\n\t\t\t\t\t\t<\/div>\r\r\n\t\t\t\t\t<\/a>\r\r\n\t\t\t\t\t<a href=\"https:\/\/photo-portrait.com\/wp-content\/uploads\/2018\/12\/Jeune-femme-affaire-portrait-exterieur-Montreal_2187_W.jpg\" data-size=\"2000x1422\" title=\"Portrait corporatif ext\u00e9rieur d&#039;une jeune professionnelle \/ Metaphore Design\"><\/a>\r\r\n\t\t\t\t<\/div>\r\r\n\t\t\t\r\n\t\t\r\n\t\t\r\n\t<\/div>\r\r\n\t\r\r\n\t\r\n\t \r\r\n\r\r\n\r\r\n<\/div>\r\n<\/div>\n\n<div class=\"fw-row\">\n\t<div class=\"fw-col-xs-12\" style=\"\">\r\n\t\r\n<p><a href=\"http:\/\/photo-portrait.com\/photos-portrait-affaire-corporatif-quebec-region\/\">Portfolio Portrait Affaire<\/a><\/p><p>Photos corporatives, portrait de gens d'affaires, photographie d\u2019\u00e9quipe, portfolio d\u2019entreprise, bilan annuel, photos d\u2019employ\u00e9s ou de groupe.<\/p><p><strong>Qu\u2019est-ce qu\u2019un portrait corporatif?<\/strong><\/p><p class=\"bodytext\">Que ce soit pour vos besoins publicitaires (d\u00e9pliant, affiche, publicit\u00e9, site, r\u00e9seaux sociaux , page web, etc), un catalogue, vos communiqu\u00e9s ou un rapport annuel, chaque nouveau projet en photo corporative m\u00e9rite une attention particuli\u00e8re. Ceci n\u00e9cessite, en effet, une planification d\u00e9taill\u00e9e et un enthousiasme certain. Mes services de photographie corporative s\u2019amorcent par une discussion qui servira \u00e0 d\u00e9finir votre marque de commerce ou le \u00abbranding\u00bb corporatif de votre entreprise. Ensuite, je pr\u00e9parerai un document aide-m\u00e9moire qui servira \u00e0 la pr\u00e9paration de chaque aspect de vos v\u00eatements, vos accessoires et votre corps \u00e0 la maison et sur les lieux de la s\u00e9ance photo.<\/p><p>&nbsp;<\/p><p class=\"bodytext\">Alliant les qualit\u00e9s techniques et artistiques essentielles \u00e0 la r\u00e9alisation d\u2019images corporatives efficaces, nous serons en mesure de r\u00e9aliser ensemble vos objectifs photos et produire une signature singuli\u00e8re qui pourra r\u00e9pondre \u00e0 tous vos besoins corporatifs.<\/p><p>&nbsp;<\/p><div style=\"height: 40px;\"><\/div><p><b>ILS M'ONT FAIT CONFIANCE<\/b><br \/><a href=\"https:\/\/conseillers.fbngp.ca\/fr\/equipes\/groupe-de-gestion-de-patrimoine-khalil-provencher-damours-leblanc\/equipe\/\">Banque Nationale<\/a><br \/><a href=\"https:\/\/www.bape.gouv.qc.ca\/fr\/bape\/\" target=\"_blank\" rel=\"noopener\">BAPE<\/a><br \/><a href=\"https:\/\/www.transports.gouv.qc.ca\" target=\"_blank\" rel=\"noopener\">Minist\u00e8re des transports<\/a><br \/><a href=\"http:\/\/www.cmq.org\/\" target=\"_blank\" rel=\"noopener\">Coll\u00e8ge des m\u00e9decins du Qu\u00e9bec<\/a><a><br \/><\/a><a href=\"https:\/\/www.alliancedescadres.com\">Alliance des cadres\u00a0de l'\u00e9tat<\/a><a><br \/><\/a><a href=\"https:\/\/www.alliancedescadres.com\">A<\/a><a href=\"http:\/\/www.camrt.ca\/fr\/\" target=\"_blank\" rel=\"noopener\">ssociation canadienne des technologues en radiation m\u00e9dicale<\/a><a><br \/><\/a><a href=\"https:\/\/www.pwc.com\" target=\"_blank\" rel=\"noopener\">PWC<\/a><a href=\"http:\/\/www.atrium-innovations.com\/\" target=\"_blank\" rel=\"noopener\">Atrium Innovations<\/a><a><br \/>Diagnocure<br \/><\/a><a href=\"https:\/\/www.jeancoutu.com\/\" target=\"_blank\" rel=\"noopener\">Les pharmacies Jean Coutu<\/a><a><br \/>Brunet<br \/><\/a><a href=\"http:\/\/www.deslauriers-co.ca\/avocats.php\" target=\"_blank\" rel=\"noopener\">Deslauriers et Jeansonnes s.e.n.c. avocats<\/a><a><br \/>Bernatchez et associ\u00e9s s.e.n.c.r.l.<br \/><\/a><a href=\"https:\/\/www.remax-quebec.com\">Remax<\/a><a><br \/>Via Capitale<br \/>Groupe financier Peak<br \/>BPR<br \/>Minist\u00e8re des ressources naturelles et de la faune<br \/>Iris optom\u00e9triste et opticiens<br \/>Anges Qu\u00e9bec<br \/>Universit\u00e9 Laval<br \/>Jan Kelley Marketing<\/a><\/p>\r\n<\/div>\r\n<\/div>\n\n\t<\/div>\r\n<\/section>","protected":false},"excerpt":{"rendered":"<p>Homme d&#039;affaire, profil professionnel, studio Portrait de Diane Clement, femme d&#039;affaire \u00e0 l&#039;ext\u00e9rieur \/ SMI Performance, Donnacona Photographie corporative lumi\u00e8re naturelle \/ 1 Portrait professionnel de gens d&#039;affaire avec \u00e9clairage studio \/ 2 Portrait corporatif homme en complet noir en milieu de travail \/ Price Waterhouse Coopers Portrait corporatif \u00e9clairage studio \/ Cep-Sintra Portrait corporatif [&hellip;]<\/p>","protected":false},"author":2,"featured_media":0,"parent":0,"menu_order":0,"comment_status":"closed","ping_status":"closed","template":"","meta":{"_editorskit_title_hidden":false,"_editorskit_reading_time":0,"_editorskit_is_block_options_detached":false,"_editorskit_block_options_position":"{}","footnotes":""},"class_list":["post-2814","page","type-page","status-publish","hentry"],"_links":{"self":[{"href":"https:\/\/photo-portrait.com\/en\/wp-json\/wp\/v2\/pages\/2814","targetHints":{"allow":["GET"]}}],"collection":[{"href":"https:\/\/photo-portrait.com\/en\/wp-json\/wp\/v2\/pages"}],"about":[{"href":"https:\/\/photo-portrait.com\/en\/wp-json\/wp\/v2\/types\/page"}],"author":[{"embeddable":true,"href":"https:\/\/photo-portrait.com\/en\/wp-json\/wp\/v2\/users\/2"}],"replies":[{"embeddable":true,"href":"https:\/\/photo-portrait.com\/en\/wp-json\/wp\/v2\/comments?post=2814"}],"version-history":[{"count":2,"href":"https:\/\/photo-portrait.com\/en\/wp-json\/wp\/v2\/pages\/2814\/revisions"}],"predecessor-version":[{"id":8609,"href":"https:\/\/photo-portrait.com\/en\/wp-json\/wp\/v2\/pages\/2814\/revisions\/8609"}],"wp:attachment":[{"href":"https:\/\/photo-portrait.com\/en\/wp-json\/wp\/v2\/media?parent=2814"}],"curies":[{"name":"wp","href":"https:\/\/api.w.org\/{rel}","templated":true}]}}