{"id":2798,"date":"2019-01-31T17:53:34","date_gmt":"2019-01-31T17:53:34","guid":{"rendered":"http:\/\/photo-portrait.com\/?page_id=2798"},"modified":"2025-01-21T02:32:37","modified_gmt":"2025-01-21T02:32:37","slug":"portraits-personnel","status":"publish","type":"page","link":"https:\/\/photo-portrait.com\/en\/portraits-personnel\/","title":{"rendered":"Portraits personnel"},"content":{"rendered":"<section  class=\"fw-main-row\"  >\r\n\t<div class=\"fw-container\">\r\n\t\t<div class=\"fw-row\">\n\t<div class=\"fw-col-xs-12\" style=\"\">\r\n\t\r\n\r\n\r\r\n\t\r\n\t<div class=\"load-items-bfd5e9ef468bffd37aa804c1a5df3b1f animation3 none cf-items fw-row masonry my-gallery\"> \r\r\n\t\t\r\n\t\t\r\n\t\t\t\r\n\t\t\t\r\n\t\t\t\r\n\t\t\t\t<div class=\"cf-item gallery-item fw-col-xs-12 fw-col-sm-4 fw-col-md-3 category267 category273 category237 category269\">\r\r\n\t\t\t\t\t<a href=\"https:\/\/photo-portrait.com\/wp-content\/uploads\/2019\/01\/Seance-portrait-Quebec_BEL_W.jpg\" data-size=\"929x622\" title=\"Portraits studio \/ 1\">\r\r\n\t\t\t\t\t\t<div class=\"a-img\">\r\r\n\t\t\t\t\t\t\t<img decoding=\"async\" src=\"https:\/\/photo-portrait.com\/wp-content\/uploads\/2019\/01\/Seance-portrait-Quebec_BEL_W-1000x670.jpg\" alt=\"Portraits studio \/ 1\">\r\r\n\t\t\t\t\t\t<\/div>\r\r\n\t\t\t\t\t\t<div class=\"cont\">\r\r\n\t\t\t\t\t\t\t\r\n\t\t\t\t\t\t\t<div class=\"name\">Portraits studio \/ 1<\/div>\r\r\n\t\t\t\t\t\t\t\r\n\t\t\t\t\t\t<\/div>\r\r\n\t\t\t\t\t<\/a>\r\r\n\t\t\t\t\t<a href=\"https:\/\/photo-portrait.com\/wp-content\/uploads\/2019\/01\/Seance-portrait-Quebec_BEL_W.jpg\" data-size=\"929x622\" title=\"Portraits studio \/ 1\"><\/a>\r\r\n\t\t\t\t<\/div>\r\r\n\t\t\t\r\n\t\t\r\n\t\t\t\r\n\t\t\t\r\n\t\t\t\r\n\t\t\t\t<div class=\"cf-item gallery-item fw-col-xs-12 fw-col-sm-4 fw-col-md-3 category273 category237 category269\">\r\r\n\t\t\t\t\t<a href=\"https:\/\/photo-portrait.com\/wp-content\/uploads\/2019\/01\/Portrait-homme-noir-studio_CHU_W-1.jpg\" data-size=\"571x1044\" title=\"Portrait de profil personnel pour les r\u00e9seaux sociaux, Facebook, Instagram, etc\">\r\r\n\t\t\t\t\t\t<div class=\"a-img\">\r\r\n\t\t\t\t\t\t\t<img decoding=\"async\" src=\"https:\/\/photo-portrait.com\/wp-content\/uploads\/2019\/01\/Portrait-homme-noir-studio_CHU_W-1-1000x1828.jpg\" alt=\"Portrait de profil personnel pour les r\u00e9seaux sociaux, Facebook, Instagram, etc\">\r\r\n\t\t\t\t\t\t<\/div>\r\r\n\t\t\t\t\t\t<div class=\"cont\">\r\r\n\t\t\t\t\t\t\t\r\n\t\t\t\t\t\t\t<div class=\"name\">Portrait de profil personnel pour les r\u00e9seaux sociaux, Facebook, Instagram, etc<\/div>\r\r\n\t\t\t\t\t\t\t\r\n\t\t\t\t\t\t<\/div>\r\r\n\t\t\t\t\t<\/a>\r\r\n\t\t\t\t\t<a href=\"https:\/\/photo-portrait.com\/wp-content\/uploads\/2019\/01\/Portrait-homme-noir-studio_CHU_W-1.jpg\" data-size=\"571x1044\" title=\"Portrait de profil personnel pour les r\u00e9seaux sociaux, Facebook, Instagram, etc\"><\/a>\r\r\n\t\t\t\t<\/div>\r\r\n\t\t\t\r\n\t\t\r\n\t\t\t\r\n\t\t\t\r\n\t\t\t\r\n\t\t\t\t<div class=\"cf-item gallery-item fw-col-xs-12 fw-col-sm-4 fw-col-md-3 category273 category237 category269\">\r\r\n\t\t\t\t\t<a href=\"https:\/\/photo-portrait.com\/wp-content\/uploads\/2019\/02\/CLI_Crop_6345_W.jpg\" data-size=\"1455x2000\" title=\"S\u00e9ance d\u00e9contract\u00e9e de photo portraits \/ 1\">\r\r\n\t\t\t\t\t\t<div class=\"a-img\">\r\r\n\t\t\t\t\t\t\t<img decoding=\"async\" src=\"https:\/\/photo-portrait.com\/wp-content\/uploads\/2019\/02\/CLI_Crop_6345_W-1000x1375.jpg\" alt=\"S\u00e9ance d\u00e9contract\u00e9e de photo portraits \/ 1\">\r\r\n\t\t\t\t\t\t<\/div>\r\r\n\t\t\t\t\t\t<div class=\"cont\">\r\r\n\t\t\t\t\t\t\t\r\n\t\t\t\t\t\t\t<div class=\"name\">S\u00e9ance d\u00e9contract\u00e9e de photo portraits \/ 1<\/div>\r\r\n\t\t\t\t\t\t\t\r\n\t\t\t\t\t\t<\/div>\r\r\n\t\t\t\t\t<\/a>\r\r\n\t\t\t\t\t<a href=\"https:\/\/photo-portrait.com\/wp-content\/uploads\/2019\/02\/CLI_Crop_6345_W.jpg\" data-size=\"1455x2000\" title=\"S\u00e9ance d\u00e9contract\u00e9e de photo portraits \/ 1\"><\/a>\r\r\n\t\t\t\t<\/div>\r\r\n\t\t\t\r\n\t\t\r\n\t\t\t\r\n\t\t\t\r\n\t\t\t\r\n\t\t\t\t<div class=\"cf-item gallery-item fw-col-xs-12 fw-col-sm-4 fw-col-md-3 category239 category273 category237 category269\">\r\r\n\t\t\t\t\t<a href=\"https:\/\/photo-portrait.com\/wp-content\/uploads\/2019\/01\/Photo-visage-homme-rapproche_DAV_W.jpg\" data-size=\"857x854\" title=\"Portraits d&#039;un homme \u00e9clairage studio contrast\u00e9 \/ plan tr\u00e8s rapproch\u00e9\">\r\r\n\t\t\t\t\t\t<div class=\"a-img\">\r\r\n\t\t\t\t\t\t\t<img decoding=\"async\" src=\"https:\/\/photo-portrait.com\/wp-content\/uploads\/2019\/01\/Photo-visage-homme-rapproche_DAV_W-1000x996.jpg\" alt=\"Portraits d&#039;un homme \u00e9clairage studio contrast\u00e9 \/ plan tr\u00e8s rapproch\u00e9\">\r\r\n\t\t\t\t\t\t<\/div>\r\r\n\t\t\t\t\t\t<div class=\"cont\">\r\r\n\t\t\t\t\t\t\t\r\n\t\t\t\t\t\t\t<div class=\"name\">Portraits d&#039;un homme \u00e9clairage studio contrast\u00e9 \/ plan tr\u00e8s rapproch\u00e9<\/div>\r\r\n\t\t\t\t\t\t\t\r\n\t\t\t\t\t\t<\/div>\r\r\n\t\t\t\t\t<\/a>\r\r\n\t\t\t\t\t<a href=\"https:\/\/photo-portrait.com\/wp-content\/uploads\/2019\/01\/Photo-visage-homme-rapproche_DAV_W.jpg\" data-size=\"857x854\" title=\"Portraits d&#039;un homme \u00e9clairage studio contrast\u00e9 \/ plan tr\u00e8s rapproch\u00e9\"><\/a>\r\r\n\t\t\t\t<\/div>\r\r\n\t\t\t\r\n\t\t\r\n\t\t\t\r\n\t\t\t\r\n\t\t\t\r\n\t\t\t\t<div class=\"cf-item gallery-item fw-col-xs-12 fw-col-sm-4 fw-col-md-3 category257 category273 category237 category269\">\r\r\n\t\t\t\t\t<a href=\"https:\/\/photo-portrait.com\/wp-content\/uploads\/2019\/02\/MYL_0108_W.jpg\" data-size=\"1296x1936\" title=\"Portrait lifestyle au bord du l&#039;eau \/ 1\">\r\r\n\t\t\t\t\t\t<div class=\"a-img\">\r\r\n\t\t\t\t\t\t\t<img decoding=\"async\" src=\"https:\/\/photo-portrait.com\/wp-content\/uploads\/2019\/02\/MYL_0108_W-1000x1494.jpg\" alt=\"Portrait lifestyle au bord du l&#039;eau \/ 1\">\r\r\n\t\t\t\t\t\t<\/div>\r\r\n\t\t\t\t\t\t<div class=\"cont\">\r\r\n\t\t\t\t\t\t\t\r\n\t\t\t\t\t\t\t<div class=\"name\">Portrait lifestyle au bord du l&#039;eau \/ 1<\/div>\r\r\n\t\t\t\t\t\t\t\r\n\t\t\t\t\t\t<\/div>\r\r\n\t\t\t\t\t<\/a>\r\r\n\t\t\t\t\t<a href=\"https:\/\/photo-portrait.com\/wp-content\/uploads\/2019\/02\/MYL_0108_W.jpg\" data-size=\"1296x1936\" title=\"Portrait lifestyle au bord du l&#039;eau \/ 1\"><\/a>\r\r\n\t\t\t\t<\/div>\r\r\n\t\t\t\r\n\t\t\r\n\t\t\t\r\n\t\t\t\r\n\t\t\t\r\n\t\t\t\t<div class=\"cf-item gallery-item fw-col-xs-12 fw-col-sm-4 fw-col-md-3 category262 category257 category273 category237 category269\">\r\r\n\t\t\t\t\t<a href=\"https:\/\/photo-portrait.com\/wp-content\/uploads\/2019\/02\/Andre-Bouchard-coccinelle_ROB5539_W.jpg\" data-size=\"1339x2005\" title=\"Andr\u00e9 Bouchard et sa coccinelle Volkswagon \/ Portrait d&#039;artiste ext\u00e9rieur avec voiture de collection\">\r\r\n\t\t\t\t\t\t<div class=\"a-img\">\r\r\n\t\t\t\t\t\t\t<img decoding=\"async\" src=\"https:\/\/photo-portrait.com\/wp-content\/uploads\/2019\/02\/Andre-Bouchard-coccinelle_ROB5539_W-1000x1497.jpg\" alt=\"Andr\u00e9 Bouchard et sa coccinelle Volkswagon \/ Portrait d&#039;artiste ext\u00e9rieur avec voiture de collection\">\r\r\n\t\t\t\t\t\t<\/div>\r\r\n\t\t\t\t\t\t<div class=\"cont\">\r\r\n\t\t\t\t\t\t\t\r\n\t\t\t\t\t\t\t<div class=\"name\">Andr\u00e9 Bouchard et sa coccinelle Volkswagon \/ Portrait d&#039;artiste ext\u00e9rieur avec voiture de collection<\/div>\r\r\n\t\t\t\t\t\t\t\r\n\t\t\t\t\t\t<\/div>\r\r\n\t\t\t\t\t<\/a>\r\r\n\t\t\t\t\t<a href=\"https:\/\/photo-portrait.com\/wp-content\/uploads\/2019\/02\/Andre-Bouchard-coccinelle_ROB5539_W.jpg\" data-size=\"1339x2005\" title=\"Andr\u00e9 Bouchard et sa coccinelle Volkswagon \/ Portrait d&#039;artiste ext\u00e9rieur avec voiture de collection\"><\/a>\r\r\n\t\t\t\t<\/div>\r\r\n\t\t\t\r\n\t\t\r\n\t\t\t\r\n\t\t\t\r\n\t\t\t\r\n\t\t\t\t<div class=\"cf-item gallery-item fw-col-xs-12 fw-col-sm-4 fw-col-md-3 category266 category267 category247 category250 category273 category237 category269\">\r\r\n\t\t\t\t\t<a href=\"https:\/\/photo-portrait.com\/wp-content\/uploads\/2018\/12\/Photographe-quebec-portrait-de-couple_Noir-et-Blanc_02_1071.jpg\" data-size=\"4288x2848\" title=\"Photographie studio noir et blanc d&#039;amoureux \/ Portrait de couple dans Portneuf de la r\u00e9gion de Qu\u00e9bec\">\r\r\n\t\t\t\t\t\t<div class=\"a-img\">\r\r\n\t\t\t\t\t\t\t<img decoding=\"async\" src=\"https:\/\/photo-portrait.com\/wp-content\/uploads\/2018\/12\/Photographe-quebec-portrait-de-couple_Noir-et-Blanc_02_1071-1000x664.jpg\" alt=\"Photographie studio noir et blanc d&#039;amoureux \/ Portrait de couple dans Portneuf de la r\u00e9gion de Qu\u00e9bec\">\r\r\n\t\t\t\t\t\t<\/div>\r\r\n\t\t\t\t\t\t<div class=\"cont\">\r\r\n\t\t\t\t\t\t\t\r\n\t\t\t\t\t\t\t<div class=\"name\">Photographie studio noir et blanc d&#039;amoureux \/ Portrait de couple dans Portneuf de la r\u00e9gion de Qu\u00e9bec<\/div>\r\r\n\t\t\t\t\t\t\t\r\n\t\t\t\t\t\t<\/div>\r\r\n\t\t\t\t\t<\/a>\r\r\n\t\t\t\t\t<a href=\"https:\/\/photo-portrait.com\/wp-content\/uploads\/2018\/12\/Photographe-quebec-portrait-de-couple_Noir-et-Blanc_02_1071.jpg\" data-size=\"4288x2848\" title=\"Photographie studio noir et blanc d&#039;amoureux \/ Portrait de couple dans Portneuf de la r\u00e9gion de Qu\u00e9bec\"><\/a>\r\r\n\t\t\t\t<\/div>\r\r\n\t\t\t\r\n\t\t\r\n\t\t\t\r\n\t\t\t\r\n\t\t\t\r\n\t\t\t\t<div class=\"cf-item gallery-item fw-col-xs-12 fw-col-sm-4 fw-col-md-3 category248 category273 category237 category269\">\r\r\n\t\t\t\t\t<a href=\"https:\/\/photo-portrait.com\/wp-content\/uploads\/2018\/12\/Seance-photo-portrait-famille-naturel-exterieur-0524W.jpg\" data-size=\"1286x854\" title=\"Portrait ext\u00e9rieur d&#039;une famille courant sur le bord de l&#039;eau \/ Photographe de portrait professionnel dans Portneuf, Qu\u00e9bec\">\r\r\n\t\t\t\t\t\t<div class=\"a-img\">\r\r\n\t\t\t\t\t\t\t<img decoding=\"async\" src=\"https:\/\/photo-portrait.com\/wp-content\/uploads\/2018\/12\/Seance-photo-portrait-famille-naturel-exterieur-0524W-1000x664.jpg\" alt=\"Portrait ext\u00e9rieur d&#039;une famille courant sur le bord de l&#039;eau \/ Photographe de portrait professionnel dans Portneuf, Qu\u00e9bec\">\r\r\n\t\t\t\t\t\t<\/div>\r\r\n\t\t\t\t\t\t<div class=\"cont\">\r\r\n\t\t\t\t\t\t\t\r\n\t\t\t\t\t\t\t<div class=\"name\">Portrait ext\u00e9rieur d&#039;une famille courant sur le bord de l&#039;eau \/ Photographe de portrait professionnel dans Portneuf, Qu\u00e9bec<\/div>\r\r\n\t\t\t\t\t\t\t\r\n\t\t\t\t\t\t<\/div>\r\r\n\t\t\t\t\t<\/a>\r\r\n\t\t\t\t\t<a href=\"https:\/\/photo-portrait.com\/wp-content\/uploads\/2018\/12\/Seance-photo-portrait-famille-naturel-exterieur-0524W.jpg\" data-size=\"1286x854\" title=\"Portrait ext\u00e9rieur d&#039;une famille courant sur le bord de l&#039;eau \/ Photographe de portrait professionnel dans Portneuf, Qu\u00e9bec\"><\/a>\r\r\n\t\t\t\t<\/div>\r\r\n\t\t\t\r\n\t\t\r\n\t\t\t\r\n\t\t\t\r\n\t\t\t\r\n\t\t\t\t<div class=\"cf-item gallery-item fw-col-xs-12 fw-col-sm-4 fw-col-md-3 category262 category257 category273 category269\">\r\r\n\t\t\t\t\t<a href=\"https:\/\/photo-portrait.com\/wp-content\/uploads\/2019\/04\/AHM_9667_W-1.jpg\" data-size=\"1830x1563\" title=\"Portrait personnel pour profil de r\u00e9seaux sociaux\">\r\r\n\t\t\t\t\t\t<div class=\"a-img\">\r\r\n\t\t\t\t\t\t\t<img decoding=\"async\" src=\"https:\/\/photo-portrait.com\/wp-content\/uploads\/2019\/04\/AHM_9667_W-1-1000x854.jpg\" alt=\"Portrait personnel pour profil de r\u00e9seaux sociaux\">\r\r\n\t\t\t\t\t\t<\/div>\r\r\n\t\t\t\t\t\t<div class=\"cont\">\r\r\n\t\t\t\t\t\t\t\r\n\t\t\t\t\t\t\t<div class=\"name\">Portrait personnel pour profil de r\u00e9seaux sociaux<\/div>\r\r\n\t\t\t\t\t\t\t\r\n\t\t\t\t\t\t<\/div>\r\r\n\t\t\t\t\t<\/a>\r\r\n\t\t\t\t\t<a href=\"https:\/\/photo-portrait.com\/wp-content\/uploads\/2019\/04\/AHM_9667_W-1.jpg\" data-size=\"1830x1563\" title=\"Portrait personnel pour profil de r\u00e9seaux sociaux\"><\/a>\r\r\n\t\t\t\t<\/div>\r\r\n\t\t\t\r\n\t\t\r\n\t\t\r\n\t<\/div>\r\r\n\t\r\r\n\t\r\n\t \r\r\n\r\r\n\r\r\n<\/div>\r\n<\/div>\n\n<div class=\"fw-row\">\n\t<div class=\"fw-col-xs-12\" style=\"\">\r\n\t\r\n<p><a href=\"http:\/\/photo-portrait.com\/portrait-personnel-professionnel-seance-photo-portneuf-quebec\/\">Portfolio Portraits personnel<\/a><\/p><p>Portraits personnels, photos de famille, de couple, photographie de maternit\u00e9, portraits d\u2019enfant, photo de grossesse, de b\u00e9b\u00e9, photographies de groupe, de gens d\u2019affaires, portrait corporatif, etc.<\/p><p><strong>Vous ne vous croyez pas photog\u00e9nique?\u00a0<\/strong>Si vous trouvez que vos portraits photos ne vous ressemblent pas, c\u2019est parce que des petites tensions dans votre visage ou dans votre posture alternent vos expressions naturelles. Pour \u00e9viter cela, il faut notamment que lors de la s\u00e9ance de photo le plaisir et la bonne humeur soient au rendez-vous. Un bon contact avec votre photographe favorisera un climat d\u00e9tendu et vous permettra d\u2019\u00eatre au naturel. C\u2019est \u00e0 votre photographe portraitiste qu\u2019il incombe d\u2019instaurer le climat ad\u00e9quat, condition essentielle \u00e0 un travail r\u00e9ussi.<\/p><p><strong>Vous d\u00e9testez depuis toujours faire faire votre portrait?\u00a0<\/strong>La s\u00e9ance de photo ne doit pas \u00eatre ressentie comme une corv\u00e9e. L\u2019exp\u00e9rience devrait se faire sous la forme d\u2019un jeu permettant d\u2019explorer plusieurs facettes de votre personnalit\u00e9. C\u2019est une opportunit\u00e9 privil\u00e9gi\u00e9e de vous permettre des folies ou encore de simplement poser un regard sur l\u2019image que vous projetez de vous. Je vous offre une s\u00e9ance photo de portrait qui vous permettra de respecter et d\u2019exploiter vos go\u00fbts bien personnels.<\/p><p><strong>Vous avez toujours d\u00e9sir\u00e9 voir de quelle mani\u00e8re un photographe de portrait professionnel pourrait vous transformer?<\/strong><br \/>Vous transformer n\u2019est pas synonyme de vous ridiculiser ou de vous mettre dans la peau d\u2019un personnage qui ne vous ressemble pas. C\u2019est simplement une merveilleuse occasion qui vous donne le droit de faire des exp\u00e9riences qui ne vous sont pas couramment permises.<\/p><p><strong>Vous aimeriez sentir que le photographe a vraiment bien saisi votre caract\u00e8re, votre nature profonde?<\/strong><br \/>Un photographe professionnel se charge de trouver une fa\u00e7on originale de faire ressortir votre nature v\u00e9ritable en explorant les diff\u00e9rentes facettes de votre personnalit\u00e9. L\u2019ambiance d\u00e9contract\u00e9e et le professionnalisme que je propose vous aideront \u00e0 vous sentir bien d\u00e9tendu et en confiance. Les expressions de votre visage et de votre corps seront plus authentiques, moins fig\u00e9es et plus dynamiques.<\/p><p><strong>Quelques clients<\/strong><\/p><p class=\"redlist\">Les Cahiers Science et Vie (Mondadori Magazines France)<br \/>TVA<br \/>Jos\u00e9lito Michaud<br \/>Parti Lib\u00e9ral du Qu\u00e9bec<br \/>Country Guide<br \/>Le monde<br \/>Institut Mallet<br \/>Fondation ACT<br \/>\u00c9ditions les forges<br \/>\u00c9ditions Trait d\u2019union<br \/>Lydia Martel, r\u00e9dactrice<br \/>Diane Audet, paroli\u00e8re<\/p><p>La photographie de portrait est ma sp\u00e9cialit\u00e9!<\/p>\r\n<\/div>\r\n<\/div>\n\n\t<\/div>\r\n<\/section>","protected":false},"excerpt":{"rendered":"<p>Portraits studio \/ 1 Portrait de profil personnel pour les r\u00e9seaux sociaux, Facebook, Instagram, etc S\u00e9ance d\u00e9contract\u00e9e de photo portraits \/ 1 Portraits d&#039;un homme \u00e9clairage studio contrast\u00e9 \/ plan tr\u00e8s rapproch\u00e9 Portrait lifestyle au bord du l&#039;eau \/ 1 Andr\u00e9 Bouchard et sa coccinelle Volkswagon \/ Portrait d&#039;artiste ext\u00e9rieur avec voiture de collection Photographie [&hellip;]<\/p>","protected":false},"author":2,"featured_media":0,"parent":0,"menu_order":0,"comment_status":"closed","ping_status":"closed","template":"","meta":{"_editorskit_title_hidden":false,"_editorskit_reading_time":0,"_editorskit_is_block_options_detached":false,"_editorskit_block_options_position":"{}","footnotes":""},"class_list":["post-2798","page","type-page","status-publish","hentry"],"_links":{"self":[{"href":"https:\/\/photo-portrait.com\/en\/wp-json\/wp\/v2\/pages\/2798","targetHints":{"allow":["GET"]}}],"collection":[{"href":"https:\/\/photo-portrait.com\/en\/wp-json\/wp\/v2\/pages"}],"about":[{"href":"https:\/\/photo-portrait.com\/en\/wp-json\/wp\/v2\/types\/page"}],"author":[{"embeddable":true,"href":"https:\/\/photo-portrait.com\/en\/wp-json\/wp\/v2\/users\/2"}],"replies":[{"embeddable":true,"href":"https:\/\/photo-portrait.com\/en\/wp-json\/wp\/v2\/comments?post=2798"}],"version-history":[{"count":4,"href":"https:\/\/photo-portrait.com\/en\/wp-json\/wp\/v2\/pages\/2798\/revisions"}],"predecessor-version":[{"id":8611,"href":"https:\/\/photo-portrait.com\/en\/wp-json\/wp\/v2\/pages\/2798\/revisions\/8611"}],"wp:attachment":[{"href":"https:\/\/photo-portrait.com\/en\/wp-json\/wp\/v2\/media?parent=2798"}],"curies":[{"name":"wp","href":"https:\/\/api.w.org\/{rel}","templated":true}]}}