{"id":2362,"date":"2018-12-19T15:05:03","date_gmt":"2018-12-19T15:05:03","guid":{"rendered":"http:\/\/photo-portrait.com\/?page_id=2362"},"modified":"2025-01-07T01:57:31","modified_gmt":"2025-01-07T01:57:31","slug":"mes-principes","status":"publish","type":"page","link":"https:\/\/photo-portrait.com\/en\/mes-principes\/","title":{"rendered":"MES PRINCIPES COMME PHOTOGRAPHE PROFESSIONNEL"},"content":{"rendered":"<section  class=\"fw-main-row\"  >\r\n\t<div class=\"fw-container\">\r\n\t\t<div class=\"fw-row\">\n\t<div class=\"fw-col-xs-12\" style=\"\">\r\n\t\n\t<div class=\"fw-divider-space\" style=\"padding-top: 10px;\"><\/div>\n<\/div>\r\n<\/div>\n\n<div class=\"fw-row\">\n\t<div class=\"fw-col-xs-12\" style=\"\">\r\n\t<h1 class='fw-special-title base  normal' style=''>\r\n\t<span>MES PRINCIPES<\/span>\r\n\t<\/h1><\/div>\r\n<\/div>\n\n<div class=\"fw-row\">\n\t<div class=\"fw-col-xs-12\" style=\"\">\r\n\t\r\n<p>J\u2019ai la conviction qu\u2019un portrait r\u00e9ussi est d\u2019abord l\u2019histoire d\u2019une exp\u00e9rience entre \u00eatres humains qui vivent quelque chose d\u2019authentique. Le plaisir et la bonne humeur sont indispensables et toujours au rendez-vous, d\u00e8s les premiers instants. Je pr\u00f4ne \u00e9galement la spontan\u00e9it\u00e9 du moment et les impr\u00e9vus pouvant \u00eatre vecteurs de d\u00e9couvertes et de pistes originales et singuli\u00e8res. Cette capacit\u00e9 de me laisser vibrer par la magie du processus de cr\u00e9ation est combin\u00e9e \u00e0 une grande minutie et une redoutable rigueur. Ces derni\u00e8res ont \u00e9t\u00e9 d\u00e9velopp\u00e9s durant mon parcours universitaire en arts visuels. Elles me permettent de vous proposer une formule qui fera de vos photos de r\u00e9elles \u0153uvres d\u2019art par leurs qualit\u00e9s techniques et artistiques. Enfin, t\u00e9moigner de votre ravissement devant vos photos r\u00e9alis\u00e9es renouvelle \u00e0 perp\u00e9tuit\u00e9 mon plaisir de pratiquer ce merveilleux m\u00e9tier de photographe professionnelle.<\/p>\r\n<\/div>\r\n<\/div>\n\n<div class=\"fw-row\">\n\t<div class=\"fw-col-xs-12\" style=\"\">\r\n\t<div class=\"fw-row tac\">\r\n\t\t\t\t\t\t<a href=\"http:\/\/photo-portrait.com\/contact\/\" target=\"_self\" class=\"button-style2\" style=\"\">\r\n\t\t\t\t<span>CONTACTEZ-MOI POUR UNE S\u00c9ANCE<\/span>\r\n\t\t\t<\/a>\r\n\t\t\t<\/div><\/div>\r\n<\/div>\n\n<div class=\"fw-row\">\n\t<div class=\"fw-col-xs-12\" style=\"\">\r\n\t\n\t<div class=\"fw-divider-space\" style=\"padding-top: 50px;\"><\/div>\n<\/div>\r\n<\/div>\n\n\t<\/div>\r\n<\/section>","protected":false},"excerpt":{"rendered":"<p>MES PRINCIPES J\u2019ai la conviction qu\u2019un portrait r\u00e9ussi est d\u2019abord l\u2019histoire d\u2019une exp\u00e9rience entre \u00eatres humains qui vivent quelque chose d\u2019authentique. Le plaisir et la bonne humeur sont indispensables et toujours au rendez-vous, d\u00e8s les premiers instants. Je pr\u00f4ne \u00e9galement la spontan\u00e9it\u00e9 du moment et les impr\u00e9vus pouvant \u00eatre vecteurs de d\u00e9couvertes et de pistes [&hellip;]<\/p>","protected":false},"author":2,"featured_media":0,"parent":0,"menu_order":0,"comment_status":"closed","ping_status":"closed","template":"page-landing.php","meta":{"_editorskit_title_hidden":false,"_editorskit_reading_time":0,"_editorskit_is_block_options_detached":false,"_editorskit_block_options_position":"{}","footnotes":""},"class_list":["post-2362","page","type-page","status-publish","hentry"],"_links":{"self":[{"href":"https:\/\/photo-portrait.com\/en\/wp-json\/wp\/v2\/pages\/2362","targetHints":{"allow":["GET"]}}],"collection":[{"href":"https:\/\/photo-portrait.com\/en\/wp-json\/wp\/v2\/pages"}],"about":[{"href":"https:\/\/photo-portrait.com\/en\/wp-json\/wp\/v2\/types\/page"}],"author":[{"embeddable":true,"href":"https:\/\/photo-portrait.com\/en\/wp-json\/wp\/v2\/users\/2"}],"replies":[{"embeddable":true,"href":"https:\/\/photo-portrait.com\/en\/wp-json\/wp\/v2\/comments?post=2362"}],"version-history":[{"count":2,"href":"https:\/\/photo-portrait.com\/en\/wp-json\/wp\/v2\/pages\/2362\/revisions"}],"predecessor-version":[{"id":8504,"href":"https:\/\/photo-portrait.com\/en\/wp-json\/wp\/v2\/pages\/2362\/revisions\/8504"}],"wp:attachment":[{"href":"https:\/\/photo-portrait.com\/en\/wp-json\/wp\/v2\/media?parent=2362"}],"curies":[{"name":"wp","href":"https:\/\/api.w.org\/{rel}","templated":true}]}}