{"id":19,"date":"2016-09-13T15:06:40","date_gmt":"2016-09-13T15:06:40","guid":{"rendered":"http:\/\/photo-portrait.com\/?page_id=19"},"modified":"2025-01-21T02:09:02","modified_gmt":"2025-01-21T02:09:02","slug":"a-propos-danielle-giguere","status":"publish","type":"page","link":"https:\/\/photo-portrait.com\/en\/pages\/a-propos-danielle-giguere\/","title":{"rendered":"Qui est Danielle Gigu\u00e8re, photographe professionnelle"},"content":{"rendered":"<p><section  class=\"fw-main-row\"  >\r\n\t<div class=\"fw-container\">\r\n\t\t<div class=\"fw-row\">\n\t<div class=\"fw-col-xs-12\" style=\"\">\r\n\t<h2 class='fw-special-title base tac' style='font-weight: bold; margin-top:85px;'>\r\n\t<span>\u00c0 propos de moi<\/span>\r\n\t<\/h2><\/div>\r\n<\/div>\n\n\t<\/div>\r\n<\/section>\r\n<div  class=\"fw-main-row\"  >\r\n\t<div class=\"fw-container no-padding\">\r\n\t\t<div class=\"fw-row\">\n\t<div class=\"fw-col-xs-12 fw-col-sm-4\" style=\"\">\r\n\t<img loading=\"lazy\" decoding=\"async\" src=\"https:\/\/photo-portrait.com\/wp-content\/uploads\/2021\/01\/Auto-portrait-Danielle-Giguere_Photographe_LEC_9912_W-400x550.jpg\" alt=\"Danielle Giguere\" width=\"400\" height=\"550\" \/><\/div>\r\n<div class=\"fw-col-xs-12 fw-col-sm-8\" style=\"padding-left:10px;\">\r\n\t\r\n<p><strong>Danielle aime :<\/strong><\/p><p>l\u2019humour absurde et les rires aux larmes (m\u00eame au travail)<br \/>explorer la gr\u00e8ve du Saint-Laurent avec son chien Or\u00e9o<br \/>les s\u00e9ries t\u00e9l\u00e9 europ\u00e9ennes en version originale<br \/>le son que font ses raquettes dans la neige<br \/>la musique traditionnelle et joue du violon et de l\u2019accord\u00e9on \u00e0 pitons qu\u00e9b\u00e9cois.<br \/>marcher et faire du yoga tous les jours<br \/>l\u2019odeur des for\u00eats de conif\u00e8res<br \/>apprendre quelque chose de nouveau tous les jours<\/p><p><strong>Saviez-vous que :<\/strong><\/p><p>Danielle a converti une ancienne grange \u00e0 tracteurs pour en faire son studio<br \/>elle a remport\u00e9 le prix d\u2019excellence Ren\u00e9 Richard pendant son bacc en arts visuels \u00e0 l\u2019Universit\u00e9 Laval<br \/>elle a re\u00e7u le prix Donn\u2019\u00e0 C\u0153ur pour: initiative citoyenne de Donnacona<br \/>elle a habit\u00e9 au Japon pr\u00e8s de deux ans, \u00e0 Kyoto et Osaka<br \/>elle a initi\u00e9 la premi\u00e8re \u00e9dition de la parade d\u2019Halloween de la r\u00e9gion de Portneuf<br \/>elle se l\u00e8ve r\u00e9guli\u00e8rement \u00e0 4h du matin pour aller \u00e0 la p\u00eache<br \/>elle est terrifi\u00e9e \u00e0 l\u2019id\u00e9e de se baigner l\u00e0 o\u00f9 elle n\u2019arrive pas \u00e0 voir ses pieds<br \/>elle a jou\u00e9 la doublure d\u2019Alice Robi en se faisant raser les cheveux dans un film<\/p>\r\n<\/div>\r\n<\/div>\n\n\t<\/div>\r\n<\/div>\r\n<section  class=\"fw-main-row\"  >\r\n\t<div class=\"fw-container\">\r\n\t\t<div class=\"fw-row\">\n\t<div class=\"fw-col-xs-12\" style=\"\">\r\n\t\r\n<p class=\"p1\">Toute jeune, Danielle Gigu\u00e8re est initi\u00e9e \u00e0 la peinture et au dessin, \u00e0 la musique et \u00e0 la danse. Elle obtiendra \u00e9ventuellement une bourse d\u2019\u00e9tude \u00e0 l\u2019\u00c9cole des Ballets Jazz de Montr\u00e9al. En parall\u00e8le, elle d\u00e9couvre la photographie argentique noir et blanc enseign\u00e9 au programme alternatif Creative Arts de New School du Dawson College.<\/p><p class=\"p1\">Sa carri\u00e8re de photographe professionnel prends son envol d\u00e8s sa graduation en 1990.<span class=\"Apple-converted-space\">\u00a0 <\/span>Rapidement, elle collabore avec les agences de mode et magazines de Montr\u00e9al et \u00e0 Osaka, au Japon o\u00f9 elle s\u2019installe pendant pr\u00e8s de deux ans. Sa conversion de la photographie argentique vers la photo num\u00e9rique se fait durant son baccalaur\u00e9at en arts visuels \u00e0 l\u2019\u00c9cole des arts visuels de l\u2019Universit\u00e9 Laval. L\u2019excellence de son parcours est alors remarqu\u00e9 et lui m\u00e9rite la bourse Ren\u00e9-Richard.<\/p><p class=\"p1\">Durant le baccalaur\u00e9at, elle fait tr\u00e8s peu de photographie et en profite pour explorer la sculpture, l\u2019art vid\u00e9o, l\u2019installation et la vid\u00e9o-danse. Sa d\u00e9marche artistique est non-disciplinaire puisqu\u2019elle varie de m\u00e9dium et choisie diverses techniques comme le dessin, la peinture, la photographie ou la sculpture selon le th\u00e8me et le concept. D\u2019ailleurs son projet de ma\u00eetrise prend la forme d\u2019une installation sonore. Ses projets artistiques ont \u00e9t\u00e9 pr\u00e9sent\u00e9s lors d\u2019expositions au Canada, au Japon, en Pologne et en France.<\/p><p class=\"p1\">C\u2019est en 2009 qu\u2019elle trouve sa demeure \u00e0 Donnacona o\u00f9 elle installe \u00e9galement son atelier d\u2019artiste et son studio de photographie. Depuis, elle y offre occasionnellement des ateliers et invite ses sujets \u00e0 photographier.<\/p>\r\n<\/div>\r\n<\/div>\n\n\t<\/div>\r\n<\/section>\r\n<section  class=\"fw-main-row\" style=\"background-color:#ededed;padding-left:15px;padding-right:15px;padding-top:30px;padding-bottom:40px;\" >\r\n\t<div class=\"fw-container-fluid\">\r\n\t\t<div class=\"fw-row\">\n\t<div class=\"fw-col-xs-12 fw-col-sm-6\" style=\"\">\r\n\t<img loading=\"lazy\" decoding=\"async\" src=\"https:\/\/photo-portrait.com\/wp-content\/uploads\/2024\/04\/20200811_white-wall-studio_HDR-scaled-1300x870.jpg\" alt=\"https:\/\/photo-portrait.com\/wp-content\/uploads\/2024\/04\/20200811_white-wall-studio_HDR-scaled-1300x870.jpg\" width=\"1300\" height=\"870\" \/><\/div>\r\n\t\r\n\t<div class=\"fw-col-xs-12 fw-col-md-8 fw-col-lg-6  is-col\" style=\"\">\r\n\t\t\t\t\t<div class=\"is-text\">\r\n\t\t\t\r\n\r\n\r\n<div class=\"tabs-area tal\">\r\n\t<ul class=\"tabs-head\">\r\n\t\t\t\t<li class=\"active-tab\">MES PRINCIPES<\/li>\r\n\t\t\t\t<li >MISSION<\/li>\r\n\t\t\t\t<li >Mon Approche<\/li>\r\n\t\t\t\t<li >D\u00e9roulement<\/li>\r\n\t\t\t<\/ul>\r\n\t\t<div class=\"tab-content visible\">\r\n\t\t<h2 class=\"h1 heading-decor\">MES PRINCIPES<\/h2>\r\n\t\t<p>Il me fait plaisir de vous introduire \u00e0 mon univers de la photographie. J&#039;ai le tr\u00e8s grand privil\u00e8ge de travailler dans le domaine qui me passionne v\u00e9ritablement au plus haut point. En tant que photographe professionnelle depuis d\u00e9j\u00e0 plus d&#039;une vingtaine d&#039;ann\u00e9e, j&#039;ai perfectionn\u00e9 mon expertise dans le domaine du portrait, tant personnel, artistique que corporatif. J&#039;offre \u00e9galement un service de photographie de mode, photo de casting, d&#039;architecture, de photo commerciale et de documentation d&#039;\u00e9v\u00e9nements corporatifs ou culturels.\r\n\r\nMes armes principales: la lumi\u00e8re et la simplicit\u00e9. Elles me permettent de cr\u00e9er des images aux ambiances singuli\u00e8res, \u00e9vocatrices et originales. Le monde des arts visuels, de la sc\u00e8ne et de la danse, qui font partie de mon parcours, m&#039;a amen\u00e9 \u00e0 d\u00e9velopper une connaissance pouss\u00e9e de l\u2019expression corporelle pointue et une facilit\u00e9 \u00e0 diriger les gens que je photographie tout en conservant le naturel de leur expression qui est \u00e9vocatrice r\u00e9v\u00e9latrice d&#039;authenticit\u00e9. Ces attributs artistiques sont combin\u00e9s \u00e0 une m\u00e9thodologie de travail rigoureuse au plan technique et organisationnel et le plaisir que je retire \u00e0 d\u00e9nicher des strat\u00e9gies innovatrices qui respecteront le budget et les contraintes de tout projet photo qui m\u2019est propos\u00e9. <\/p>\r\n\t\t\t\t<a href=\"http:\/\/photo-portrait.com\/contact\/\" class=\"button-style1\" style=\"margin-top: 45px;margin-bottom: 65px;\"><span>Contactez-moi<\/span><\/a>\r\n\t\t\t<\/div>\r\n\t\t<div class=\"tab-content\">\r\n\t\t<h2 class=\"h1 heading-decor\">MISSION<\/h2>\r\n\t\t<p>Ma mission\r\nPourquoi choisir le m\u00e9tier de photographe professionnel? Parce que l\u2019\u00eatre humain est\r\nbeau et fascinant, et par amour pour le m\u00e9dium, je le choisi ann\u00e9e apr\u00e8s ann\u00e9e.\r\nComment d\u00e9marrer une carri\u00e8re en photographie? C\u2019est une question qui m\u2019est pos\u00e9e\r\nr\u00e9guli\u00e8rement. Pour moi, ce fut un vrai coup de c\u0153ur lors d\u2019un simple cours\r\nd\u2019introduction \u00e0 la photo noir et blanc et une passion ind\u00e9niable. Ce ne fut pas une\r\nr\u00e9flexion calcul\u00e9e. Il fallait que je photographie tout autour de moi. C\u2019\u00e9tait plus fort que\r\nmoi. \u00c0 mes projets personnels se sont ajout\u00e9s graduellement des projets r\u00e9mun\u00e9r\u00e9s qui\r\nalimentaient toujours une passion et une exp\u00e9rience enrichissante. Celles-ci se\r\nrenouvellent \u00e0 perp\u00e9tuit\u00e9, rencontre apr\u00e8s rencontre, de personnes de tous genres,\r\nfemmes, hommes, jeunes et plus \u00e2g\u00e9es, professionnelles ou artistes. Les besoins du\r\nclient est une occasion de concocter la formule qui saura remplir ses besoins et l\u2019\u00e9pater\r\nen d\u00e9passant ses attentes tout en respectant le budget \u00e9tabli.<\/p>\r\n\t\t\t\t<a href=\"http:\/\/photo-portrait.com\/contact\/\" class=\"button-style1\" style=\"margin-top: 45px;margin-bottom: 65px;\"><span>Contactez-moi<\/span><\/a>\r\n\t\t\t<\/div>\r\n\t\t<div class=\"tab-content\">\r\n\t\t<h2 class=\"h1 heading-decor\">Mon Approche<\/h2>\r\n\t\t<p>Lors de nos rencontres, nous nous apprivoisons tranquillement, tout en jasant. J\u2019aime\r\ntant sentir la confiance s\u2019\u00e9tablir naturellement entre nous et voir s\u2019ouvrir une porte sur\r\nleur monde, leurs go\u00fbts et les traits de caract\u00e8re bien \u00e0 eux. Mon intuition, mon\r\nparcours en arts visuels et mon exp\u00e9rience technique acquises depuis plus de vingt ans\r\nsont les outils qui r\u00e9v\u00e8lent de fa\u00e7on tr\u00e8s personnalis\u00e9e vos portraits sur mesure. En\r\nphotographie, la lumi\u00e8re bien ma\u00eetris\u00e9es combin\u00e9e aux r\u00e9glages de l\u2019appareil photo\r\npr\u00e9cis et \u00e0 un concept d\u2019image permettent de mettre en valeur vos plus beaux atouts. Je\r\nprends un grand soin de faire des recherches techniques et artistiques qui inspirent la\r\nmise en sc\u00e8ne et l\u2019ambiance unique qui feront de vos photos des r\u00e9elles \u0153uvres d\u2019art\r\nqui se d\u00e9marquent par leurs qualit\u00e9s artistiques et leur originalit\u00e9.\r\nLe myst\u00e8re de ne pas savoir ce qui appara\u00eetra le jour de la s\u00e9ance photo, ce qui surgit\r\npar la magie du moment pr\u00e9sent m\u2019intrigue. Cette collaboration, cette rencontre des\r\nid\u00e9es et des exp\u00e9riences m\u2019emballent, me font vibrer et me donnent envie de\r\npoursuivre cette belle exploration de l\u2019image photographique avec vous.<\/p>\r\n\t\t\t\t<a href=\"http:\/\/photo-portrait.com\/contact\/\" class=\"button-style1\" style=\"margin-top: 45px;margin-bottom: 65px;\"><span>Contactez-moi<\/span><\/a>\r\n\t\t\t<\/div>\r\n\t\t<div class=\"tab-content\">\r\n\t\t<h2 class=\"h1 heading-decor\">D\u00e9roulement<\/h2>\r\n\t\t<p>Nous brisons la glace par une discussion concernant le style de photo que vous aimeriez r\u00e9aliser en \u00e9changeant quelques exemples de photos qui nous inspirent. Nous d\u00e9terminerons ensuite o\u00f9 aura lieu la s\u00e9ance; soit en studio ou \u00e0 l&#039;ext\u00e9rieur. J\u2019ai une banque d\u2019image de magnifiques lieux que j\u2019ai r\u00e9pertori\u00e9s. Vous recevrez aussi une guide comprenant tous les d\u00e9tails importants \u00e0 consid\u00e9rer avant votre s\u00e9ance. \r\n\r\nNous pourrons discuter sommairement des choix vestimentaires lors de notre rencontre d\u2019information. Une grande garde-robe et un service de stylisme complet est disponible sur demande. \r\n\r\nEn g\u00e9n\u00e9ral, nous passons environ 1\/2 journ\u00e9e ensemble nous permettant de travailler sans courir contre la montre. La partie prise de photos entre 90 \u00e0 120 minutes. Je privil\u00e9gie les poses spontan\u00e9es, qui sont naturelles et vous ressembleront davantage et je serais l\u00e0 pour vous guider et faire quelques ajustements de pose. Nous pourrons visionner quelques photos en d\u00e9but de s\u00e9ance pour v\u00e9rifier si vous aimez ce que nous sommes en train de r\u00e9aliser. Ceci nous permettra de faire des modifications si n\u00e9cessaires.\r\n \r\nVous serez invit\u00e9 \u00e0 faire le visionnement de l\u2019ensemble des clich\u00e9s d\u00e8s la s\u00e9ance termin\u00e9e. Une fois votre choix de photos fait, vous pourrez me transmettre les pr\u00e9cision concernant les retouches ou une ambiance particuli\u00e8re. Les photos sont remises en haute r\u00e9solution et vous serez libres de les publier sur les r\u00e9seaux sociaux en mentionnant le nom du photographe. Un service d\u2019impression haut de gamme sur papier est disponible sur demande. \r\n\r\nJ\u2019offre diff\u00e9rents forfaits qui comprennent une dur\u00e9e de la s\u00e9ance et un nombre de photos pr\u00e9d\u00e9termin\u00e9es. Les frais varient entre $325 et $3800. Cela d\u00e9pend de la dur\u00e9e de la s\u00e9ance, du nombre de photos et si le maquillage et la coiffure sont inclus. Je vous enverrai mon d\u00e9pliant d\u00e9taillant tous les forfaits et co\u00fbts \u00e0 la carte par courriel suite \u00e0 la rencontre de consultation.<\/p>\r\n\t\t\t<\/div>\r\n\t<\/div>\t\t\t<\/div>\r\n\t\t\t<\/div>\r\n<\/div>\n\n\t<\/div>\r\n<\/section>\r\n<section  class=\"fw-main-row\" style=\"padding-top:60px;padding-bottom:60px;\" >\r\n\t<div class=\"fw-container-fluid\">\r\n\t\t<div class=\"fw-row\">\n\t<div class=\"fw-col-xs-12\" style=\"\">\r\n\t<h2 class='fw-special-title base tac' style=''>\r\n\t<span>Mes services<\/span>\r\n\t<\/h2><\/div>\r\n<\/div>\n\n<div class=\"fw-row\">\n\t<div class=\"fw-col-xs-12\" style=\"\">\r\n\t\r\n<p style=\"text-align: center;\"><a href=\"http:\/\/photo-portrait.com\/photographe-de-gens-affaire\/\" target=\"_blank\" rel=\"noopener\">PORTRAIT CORPORATIF<\/a> \u2b50 <a href=\"http:\/\/photo-portrait.com\/portrait-de-profil\/\">PORTRAIT<\/a> \u2b50 <a href=\"http:\/\/photo-portrait.com\/boudoir-et-sensualite\/\" target=\"_blank\" rel=\"noopener\">BOUDOIR ET CHARME<\/a> \u2b50 <a href=\"http:\/\/photo-portrait.com\/portrait-artistique\/\" target=\"_blank\" rel=\"noopener\">PORTRAIT ARTISTIQUE<\/a> \u2b50 <a href=\"http:\/\/photo-portrait.com\/photographie-dartistes-et-de-personnalites\/\" target=\"_blank\" rel=\"noopener\">PORTRAIT D\u2019ARTISTE<\/a> \u2b50 <a href=\"http:\/\/photo-portrait.com\/photographie-de-mode-et-de-beaute\/\" target=\"_blank\" rel=\"noopener\">MODE ET DE BEAUT\u00c9<\/a> \u2b50 <a href=\"http:\/\/photo-portrait.com\/portfolio\/photographie-de-corps-et-de-danse\/\" target=\"_blank\" rel=\"noopener\">LE CORPS ET LA DANSE<\/a> \u2b50 <a href=\"https:\/\/daniellegiguere.wixsite.com\/artvisuel\/portfolio\">ARTS VISUELS<\/a> \u2b50 <a href=\"http:\/\/photo-portrait.com\/services-de-photo-specialises\/\" target=\"_blank\" rel=\"noopener\">AUTRES SERVICES<\/a><\/p>\r\n<\/div>\r\n<\/div>\n\n<div class=\"fw-row\">\n\t<div class=\"fw-col-xs-12\" style=\"\">\r\n\t\t<div class=\"icon-box-area\">\r\n\t\t\t\t<div class=\"icon-box-col\">\r\n\t\t\t<div class=\"icon icon-font icon-suitcase\"><\/div>\r\n\t\t\t<h3>PORTRAIT CORPORATIF<\/h3>\r\n\t\t\t<p>Photographie professionnelle corporative en studio, portraits individuels ou \u00abheadshot\u00bb pour gens d\u2019affaires,  groupe (\u00e9quipe, partenaires, associ\u00e9s, comit\u00e9s, employ\u00e9s), \u00e0 l\u2019ext\u00e9rieur, en entreprise ou dans un endroit de votre choix. Portraits couleur ou noir et blanc. Retouches haut de gamme. Business portrait in Quebec.\r\nUtilisation: profil professionnel, site web, rapports annuels, conf\u00e9rences, publicit\u00e9s, r\u00e9seaux sociaux (Facebook, Instagram, LinkedIn), etc.\r\nClients: Travailleurs autonomes, institutions, entreprises de toutes cat\u00e9gories, journaux, magazines, revues, associations, ordres professionnels, etc.<\/p>\r\n\t\t<\/div>\r\n\t\t\t\t<div class=\"icon-box-col\">\r\n\t\t\t<div class=\"icon icon-font icon-photo-camera\"><\/div>\r\n\t\t\t<h3>PHOTO PORTRAIT<\/h3>\r\n\t\t\t<p>Photographie professionnelle de portrait personnel individuel ou de groupe en studio, \u00e9clairage flash, lumi\u00e8re ambiante ou \u00e0 l\u2019ext\u00e9rieur en lumi\u00e8re naturelle. Photos couleurs ou noir et blanc. Portrait photographer in Quebec.\r\nUtilisation: Souvenir, cadeau, photo personnelle de profil pour r\u00e9seaux sociaux (Facebook, Instagram, LinkedIn, sites de rencontre, etc)\r\nClients: femmes et hommes, jeunes, adultes et a\u00een\u00e9s, photos de famille, d\u2019amis, artistes, animaux de compagnie, etc<\/p>\r\n\t\t<\/div>\r\n\t\t\t\t<div class=\"icon-box-col\">\r\n\t\t\t<div class=\"icon icon-font icon-heart\"><\/div>\r\n\t\t\t<h3>PHOTO BOUDOIR ET CHARME<\/h3>\r\n\t\t\t<p>Photographe de boudoir artistique en studio, dans le d\u00e9cor du loft, \u00e0 domicile ou dans un endroit de votre choix qui offre des s\u00e9ances de photographie sensuelle, coquine, sexy ou plus os\u00e9e en couleur ou noir et blanc. Retouches haut de gamme. Sexy boudoir photographer in Quebec.\r\nUtilisation: cadeau \u00e0 vous de vous, pour votre conjoint, St-Valentin, calendrier ou album surprise, candidature comme mod\u00e8le f\u00e9minin\r\nClients: femme, homme, couple, amoureux, mod\u00e8le, mannequin de lingerie<\/p>\r\n\t\t<\/div>\r\n\t\t\t\t<div class=\"icon-box-col\">\r\n\t\t\t<div class=\"icon icon-font icon-microphone\"><\/div>\r\n\t\t\t<h3>PORTRAIT ARTISTIQUE<\/h3>\r\n\t\t\t<p>Le photographe de portrait artistique souvent appel\u00e9 \u00abfine art portrait photographer\u00bb est un artiste qui a une vision cr\u00e9ative du portrait. Le travail de recherche artistique et technique est projet de qualit\u00e9 haut de gamme. Le portrait-tableau devient une \u0153uvre d&#039;art murale de qualit\u00e9 mus\u00e9ale qui vise \u00e0 \u00eatre encadr\u00e9e de la m\u00eame mani\u00e8re qu\u2019un tableau ou une sculpture. Un portrait de type \u00abfine art\u00bb propose une ambiance narrative qui donne souvent l\u2019impression d\u2019avoir \u00e9t\u00e9 tir\u00e9 d\u2019un film qui VOUS raconte par son concept et sa facture po\u00e9tique et cin\u00e9matographique.<\/p>\r\n\t\t<\/div>\r\n\t\t\t\t<div class=\"icon-box-col\">\r\n\t\t\t<div class=\"icon icon-font icon-star\"><\/div>\r\n\t\t\t<h3>PORTRAIT D\u2019ARTISTE<\/h3>\r\n\t\t\t<p>Portrait publicitaire ou \u00e9ditorial en studio, \u00e0 l\u2019ext\u00e9rieur ou dans un endroit r\u00e9pertori\u00e9 sp\u00e9cialement pour vous, consultation, recherche et r\u00e9alisation d\u2019images conceptuelles et originales, traitement contemporain et artistique, retouche haut de gamme\r\nUtilisation: CD, pochette de disque, dossier de presse, affiches et programmes de festivals et de spectacle, couverture de livre, sites web, casting, r\u00e9seaux sociaux (Facebook, Instagram, LinkedIn, Behance, etc).\r\nClients: Magazines, maisons d\u2019\u00e9dition, producteurs, revues, journaux, musiciens, auteurs, \u00e9crivains, chanteurs, po\u00e8tes, artistes, com\u00e9diens, acteurs, humoristes, etc<\/p>\r\n\t\t<\/div>\r\n\t\t\t\t<div class=\"icon-box-col\">\r\n\t\t\t<div class=\"icon icon-font icon-eye\"><\/div>\r\n\t\t\t<h3>MODE ET DE BEAUT\u00c9<\/h3>\r\n\t\t\t<p>Images publicitaires ou \u00e9ditoriales contemporaines en studio, \u00e0 l\u2019ext\u00e9rieur ou dans un endroit r\u00e9pertori\u00e9 pour le projet, consultation, recherche et r\u00e9alisation d\u2019images conceptuelles et originales, \u00e9quipe de mise en beaut\u00e9 professionnelle, traitement artistique  et retouche haut de gamme.\r\nUtilisation: photographies publicitaires, photos \u00e9ditoriales, affiches et catalogues en boutique ou sur le web, r\u00e9seaux sociaux (Facebook, Instagram, LinkedIn, Behance, etc).\r\nClients: mannequins, artistes, designers, cr\u00e9ateurs de tendance, entreprises de produits de beaut\u00e9 et de sant\u00e9, agences de publicit\u00e9, agences de marketing, \u00e9diteurs de magazines et journaux, etc.<\/p>\r\n\t\t<\/div>\r\n\t\t\t\t<div class=\"icon-box-col\">\r\n\t\t\t<div class=\"icon icon-font icon-musical-note\"><\/div>\r\n\t\t\t<h3>LE CORPS ET LA DANSE<\/h3>\r\n\t\t\t<p>Photographie en studio, \u00e0 l\u2019ext\u00e9rieur, retouches haut de gamme, documentation d\u2019un travail de recherche ou de spectacle\r\nUtilisation: portfolio d\u2019artiste, audition, casting, demande de subventions, images publicitaires, photos \u00e9ditoriales, affiches de spectacles et profils sur le web, r\u00e9seaux sociaux (Facebook, Instagram, LinkedIn, Behance, etc).\r\nClients: Danseurs, danseuses, chor\u00e9graphes, massoth\u00e9rapeutes, professeurs de danse, de yoga, pilates, entra\u00eeneurs, \u00e9diteurs de magazines, revues et journaux et livres, producteurs de spectacles, musiciens, auteurs, \u00e9crivains, chanteurs, po\u00e8tes, artistes, com\u00e9diens, acteurs, humoristes, etc<\/p>\r\n\t\t<\/div>\r\n\t\t\t\t<div class=\"icon-box-col\">\r\n\t\t\t<div class=\"icon icon-font icon-paint-brush\"><\/div>\r\n\t\t\t<h3>ARTS VISUELS<\/h3>\r\n\t\t\t<p>Artistes visuels, photographie contemporaine, art actuel, installation photo, photographie d\u2019art, \u0153uvres conceptuelles, art num\u00e9rique, cr\u00e9ation num\u00e9rique, images num\u00e9riques, recherches photographiques, s\u00e9ries de photographies, livres.<\/p>\r\n\t\t<\/div>\r\n\t\t\t\t<div class=\"icon-box-col\">\r\n\t\t\t<div class=\"icon icon-font icon-computer\"><\/div>\r\n\t\t\t<h3>AUTRES SERVICES<\/h3>\r\n\t\t\t<p>Ateliers et formation individuels et de groupe, ateliers th\u00e9matiques de photographie et d&#039;arts visuels, cours d&#039;introduction \u00e0 la photographie, cours des r\u00e9glages de base de l&#039;appareil photo, service de traitement et retouches de photos de tout genre. Conception et direction artistique.<\/p>\r\n\t\t<\/div>\r\n\t\t\t<\/div>\r\n<\/div>\r\n<\/div>\n\n\t<\/div>\r\n<\/section>\r\n<div  class=\"fw-main-row\"  >\r\n\t<div class=\"fw-container-fluid no-padding\">\r\n\t\t<div class=\"fw-row\">\n\t<div class=\"fw-col-xs-12\" style=\"\">\r\n\t\r\n<section class=\"banner-block animated fw-main-row dark-bg parallax\" style=\"height:470px;height:470px;\">\r\r\n\t<div class=\"fw-container centered-container tac\">\r\r\n\t\t\r\n\t\t<h5 class=\"uppercase\">Travail avec moi<\/h5>\r\r\n\t\t\r\n\t\t<h2 class=\"h1\">Discutez de votre s\u00e9ance photo avec la photographe<\/h2>\r\r\n\t\t\r\n\t\t<p><i>Contactez-moi pour en apprendre davantage et pour planifier une s\u00e9ance photo professionnelle ! <\/i><\/p>\r\r\n\t\t\r\n\t\t<a href=\"http:\/\/photo-portrait.com\/contact\/\" class=\"button-style1 white\"><span>Contact<\/span><\/a>\r\r\n\t\t\r\n\t<\/div>\r\r\n<\/section><\/div>\r\n<\/div>\n\n<div class=\"fw-row\">\n\t<div class=\"fw-col-xs-12\" style=\"\">\r\n\t\r\n<section class=\"banner-block animated fw-main-row full-screen parallax\" style=\"background-image: url(\/\/photo-portrait.com\/wp-content\/uploads\/2018\/12\/Studio-Photographe-Portneuf_JKM0054_W.jpg);\">\r\r\n\t<div class=\"fw-container centered-container tac\">\r\r\n\t\t\r\n\t<\/div>\r\r\n<\/section><\/div>\r\n<\/div>\n\n\t<\/div>\r\n<\/div>\r\n<\/p>","protected":false},"excerpt":{"rendered":"<p>\u00c0 propos de moi Danielle aime :l\u2019humour absurde et les rires aux larmes (m\u00eame au travail)explorer la gr\u00e8ve du Saint-Laurent avec son chien Or\u00e9oles s\u00e9ries t\u00e9l\u00e9 europ\u00e9ennes en version originalele son que font ses raquettes dans la neigela musique traditionnelle et joue du violon et de l\u2019accord\u00e9on \u00e0 pitons qu\u00e9b\u00e9cois.marcher et faire du yoga tous [&hellip;]<\/p>","protected":false},"author":2,"featured_media":0,"parent":16,"menu_order":0,"comment_status":"closed","ping_status":"closed","template":"page-landing.php","meta":{"_editorskit_title_hidden":true,"_editorskit_reading_time":0,"_editorskit_is_block_options_detached":false,"_editorskit_block_options_position":"{}","footnotes":""},"class_list":["post-19","page","type-page","status-publish","hentry"],"_links":{"self":[{"href":"https:\/\/photo-portrait.com\/en\/wp-json\/wp\/v2\/pages\/19","targetHints":{"allow":["GET"]}}],"collection":[{"href":"https:\/\/photo-portrait.com\/en\/wp-json\/wp\/v2\/pages"}],"about":[{"href":"https:\/\/photo-portrait.com\/en\/wp-json\/wp\/v2\/types\/page"}],"author":[{"embeddable":true,"href":"https:\/\/photo-portrait.com\/en\/wp-json\/wp\/v2\/users\/2"}],"replies":[{"embeddable":true,"href":"https:\/\/photo-portrait.com\/en\/wp-json\/wp\/v2\/comments?post=19"}],"version-history":[{"count":47,"href":"https:\/\/photo-portrait.com\/en\/wp-json\/wp\/v2\/pages\/19\/revisions"}],"predecessor-version":[{"id":8600,"href":"https:\/\/photo-portrait.com\/en\/wp-json\/wp\/v2\/pages\/19\/revisions\/8600"}],"up":[{"embeddable":true,"href":"https:\/\/photo-portrait.com\/en\/wp-json\/wp\/v2\/pages\/16"}],"wp:attachment":[{"href":"https:\/\/photo-portrait.com\/en\/wp-json\/wp\/v2\/media?parent=19"}],"curies":[{"name":"wp","href":"https:\/\/api.w.org\/{rel}","templated":true}]}}